{"id":866,"date":"2025-11-03T08:37:44","date_gmt":"2025-11-03T08:37:44","guid":{"rendered":"https:\/\/www.cxjsmartcard.com\/?post_type=product&#038;p=866"},"modified":"2025-12-29T01:27:08","modified_gmt":"2025-12-29T01:27:08","slug":"pet-chip-134khz-rfid-em4305-animal-tracking-microchip-with-applicator","status":"publish","type":"product","link":"https:\/\/www.cxjsmartcard.com\/it\/pet-chip-134khz-rfid-em4305-animal-tracking-microchip-with-applicator\/","title":{"rendered":"Pet Chip 134kHz RFID EM4305 Microchip per il tracciamento degli animali con applicatore"},"content":{"rendered":"<p data-start=\"81\" data-end=\"413\">Microchip LF per animali per l&#039;identificazione e il recupero permanenti. Il microchip ha le dimensioni di un chicco di riso e viene iniettato per via sottocutanea utilizzando l&#039;applicatore incluso. Una volta registrato, l&#039;ID univoco di 15 cifre del microchip collega il tuo animale ai tuoi dati di contatto per una rapida riunificazione da parte di veterinari, rifugi e centri di controllo animali.<\/p>\n<p data-start=\"415\" data-end=\"620\"><strong data-start=\"415\" data-end=\"439\">Cos&#039;\u00e8 un microchip?<\/strong><br data-start=\"439\" data-end=\"442\" \/>Una procedura rapida e sicura, eseguita da un veterinario o da un operatore specializzato nell&#039;impianto. Il piccolo transponder passivo non richiede batteria ed \u00e8 progettato per durare per tutta la vita dell&#039;animale.<\/p>\n<p data-start=\"622\" data-end=\"939\"><strong data-start=\"622\" data-end=\"657\">Come aiuta a riunire un animale domestico smarrito<\/strong><br data-start=\"657\" data-end=\"660\" \/>Quando viene trovato un animale domestico, un utente autorizzato ne scansiona l&#039;animale per leggere il codice univoco di 15 cifre. Il codice viene confrontato con il database di registrazione, che esegue verifiche di sicurezza prima di rilasciare i dati di contatto del proprietario alla persona autorizzata, consentendo un rapido ricongiungimento.<\/p>\n<p data-start=\"941\" data-end=\"958\"><strong data-start=\"941\" data-end=\"956\">Dettagli chiave<\/strong><\/p>\n<ul data-start=\"959\" data-end=\"1313\">\n<li data-start=\"959\" data-end=\"1004\">\n<p data-start=\"961\" data-end=\"1004\"><strong data-start=\"961\" data-end=\"975\">Frequenza:<\/strong> LF 125\/134,2 kHz (FDX\/HDX)<\/p>\n<\/li>\n<li data-start=\"1005\" data-end=\"1032\">\n<p data-start=\"1007\" data-end=\"1032\"><strong data-start=\"1007\" data-end=\"1023\">Opzione chip:<\/strong> EM4305<\/p>\n<\/li>\n<li data-start=\"1033\" data-end=\"1121\">\n<p data-start=\"1035\" data-end=\"1121\"><strong data-start=\"1035\" data-end=\"1050\">Intervallo di lettura:<\/strong> LF 1\u201310 cm (dipendente dal lettore); HF 1\u20133 cm (se utilizzato con sistemi HF)<\/p>\n<\/li>\n<li data-start=\"1122\" data-end=\"1202\">\n<p data-start=\"1124\" data-end=\"1202\"><strong data-start=\"1124\" data-end=\"1138\">Standard:<\/strong> ISO 11784\/11785 (FDX\/HDX); ISO 15693 (compatibilit\u00e0 HF indicata)<\/p>\n<\/li>\n<li data-start=\"1203\" data-end=\"1313\">\n<p data-start=\"1205\" data-end=\"1313\"><strong data-start=\"1205\" data-end=\"1219\">Casi d&#039;uso:<\/strong> Gestione e identificazione degli animali domestici (cani, gatti, pesci) e della fauna selvatica\/esotica (ad esempio, tigre, leone)<\/p>\n<\/li>\n<\/ul>\n<p data-start=\"1315\" data-end=\"1406\"><strong data-start=\"1315\" data-end=\"1335\">Il pacchetto include<\/strong><br data-start=\"1335\" data-end=\"1338\" \/>Siringa sterile precaricata con microchip pronta per l&#039;impianto.<\/p>\n<h2 data-start=\"1408\" data-end=\"1433\">Tabella (Specifiche)<\/h2>\n<div class=\"_tableContainer_1rjym_1\">\n<div class=\"group _tableWrapper_1rjym_13 flex w-fit flex-col-reverse\" tabindex=\"-1\">\n<table class=\"w-fit min-w-(--thread-content-width)\" data-start=\"1435\" data-end=\"3047\">\n<thead data-start=\"1435\" data-end=\"1549\">\n<tr data-start=\"1435\" data-end=\"1549\">\n<th data-start=\"1435\" data-end=\"1453\" data-col-size=\"sm\">Categoria<\/th>\n<th data-start=\"1453\" data-end=\"1476\" data-col-size=\"sm\">Parametro<\/th>\n<th data-start=\"1476\" data-end=\"1549\" data-col-size=\"md\">Valore<\/th>\n<\/tr>\n<\/thead>\n<tbody data-start=\"1665\" data-end=\"3047\">\n<tr data-start=\"1665\" data-end=\"1779\">\n<td data-start=\"1665\" data-end=\"1683\" data-col-size=\"sm\">Prodotto<\/td>\n<td data-col-size=\"sm\" data-start=\"1683\" data-end=\"1706\">Tipo<\/td>\n<td data-col-size=\"md\" data-start=\"1706\" data-end=\"1779\">Microchip animale LF RFID con applicatore<\/td>\n<\/tr>\n<tr data-start=\"1780\" data-end=\"1894\">\n<td data-start=\"1780\" data-end=\"1798\" data-col-size=\"sm\">Frequenza<\/td>\n<td data-col-size=\"sm\" data-start=\"1798\" data-end=\"1821\">LF<\/td>\n<td data-col-size=\"md\" data-start=\"1821\" data-end=\"1894\">125\/134,2 kHz (FDX\/HDX)<\/td>\n<\/tr>\n<tr data-start=\"1895\" data-end=\"2010\">\n<td data-start=\"1895\" data-end=\"1913\" data-col-size=\"sm\">Chip<\/td>\n<td data-col-size=\"sm\" data-start=\"1913\" data-end=\"1936\">CIRCUITO INTEGRATO<\/td>\n<td data-col-size=\"md\" data-start=\"1936\" data-end=\"2010\">EM4305<\/td>\n<\/tr>\n<tr data-start=\"2011\" data-end=\"2125\">\n<td data-start=\"2011\" data-end=\"2029\" data-col-size=\"sm\">Protocolli<\/td>\n<td data-col-size=\"sm\" data-start=\"2029\" data-end=\"2052\">Conformit\u00e0<\/td>\n<td data-col-size=\"md\" data-start=\"2052\" data-end=\"2125\">ISO 11784\/11785 (FDX\/HDX); ISO 15693 (flussi di lavoro HF)<\/td>\n<\/tr>\n<tr data-start=\"2126\" data-end=\"2240\">\n<td data-start=\"2126\" data-end=\"2144\" data-col-size=\"sm\">Dimensioni<\/td>\n<td data-col-size=\"sm\" data-start=\"2144\" data-end=\"2167\">Dimensioni della capsula<\/td>\n<td data-col-size=\"md\" data-start=\"2167\" data-end=\"2240\">1,25\u00d77 mm; 1,4\u00d78 mm; 2,12\u00d78 mm; 2,12\u00d712 mm; 3\u00d715 mm; 4\u00d732 mm; personalizzato<\/td>\n<\/tr>\n<tr data-start=\"2241\" data-end=\"2355\">\n<td data-start=\"2241\" data-end=\"2259\" data-col-size=\"sm\">Prestazione<\/td>\n<td data-col-size=\"sm\" data-start=\"2259\" data-end=\"2282\">Distanza di lettura<\/td>\n<td data-col-size=\"md\" data-start=\"2282\" data-end=\"2355\">LF 1\u201310 cm; HF 1\u20133 cm<\/td>\n<\/tr>\n<tr data-start=\"2356\" data-end=\"2471\">\n<td data-start=\"2356\" data-end=\"2374\" data-col-size=\"sm\">Ambiente<\/td>\n<td data-start=\"2374\" data-end=\"2397\" data-col-size=\"sm\">Temperatura di lavoro<\/td>\n<td data-col-size=\"md\" data-start=\"2397\" data-end=\"2471\">da 20 \u2103 a 50 \u2103<\/td>\n<\/tr>\n<tr data-start=\"2472\" data-end=\"2587\">\n<td data-start=\"2472\" data-end=\"2490\" data-col-size=\"sm\"><\/td>\n<td data-start=\"2490\" data-end=\"2513\" data-col-size=\"sm\">Temperatura di conservazione<\/td>\n<td data-col-size=\"md\" data-start=\"2513\" data-end=\"2587\">da -40 \u2103 a +70 \u2103<\/td>\n<\/tr>\n<tr data-start=\"2588\" data-end=\"2702\">\n<td data-start=\"2588\" data-end=\"2606\" data-col-size=\"sm\">Consegna<\/td>\n<td data-col-size=\"sm\" data-start=\"2606\" data-end=\"2629\">Formato<\/td>\n<td data-col-size=\"md\" data-start=\"2629\" data-end=\"2702\">Siringa sterile precaricata (applicatore)<\/td>\n<\/tr>\n<tr data-start=\"2703\" data-end=\"2817\">\n<td data-start=\"2703\" data-end=\"2721\" data-col-size=\"sm\">Operazione<\/td>\n<td data-start=\"2721\" data-end=\"2744\" data-col-size=\"sm\">Energia<\/td>\n<td data-start=\"2744\" data-end=\"2817\" data-col-size=\"md\">Passivo (senza batteria)<\/td>\n<\/tr>\n<tr data-start=\"2818\" data-end=\"2932\">\n<td data-start=\"2818\" data-end=\"2836\" data-col-size=\"sm\">Applicazione<\/td>\n<td data-start=\"2836\" data-end=\"2859\" data-col-size=\"sm\">Animali<\/td>\n<td data-start=\"2859\" data-end=\"2932\" data-col-size=\"md\">Cani, gatti, pesci e altre specie<\/td>\n<\/tr>\n<tr data-start=\"2933\" data-end=\"3047\">\n<td data-start=\"2933\" data-end=\"2951\" data-col-size=\"sm\">Funzione<\/td>\n<td data-start=\"2951\" data-end=\"2974\" data-col-size=\"sm\">ID univoco<\/td>\n<td data-col-size=\"md\" data-start=\"2974\" data-end=\"3047\">Codice di 15 cifre per la registrazione e il recupero<\/td>\n<\/tr>\n<\/tbody>\n<\/table>\n<\/div>\n<\/div>","protected":false},"excerpt":{"rendered":"<p>Microchip per animali domestici LF 125\/134,2 kHz EM4305 con applicatore sterile precaricato, conforme a ISO 11784\/11785, intervallo di lettura 1\u201310 cm, diverse dimensioni per l&#039;identificazione permanente degli animali.<\/p>","protected":false},"featured_media":864,"template":"","meta":{"_gspb_post_css":""},"product_brand":[],"product_cat":[24,25],"product_tag":[],"class_list":{"0":"post-866","1":"product","2":"type-product","3":"status-publish","4":"has-post-thumbnail","6":"product_cat-rfid-tags","7":"product_cat-rfid-animal-glass-tube-tag-pets-microchip","9":"first","10":"instock","11":"shipping-taxable","12":"purchasable","13":"product-type-simple"},"_links":{"self":[{"href":"https:\/\/www.cxjsmartcard.com\/it\/wp-json\/wp\/v2\/product\/866","targetHints":{"allow":["GET"]}}],"collection":[{"href":"https:\/\/www.cxjsmartcard.com\/it\/wp-json\/wp\/v2\/product"}],"about":[{"href":"https:\/\/www.cxjsmartcard.com\/it\/wp-json\/wp\/v2\/types\/product"}],"wp:featuredmedia":[{"embeddable":true,"href":"https:\/\/www.cxjsmartcard.com\/it\/wp-json\/wp\/v2\/media\/864"}],"wp:attachment":[{"href":"https:\/\/www.cxjsmartcard.com\/it\/wp-json\/wp\/v2\/media?parent=866"}],"wp:term":[{"taxonomy":"product_brand","embeddable":true,"href":"https:\/\/www.cxjsmartcard.com\/it\/wp-json\/wp\/v2\/product_brand?post=866"},{"taxonomy":"product_cat","embeddable":true,"href":"https:\/\/www.cxjsmartcard.com\/it\/wp-json\/wp\/v2\/product_cat?post=866"},{"taxonomy":"product_tag","embeddable":true,"href":"https:\/\/www.cxjsmartcard.com\/it\/wp-json\/wp\/v2\/product_tag?post=866"}],"curies":[{"name":"parola chiave","href":"https:\/\/api.w.org\/{rel}","templated":true}]}}