{"id":860,"date":"2025-11-03T08:35:42","date_gmt":"2025-11-03T08:35:42","guid":{"rendered":"https:\/\/www.cxjsmartcard.com\/?post_type=product&#038;p=860"},"modified":"2025-12-29T01:27:08","modified_gmt":"2025-12-29T01:27:08","slug":"icar-certified-lf-fdx-b-134-2-khz-rfid-pet-chip-microchip-tag","status":"publish","type":"product","link":"https:\/\/www.cxjsmartcard.com\/it\/icar-certified-lf-fdx-b-134-2-khz-rfid-pet-chip-microchip-tag\/","title":{"rendered":"Tag microchip RFID per animali domestici LF FDX-B 134,2 kHz certificato ICAR"},"content":{"rendered":"<p data-start=\"73\" data-end=\"392\">Microchip LF certificato ICAR per l&#039;identificazione e la gestione permanente degli animali domestici. Realizzato secondo lo standard FDX-B a 134,2 kHz e alloggiato in biovetro sterile, il minuscolo transponder viene iniettato per via sottocutanea e letto da scanner compatibili ISO utilizzati da veterinari, rifugi e centri di controllo animali per un rapido ricongiungimento.<\/p>\n<p data-start=\"394\" data-end=\"607\"><strong data-start=\"394\" data-end=\"408\">Che cosa \u00e8<\/strong><br data-start=\"408\" data-end=\"411\" \/>Una siringa pre-sterilizzata contenente un microchip RFID passivo in vetro. Una volta impiantato, il chip fornisce un ID univoco che si collega ai dati di registrazione di cani, gatti, pesci e altri animali da compagnia.<\/p>\n<p data-start=\"609\" data-end=\"759\"><strong data-start=\"609\" data-end=\"635\">Standard e conformit\u00e0<\/strong><br data-start=\"635\" data-end=\"638\" \/>FDX-B secondo ISO 11784\/11785, certificazione ICAR. Disponibile variante HF\/NFC opzionale (ISO\/IEC 14443A) per flussi di lavoro specifici.<\/p>\n<p data-start=\"761\" data-end=\"880\"><strong data-start=\"761\" data-end=\"774\">Casi d&#039;uso<\/strong><br data-start=\"774\" data-end=\"777\" \/>Identificazione e recupero degli animali domestici \u2022 Gestione dei registri di vaccinazione e rabbia \u2022 Monitoraggio del ciclo di vita degli animali.<\/p>\n<h2 data-start=\"882\" data-end=\"907\">Tabella (Specifiche)<\/h2>\n<div class=\"_tableContainer_1rjym_1\">\n<div class=\"group _tableWrapper_1rjym_13 flex w-fit flex-col-reverse\" tabindex=\"-1\">\n<table class=\"w-fit min-w-(--thread-content-width)\" data-start=\"909\" data-end=\"2572\">\n<thead data-start=\"909\" data-end=\"1019\">\n<tr data-start=\"909\" data-end=\"1019\">\n<th data-start=\"909\" data-end=\"927\" data-col-size=\"sm\">Categoria<\/th>\n<th data-start=\"927\" data-end=\"946\" data-col-size=\"sm\">Parametro<\/th>\n<th data-start=\"946\" data-end=\"1019\" data-col-size=\"md\">Valore<\/th>\n<\/tr>\n<\/thead>\n<tbody data-start=\"1131\" data-end=\"2572\">\n<tr data-start=\"1131\" data-end=\"1240\">\n<td data-start=\"1131\" data-end=\"1149\" data-col-size=\"sm\">Prodotto<\/td>\n<td data-col-size=\"sm\" data-start=\"1149\" data-end=\"1168\">Tipo<\/td>\n<td data-col-size=\"md\" data-start=\"1168\" data-end=\"1240\">Microchip in vetro RFID per animali<\/td>\n<\/tr>\n<tr data-start=\"1241\" data-end=\"1351\">\n<td data-start=\"1241\" data-end=\"1259\" data-col-size=\"sm\">Certificazione<\/td>\n<td data-col-size=\"sm\" data-start=\"1259\" data-end=\"1278\">ICAR<\/td>\n<td data-col-size=\"md\" data-start=\"1278\" data-end=\"1351\">S\u00cc<\/td>\n<\/tr>\n<tr data-start=\"1352\" data-end=\"1462\">\n<td data-start=\"1352\" data-end=\"1370\" data-col-size=\"sm\">Frequenza<\/td>\n<td data-col-size=\"sm\" data-start=\"1370\" data-end=\"1389\">LF<\/td>\n<td data-col-size=\"md\" data-start=\"1389\" data-end=\"1462\">134,2 kHz (FDX-B)<\/td>\n<\/tr>\n<tr data-start=\"1463\" data-end=\"1573\">\n<td data-start=\"1463\" data-end=\"1481\" data-col-size=\"sm\">Protocollo<\/td>\n<td data-col-size=\"sm\" data-start=\"1481\" data-end=\"1500\">Standard<\/td>\n<td data-col-size=\"md\" data-start=\"1500\" data-end=\"1573\">ISO 11784\/11785 (FDX-B); opzionale ISO\/IEC 14443A (variante NFC)<\/td>\n<\/tr>\n<tr data-start=\"1574\" data-end=\"1684\">\n<td data-start=\"1574\" data-end=\"1592\" data-col-size=\"sm\">Opzioni chip<\/td>\n<td data-col-size=\"sm\" data-start=\"1592\" data-end=\"1611\">CIRCUITO INTEGRATO<\/td>\n<td data-col-size=\"md\" data-start=\"1611\" data-end=\"1684\">EM4305; NTAG213 (opzione NFC213)<\/td>\n<\/tr>\n<tr data-start=\"1685\" data-end=\"1795\">\n<td data-start=\"1685\" data-end=\"1703\" data-col-size=\"sm\">Materiali<\/td>\n<td data-start=\"1703\" data-end=\"1722\" data-col-size=\"sm\">Capsula<\/td>\n<td data-col-size=\"md\" data-start=\"1722\" data-end=\"1795\">Biovetro medico<\/td>\n<\/tr>\n<tr data-start=\"1796\" data-end=\"1906\">\n<td data-start=\"1796\" data-end=\"1814\" data-col-size=\"sm\">Dimensioni<\/td>\n<td data-col-size=\"sm\" data-start=\"1814\" data-end=\"1833\">Dimensioni<\/td>\n<td data-col-size=\"md\" data-start=\"1833\" data-end=\"1906\">1,25\u00d77 mm; 1,4\u00d78 mm; 2\u00d78 mm; 2,12\u00d712 mm; 3\u00d715 mm<\/td>\n<\/tr>\n<tr data-start=\"1907\" data-end=\"2017\">\n<td data-start=\"1907\" data-end=\"1925\" data-col-size=\"sm\">Sterilizzazione<\/td>\n<td data-col-size=\"sm\" data-start=\"1925\" data-end=\"1944\">Metodo<\/td>\n<td data-col-size=\"md\" data-start=\"1944\" data-end=\"2017\">Sterilizzazione di grado medico 100%<\/td>\n<\/tr>\n<tr data-start=\"2018\" data-end=\"2128\">\n<td data-start=\"2018\" data-end=\"2036\" data-col-size=\"sm\">Validit\u00e0<\/td>\n<td data-col-size=\"sm\" data-start=\"2036\" data-end=\"2055\">Durata di servizio<\/td>\n<td data-col-size=\"md\" data-start=\"2055\" data-end=\"2128\">5 anni<\/td>\n<\/tr>\n<tr data-start=\"2129\" data-end=\"2239\">\n<td data-start=\"2129\" data-end=\"2147\" data-col-size=\"sm\">Operazione<\/td>\n<td data-col-size=\"sm\" data-start=\"2147\" data-end=\"2166\">Energia<\/td>\n<td data-col-size=\"md\" data-start=\"2166\" data-end=\"2239\">Passivo (senza batteria)<\/td>\n<\/tr>\n<tr data-start=\"2240\" data-end=\"2350\">\n<td data-start=\"2240\" data-end=\"2258\" data-col-size=\"sm\">Applicazione<\/td>\n<td data-start=\"2258\" data-end=\"2277\" data-col-size=\"sm\">Animali<\/td>\n<td data-col-size=\"md\" data-start=\"2277\" data-end=\"2350\">Cani, gatti, pesci e altri animali domestici<\/td>\n<\/tr>\n<tr data-start=\"2351\" data-end=\"2461\">\n<td data-start=\"2351\" data-end=\"2369\" data-col-size=\"sm\">Consegna<\/td>\n<td data-start=\"2369\" data-end=\"2388\" data-col-size=\"sm\">Formato<\/td>\n<td data-start=\"2388\" data-end=\"2461\" data-col-size=\"md\">Siringa sterile precaricata con microchip<\/td>\n<\/tr>\n<tr data-start=\"2462\" data-end=\"2572\">\n<td data-start=\"2462\" data-end=\"2480\" data-col-size=\"sm\">Funzione<\/td>\n<td data-start=\"2480\" data-end=\"2499\" data-col-size=\"sm\">Scopo<\/td>\n<td data-col-size=\"md\" data-start=\"2499\" data-end=\"2572\">Tracciamento\/identificazione degli animali domestici<\/td>\n<\/tr>\n<\/tbody>\n<\/table>\n<\/div>\n<\/div>","protected":false},"excerpt":{"rendered":"<p>Microchip per animali domestici FDX-B 134,2 kHz certificato ICAR in bioglass sterile: identificazione passiva e senza batteria per cani, gatti e altri animali domestici; conforme a ISO 11784\/11785 con somministrazione tramite siringa.<\/p>","protected":false},"featured_media":865,"template":"","meta":{"_gspb_post_css":""},"product_brand":[],"product_cat":[24,25],"product_tag":[],"class_list":{"0":"post-860","1":"product","2":"type-product","3":"status-publish","4":"has-post-thumbnail","6":"product_cat-rfid-tags","7":"product_cat-rfid-animal-glass-tube-tag-pets-microchip","9":"first","10":"instock","11":"shipping-taxable","12":"purchasable","13":"product-type-simple"},"_links":{"self":[{"href":"https:\/\/www.cxjsmartcard.com\/it\/wp-json\/wp\/v2\/product\/860","targetHints":{"allow":["GET"]}}],"collection":[{"href":"https:\/\/www.cxjsmartcard.com\/it\/wp-json\/wp\/v2\/product"}],"about":[{"href":"https:\/\/www.cxjsmartcard.com\/it\/wp-json\/wp\/v2\/types\/product"}],"wp:featuredmedia":[{"embeddable":true,"href":"https:\/\/www.cxjsmartcard.com\/it\/wp-json\/wp\/v2\/media\/865"}],"wp:attachment":[{"href":"https:\/\/www.cxjsmartcard.com\/it\/wp-json\/wp\/v2\/media?parent=860"}],"wp:term":[{"taxonomy":"product_brand","embeddable":true,"href":"https:\/\/www.cxjsmartcard.com\/it\/wp-json\/wp\/v2\/product_brand?post=860"},{"taxonomy":"product_cat","embeddable":true,"href":"https:\/\/www.cxjsmartcard.com\/it\/wp-json\/wp\/v2\/product_cat?post=860"},{"taxonomy":"product_tag","embeddable":true,"href":"https:\/\/www.cxjsmartcard.com\/it\/wp-json\/wp\/v2\/product_tag?post=860"}],"curies":[{"name":"parola chiave","href":"https:\/\/api.w.org\/{rel}","templated":true}]}}