{"id":772,"date":"2025-11-03T07:28:48","date_gmt":"2025-11-03T07:28:48","guid":{"rendered":"https:\/\/www.cxjsmartcard.com\/?post_type=product&#038;p=772"},"modified":"2025-12-29T01:27:10","modified_gmt":"2025-12-29T01:27:10","slug":"custom-nfc-fabric-woven-bracelet-rfid-wristband-for-festival","status":"publish","type":"product","link":"https:\/\/www.cxjsmartcard.com\/it\/custom-nfc-fabric-woven-bracelet-rfid-wristband-for-festival\/","title":{"rendered":"Braccialetto RFID in tessuto NFC personalizzato per festival"},"content":{"rendered":"<p data-start=\"72\" data-end=\"240\">Il braccialetto RFID in tessuto NFC personalizzato \u00e8 una soluzione durevole, impermeabile e sicura per il controllo degli accessi, i pagamenti senza contanti e la gestione degli eventi.<\/p>\n<p data-start=\"242\" data-end=\"277\"><strong data-start=\"242\" data-end=\"255\">Materiali<\/strong><br data-start=\"255\" data-end=\"258\" \/>PVC + tessuto intrecciato.<\/p>\n<p data-start=\"279\" data-end=\"342\"><strong data-start=\"279\" data-end=\"292\">Protocolli<\/strong><br data-start=\"292\" data-end=\"295\" \/>ISO 11785, ISO 15693, ISO 14443A, ISO 18000-6C.<\/p>\n<p data-start=\"344\" data-end=\"443\"><strong data-start=\"344\" data-end=\"368\">Dimensioni (personalizzabili)<\/strong><br data-start=\"368\" data-end=\"371\" \/>47\u00d747\u00d70,8 mm; 55,21\u00d756\u00d70,8 mm; 45\u00d740\u00d70,8 mm; 30\u00d747\u00d70,8 mm; 41\u00d726\u00d70,8 mm.<\/p>\n<p data-start=\"445\" data-end=\"519\"><strong data-start=\"445\" data-end=\"479\">Distanza di lettura (dipendente dal chip)<\/strong><br data-start=\"479\" data-end=\"482\" \/>LF: 1\u20134 cm \u2022 HF: 1\u20136 cm \u2022 UHF: 1\u20136 m.<\/p>\n<p data-start=\"521\" data-end=\"644\"><strong data-start=\"521\" data-end=\"541\">Artigianato disponibile<\/strong><br data-start=\"541\" data-end=\"544\" \/>Serigrafia o stampa multicolore; logo\/codice UID laser; numero di serie; codice QR; codifica dei dati.<\/p>\n<p data-start=\"646\" data-end=\"752\"><strong data-start=\"646\" data-end=\"662\">Applicazioni<\/strong><br data-start=\"662\" data-end=\"665\" \/>Eventi, festival, scuole, parchi di divertimento, centri musicali e controllo generale degli accessi.<\/p>\n<p data-start=\"754\" data-end=\"844\"><strong data-start=\"754\" data-end=\"778\">Opzioni di installazione<\/strong><br data-start=\"778\" data-end=\"781\" \/>Braccialetto monouso con chiusura a scorrimento; braccialetto regolabile e riutilizzabile.<\/p>\n<p data-start=\"846\" data-end=\"1312\"><strong data-start=\"846\" data-end=\"877\">Vantaggi dei braccialetti RFID<\/strong><br data-start=\"877\" data-end=\"880\" \/>Aumentare i ricavi; massimizzare la redditivit\u00e0; aumentare la velocit\u00e0 del servizio; migliorare l&#039;efficienza operativa; eliminare i problemi di gestione del contante; semplificare processi e procedure; prevenire l&#039;ammissione fraudolenta o contraffatta.<br data-start=\"1093\" data-end=\"1096\" \/>I chip RFID integrati nei braccialetti consentono il controllo degli accessi, i pagamenti senza contanti, la raccolta dati, le interazioni sociali e molto altro, supportando LF (125\u2013134 kHz), HF (13,56 MHz) e UHF (860\u2013960 MHz) per adattarsi a diverse implementazioni.<\/p>\n<h2 data-start=\"1314\" data-end=\"1339\">Tabella (Specifiche)<\/h2>\n<div class=\"_tableContainer_1rjym_1\">\n<div class=\"group _tableWrapper_1rjym_13 flex w-fit flex-col-reverse\" tabindex=\"-1\">\n<table class=\"w-fit min-w-(--thread-content-width)\" data-start=\"1341\" data-end=\"2618\">\n<thead data-start=\"1341\" data-end=\"1455\">\n<tr data-start=\"1341\" data-end=\"1455\">\n<th data-start=\"1341\" data-end=\"1359\" data-col-size=\"sm\">Categoria<\/th>\n<th data-start=\"1359\" data-end=\"1382\" data-col-size=\"sm\">Parametro<\/th>\n<th data-start=\"1382\" data-end=\"1455\" data-col-size=\"md\">Valore<\/th>\n<\/tr>\n<\/thead>\n<tbody data-start=\"1571\" data-end=\"2618\">\n<tr data-start=\"1571\" data-end=\"1685\">\n<td data-start=\"1571\" data-end=\"1589\" data-col-size=\"sm\">Prodotto<\/td>\n<td data-col-size=\"sm\" data-start=\"1589\" data-end=\"1612\">Tipo<\/td>\n<td data-col-size=\"md\" data-start=\"1612\" data-end=\"1685\">Braccialetto RFID in tessuto intrecciato NFC personalizzato<\/td>\n<\/tr>\n<tr data-start=\"1686\" data-end=\"1800\">\n<td data-start=\"1686\" data-end=\"1704\" data-col-size=\"sm\">Materiali<\/td>\n<td data-col-size=\"sm\" data-start=\"1704\" data-end=\"1727\">Corpo<\/td>\n<td data-col-size=\"md\" data-start=\"1727\" data-end=\"1800\">PVC + Tessuto<\/td>\n<\/tr>\n<tr data-start=\"1801\" data-end=\"1915\">\n<td data-start=\"1801\" data-end=\"1819\" data-col-size=\"sm\">RF<\/td>\n<td data-col-size=\"sm\" data-start=\"1819\" data-end=\"1842\">Protocolli<\/td>\n<td data-col-size=\"md\" data-start=\"1842\" data-end=\"1915\">ISO 11785; ISO15693; ISO 14443A; ISO18000-6C<\/td>\n<\/tr>\n<tr data-start=\"1916\" data-end=\"2030\">\n<td data-start=\"1916\" data-end=\"1934\" data-col-size=\"sm\"><\/td>\n<td data-col-size=\"sm\" data-start=\"1934\" data-end=\"1957\">Frequenze<\/td>\n<td data-col-size=\"md\" data-start=\"1957\" data-end=\"2030\">LF 125\u2013134 kHz; HF 13,56 MHz; UHF 860\u2013960 MHz<\/td>\n<\/tr>\n<tr data-start=\"2031\" data-end=\"2145\">\n<td data-start=\"2031\" data-end=\"2049\" data-col-size=\"sm\">Prestazione<\/td>\n<td data-col-size=\"sm\" data-start=\"2049\" data-end=\"2072\">Distanza di lettura<\/td>\n<td data-col-size=\"md\" data-start=\"2072\" data-end=\"2145\">LF 1\u20134 cm; HF 1\u20136 cm; UHF 1\u20136 m (dipendente dal chip\/lettore)<\/td>\n<\/tr>\n<tr data-start=\"2146\" data-end=\"2262\">\n<td data-start=\"2146\" data-end=\"2164\" data-col-size=\"sm\">Dimensioni<\/td>\n<td data-col-size=\"sm\" data-start=\"2164\" data-end=\"2187\">Opzioni di dimensione<\/td>\n<td data-col-size=\"md\" data-start=\"2187\" data-end=\"2262\">47\u00d747\u00d70,8 mm; 55,21\u00d756\u00d70,8 mm; 45\u00d740\u00d70,8 mm; 30\u00d747\u00d70,8 mm; 41\u00d726\u00d70,8 mm<\/td>\n<\/tr>\n<tr data-start=\"2263\" data-end=\"2385\">\n<td data-start=\"2263\" data-end=\"2281\" data-col-size=\"sm\">Personalizzazione<\/td>\n<td data-col-size=\"sm\" data-start=\"2281\" data-end=\"2304\">Stampa\/Codifica<\/td>\n<td data-col-size=\"md\" data-start=\"2304\" data-end=\"2385\">Stampa serigrafica o multicolore; logo\/UID laser; numero di serie; QR; codifica dati<\/td>\n<\/tr>\n<tr data-start=\"2386\" data-end=\"2503\">\n<td data-start=\"2386\" data-end=\"2404\" data-col-size=\"sm\">Applicazioni<\/td>\n<td data-col-size=\"sm\" data-start=\"2404\" data-end=\"2427\">Casi d&#039;uso tipici<\/td>\n<td data-col-size=\"md\" data-start=\"2427\" data-end=\"2503\">Ingresso eventi\/festival, gestione scuole e centri musicali, controllo accessi<\/td>\n<\/tr>\n<tr data-start=\"2504\" data-end=\"2618\">\n<td data-start=\"2504\" data-end=\"2522\" data-col-size=\"sm\">Installazione<\/td>\n<td data-col-size=\"sm\" data-start=\"2522\" data-end=\"2545\">Tipi di braccialetti<\/td>\n<td data-col-size=\"md\" data-start=\"2545\" data-end=\"2618\">Chiusura scorrevole monouso; regolabile e riutilizzabile<\/td>\n<\/tr>\n<\/tbody>\n<\/table>\n<\/div>\n<\/div>","protected":false},"excerpt":{"rendered":"<p>Braccialetto RFID in tessuto intrecciato per eventi e controllo accessi: resistente, impermeabile e personalizzabile; supporta LF\/HF\/UHF, diverse misure e braccialetti monouso o riutilizzabili.<\/p>","protected":false},"featured_media":773,"template":"","meta":{"_gspb_post_css":""},"product_brand":[],"product_cat":[21],"product_tag":[],"class_list":{"0":"post-772","1":"product","2":"type-product","3":"status-publish","4":"has-post-thumbnail","6":"product_cat-rfid-nfc-bracelets","8":"first","9":"instock","10":"shipping-taxable","11":"purchasable","12":"product-type-simple"},"_links":{"self":[{"href":"https:\/\/www.cxjsmartcard.com\/it\/wp-json\/wp\/v2\/product\/772","targetHints":{"allow":["GET"]}}],"collection":[{"href":"https:\/\/www.cxjsmartcard.com\/it\/wp-json\/wp\/v2\/product"}],"about":[{"href":"https:\/\/www.cxjsmartcard.com\/it\/wp-json\/wp\/v2\/types\/product"}],"wp:featuredmedia":[{"embeddable":true,"href":"https:\/\/www.cxjsmartcard.com\/it\/wp-json\/wp\/v2\/media\/773"}],"wp:attachment":[{"href":"https:\/\/www.cxjsmartcard.com\/it\/wp-json\/wp\/v2\/media?parent=772"}],"wp:term":[{"taxonomy":"product_brand","embeddable":true,"href":"https:\/\/www.cxjsmartcard.com\/it\/wp-json\/wp\/v2\/product_brand?post=772"},{"taxonomy":"product_cat","embeddable":true,"href":"https:\/\/www.cxjsmartcard.com\/it\/wp-json\/wp\/v2\/product_cat?post=772"},{"taxonomy":"product_tag","embeddable":true,"href":"https:\/\/www.cxjsmartcard.com\/it\/wp-json\/wp\/v2\/product_tag?post=772"}],"curies":[{"name":"parola chiave","href":"https:\/\/api.w.org\/{rel}","templated":true}]}}