{"id":767,"date":"2025-11-03T07:23:32","date_gmt":"2025-11-03T07:23:32","guid":{"rendered":"https:\/\/www.cxjsmartcard.com\/?post_type=product&#038;p=767"},"modified":"2025-12-29T01:27:10","modified_gmt":"2025-12-29T01:27:10","slug":"waterproof-uhf-industrial-rfid-flexible-silicone-laundry-tag","status":"publish","type":"product","link":"https:\/\/www.cxjsmartcard.com\/it\/waterproof-uhf-industrial-rfid-flexible-silicone-laundry-tag\/","title":{"rendered":"Etichetta per lavanderia in silicone flessibile RFID industriale UHF impermeabile"},"content":{"rendered":"<p data-start=\"72\" data-end=\"463\">Etichetta UHF flessibile in silicone per lavanderia, progettata per il lavaggio industriale e la gestione dei tessuti. Impermeabile, resistente al calore e alle intemperie, opera nella banda 860-960 MHz e supporta la norma ISO\/IEC 18000-6C (EPC Gen2). Particolarmente adatta per il lavaggio industriale di indumenti e biancheria, resiste alla stiratura ad alta temperatura, all&#039;alta pressione e a oltre 200 cicli di lavaggio industriali.<\/p>\n<p data-start=\"465\" data-end=\"488\"><strong data-start=\"465\" data-end=\"486\">Garanzia di qualit\u00e0<\/strong><\/p>\n<ul data-start=\"489\" data-end=\"581\">\n<li data-start=\"489\" data-end=\"545\">\n<p data-start=\"491\" data-end=\"545\">Funzione 100% testata da Voyantic Performance Tester.<\/p>\n<\/li>\n<li data-start=\"546\" data-end=\"581\">\n<p data-start=\"548\" data-end=\"581\">100% EPC e memoria utente controllati.<\/p>\n<\/li>\n<\/ul>\n<p data-start=\"583\" data-end=\"614\"><strong data-start=\"583\" data-end=\"612\">Specifiche elettriche<\/strong><\/p>\n<ul data-start=\"615\" data-end=\"886\">\n<li data-start=\"615\" data-end=\"664\">\n<p data-start=\"617\" data-end=\"664\">Interfaccia aerea: EPC Classe 1 Gen2, ISO 18000-6C<\/p>\n<\/li>\n<li data-start=\"665\" data-end=\"705\">\n<p data-start=\"667\" data-end=\"705\">Tipo di dispositivo: Transponder UHF passivo<\/p>\n<\/li>\n<li data-start=\"706\" data-end=\"744\">\n<p data-start=\"708\" data-end=\"744\">Frequenza operativa: 865\u2013928 MHz<\/p>\n<\/li>\n<li data-start=\"745\" data-end=\"834\">\n<p data-start=\"747\" data-end=\"834\">Memoria (configurazione IC tipica): EPC 128 bit; Utente 32 bit; Password 32 bit; TID 96 bit<\/p>\n<\/li>\n<li data-start=\"835\" data-end=\"859\">\n<p data-start=\"837\" data-end=\"859\">Polarizzazione: lineare<\/p>\n<\/li>\n<li data-start=\"860\" data-end=\"886\">\n<p data-start=\"862\" data-end=\"886\">Conservazione dei dati: 10 anni<\/p>\n<\/li>\n<\/ul>\n<p data-start=\"888\" data-end=\"916\"><strong data-start=\"888\" data-end=\"914\">Meccanica e materiali<\/strong><\/p>\n<ul data-start=\"917\" data-end=\"1077\">\n<li data-start=\"917\" data-end=\"960\">\n<p data-start=\"919\" data-end=\"960\">Dimensioni (etichetta in tessuto): 60 \u00d7 20 \u00d7 1 mm<\/p>\n<\/li>\n<li data-start=\"961\" data-end=\"1043\">\n<p data-start=\"963\" data-end=\"1043\">Dimensioni (etichetta in silicone): 85 \u00d7 27 \u00d7 4 mm; 55 \u00d7 12 \u00d7 2,5 mm (altre disponibili)<\/p>\n<\/li>\n<li data-start=\"1044\" data-end=\"1077\">\n<p data-start=\"1046\" data-end=\"1077\">Materiali tag: Tessuto, Silicone<\/p>\n<\/li>\n<\/ul>\n<p data-start=\"1079\" data-end=\"1118\"><strong data-start=\"1079\" data-end=\"1116\">Resistenza ambientale e di processo<\/strong><\/p>\n<ul data-start=\"1119\" data-end=\"1352\">\n<li data-start=\"1119\" data-end=\"1181\">\n<p data-start=\"1121\" data-end=\"1181\">Temperatura di conservazione: da -40 \u00b0C a +120 \u00b0C (da -40 \u00b0F a +248 \u00b0F)<\/p>\n<\/li>\n<li data-start=\"1182\" data-end=\"1219\">\n<p data-start=\"1184\" data-end=\"1219\">Stiratrice: 180 \u00b0C \u00d7 15 s, 200 cicli<\/p>\n<\/li>\n<li data-start=\"1220\" data-end=\"1316\">\n<p data-start=\"1222\" data-end=\"1316\">Asciugatrice: 85 \u00b0C \u00d7 120 min, 200 cicli; 120 \u00b0C \u00d7 60 min, 200 cicli; 150 \u00b0C \u00d7 20 min, 200 cicli<\/p>\n<\/li>\n<li data-start=\"1317\" data-end=\"1352\">\n<p data-start=\"1319\" data-end=\"1352\">Resistenza alla pressione: fino a 56 bar<\/p>\n<\/li>\n<\/ul>\n<p data-start=\"1354\" data-end=\"1372\"><strong data-start=\"1354\" data-end=\"1370\">Applicazioni<\/strong><\/p>\n<ul data-start=\"1373\" data-end=\"1510\">\n<li data-start=\"1373\" data-end=\"1394\">\n<p data-start=\"1375\" data-end=\"1394\">Gestione della biancheria<\/p>\n<\/li>\n<li data-start=\"1395\" data-end=\"1417\">\n<p data-start=\"1397\" data-end=\"1417\">Gestione uniforme<\/p>\n<\/li>\n<li data-start=\"1418\" data-end=\"1449\">\n<p data-start=\"1420\" data-end=\"1449\">Gestione della lavanderia ospedaliera<\/p>\n<\/li>\n<li data-start=\"1450\" data-end=\"1478\">\n<p data-start=\"1452\" data-end=\"1478\">Gestione della lavanderia dell&#039;hotel<\/p>\n<\/li>\n<li data-start=\"1479\" data-end=\"1510\">\n<p data-start=\"1481\" data-end=\"1510\">Gestione tessile industriale<\/p>\n<\/li>\n<\/ul>\n<p data-start=\"1512\" data-end=\"1666\"><strong data-start=\"1512\" data-end=\"1520\">Domande frequenti<\/strong><br data-start=\"1520\" data-end=\"1523\" \/><strong data-start=\"1523\" data-end=\"1530\">D1:<\/strong> Questi tag RFID possono essere cuciti su uniformi o indumenti?<br data-start=\"1585\" data-end=\"1588\" \/><strong data-start=\"1588\" data-end=\"1594\">UN:<\/strong> S\u00ec. L&#039;etichetta flessibile in silicone pu\u00f2 essere cucita, termosaldata o incorporata.<\/p>\n<p data-start=\"1668\" data-end=\"1791\"><strong data-start=\"1668\" data-end=\"1675\">D2:<\/strong> Quanti cicli di lavaggio pu\u00f2 sopportare questa etichetta?<br data-start=\"1717\" data-end=\"1720\" \/><strong data-start=\"1720\" data-end=\"1726\">UN:<\/strong> Fino a 200 cicli di lavaggio, a seconda del detersivo e della temperatura.<\/p>\n<p data-start=\"1793\" data-end=\"1916\"><strong data-start=\"1793\" data-end=\"1800\">D3:<\/strong> \u00c8 disponibile la personalizzazione?<br data-start=\"1828\" data-end=\"1831\" \/><strong data-start=\"1831\" data-end=\"1837\">UN:<\/strong> S\u00ec. Dimensioni, colori e branding (stampa del logo o codici QR) sono personalizzabili.<\/p>\n<h2 data-start=\"1918\" data-end=\"1943\">Tabella (Specifiche)<\/h2>\n<div class=\"_tableContainer_1rjym_1\">\n<div class=\"group _tableWrapper_1rjym_13 flex w-fit flex-col-reverse\" tabindex=\"-1\">\n<table class=\"w-fit min-w-(--thread-content-width)\" data-start=\"1945\" data-end=\"4087\">\n<thead data-start=\"1945\" data-end=\"2071\">\n<tr data-start=\"1945\" data-end=\"2071\">\n<th data-start=\"1945\" data-end=\"1970\" data-col-size=\"sm\">Categoria<\/th>\n<th data-start=\"1970\" data-end=\"1998\" data-col-size=\"sm\">Parametro<\/th>\n<th data-start=\"1998\" data-end=\"2071\" data-col-size=\"md\">Valore<\/th>\n<\/tr>\n<\/thead>\n<tbody data-start=\"2198\" data-end=\"4087\">\n<tr data-start=\"2198\" data-end=\"2323\">\n<td data-start=\"2198\" data-end=\"2222\" data-col-size=\"sm\">Interfaccia RF<\/td>\n<td data-col-size=\"sm\" data-start=\"2222\" data-end=\"2250\">Protocollo<\/td>\n<td data-col-size=\"md\" data-start=\"2250\" data-end=\"2323\">EPC Classe 1 Gen2 \/ ISO 18000-6C<\/td>\n<\/tr>\n<tr data-start=\"2324\" data-end=\"2449\">\n<td data-start=\"2324\" data-end=\"2348\" data-col-size=\"sm\"><\/td>\n<td data-col-size=\"sm\" data-start=\"2348\" data-end=\"2376\">Tipo di dispositivo<\/td>\n<td data-col-size=\"md\" data-start=\"2376\" data-end=\"2449\">Transponder UHF passivo<\/td>\n<\/tr>\n<tr data-start=\"2450\" data-end=\"2575\">\n<td data-start=\"2450\" data-end=\"2474\" data-col-size=\"sm\"><\/td>\n<td data-col-size=\"sm\" data-start=\"2474\" data-end=\"2502\">Frequenza<\/td>\n<td data-col-size=\"md\" data-start=\"2502\" data-end=\"2575\">865\u2013928 MHz (operativo); 860\u2013960 MHz supportati<\/td>\n<\/tr>\n<tr data-start=\"2576\" data-end=\"2701\">\n<td data-start=\"2576\" data-end=\"2600\" data-col-size=\"sm\">Memoria<\/td>\n<td data-col-size=\"sm\" data-start=\"2600\" data-end=\"2628\">EPC \/ Utente \/ Pwd \/ TID<\/td>\n<td data-col-size=\"md\" data-start=\"2628\" data-end=\"2701\">128 bit \/ 32 bit \/ 32 bit \/ 96 bit<\/td>\n<\/tr>\n<tr data-start=\"2702\" data-end=\"2827\">\n<td data-start=\"2702\" data-end=\"2726\" data-col-size=\"sm\">Dati<\/td>\n<td data-col-size=\"sm\" data-start=\"2726\" data-end=\"2754\">Conservazione<\/td>\n<td data-col-size=\"md\" data-start=\"2754\" data-end=\"2827\">10 anni<\/td>\n<\/tr>\n<tr data-start=\"2828\" data-end=\"2953\">\n<td data-start=\"2828\" data-end=\"2852\" data-col-size=\"sm\">Antenna<\/td>\n<td data-col-size=\"sm\" data-start=\"2852\" data-end=\"2880\">Polarizzazione<\/td>\n<td data-col-size=\"md\" data-start=\"2880\" data-end=\"2953\">Lineare<\/td>\n<\/tr>\n<tr data-start=\"2954\" data-end=\"3079\">\n<td data-start=\"2954\" data-end=\"2978\" data-col-size=\"sm\">Materiali<\/td>\n<td data-col-size=\"sm\" data-start=\"2978\" data-end=\"3006\">Materiale dell&#039;etichetta<\/td>\n<td data-col-size=\"md\" data-start=\"3006\" data-end=\"3079\">Tessuto, Silicone<\/td>\n<\/tr>\n<tr data-start=\"3080\" data-end=\"3205\">\n<td data-start=\"3080\" data-end=\"3104\" data-col-size=\"sm\">Dimensioni (tessuto)<\/td>\n<td data-col-size=\"sm\" data-start=\"3104\" data-end=\"3132\">Misurare<\/td>\n<td data-col-size=\"md\" data-start=\"3132\" data-end=\"3205\">60 \u00d7 20 \u00d7 1 millimetro<\/td>\n<\/tr>\n<tr data-start=\"3206\" data-end=\"3331\">\n<td data-start=\"3206\" data-end=\"3230\" data-col-size=\"sm\">Dimensioni (silicone)<\/td>\n<td data-col-size=\"sm\" data-start=\"3230\" data-end=\"3258\">Opzioni di dimensione<\/td>\n<td data-col-size=\"md\" data-start=\"3258\" data-end=\"3331\">85 \u00d7 27 \u00d7 4 millimetri; 55 \u00d7 12 \u00d7 2,5 millimetri<\/td>\n<\/tr>\n<tr data-start=\"3332\" data-end=\"3457\">\n<td data-start=\"3332\" data-end=\"3356\" data-col-size=\"sm\">Ambiente<\/td>\n<td data-col-size=\"sm\" data-start=\"3356\" data-end=\"3384\">Temperatura di conservazione<\/td>\n<td data-col-size=\"md\" data-start=\"3384\" data-end=\"3457\">da \u221240 \u00b0C a +120 \u00b0C<\/td>\n<\/tr>\n<tr data-start=\"3458\" data-end=\"3583\">\n<td data-start=\"3458\" data-end=\"3482\" data-col-size=\"sm\">Resistenza del processo<\/td>\n<td data-col-size=\"sm\" data-start=\"3482\" data-end=\"3510\">Stiratrice<\/td>\n<td data-col-size=\"md\" data-start=\"3510\" data-end=\"3583\">180 \u00b0C \u00d7 15 s, 200 cicli<\/td>\n<\/tr>\n<tr data-start=\"3584\" data-end=\"3709\">\n<td data-start=\"3584\" data-end=\"3608\" data-col-size=\"sm\"><\/td>\n<td data-col-size=\"sm\" data-start=\"3608\" data-end=\"3636\">Asciugatrice<\/td>\n<td data-col-size=\"md\" data-start=\"3636\" data-end=\"3709\">85 \u00b0C \u00d7 120 min; 120 \u00b0C \u00d7 60 min; 150 \u00b0C \u00d7 20 min (tutti i 200 cicli)<\/td>\n<\/tr>\n<tr data-start=\"3710\" data-end=\"3835\">\n<td data-start=\"3710\" data-end=\"3734\" data-col-size=\"sm\">Meccanica<\/td>\n<td data-col-size=\"sm\" data-start=\"3734\" data-end=\"3762\">Resistenza alla pressione<\/td>\n<td data-col-size=\"md\" data-start=\"3762\" data-end=\"3835\">Fino a 56 bar<\/td>\n<\/tr>\n<tr data-start=\"3836\" data-end=\"3961\">\n<td data-start=\"3836\" data-end=\"3860\" data-col-size=\"sm\">Applicazioni<\/td>\n<td data-col-size=\"sm\" data-start=\"3860\" data-end=\"3888\">Casi d&#039;uso tipici<\/td>\n<td data-col-size=\"md\" data-start=\"3888\" data-end=\"3961\">Biancheria, uniformi, lavanderia ospedaliera e alberghiera, tessuti industriali<\/td>\n<\/tr>\n<tr data-start=\"3962\" data-end=\"4087\">\n<td data-start=\"3962\" data-end=\"3986\" data-col-size=\"sm\">Controllo qualit\u00e0<\/td>\n<td data-col-size=\"sm\" data-start=\"3986\" data-end=\"4014\">Test<\/td>\n<td data-col-size=\"md\" data-start=\"4014\" data-end=\"4087\">Prestazioni Voyantic testate; EPC 100% e memoria utente controllate<\/td>\n<\/tr>\n<\/tbody>\n<\/table>\n<\/div>\n<\/div>","protected":false},"excerpt":{"rendered":"<p>Etichetta RFID UHF flessibile e impermeabile in silicone per tessuti industriali per lavanderia: EPC Gen2, 865\u2013928 MHz, fino a 200 cicli, resistenza alla pressione di 56 bar; da cucire, termosaldare o incorporare.<\/p>","protected":false},"featured_media":768,"template":"","meta":{"_gspb_post_css":""},"product_brand":[],"product_cat":[17,20],"product_tag":[],"class_list":{"0":"post-767","1":"product","2":"type-product","3":"status-publish","4":"has-post-thumbnail","6":"product_cat-rfid-laundry-tags","7":"product_cat-silicone-rfid-laundry-tags","9":"first","10":"instock","11":"shipping-taxable","12":"purchasable","13":"product-type-simple"},"_links":{"self":[{"href":"https:\/\/www.cxjsmartcard.com\/it\/wp-json\/wp\/v2\/product\/767","targetHints":{"allow":["GET"]}}],"collection":[{"href":"https:\/\/www.cxjsmartcard.com\/it\/wp-json\/wp\/v2\/product"}],"about":[{"href":"https:\/\/www.cxjsmartcard.com\/it\/wp-json\/wp\/v2\/types\/product"}],"wp:featuredmedia":[{"embeddable":true,"href":"https:\/\/www.cxjsmartcard.com\/it\/wp-json\/wp\/v2\/media\/768"}],"wp:attachment":[{"href":"https:\/\/www.cxjsmartcard.com\/it\/wp-json\/wp\/v2\/media?parent=767"}],"wp:term":[{"taxonomy":"product_brand","embeddable":true,"href":"https:\/\/www.cxjsmartcard.com\/it\/wp-json\/wp\/v2\/product_brand?post=767"},{"taxonomy":"product_cat","embeddable":true,"href":"https:\/\/www.cxjsmartcard.com\/it\/wp-json\/wp\/v2\/product_cat?post=767"},{"taxonomy":"product_tag","embeddable":true,"href":"https:\/\/www.cxjsmartcard.com\/it\/wp-json\/wp\/v2\/product_tag?post=767"}],"curies":[{"name":"parola chiave","href":"https:\/\/api.w.org\/{rel}","templated":true}]}}