{"id":746,"date":"2025-11-03T07:05:39","date_gmt":"2025-11-03T07:05:39","guid":{"rendered":"https:\/\/www.cxjsmartcard.com\/?post_type=product&#038;p=746"},"modified":"2025-12-29T01:27:10","modified_gmt":"2025-12-29T01:27:10","slug":"washable-pps-iso15693-icode-slix-laundry-rfid-tag","status":"publish","type":"product","link":"https:\/\/www.cxjsmartcard.com\/it\/washable-pps-iso15693-icode-slix-laundry-rfid-tag\/","title":{"rendered":"Etichetta RFID per lavanderia lavabile PPS ISO15693 ICODE SLIX"},"content":{"rendered":"<p data-start=\"61\" data-end=\"361\">Questo tag RFID per lavanderia ISO15693 ICODE SLIX utilizza materiale PPS ad alta temperatura con imballaggio PPS bifacciale per una maggiore robustezza, <strong data-start=\"199\" data-end=\"249\">impermeabile, antiurto e resistente all&#039;umidit\u00e0<\/strong> Pu\u00f2 essere cucito su indumenti o inserito in etichette e supporta la numerazione diretta tramite serigrafia o laser.<\/p>\n<p data-start=\"363\" data-end=\"377\"><strong data-start=\"363\" data-end=\"375\">Caratteristiche<\/strong><\/p>\n<ol data-start=\"378\" data-end=\"757\">\n<li data-start=\"378\" data-end=\"444\">\n<p data-start=\"381\" data-end=\"444\">Transponder di identificazione lavabile per applicazioni su indumenti.<\/p>\n<\/li>\n<li data-start=\"445\" data-end=\"521\">\n<p data-start=\"448\" data-end=\"521\">Design robusto per ambienti di lavanderia difficili; resiste agli agenti corrosivi.<\/p>\n<\/li>\n<li data-start=\"522\" data-end=\"600\">\n<p data-start=\"525\" data-end=\"600\">100% impermeabile e resistente alle alte temperature; ecologico.<\/p>\n<\/li>\n<li data-start=\"601\" data-end=\"678\">\n<p data-start=\"604\" data-end=\"678\">Adatto per abbigliamento, uniformi, costumi e indumenti per pazienti ospedalieri.<\/p>\n<\/li>\n<li data-start=\"679\" data-end=\"757\">\n<p data-start=\"682\" data-end=\"757\">Operazione di lettura\/scrittura con selezione di chip personalizzabile per adattarsi al tuo sistema.<\/p>\n<\/li>\n<\/ol>\n<p data-start=\"759\" data-end=\"930\"><strong data-start=\"759\" data-end=\"775\">Applicazioni<\/strong><br data-start=\"775\" data-end=\"778\" \/>Gestione degli indumenti, controllo di sicurezza, lavanderie (anche di livello industriale) e altri ambienti difficili che richiedono tag RFID resistenti e lavabili.<\/p>\n<h2 data-start=\"932\" data-end=\"957\">Tabella (Specifiche)<\/h2>\n<div class=\"_tableContainer_1rjym_1\">\n<div class=\"group _tableWrapper_1rjym_13 flex w-fit flex-col-reverse\" tabindex=\"-1\">\n<table class=\"w-fit min-w-(--thread-content-width)\" data-start=\"958\" data-end=\"2813\">\n<thead data-start=\"958\" data-end=\"1073\">\n<tr data-start=\"958\" data-end=\"1073\">\n<th data-start=\"958\" data-end=\"984\" data-col-size=\"sm\">Categoria<\/th>\n<th data-start=\"984\" data-end=\"1010\" data-col-size=\"sm\">Parametro<\/th>\n<th data-start=\"1010\" data-end=\"1073\" data-col-size=\"sm\">Valore<\/th>\n<\/tr>\n<\/thead>\n<tbody data-start=\"1190\" data-end=\"2813\">\n<tr data-start=\"1190\" data-end=\"1305\">\n<td data-start=\"1190\" data-end=\"1216\" data-col-size=\"sm\">Prodotto<\/td>\n<td data-col-size=\"sm\" data-start=\"1216\" data-end=\"1242\">Articolo<\/td>\n<td data-col-size=\"sm\" data-start=\"1242\" data-end=\"1305\">Etichetta RFID per lavanderia PPS<\/td>\n<\/tr>\n<tr data-start=\"1306\" data-end=\"1421\">\n<td data-start=\"1306\" data-end=\"1332\" data-col-size=\"sm\">Caratteristiche speciali<\/td>\n<td data-col-size=\"sm\" data-start=\"1332\" data-end=\"1358\">Attributi<\/td>\n<td data-col-size=\"sm\" data-start=\"1358\" data-end=\"1421\">Mini tag impermeabile\/resistente alle intemperie<\/td>\n<\/tr>\n<tr data-start=\"1422\" data-end=\"1537\">\n<td data-start=\"1422\" data-end=\"1448\" data-col-size=\"sm\">Comunicazione<\/td>\n<td data-col-size=\"sm\" data-start=\"1448\" data-end=\"1474\">Interfaccia<\/td>\n<td data-col-size=\"sm\" data-start=\"1474\" data-end=\"1537\">RFID, NFC<\/td>\n<\/tr>\n<tr data-start=\"1538\" data-end=\"1653\">\n<td data-start=\"1538\" data-end=\"1564\" data-col-size=\"sm\">Materiali<\/td>\n<td data-col-size=\"sm\" data-start=\"1564\" data-end=\"1590\">Corpo<\/td>\n<td data-col-size=\"sm\" data-start=\"1590\" data-end=\"1653\">PPS<\/td>\n<\/tr>\n<tr data-start=\"1654\" data-end=\"1769\">\n<td data-start=\"1654\" data-end=\"1680\" data-col-size=\"sm\">Dimensioni<\/td>\n<td data-col-size=\"sm\" data-start=\"1680\" data-end=\"1706\">Opzioni di dimensione<\/td>\n<td data-col-size=\"sm\" data-start=\"1706\" data-end=\"1769\">\u00d818 mm, \u00d820 mm, \u00d822 mm, \u00d830 mm<\/td>\n<\/tr>\n<tr data-start=\"1770\" data-end=\"1885\">\n<td data-start=\"1770\" data-end=\"1796\" data-col-size=\"sm\">RF<\/td>\n<td data-col-size=\"sm\" data-start=\"1796\" data-end=\"1822\">Frequenza<\/td>\n<td data-col-size=\"sm\" data-start=\"1822\" data-end=\"1885\">13,56 MHz<\/td>\n<\/tr>\n<tr data-start=\"1886\" data-end=\"2001\">\n<td data-start=\"1886\" data-end=\"1912\" data-col-size=\"sm\"><\/td>\n<td data-col-size=\"sm\" data-start=\"1912\" data-end=\"1938\">Protocollo<\/td>\n<td data-col-size=\"sm\" data-start=\"1938\" data-end=\"2001\">ISO\/IEC 15693<\/td>\n<\/tr>\n<tr data-start=\"2002\" data-end=\"2117\">\n<td data-start=\"2002\" data-end=\"2028\" data-col-size=\"sm\">Ambiente<\/td>\n<td data-start=\"2028\" data-end=\"2054\" data-col-size=\"sm\">Temperatura di esercizio<\/td>\n<td data-col-size=\"sm\" data-start=\"2054\" data-end=\"2117\">da -25 \u2103 a +75 \u2103<\/td>\n<\/tr>\n<tr data-start=\"2118\" data-end=\"2233\">\n<td data-start=\"2118\" data-end=\"2144\" data-col-size=\"sm\"><\/td>\n<td data-col-size=\"sm\" data-start=\"2144\" data-end=\"2170\">Temperatura di conservazione<\/td>\n<td data-col-size=\"sm\" data-start=\"2170\" data-end=\"2233\">da -55 \u2103 a +220 \u2103<\/td>\n<\/tr>\n<tr data-start=\"2234\" data-end=\"2349\">\n<td data-start=\"2234\" data-end=\"2260\" data-col-size=\"sm\">Compatibilit\u00e0 del processo<\/td>\n<td data-col-size=\"sm\" data-start=\"2260\" data-end=\"2286\">Metodo di lavaggio<\/td>\n<td data-col-size=\"sm\" data-start=\"2286\" data-end=\"2349\">Lavanderia, lavaggio a secco<\/td>\n<\/tr>\n<tr data-start=\"2350\" data-end=\"2465\">\n<td data-start=\"2350\" data-end=\"2376\" data-col-size=\"sm\">Durata<\/td>\n<td data-col-size=\"sm\" data-start=\"2376\" data-end=\"2402\">Lavare la vita<\/td>\n<td data-col-size=\"sm\" data-start=\"2402\" data-end=\"2465\">200 cicli di lavaggio<\/td>\n<\/tr>\n<tr data-start=\"2466\" data-end=\"2581\">\n<td data-start=\"2466\" data-end=\"2492\" data-col-size=\"sm\">Dati<\/td>\n<td data-col-size=\"sm\" data-start=\"2492\" data-end=\"2518\">Conservazione dei dati del chip<\/td>\n<td data-col-size=\"sm\" data-start=\"2518\" data-end=\"2581\">10 anni<\/td>\n<\/tr>\n<tr data-start=\"2582\" data-end=\"2697\">\n<td data-start=\"2582\" data-end=\"2608\" data-col-size=\"sm\">Metodo di tagging<\/td>\n<td data-col-size=\"sm\" data-start=\"2608\" data-end=\"2634\">Allegato<\/td>\n<td data-col-size=\"sm\" data-start=\"2634\" data-end=\"2697\">Cucire, inserire<\/td>\n<\/tr>\n<tr data-start=\"2698\" data-end=\"2813\">\n<td data-start=\"2698\" data-end=\"2724\" data-col-size=\"sm\">Operazione<\/td>\n<td data-col-size=\"sm\" data-start=\"2724\" data-end=\"2750\">Modalit\u00e0 di lavoro<\/td>\n<td data-col-size=\"sm\" data-start=\"2750\" data-end=\"2813\">Lettura\/scrittura<\/td>\n<\/tr>\n<\/tbody>\n<\/table>\n<\/div>\n<\/div>","protected":false},"excerpt":{"rendered":"<p>Etichetta lavabile per lavanderia PPS ISO15693 ICODE SLIX: robusta, impermeabile e resistente agli agenti chimici per indumenti e uniformi; 13,56 MHz R\/W con durata di 200 cicli.<\/p>","protected":false},"featured_media":747,"template":"","meta":{"_gspb_post_css":""},"product_brand":[],"product_cat":[17,19],"product_tag":[],"class_list":{"0":"post-746","1":"product","2":"type-product","3":"status-publish","4":"has-post-thumbnail","6":"product_cat-rfid-laundry-tags","7":"product_cat-pps-rfid-laundry-tags","9":"first","10":"instock","11":"shipping-taxable","12":"purchasable","13":"product-type-simple"},"_links":{"self":[{"href":"https:\/\/www.cxjsmartcard.com\/it\/wp-json\/wp\/v2\/product\/746","targetHints":{"allow":["GET"]}}],"collection":[{"href":"https:\/\/www.cxjsmartcard.com\/it\/wp-json\/wp\/v2\/product"}],"about":[{"href":"https:\/\/www.cxjsmartcard.com\/it\/wp-json\/wp\/v2\/types\/product"}],"wp:featuredmedia":[{"embeddable":true,"href":"https:\/\/www.cxjsmartcard.com\/it\/wp-json\/wp\/v2\/media\/747"}],"wp:attachment":[{"href":"https:\/\/www.cxjsmartcard.com\/it\/wp-json\/wp\/v2\/media?parent=746"}],"wp:term":[{"taxonomy":"product_brand","embeddable":true,"href":"https:\/\/www.cxjsmartcard.com\/it\/wp-json\/wp\/v2\/product_brand?post=746"},{"taxonomy":"product_cat","embeddable":true,"href":"https:\/\/www.cxjsmartcard.com\/it\/wp-json\/wp\/v2\/product_cat?post=746"},{"taxonomy":"product_tag","embeddable":true,"href":"https:\/\/www.cxjsmartcard.com\/it\/wp-json\/wp\/v2\/product_tag?post=746"}],"curies":[{"name":"parola chiave","href":"https:\/\/api.w.org\/{rel}","templated":true}]}}