{"id":741,"date":"2025-11-03T07:04:00","date_gmt":"2025-11-03T07:04:00","guid":{"rendered":"https:\/\/www.cxjsmartcard.com\/?post_type=product&#038;p=741"},"modified":"2025-12-29T01:27:10","modified_gmt":"2025-12-29T01:27:10","slug":"pps-uhf-rfid-washable-tag-disc-button-for-laundry","status":"publish","type":"product","link":"https:\/\/www.cxjsmartcard.com\/it\/pps-uhf-rfid-washable-tag-disc-button-for-laundry\/","title":{"rendered":"Pulsante a disco con etichetta lavabile RFID UHF PPS per lavanderia"},"content":{"rendered":"<p data-start=\"61\" data-end=\"888\">Il pulsante a disco lavabile RFID UHF PPS adotta un pacchetto in plastica PPS per l&#039;etichetta elettronica, fornendo <strong data-start=\"179\" data-end=\"280\">resistenza alle alte temperature, resistenza alla fiamma, resistenza alla corrosione chimica e resistenza all&#039;usura<\/strong>. L&#039;etichetta \u00e8 estremamente sottile e pu\u00f2 essere cucita in un piccolo sacchetto di stoffa o direttamente sul tessuto da gestire, e la posizione di cucitura \u00e8 facile da trovare. \u00c8 ampiamente utilizzata in <strong data-start=\"455\" data-end=\"466\">lavanderia<\/strong>, <strong data-start=\"468\" data-end=\"491\">abbigliamento di alta qualit\u00e0<\/strong>, <strong data-start=\"493\" data-end=\"512\">uniformi scolastiche<\/strong>, <strong data-start=\"514\" data-end=\"534\">indumenti speciali<\/strong>, <strong data-start=\"536\" data-end=\"570\">gestione della produzione di abbigliamento<\/strong>, <strong data-start=\"572\" data-end=\"592\">tracciamento del prodotto<\/strong>, <strong data-start=\"594\" data-end=\"617\">inventario di magazzino<\/strong>, <strong data-start=\"619\" data-end=\"658\">cartelli per la manutenzione dei motori automobilistici<\/strong>, <strong data-start=\"660\" data-end=\"696\">gestione delle materie prime chimiche<\/strong>, e altri ambienti difficili.<br data-start=\"727\" data-end=\"730\" \/>Per gli scenari di lavanderia (hotel, ospedale, lavanderia a secco, gestione delle coperte delle compagnie aeree), le etichette sono comunemente disponibili in <strong data-start=\"843\" data-end=\"873\">PPS, silicone e tessuto<\/strong> costruzioni.<\/p>\n<p data-start=\"890\" data-end=\"904\"><strong data-start=\"890\" data-end=\"902\">Caratteristiche<\/strong><\/p>\n<ol data-start=\"905\" data-end=\"1050\">\n<li data-start=\"905\" data-end=\"938\">\n<p data-start=\"908\" data-end=\"938\">Resistenza alle alte temperature.<\/p>\n<\/li>\n<li data-start=\"939\" data-end=\"964\">\n<p data-start=\"942\" data-end=\"964\">Resistenza alla pressione.<\/p>\n<\/li>\n<li data-start=\"965\" data-end=\"991\">\n<p data-start=\"968\" data-end=\"991\">Resistenza alla corrosione.<\/p>\n<\/li>\n<li data-start=\"992\" data-end=\"1020\">\n<p data-start=\"995\" data-end=\"1020\">Impermeabile e durevole.<\/p>\n<\/li>\n<li data-start=\"1021\" data-end=\"1050\">\n<p data-start=\"1024\" data-end=\"1050\">Opzioni di progettazione personalizzate.<\/p>\n<\/li>\n<\/ol>\n<p data-start=\"1052\" data-end=\"1165\"><strong data-start=\"1052\" data-end=\"1065\">Funzioni<\/strong><br data-start=\"1065\" data-end=\"1068\" \/>Controllo degli accessi, identit\u00e0 e raccolta di informazioni nei flussi di lavoro delle lavanderie industriali e tessili.<\/p>\n<h2 data-start=\"1167\" data-end=\"1192\">Tabella (Specifiche)<\/h2>\n<div class=\"_tableContainer_1rjym_1\">\n<div class=\"group _tableWrapper_1rjym_13 flex w-fit flex-col-reverse\" tabindex=\"-1\">\n<table class=\"w-fit min-w-(--thread-content-width)\" data-start=\"1193\" data-end=\"3418\">\n<thead data-start=\"1193\" data-end=\"1338\">\n<tr data-start=\"1193\" data-end=\"1338\">\n<th data-start=\"1193\" data-end=\"1218\" data-col-size=\"sm\">Categoria<\/th>\n<th data-start=\"1218\" data-end=\"1249\" data-col-size=\"sm\">Parametro<\/th>\n<th data-start=\"1249\" data-end=\"1338\" data-col-size=\"lg\">Valore<\/th>\n<\/tr>\n<\/thead>\n<tbody data-start=\"1484\" data-end=\"3418\">\n<tr data-start=\"1484\" data-end=\"1629\">\n<td data-start=\"1484\" data-end=\"1508\" data-col-size=\"sm\">Fisico<\/td>\n<td data-col-size=\"sm\" data-start=\"1508\" data-end=\"1540\">Materiale<\/td>\n<td data-col-size=\"lg\" data-start=\"1540\" data-end=\"1629\">PPS (solfuro di polifenilene)<\/td>\n<\/tr>\n<tr data-start=\"1630\" data-end=\"1775\">\n<td data-start=\"1630\" data-end=\"1654\" data-col-size=\"sm\"><\/td>\n<td data-start=\"1654\" data-end=\"1686\" data-col-size=\"sm\">Fattore di forma<\/td>\n<td data-col-size=\"lg\" data-start=\"1686\" data-end=\"1775\">Disco \/ pulsante<\/td>\n<\/tr>\n<tr data-start=\"1776\" data-end=\"1921\">\n<td data-start=\"1776\" data-end=\"1800\" data-col-size=\"sm\"><\/td>\n<td data-col-size=\"sm\" data-start=\"1800\" data-end=\"1832\">Dimensioni<\/td>\n<td data-col-size=\"lg\" data-start=\"1832\" data-end=\"1921\">\u00d818 mm \/ \u00d820 mm \/ \u00d825,5 mm; spessore 2,75 mm; <strong data-start=\"1881\" data-end=\"1898\">foro \u00d8 1,5 mm<\/strong><\/td>\n<\/tr>\n<tr data-start=\"1922\" data-end=\"2067\">\n<td data-start=\"1922\" data-end=\"1946\" data-col-size=\"sm\"><\/td>\n<td data-col-size=\"sm\" data-start=\"1946\" data-end=\"1978\">Allegato<\/td>\n<td data-col-size=\"lg\" data-start=\"1978\" data-end=\"2067\">Cucire in un piccolo sacchetto di stoffa o cucire direttamente sul tessuto<\/td>\n<\/tr>\n<tr data-start=\"2068\" data-end=\"2213\">\n<td data-start=\"2068\" data-end=\"2092\" data-col-size=\"sm\">Ambiente<\/td>\n<td data-col-size=\"sm\" data-start=\"2092\" data-end=\"2124\">Intervallo di temperatura<\/td>\n<td data-col-size=\"lg\" data-start=\"2124\" data-end=\"2213\">da -30 \u2103 a +220 \u2103<\/td>\n<\/tr>\n<tr data-start=\"2214\" data-end=\"2359\">\n<td data-start=\"2214\" data-end=\"2238\" data-col-size=\"sm\">Personalizzazione<\/td>\n<td data-col-size=\"sm\" data-start=\"2238\" data-end=\"2270\">Personalizzazione<\/td>\n<td data-col-size=\"lg\" data-start=\"2270\" data-end=\"2359\">Stampa di loghi personalizzati; dati del chip scrivibili (ad esempio, URL\/sito web, numeri di serie)<\/td>\n<\/tr>\n<tr data-start=\"2360\" data-end=\"2505\">\n<td data-start=\"2360\" data-end=\"2384\" data-col-size=\"sm\">Attributi<\/td>\n<td data-col-size=\"sm\" data-start=\"2384\" data-end=\"2416\">Caratteristiche protettive<\/td>\n<td data-col-size=\"lg\" data-start=\"2416\" data-end=\"2505\">Resistenza alle alte temperature, alla pressione, alla corrosione; impermeabile; durevole<\/td>\n<\/tr>\n<tr data-start=\"2506\" data-end=\"2651\">\n<td data-start=\"2506\" data-end=\"2530\" data-col-size=\"sm\">RFID<\/td>\n<td data-col-size=\"sm\" data-start=\"2530\" data-end=\"2562\">Frequenza<\/td>\n<td data-col-size=\"lg\" data-start=\"2562\" data-end=\"2651\">860\u2013960 MHz (UHF)<\/td>\n<\/tr>\n<tr data-start=\"2652\" data-end=\"2797\">\n<td data-start=\"2652\" data-end=\"2676\" data-col-size=\"sm\"><\/td>\n<td data-col-size=\"sm\" data-start=\"2676\" data-end=\"2708\">Protocollo<\/td>\n<td data-col-size=\"lg\" data-start=\"2708\" data-end=\"2797\">ISO 18000-6C<\/td>\n<\/tr>\n<tr data-start=\"2798\" data-end=\"2943\">\n<td data-start=\"2798\" data-end=\"2822\" data-col-size=\"sm\"><\/td>\n<td data-start=\"2822\" data-end=\"2854\" data-col-size=\"sm\">Opzioni chip<\/td>\n<td data-col-size=\"lg\" data-start=\"2854\" data-end=\"2943\">H9, H10, U9, U10, M4\/5\/6<\/td>\n<\/tr>\n<tr data-start=\"2944\" data-end=\"3089\">\n<td data-start=\"2944\" data-end=\"2968\" data-col-size=\"sm\">Prestazione<\/td>\n<td data-col-size=\"sm\" data-start=\"2968\" data-end=\"3000\">Distanza di lettura<\/td>\n<td data-col-size=\"lg\" data-start=\"3000\" data-end=\"3089\">1\u20138 m (dipendente dal lettore\/ambiente)<\/td>\n<\/tr>\n<tr data-start=\"3090\" data-end=\"3272\">\n<td data-start=\"3090\" data-end=\"3114\" data-col-size=\"sm\">Casi d&#039;uso<\/td>\n<td data-col-size=\"sm\" data-start=\"3114\" data-end=\"3146\">Applicazioni tipiche<\/td>\n<td data-col-size=\"lg\" data-start=\"3146\" data-end=\"3272\">Lavanderia, indumenti di alta qualit\u00e0, uniformi scolastiche, indumenti speciali, gestione della produzione, tracciamento dei prodotti, inventario di magazzino<\/td>\n<\/tr>\n<tr data-start=\"3273\" data-end=\"3418\">\n<td data-start=\"3273\" data-end=\"3297\" data-col-size=\"sm\">Esempi di settore<\/td>\n<td data-col-size=\"sm\" data-start=\"3297\" data-end=\"3329\">Verticali di lavanderia<\/td>\n<td data-col-size=\"lg\" data-start=\"3329\" data-end=\"3418\">Gestione coperte per hotel, ospedali, lavanderie a secco, compagnie aeree<\/td>\n<\/tr>\n<\/tbody>\n<\/table>\n<\/div>\n<\/div>","protected":false},"excerpt":{"rendered":"<p>Etichetta a disco\/bottone RFID UHF PPS lavabile per il bucato: impermeabile, ignifuga, resistente alla corrosione, da -30 a 220 \u2103, lettura da 1 a 8 m; da cucire o da insaccare; supporto per logo\/dati personalizzati.<\/p>","protected":false},"featured_media":743,"template":"","meta":{"_gspb_post_css":""},"product_brand":[],"product_cat":[17,19],"product_tag":[],"class_list":{"0":"post-741","1":"product","2":"type-product","3":"status-publish","4":"has-post-thumbnail","6":"product_cat-rfid-laundry-tags","7":"product_cat-pps-rfid-laundry-tags","9":"first","10":"instock","11":"shipping-taxable","12":"purchasable","13":"product-type-simple"},"_links":{"self":[{"href":"https:\/\/www.cxjsmartcard.com\/it\/wp-json\/wp\/v2\/product\/741","targetHints":{"allow":["GET"]}}],"collection":[{"href":"https:\/\/www.cxjsmartcard.com\/it\/wp-json\/wp\/v2\/product"}],"about":[{"href":"https:\/\/www.cxjsmartcard.com\/it\/wp-json\/wp\/v2\/types\/product"}],"wp:featuredmedia":[{"embeddable":true,"href":"https:\/\/www.cxjsmartcard.com\/it\/wp-json\/wp\/v2\/media\/743"}],"wp:attachment":[{"href":"https:\/\/www.cxjsmartcard.com\/it\/wp-json\/wp\/v2\/media?parent=741"}],"wp:term":[{"taxonomy":"product_brand","embeddable":true,"href":"https:\/\/www.cxjsmartcard.com\/it\/wp-json\/wp\/v2\/product_brand?post=741"},{"taxonomy":"product_cat","embeddable":true,"href":"https:\/\/www.cxjsmartcard.com\/it\/wp-json\/wp\/v2\/product_cat?post=741"},{"taxonomy":"product_tag","embeddable":true,"href":"https:\/\/www.cxjsmartcard.com\/it\/wp-json\/wp\/v2\/product_tag?post=741"}],"curies":[{"name":"parola chiave","href":"https:\/\/api.w.org\/{rel}","templated":true}]}}