{"id":736,"date":"2025-11-03T07:01:57","date_gmt":"2025-11-03T07:01:57","guid":{"rendered":"https:\/\/www.cxjsmartcard.com\/?post_type=product&#038;p=736"},"modified":"2025-12-29T01:27:10","modified_gmt":"2025-12-29T01:27:10","slug":"durable-pps-commercial-reusable-washable-rfid-tags-for-laundry-industry","status":"publish","type":"product","link":"https:\/\/www.cxjsmartcard.com\/it\/durable-pps-commercial-reusable-washable-rfid-tags-for-laundry-industry\/","title":{"rendered":"Etichette RFID lavabili riutilizzabili commerciali in PPS durevoli per il settore della lavanderia"},"content":{"rendered":"<p data-start=\"83\" data-end=\"381\">I tag RFID lavabili e riutilizzabili in PPS sono progettati per le dure condizioni delle lavanderie industriali. Operanti a <strong data-start=\"214\" data-end=\"233\">13,56 MHz (NFC)<\/strong>, ogni etichetta impermeabile utilizza un <strong data-start=\"262\" data-end=\"301\">resina + anima epossidica con guscio in PPS<\/strong> per resistere alle alte temperature, all&#039;immersione in acqua, alle sostanze chimiche e al riutilizzo costante.<\/p>\n<p data-start=\"383\" data-end=\"721\"><strong data-start=\"383\" data-end=\"426\">Costruito per la durevolezza della lavanderia industriale<\/strong><br data-start=\"426\" data-end=\"429\" \/>Questi tag sono realizzati appositamente per le lavanderie e possono gestire <strong data-start=\"496\" data-end=\"516\">Oltre 200 cicli di lavaggio<\/strong>, elevata umidit\u00e0 e <strong data-start=\"537\" data-end=\"556\">da -25 \u2103 a +120 \u2103<\/strong> funzionamento. Il PPS (un materiale termoplastico ad alte prestazioni) offre un&#039;eccellente resistenza chimica e meccanica per prestazioni costanti durante il lavaggio, l&#039;asciugatura e la pressatura.<\/p>\n<p data-start=\"723\" data-end=\"927\"><strong data-start=\"723\" data-end=\"757\">Riutilizzabile per risparmi a lungo termine<\/strong><br data-start=\"757\" data-end=\"760\" \/>L&#039;incapsulamento protegge i dati tramite pressatura a vapore e stiratura industriale. Il riutilizzo in pi\u00f9 cicli riduce i costi di tracciabilit\u00e0 per articolo e contribuisce agli obiettivi di sostenibilit\u00e0.<\/p>\n<p data-start=\"929\" data-end=\"943\"><strong data-start=\"929\" data-end=\"941\">Caratteristiche<\/strong><\/p>\n<ul data-start=\"944\" data-end=\"1206\">\n<li data-start=\"944\" data-end=\"989\">\n<p data-start=\"946\" data-end=\"989\">NFC a 13,56 MHz; <strong data-start=\"961\" data-end=\"987\">ISO 15693 \/ ISO 14443A<\/strong><\/p>\n<\/li>\n<li data-start=\"990\" data-end=\"1045\">\n<p data-start=\"992\" data-end=\"1045\"><strong data-start=\"992\" data-end=\"1030\">Impermeabile, resistente alle intemperie, riutilizzabile<\/strong> costruzione<\/p>\n<\/li>\n<li data-start=\"1046\" data-end=\"1094\">\n<p data-start=\"1048\" data-end=\"1094\">Portata di lettura fino a <strong data-start=\"1065\" data-end=\"1074\">0\u20131 metro<\/strong> (dipendente dalla configurazione)<\/p>\n<\/li>\n<li data-start=\"1095\" data-end=\"1150\">\n<p data-start=\"1097\" data-end=\"1150\"><strong data-start=\"1097\" data-end=\"1111\">R21 \u00d7 2 millimetri<\/strong> fattore di forma (altre dimensioni su richiesta)<\/p>\n<\/li>\n<li data-start=\"1151\" data-end=\"1206\">\n<p data-start=\"1153\" data-end=\"1206\">Servizi personalizzati disponibili (codifica, forma, branding)<\/p>\n<\/li>\n<\/ul>\n<p data-start=\"1208\" data-end=\"1307\"><strong data-start=\"1208\" data-end=\"1224\">Applicazioni<\/strong><br data-start=\"1224\" data-end=\"1227\" \/>Lavanderie, servizi di biancheria, fabbriche di abbigliamento, tessuti per hotel e ospitalit\u00e0.<\/p>\n<p data-start=\"1309\" data-end=\"1652\"><strong data-start=\"1309\" data-end=\"1317\">Domande frequenti<\/strong><br data-start=\"1317\" data-end=\"1320\" \/><strong data-start=\"1320\" data-end=\"1326\">Q:<\/strong> Queste etichette possono resistere al lavaggio e all&#039;asciugatura industriali?<br data-start=\"1380\" data-end=\"1383\" \/><strong data-start=\"1383\" data-end=\"1389\">UN:<\/strong> S\u00ec, costruito per oltre 200 cicli, alte temperature e pressioni.<br data-start=\"1448\" data-end=\"1451\" \/><strong data-start=\"1451\" data-end=\"1457\">Q:<\/strong> Qual \u00e8 il tipico intervallo di lettura?<br data-start=\"1488\" data-end=\"1491\" \/><strong data-start=\"1491\" data-end=\"1497\">UN:<\/strong> Fino a 1 m a seconda del lettore e dell&#039;ambiente.<br data-start=\"1544\" data-end=\"1547\" \/><strong data-start=\"1547\" data-end=\"1553\">Q:<\/strong> Posso ottenere codifiche o dimensioni personalizzate?<br data-start=\"1589\" data-end=\"1592\" \/><strong data-start=\"1592\" data-end=\"1598\">UN:<\/strong> S\u00ec, sono disponibili chip, forme e marchi personalizzati.<\/p>\n<h2 data-start=\"1654\" data-end=\"1679\">Tabella (Specifiche)<\/h2>\n<div class=\"_tableContainer_1rjym_1\">\n<div class=\"group _tableWrapper_1rjym_13 flex w-fit flex-col-reverse\" tabindex=\"-1\">\n<table class=\"w-fit min-w-(--thread-content-width)\" data-start=\"1680\" data-end=\"2927\">\n<thead data-start=\"1680\" data-end=\"1769\">\n<tr data-start=\"1680\" data-end=\"1769\">\n<th data-start=\"1680\" data-end=\"1703\" data-col-size=\"sm\">Categoria<\/th>\n<th data-start=\"1703\" data-end=\"1727\" data-col-size=\"sm\">Parametro<\/th>\n<th data-start=\"1727\" data-end=\"1769\" data-col-size=\"sm\">Valore<\/th>\n<\/tr>\n<\/thead>\n<tbody data-start=\"1859\" data-end=\"2927\">\n<tr data-start=\"1859\" data-end=\"1947\">\n<td data-start=\"1859\" data-end=\"1881\" data-col-size=\"sm\">Prodotto<\/td>\n<td data-col-size=\"sm\" data-start=\"1881\" data-end=\"1905\">Nome dell&#039;articolo<\/td>\n<td data-col-size=\"sm\" data-start=\"1905\" data-end=\"1947\">Tag RFID impermeabili<\/td>\n<\/tr>\n<tr data-start=\"1948\" data-end=\"2036\">\n<td data-start=\"1948\" data-end=\"1970\" data-col-size=\"sm\">RF<\/td>\n<td data-col-size=\"sm\" data-start=\"1970\" data-end=\"1994\">Frequenza<\/td>\n<td data-col-size=\"sm\" data-start=\"1994\" data-end=\"2036\">13,56 MHz (NFC)<\/td>\n<\/tr>\n<tr data-start=\"2037\" data-end=\"2125\">\n<td data-start=\"2037\" data-end=\"2059\" data-col-size=\"sm\"><\/td>\n<td data-col-size=\"sm\" data-start=\"2059\" data-end=\"2083\">Protocollo<\/td>\n<td data-col-size=\"sm\" data-start=\"2083\" data-end=\"2125\">ISO 15693 \/ ISO 14443A<\/td>\n<\/tr>\n<tr data-start=\"2126\" data-end=\"2214\">\n<td data-start=\"2126\" data-end=\"2148\" data-col-size=\"sm\">Memoria<\/td>\n<td data-col-size=\"sm\" data-start=\"2148\" data-end=\"2172\">Capacit\u00e0<\/td>\n<td data-col-size=\"sm\" data-start=\"2172\" data-end=\"2214\">1024 bit (opzioni disponibili)<\/td>\n<\/tr>\n<tr data-start=\"2215\" data-end=\"2303\">\n<td data-start=\"2215\" data-end=\"2237\" data-col-size=\"sm\">Materiali<\/td>\n<td data-col-size=\"sm\" data-start=\"2237\" data-end=\"2261\">Costruzione<\/td>\n<td data-col-size=\"sm\" data-start=\"2261\" data-end=\"2303\">Resina + anima epossidica, <strong data-start=\"2283\" data-end=\"2297\">Rivestimento in PPS<\/strong><\/td>\n<\/tr>\n<tr data-start=\"2304\" data-end=\"2392\">\n<td data-start=\"2304\" data-end=\"2326\" data-col-size=\"sm\">Dimensioni<\/td>\n<td data-col-size=\"sm\" data-start=\"2326\" data-end=\"2350\">Misurare<\/td>\n<td data-col-size=\"sm\" data-start=\"2350\" data-end=\"2392\"><strong data-start=\"2352\" data-end=\"2366\">R21 \u00d7 2 millimetri<\/strong><\/td>\n<\/tr>\n<tr data-start=\"2393\" data-end=\"2482\">\n<td data-start=\"2393\" data-end=\"2415\" data-col-size=\"sm\">Prestazione<\/td>\n<td data-col-size=\"sm\" data-start=\"2415\" data-end=\"2439\">Intervallo di lettura<\/td>\n<td data-col-size=\"sm\" data-start=\"2439\" data-end=\"2482\"><strong data-start=\"2441\" data-end=\"2450\">0\u20131 metro<\/strong> (dipendente dal lettore\/ambiente)<\/td>\n<\/tr>\n<tr data-start=\"2483\" data-end=\"2571\">\n<td data-start=\"2483\" data-end=\"2505\" data-col-size=\"sm\">Ambiente<\/td>\n<td data-col-size=\"sm\" data-start=\"2505\" data-end=\"2529\">Temperatura di esercizio<\/td>\n<td data-col-size=\"sm\" data-start=\"2529\" data-end=\"2571\"><strong data-start=\"2531\" data-end=\"2550\">da -25 \u2103 a +120 \u2103<\/strong><\/td>\n<\/tr>\n<tr data-start=\"2572\" data-end=\"2660\">\n<td data-start=\"2572\" data-end=\"2594\" data-col-size=\"sm\">Durata<\/td>\n<td data-col-size=\"sm\" data-start=\"2594\" data-end=\"2618\">Cicli di lavaggio<\/td>\n<td data-col-size=\"sm\" data-start=\"2618\" data-end=\"2660\"><strong data-start=\"2620\" data-end=\"2628\">200+<\/strong> (processi industriali)<\/td>\n<\/tr>\n<tr data-start=\"2661\" data-end=\"2749\">\n<td data-start=\"2661\" data-end=\"2683\" data-col-size=\"sm\">Applicazioni<\/td>\n<td data-col-size=\"sm\" data-start=\"2683\" data-end=\"2707\">Aree<\/td>\n<td data-col-size=\"sm\" data-start=\"2707\" data-end=\"2749\">Lavanderie, biancheria, fabbriche di abbigliamento<\/td>\n<\/tr>\n<tr data-start=\"2750\" data-end=\"2838\">\n<td data-start=\"2750\" data-end=\"2772\" data-col-size=\"sm\">Caratteristiche speciali<\/td>\n<td data-col-size=\"sm\" data-start=\"2772\" data-end=\"2796\">Attributi<\/td>\n<td data-col-size=\"sm\" data-start=\"2796\" data-end=\"2838\">Impermeabile \/ Resistente alle intemperie \/ Riutilizzabile<\/td>\n<\/tr>\n<tr data-start=\"2839\" data-end=\"2927\">\n<td data-start=\"2839\" data-end=\"2861\" data-col-size=\"sm\">Origine<\/td>\n<td data-col-size=\"sm\" data-start=\"2861\" data-end=\"2885\">Luogo di origine<\/td>\n<td data-col-size=\"sm\" data-start=\"2885\" data-end=\"2927\">Shenzhen, Cina<\/td>\n<\/tr>\n<\/tbody>\n<\/table>\n<\/div>\n<\/div>","protected":false},"excerpt":{"rendered":"<p>Etichette RFID PPS da 13,56 MHz per lavanderia resistenti all&#039;acqua, riutilizzabili e resistenti agli agenti chimici, con letture da 0 a 1 m e durata di oltre 200 cicli di lavaggio per il monitoraggio dei tessuti industriali.<\/p>","protected":false},"featured_media":737,"template":"","meta":{"_gspb_post_css":""},"product_brand":[],"product_cat":[17,19],"product_tag":[],"class_list":{"0":"post-736","1":"product","2":"type-product","3":"status-publish","4":"has-post-thumbnail","6":"product_cat-rfid-laundry-tags","7":"product_cat-pps-rfid-laundry-tags","9":"first","10":"instock","11":"shipping-taxable","12":"purchasable","13":"product-type-simple"},"_links":{"self":[{"href":"https:\/\/www.cxjsmartcard.com\/it\/wp-json\/wp\/v2\/product\/736","targetHints":{"allow":["GET"]}}],"collection":[{"href":"https:\/\/www.cxjsmartcard.com\/it\/wp-json\/wp\/v2\/product"}],"about":[{"href":"https:\/\/www.cxjsmartcard.com\/it\/wp-json\/wp\/v2\/types\/product"}],"wp:featuredmedia":[{"embeddable":true,"href":"https:\/\/www.cxjsmartcard.com\/it\/wp-json\/wp\/v2\/media\/737"}],"wp:attachment":[{"href":"https:\/\/www.cxjsmartcard.com\/it\/wp-json\/wp\/v2\/media?parent=736"}],"wp:term":[{"taxonomy":"product_brand","embeddable":true,"href":"https:\/\/www.cxjsmartcard.com\/it\/wp-json\/wp\/v2\/product_brand?post=736"},{"taxonomy":"product_cat","embeddable":true,"href":"https:\/\/www.cxjsmartcard.com\/it\/wp-json\/wp\/v2\/product_cat?post=736"},{"taxonomy":"product_tag","embeddable":true,"href":"https:\/\/www.cxjsmartcard.com\/it\/wp-json\/wp\/v2\/product_tag?post=736"}],"curies":[{"name":"parola chiave","href":"https:\/\/api.w.org\/{rel}","templated":true}]}}