{"id":716,"date":"2025-11-03T06:51:02","date_gmt":"2025-11-03T06:51:02","guid":{"rendered":"https:\/\/www.cxjsmartcard.com\/?post_type=product&#038;p=716"},"modified":"2025-12-29T01:27:11","modified_gmt":"2025-12-29T01:27:11","slug":"sew-textile-washable-uhf-rfid-laundry-tag-with-metal-hole","status":"publish","type":"product","link":"https:\/\/www.cxjsmartcard.com\/it\/sew-textile-washable-uhf-rfid-laundry-tag-with-metal-hole\/","title":{"rendered":"Etichetta per lavanderia RFID UHF lavabile in tessuto Sew con foro in metallo"},"content":{"rendered":"<p data-start=\"69\" data-end=\"507\">I tag RFID UHF per lavanderia in tessuto lavabile sono sufficientemente resistenti da resistere a oltre 200 cicli di lavaggio. Sono generalmente utilizzati in strutture che richiedono un flusso costante di biancheria pulita, uniformi, abiti da lavoro, abbigliamento medico, costumi e articoli a noleggio. I nostri tag RFID UHF per la biancheria possono essere letti in massa a distanze di diversi metri, aiutando i sistemi automatizzati a tracciare un gran numero di singoli articoli in modo pi\u00f9 rapido e accurato.<\/p>\n<p data-start=\"509\" data-end=\"558\"><strong data-start=\"509\" data-end=\"556\">Etichetta RFID lavabile per lino (resistenza al processo)<\/strong><\/p>\n<ul data-start=\"559\" data-end=\"797\">\n<li data-start=\"559\" data-end=\"605\">\n<p data-start=\"561\" data-end=\"605\">Lavaggio: 90 \u2103, 15 minuti, oltre 200 cicli<\/p>\n<\/li>\n<li data-start=\"606\" data-end=\"647\">\n<p data-start=\"608\" data-end=\"647\">Pressione: 60 bar di pressione atmosferica<\/p>\n<\/li>\n<li data-start=\"648\" data-end=\"694\">\n<p data-start=\"650\" data-end=\"694\">Stiratrice: 190 \u2103, 12 secondi, oltre 200 cicli<\/p>\n<\/li>\n<li data-start=\"695\" data-end=\"745\">\n<p data-start=\"697\" data-end=\"745\">Pre-essiccazione: 180 \u2103, 20 minuti, oltre 200 cicli<\/p>\n<\/li>\n<li data-start=\"746\" data-end=\"797\">\n<p data-start=\"748\" data-end=\"797\">Sterilizzazione: 135 \u2103, 20 minuti, oltre 200 cicli<\/p>\n<\/li>\n<\/ul>\n<p data-start=\"799\" data-end=\"932\"><strong data-start=\"799\" data-end=\"812\">Casi d&#039;uso<\/strong><br data-start=\"812\" data-end=\"815\" \/>Etichetta RFID UHF impermeabile e lavabile in tessuto per il bucato, per il monitoraggio di biancheria da hotel, abbigliamento a noleggio e abbigliamento medico.<\/p>\n<p data-start=\"934\" data-end=\"956\"><strong data-start=\"934\" data-end=\"954\">Prestazioni RFID<\/strong><\/p>\n<ul data-start=\"957\" data-end=\"1368\">\n<li data-start=\"957\" data-end=\"1014\">\n<p data-start=\"959\" data-end=\"1014\">Protocollo: EPC Global UHF Classe 1 Gen 2 \/ ISO 18000-6C<\/p>\n<\/li>\n<li data-start=\"1015\" data-end=\"1049\">\n<p data-start=\"1017\" data-end=\"1049\">Frequenza di lavoro: 860\u2013960 MHz<\/p>\n<\/li>\n<li data-start=\"1050\" data-end=\"1071\">\n<p data-start=\"1052\" data-end=\"1071\">Chip: NXP UCODE 9<\/p>\n<\/li>\n<li data-start=\"1072\" data-end=\"1124\">\n<p data-start=\"1074\" data-end=\"1124\">Prestazioni di lettura-scrittura: R\/W (oltre 100.000 volte)<\/p>\n<\/li>\n<li data-start=\"1125\" data-end=\"1151\">\n<p data-start=\"1127\" data-end=\"1151\">Conservazione dei dati: 20 anni<\/p>\n<\/li>\n<li data-start=\"1152\" data-end=\"1206\">\n<p data-start=\"1154\" data-end=\"1206\">Garanzia: dura 2 anni o pi\u00f9 di 200 cicli di lavaggio<\/p>\n<\/li>\n<li data-start=\"1207\" data-end=\"1252\">\n<p data-start=\"1209\" data-end=\"1252\">Polarizzazione dell&#039;antenna: polarizzazione lineare<\/p>\n<\/li>\n<li data-start=\"1253\" data-end=\"1368\">\n<p data-start=\"1255\" data-end=\"1299\">Distanza di lettura (in base ai test sul campo):<\/p>\n<ul data-start=\"1302\" data-end=\"1368\">\n<li data-start=\"1302\" data-end=\"1338\">\n<p data-start=\"1304\" data-end=\"1338\">Lettore fisso (2 W ERP): oltre 6 m<\/p>\n<\/li>\n<li data-start=\"1341\" data-end=\"1368\">\n<p data-start=\"1343\" data-end=\"1368\">Lettore portatile: oltre 3 m<\/p>\n<\/li>\n<\/ul>\n<\/li>\n<\/ul>\n<p data-start=\"1370\" data-end=\"1396\"><strong data-start=\"1370\" data-end=\"1394\">Prestazioni fisiche<\/strong><\/p>\n<ul data-start=\"1397\" data-end=\"2362\">\n<li data-start=\"1397\" data-end=\"1423\">\n<p data-start=\"1399\" data-end=\"1423\">Materiale principale: Tessile<\/p>\n<\/li>\n<li data-start=\"1424\" data-end=\"1532\">\n<p data-start=\"1426\" data-end=\"1441\">Opzioni di dimensione:<\/p>\n<ul data-start=\"1444\" data-end=\"1532\">\n<li data-start=\"1444\" data-end=\"1481\">\n<p data-start=\"1446\" data-end=\"1481\">Dimensioni: 35\u00d715 mm \/ 36\u00d718 mm \/ 55\u00d712 mm<\/p>\n<\/li>\n<li data-start=\"1484\" data-end=\"1532\">\n<p data-start=\"1486\" data-end=\"1532\">Dimensioni: 58\u00d715 mm \/ 70\u00d710 mm \/ 70\u00d718 mm \/ 70\u00d715 mm<\/p>\n<\/li>\n<\/ul>\n<\/li>\n<li data-start=\"1533\" data-end=\"1575\">\n<p data-start=\"1535\" data-end=\"1575\">Temperatura di esercizio: da -25 \u2103 a +110 \u2103<\/p>\n<\/li>\n<li data-start=\"1576\" data-end=\"1616\">\n<p data-start=\"1578\" data-end=\"1616\">Temperatura di conservazione: da -40 \u2103 a +110 \u2103<\/p>\n<\/li>\n<li data-start=\"1617\" data-end=\"1645\">\n<p data-start=\"1619\" data-end=\"1645\">Umidit\u00e0 di stoccaggio: 5%\u201395%<\/p>\n<\/li>\n<li data-start=\"1646\" data-end=\"1876\">\n<p data-start=\"1648\" data-end=\"1695\">Resistenza al calore a breve termine (ogni 200 cicli):<\/p>\n<ul data-start=\"1698\" data-end=\"1876\">\n<li data-start=\"1698\" data-end=\"1731\">\n<p data-start=\"1700\" data-end=\"1731\">Lavaggio: 90 \u2103 (194 \u2109), 15 min<\/p>\n<\/li>\n<li data-start=\"1734\" data-end=\"1766\">\n<p data-start=\"1736\" data-end=\"1766\">Stiratura: 190 \u2103 (356 \u2109), 10 s<\/p>\n<\/li>\n<li data-start=\"1769\" data-end=\"1816\">\n<p data-start=\"1771\" data-end=\"1816\">Pre-essiccazione del convertitore: 180 \u2103 (320 \u2109), 30 min<\/p>\n<\/li>\n<li data-start=\"1819\" data-end=\"1876\">\n<p data-start=\"1821\" data-end=\"1876\">Sterilizzazione ad alta temperatura: 135 \u2103 (275 \u2109), 20 min<\/p>\n<\/li>\n<\/ul>\n<\/li>\n<li data-start=\"1877\" data-end=\"1909\">\n<p data-start=\"1879\" data-end=\"1909\">Pressione: 60 bar atmosferici<\/p>\n<\/li>\n<li data-start=\"1910\" data-end=\"2035\">\n<p data-start=\"1912\" data-end=\"1935\">Metodi di installazione:<\/p>\n<ol data-start=\"1938\" data-end=\"2035\">\n<li data-start=\"1938\" data-end=\"1971\">\n<p data-start=\"1941\" data-end=\"1971\">Cucire o mettere in una tasca<\/p>\n<\/li>\n<li data-start=\"1974\" data-end=\"2035\">\n<p data-start=\"1977\" data-end=\"2035\">Stiratura a caldo a 215 \u2103 per 18 s con pressione 0,6\u20130,8 MPa<\/p>\n<\/li>\n<\/ol>\n<\/li>\n<li data-start=\"2036\" data-end=\"2129\">\n<p data-start=\"2038\" data-end=\"2129\">Resistenza chimica: resiste a tutti i prodotti chimici utilizzati nei normali processi di lavanderia industriale<\/p>\n<\/li>\n<li data-start=\"2130\" data-end=\"2213\">\n<p data-start=\"2132\" data-end=\"2213\">Test superati: RoHS, MRI, SVHC, GB18401, EECC, OEKO-TEX\u00ae Standard 100 (Classe II)<\/p>\n<\/li>\n<li data-start=\"2214\" data-end=\"2362\">\n<p data-start=\"2216\" data-end=\"2241\">Servizio personalizzato:<\/p>\n<ul data-start=\"2244\" data-end=\"2362\">\n<li data-start=\"2244\" data-end=\"2275\">\n<p data-start=\"2246\" data-end=\"2275\">EPC\/ID EPC preprogrammato<\/p>\n<\/li>\n<li data-start=\"2278\" data-end=\"2338\">\n<p data-start=\"2280\" data-end=\"2338\">Stampa: logo, numero di serie\/TID laser, lettere, cifre<\/p>\n<\/li>\n<li data-start=\"2341\" data-end=\"2362\">\n<p data-start=\"2343\" data-end=\"2362\">Opzioni di pre-crittografia<\/p>\n<\/li>\n<\/ul>\n<\/li>\n<\/ul>\n<h2 data-start=\"2364\" data-end=\"2389\">Tabella (Specifiche)<\/h2>\n<div class=\"_tableContainer_1rjym_1\">\n<div class=\"group _tableWrapper_1rjym_13 flex w-fit flex-col-reverse\" tabindex=\"-1\">\n<table class=\"w-fit min-w-(--thread-content-width)\" data-start=\"2391\" data-end=\"6638\">\n<thead data-start=\"2391\" data-end=\"2541\">\n<tr data-start=\"2391\" data-end=\"2541\">\n<th data-start=\"2391\" data-end=\"2415\" data-col-size=\"sm\">Categoria<\/th>\n<th data-start=\"2415\" data-end=\"2451\" data-col-size=\"sm\">Parametro<\/th>\n<th data-start=\"2451\" data-end=\"2541\" data-col-size=\"md\">Valore<\/th>\n<\/tr>\n<\/thead>\n<tbody data-start=\"2692\" data-end=\"6638\">\n<tr data-start=\"2692\" data-end=\"2842\">\n<td data-start=\"2692\" data-end=\"2715\" data-col-size=\"sm\">Prodotto<\/td>\n<td data-col-size=\"sm\" data-start=\"2715\" data-end=\"2752\">Nome<\/td>\n<td data-col-size=\"md\" data-start=\"2752\" data-end=\"2842\">Etichetta per lavanderia RFID UHF lavabile in tessuto Sew con foro in metallo<\/td>\n<\/tr>\n<tr data-start=\"2843\" data-end=\"2993\">\n<td data-start=\"2843\" data-end=\"2866\" data-col-size=\"sm\">Casi d&#039;uso<\/td>\n<td data-col-size=\"sm\" data-start=\"2866\" data-end=\"2903\">Applicazioni tipiche<\/td>\n<td data-col-size=\"md\" data-start=\"2903\" data-end=\"2993\">Biancheria per hotel, abbigliamento a noleggio, abbigliamento medico, uniformi, abiti da lavoro, costumi<\/td>\n<\/tr>\n<tr data-start=\"2994\" data-end=\"3144\">\n<td data-start=\"2994\" data-end=\"3017\" data-col-size=\"sm\">Prestazioni RFID<\/td>\n<td data-start=\"3017\" data-end=\"3054\" data-col-size=\"sm\">Protocollo<\/td>\n<td data-col-size=\"md\" data-start=\"3054\" data-end=\"3144\">EPC Global UHF Classe 1 Gen 2 \/ ISO 18000-6C<\/td>\n<\/tr>\n<tr data-start=\"3145\" data-end=\"3296\">\n<td data-start=\"3145\" data-end=\"3168\" data-col-size=\"sm\"><\/td>\n<td data-col-size=\"sm\" data-start=\"3168\" data-end=\"3205\">Frequenza di lavoro<\/td>\n<td data-col-size=\"md\" data-start=\"3205\" data-end=\"3296\">860\u2013960 MHz<\/td>\n<\/tr>\n<tr data-start=\"3297\" data-end=\"3448\">\n<td data-start=\"3297\" data-end=\"3320\" data-col-size=\"sm\"><\/td>\n<td data-col-size=\"sm\" data-start=\"3320\" data-end=\"3357\">Chip<\/td>\n<td data-col-size=\"md\" data-start=\"3357\" data-end=\"3448\">NXP UCODE 9<\/td>\n<\/tr>\n<tr data-start=\"3449\" data-end=\"3600\">\n<td data-start=\"3449\" data-end=\"3472\" data-col-size=\"sm\"><\/td>\n<td data-start=\"3472\" data-end=\"3509\" data-col-size=\"sm\">Resistenza R\/W<\/td>\n<td data-col-size=\"md\" data-start=\"3509\" data-end=\"3600\">Oltre 100.000 volte<\/td>\n<\/tr>\n<tr data-start=\"3601\" data-end=\"3752\">\n<td data-start=\"3601\" data-end=\"3624\" data-col-size=\"sm\"><\/td>\n<td data-start=\"3624\" data-end=\"3661\" data-col-size=\"sm\">Conservazione dei dati<\/td>\n<td data-col-size=\"md\" data-start=\"3661\" data-end=\"3752\">20 anni<\/td>\n<\/tr>\n<tr data-start=\"3753\" data-end=\"3905\">\n<td data-start=\"3753\" data-end=\"3776\" data-col-size=\"sm\"><\/td>\n<td data-start=\"3776\" data-end=\"3814\" data-col-size=\"sm\">Garanzia<\/td>\n<td data-col-size=\"md\" data-start=\"3814\" data-end=\"3905\">2 anni o \u2265200 cicli di lavaggio<\/td>\n<\/tr>\n<tr data-start=\"3906\" data-end=\"4057\">\n<td data-start=\"3906\" data-end=\"3929\" data-col-size=\"sm\"><\/td>\n<td data-start=\"3929\" data-end=\"3966\" data-col-size=\"sm\">Polarizzazione dell&#039;antenna<\/td>\n<td data-start=\"3966\" data-end=\"4057\" data-col-size=\"md\">Lineare<\/td>\n<\/tr>\n<tr data-start=\"4058\" data-end=\"4209\">\n<td data-start=\"4058\" data-end=\"4081\" data-col-size=\"sm\"><\/td>\n<td data-col-size=\"sm\" data-start=\"4081\" data-end=\"4118\">Distanza di lettura (fissa, 2 W ERP)<\/td>\n<td data-col-size=\"md\" data-start=\"4118\" data-end=\"4209\">&gt;6 metri<\/td>\n<\/tr>\n<tr data-start=\"4210\" data-end=\"4361\">\n<td data-start=\"4210\" data-end=\"4233\" data-col-size=\"sm\"><\/td>\n<td data-col-size=\"sm\" data-start=\"4233\" data-end=\"4270\">Distanza di lettura (portatile)<\/td>\n<td data-col-size=\"md\" data-start=\"4270\" data-end=\"4361\">&gt;3 metri<\/td>\n<\/tr>\n<tr data-start=\"4362\" data-end=\"4513\">\n<td data-start=\"4362\" data-end=\"4385\" data-col-size=\"sm\">Fisico<\/td>\n<td data-col-size=\"sm\" data-start=\"4385\" data-end=\"4422\">Materiale principale<\/td>\n<td data-col-size=\"md\" data-start=\"4422\" data-end=\"4513\">Tessile<\/td>\n<\/tr>\n<tr data-start=\"4514\" data-end=\"4665\">\n<td data-start=\"4514\" data-end=\"4537\" data-col-size=\"sm\"><\/td>\n<td data-col-size=\"sm\" data-start=\"4537\" data-end=\"4574\">Taglie (S)<\/td>\n<td data-col-size=\"md\" data-start=\"4574\" data-end=\"4665\">35\u00d715 millimetri; 36\u00d718 millimetri; 55\u00d712 millimetri<\/td>\n<\/tr>\n<tr data-start=\"4666\" data-end=\"4817\">\n<td data-start=\"4666\" data-end=\"4689\" data-col-size=\"sm\"><\/td>\n<td data-start=\"4689\" data-end=\"4726\" data-col-size=\"sm\">Taglie (M)<\/td>\n<td data-col-size=\"md\" data-start=\"4726\" data-end=\"4817\">58\u00d715 mm; 70\u00d710 mm; 70\u00d718 mm; 70\u00d715 mm<\/td>\n<\/tr>\n<tr data-start=\"4818\" data-end=\"4969\">\n<td data-start=\"4818\" data-end=\"4841\" data-col-size=\"sm\">Ambiente<\/td>\n<td data-col-size=\"sm\" data-start=\"4841\" data-end=\"4878\">Temperatura di esercizio<\/td>\n<td data-col-size=\"md\" data-start=\"4878\" data-end=\"4969\">da -25 \u2103 a +110 \u2103<\/td>\n<\/tr>\n<tr data-start=\"4970\" data-end=\"5121\">\n<td data-start=\"4970\" data-end=\"4993\" data-col-size=\"sm\"><\/td>\n<td data-start=\"4993\" data-end=\"5030\" data-col-size=\"sm\">Temperatura di conservazione<\/td>\n<td data-col-size=\"md\" data-start=\"5030\" data-end=\"5121\">da -40 \u2103 a +110 \u2103<\/td>\n<\/tr>\n<tr data-start=\"5122\" data-end=\"5272\">\n<td data-start=\"5122\" data-end=\"5145\" data-col-size=\"sm\"><\/td>\n<td data-col-size=\"sm\" data-start=\"5145\" data-end=\"5182\">Umidit\u00e0 di stoccaggio<\/td>\n<td data-col-size=\"md\" data-start=\"5182\" data-end=\"5272\">5%\u201395%<\/td>\n<\/tr>\n<tr data-start=\"5273\" data-end=\"5424\">\n<td data-start=\"5273\" data-end=\"5296\" data-col-size=\"sm\">Resistenza del processo<\/td>\n<td data-col-size=\"sm\" data-start=\"5296\" data-end=\"5333\">Lavaggio<\/td>\n<td data-col-size=\"md\" data-start=\"5333\" data-end=\"5424\">90 \u2103, 15 min, 200 cicli<\/td>\n<\/tr>\n<tr data-start=\"5425\" data-end=\"5576\">\n<td data-start=\"5425\" data-end=\"5448\" data-col-size=\"sm\"><\/td>\n<td data-col-size=\"sm\" data-start=\"5448\" data-end=\"5485\">Stiro<\/td>\n<td data-col-size=\"md\" data-start=\"5485\" data-end=\"5576\">190 \u2103, 10\u201312 s, 200 cicli<\/td>\n<\/tr>\n<tr data-start=\"5577\" data-end=\"5728\">\n<td data-start=\"5577\" data-end=\"5600\" data-col-size=\"sm\"><\/td>\n<td data-col-size=\"sm\" data-start=\"5600\" data-end=\"5637\">Pre-essiccazione<\/td>\n<td data-col-size=\"md\" data-start=\"5637\" data-end=\"5728\">180 \u2103, 20\u201330 min, 200 cicli<\/td>\n<\/tr>\n<tr data-start=\"5729\" data-end=\"5880\">\n<td data-start=\"5729\" data-end=\"5752\" data-col-size=\"sm\"><\/td>\n<td data-col-size=\"sm\" data-start=\"5752\" data-end=\"5789\">Sterilizzazione<\/td>\n<td data-col-size=\"md\" data-start=\"5789\" data-end=\"5880\">135 \u2103, 20 min, 200 cicli<\/td>\n<\/tr>\n<tr data-start=\"5881\" data-end=\"6032\">\n<td data-start=\"5881\" data-end=\"5904\" data-col-size=\"sm\"><\/td>\n<td data-col-size=\"sm\" data-start=\"5904\" data-end=\"5941\">Pressione<\/td>\n<td data-col-size=\"md\" data-start=\"5941\" data-end=\"6032\">60 bar atmosferici<\/td>\n<\/tr>\n<tr data-start=\"6033\" data-end=\"6184\">\n<td data-start=\"6033\" data-end=\"6056\" data-col-size=\"sm\">Installazione<\/td>\n<td data-col-size=\"sm\" data-start=\"6056\" data-end=\"6093\">Metodi<\/td>\n<td data-col-size=\"md\" data-start=\"6093\" data-end=\"6184\">Cucitura\/inserimento della busta; oppure stiratura a caldo 215 \u2103 \u00d7 18 s a 0,6\u20130,8 MPa<\/td>\n<\/tr>\n<tr data-start=\"6185\" data-end=\"6336\">\n<td data-start=\"6185\" data-end=\"6208\" data-col-size=\"sm\">Prodotti chimici<\/td>\n<td data-col-size=\"sm\" data-start=\"6208\" data-end=\"6245\">Resistenza<\/td>\n<td data-col-size=\"md\" data-start=\"6245\" data-end=\"6336\">Resiste ai prodotti chimici utilizzati nei normali processi di lavanderia industriale<\/td>\n<\/tr>\n<tr data-start=\"6337\" data-end=\"6487\">\n<td data-start=\"6337\" data-end=\"6360\" data-col-size=\"sm\">Conformit\u00e0 e test<\/td>\n<td data-col-size=\"sm\" data-start=\"6360\" data-end=\"6397\">Standard superati<\/td>\n<td data-col-size=\"md\" data-start=\"6397\" data-end=\"6487\">RoHS, MRI, SVHC, GB18401, EECC, OEKO-TEX\u00ae Standard 100 (Classe II)<\/td>\n<\/tr>\n<tr data-start=\"6488\" data-end=\"6638\">\n<td data-start=\"6488\" data-end=\"6511\" data-col-size=\"sm\">Personalizzazione<\/td>\n<td data-col-size=\"sm\" data-start=\"6511\" data-end=\"6548\">Opzioni<\/td>\n<td data-col-size=\"md\" data-start=\"6548\" data-end=\"6638\">Pre-programmazione EPC\/EPC ID; stampa (logo, laser TID\/seriale), lettere\/cifre; pre-crittografia<\/td>\n<\/tr>\n<\/tbody>\n<\/table>\n<\/div>\n<\/div>","protected":false},"excerpt":{"rendered":"<p>Etichetta tessile UHF RFID cucibile e lavabile con foro in metallo: resistente a oltre 200 cicli di lavaggio, lettura &gt;6 m (fissa), resistenza a 60 bar e supporta l&#039;installazione tramite cucitura o termosaldatura a 215 \u2103.<\/p>","protected":false},"featured_media":717,"template":"","meta":{"_gspb_post_css":""},"product_brand":[],"product_cat":[18,17],"product_tag":[],"class_list":{"0":"post-716","1":"product","2":"type-product","3":"status-publish","4":"has-post-thumbnail","6":"product_cat-textile-rfid-laundry-tags","7":"product_cat-rfid-laundry-tags","9":"first","10":"instock","11":"shipping-taxable","12":"purchasable","13":"product-type-simple"},"_links":{"self":[{"href":"https:\/\/www.cxjsmartcard.com\/it\/wp-json\/wp\/v2\/product\/716","targetHints":{"allow":["GET"]}}],"collection":[{"href":"https:\/\/www.cxjsmartcard.com\/it\/wp-json\/wp\/v2\/product"}],"about":[{"href":"https:\/\/www.cxjsmartcard.com\/it\/wp-json\/wp\/v2\/types\/product"}],"wp:featuredmedia":[{"embeddable":true,"href":"https:\/\/www.cxjsmartcard.com\/it\/wp-json\/wp\/v2\/media\/717"}],"wp:attachment":[{"href":"https:\/\/www.cxjsmartcard.com\/it\/wp-json\/wp\/v2\/media?parent=716"}],"wp:term":[{"taxonomy":"product_brand","embeddable":true,"href":"https:\/\/www.cxjsmartcard.com\/it\/wp-json\/wp\/v2\/product_brand?post=716"},{"taxonomy":"product_cat","embeddable":true,"href":"https:\/\/www.cxjsmartcard.com\/it\/wp-json\/wp\/v2\/product_cat?post=716"},{"taxonomy":"product_tag","embeddable":true,"href":"https:\/\/www.cxjsmartcard.com\/it\/wp-json\/wp\/v2\/product_tag?post=716"}],"curies":[{"name":"parola chiave","href":"https:\/\/api.w.org\/{rel}","templated":true}]}}