{"id":706,"date":"2025-11-03T06:46:07","date_gmt":"2025-11-03T06:46:07","guid":{"rendered":"https:\/\/www.cxjsmartcard.com\/?post_type=product&#038;p=706"},"modified":"2025-12-29T01:27:11","modified_gmt":"2025-12-29T01:27:11","slug":"sewing-washable-uhf-textile-rfid-laundry-tags","status":"publish","type":"product","link":"https:\/\/www.cxjsmartcard.com\/it\/sewing-washable-uhf-textile-rfid-laundry-tags\/","title":{"rendered":"Etichette RFID UHF lavabili per il bucato in tessuto"},"content":{"rendered":"<p data-start=\"95\" data-end=\"390\">Il tag RFID UHF per lavanderia \u00e8 progettato per resistere ai processi di lavanderia di hotel e istituzioni, garantendo resistenza e idoneit\u00e0 al lavaggio, all&#039;asciugatura, al lavaggio a secco e alla stiratura. Pu\u00f2 essere utilizzato per la gestione di altre uniformi professionali, costumi o articoli a noleggio come tappetini e asciugamani.<\/p>\n<p data-start=\"392\" data-end=\"410\"><strong data-start=\"392\" data-end=\"408\">Caratteristiche principali<\/strong><\/p>\n<ol data-start=\"411\" data-end=\"692\">\n<li data-start=\"411\" data-end=\"507\">\n<p data-start=\"414\" data-end=\"507\">Prestazioni eccellenti e soluzione conveniente per applicazioni di lavaggio industriale.<\/p>\n<\/li>\n<li data-start=\"508\" data-end=\"595\">\n<p data-start=\"511\" data-end=\"595\">L&#039;etichetta ultrasottile e morbida pu\u00f2 essere facilmente cucita sul lino con o senza custodia.<\/p>\n<\/li>\n<li data-start=\"596\" data-end=\"654\">\n<p data-start=\"599\" data-end=\"654\">Anti-collisione, alta temperatura, resistenza alla pressione.<\/p>\n<\/li>\n<li data-start=\"655\" data-end=\"692\">\n<p data-start=\"658\" data-end=\"692\">Oltre 200 cicli di lavaggio.<\/p>\n<\/li>\n<\/ol>\n<p data-start=\"694\" data-end=\"916\">Questi tag RFID per lavanderia sono impermeabili, realizzati in nylon e poliestere e progettati per la gestione RFID di lavanderia e biancheria. Possono supportare diversi intervalli di temperatura di esercizio. I tag sono disponibili in diversi diametri e dimensioni.<\/p>\n<p data-start=\"918\" data-end=\"936\"><strong data-start=\"918\" data-end=\"934\">Applicazioni<\/strong><\/p>\n<ol data-start=\"937\" data-end=\"1047\">\n<li data-start=\"937\" data-end=\"989\">\n<p data-start=\"940\" data-end=\"989\">Adatto al lavaggio, alla pulitura a secco e alla stiratura.<\/p>\n<\/li>\n<li data-start=\"990\" data-end=\"1047\">\n<p data-start=\"993\" data-end=\"1047\">Gestione del monitoraggio per fogli di hotel, uniformi e altro ancora.<\/p>\n<\/li>\n<\/ol>\n<p data-start=\"1049\" data-end=\"1254\"><strong data-start=\"1049\" data-end=\"1089\">Domande frequenti sui tag RFID per lavanderia tessile<\/strong><br data-start=\"1089\" data-end=\"1092\" \/><strong data-start=\"1092\" data-end=\"1098\">Q:<\/strong> Le etichette possono resistere alle presse?<br data-start=\"1138\" data-end=\"1141\" \/><strong data-start=\"1141\" data-end=\"1147\">UN:<\/strong> S\u00ec. Questi tag RFID sono progettati per resistere a temperature e pressioni elevate, il che li rende ideali per essiccatori e presse industriali.<\/p>\n<p data-start=\"1256\" data-end=\"1370\"><strong data-start=\"1256\" data-end=\"1262\">Q:<\/strong> Qual \u00e8 la durata prevista di questi tag?<br data-start=\"1306\" data-end=\"1309\" \/><strong data-start=\"1309\" data-end=\"1315\">UN:<\/strong> In media, 200 cicli di lavaggio o fino a 3 anni di utilizzo.<\/p>\n<p data-start=\"1372\" data-end=\"1534\"><strong data-start=\"1372\" data-end=\"1378\">Q:<\/strong> Come faccio a scegliere la dimensione giusta dell&#039;etichetta?<br data-start=\"1414\" data-end=\"1417\" \/><strong data-start=\"1417\" data-end=\"1423\">UN:<\/strong> Offriamo diverse taglie. Compila il modulo e comunicaci le specifiche del tuo capo o della tua biancheria.<\/p>\n<h2 data-start=\"1536\" data-end=\"1561\">Tabella (Specifiche)<\/h2>\n<div class=\"_tableContainer_1rjym_1\">\n<div class=\"group _tableWrapper_1rjym_13 flex w-fit flex-col-reverse\" tabindex=\"-1\">\n<table class=\"w-fit min-w-(--thread-content-width)\" data-start=\"1563\" data-end=\"3688\">\n<thead data-start=\"1563\" data-end=\"1713\">\n<tr data-start=\"1563\" data-end=\"1713\">\n<th data-start=\"1563\" data-end=\"1585\" data-col-size=\"sm\">Categoria<\/th>\n<th data-start=\"1585\" data-end=\"1607\" data-col-size=\"sm\">Parametro<\/th>\n<th data-start=\"1607\" data-end=\"1713\" data-col-size=\"lg\">Valore<\/th>\n<\/tr>\n<\/thead>\n<tbody data-start=\"1865\" data-end=\"3688\">\n<tr data-start=\"1865\" data-end=\"2015\">\n<td data-start=\"1865\" data-end=\"1887\" data-col-size=\"sm\">Prodotto<\/td>\n<td data-col-size=\"sm\" data-start=\"1887\" data-end=\"1909\">Nome del prodotto<\/td>\n<td data-col-size=\"lg\" data-start=\"1909\" data-end=\"2015\">Etichette RFID UHF lavabili per il bucato in tessuto<\/td>\n<\/tr>\n<tr data-start=\"2016\" data-end=\"2165\">\n<td data-start=\"2016\" data-end=\"2038\" data-col-size=\"sm\">Materiali<\/td>\n<td data-col-size=\"sm\" data-start=\"2038\" data-end=\"2060\">Materiale<\/td>\n<td data-col-size=\"lg\" data-start=\"2060\" data-end=\"2165\">Tessuto\/Tessuto, Adesivo per ferro, Tipo di cucitura, Foro metallico, ecc.<\/td>\n<\/tr>\n<tr data-start=\"2166\" data-end=\"2316\">\n<td data-start=\"2166\" data-end=\"2188\" data-col-size=\"sm\">RFID<\/td>\n<td data-col-size=\"sm\" data-start=\"2188\" data-end=\"2210\">Modello di chip<\/td>\n<td data-col-size=\"lg\" data-start=\"2210\" data-end=\"2316\">NXP UCODE\u00ae 9<\/td>\n<\/tr>\n<tr data-start=\"2317\" data-end=\"2467\">\n<td data-start=\"2317\" data-end=\"2339\" data-col-size=\"sm\"><\/td>\n<td data-col-size=\"sm\" data-start=\"2339\" data-end=\"2361\">Memoria<\/td>\n<td data-col-size=\"lg\" data-start=\"2361\" data-end=\"2467\">EPC: 96 bit<\/td>\n<\/tr>\n<tr data-start=\"2468\" data-end=\"2618\">\n<td data-start=\"2468\" data-end=\"2490\" data-col-size=\"sm\"><\/td>\n<td data-col-size=\"sm\" data-start=\"2490\" data-end=\"2512\">Protocollo<\/td>\n<td data-col-size=\"lg\" data-start=\"2512\" data-end=\"2618\">EPC C1 G2<\/td>\n<\/tr>\n<tr data-start=\"2619\" data-end=\"2770\">\n<td data-start=\"2619\" data-end=\"2641\" data-col-size=\"sm\">Fisico<\/td>\n<td data-col-size=\"sm\" data-start=\"2641\" data-end=\"2663\">Misurare<\/td>\n<td data-col-size=\"lg\" data-start=\"2663\" data-end=\"2770\">70\u00d715 millimetri<\/td>\n<\/tr>\n<tr data-start=\"2771\" data-end=\"2921\">\n<td data-start=\"2771\" data-end=\"2793\" data-col-size=\"sm\"><\/td>\n<td data-col-size=\"sm\" data-start=\"2793\" data-end=\"2815\">Altre dimensioni<\/td>\n<td data-col-size=\"lg\" data-start=\"2815\" data-end=\"2921\">86\u00d716 mm; 50\u00d720 mm; 72\u00d716 mm; 35\u00d715 mm, ecc.<\/td>\n<\/tr>\n<tr data-start=\"2922\" data-end=\"3072\">\n<td data-start=\"2922\" data-end=\"2944\" data-col-size=\"sm\">Aspetto<\/td>\n<td data-col-size=\"sm\" data-start=\"2944\" data-end=\"2966\">Colore<\/td>\n<td data-col-size=\"lg\" data-start=\"2966\" data-end=\"3072\">Bianco<\/td>\n<\/tr>\n<tr data-start=\"3073\" data-end=\"3223\">\n<td data-start=\"3073\" data-end=\"3095\" data-col-size=\"sm\">Durata<\/td>\n<td data-col-size=\"sm\" data-start=\"3095\" data-end=\"3117\">Orari di lavoro<\/td>\n<td data-col-size=\"lg\" data-start=\"3117\" data-end=\"3223\">Media 200 cicli; alcuni modelli &gt;300 cicli<\/td>\n<\/tr>\n<tr data-start=\"3224\" data-end=\"3375\">\n<td data-start=\"3224\" data-end=\"3246\" data-col-size=\"sm\">Ambiente<\/td>\n<td data-start=\"3246\" data-end=\"3270\" data-col-size=\"sm\">Temperatura di esercizio<\/td>\n<td data-col-size=\"lg\" data-start=\"3270\" data-end=\"3375\">da -25 \u2103 a +150 \u2103<\/td>\n<\/tr>\n<tr data-start=\"3376\" data-end=\"3526\">\n<td data-start=\"3376\" data-end=\"3398\" data-col-size=\"sm\">Prestazione<\/td>\n<td data-col-size=\"sm\" data-start=\"3398\" data-end=\"3420\">Distanza di lettura<\/td>\n<td data-col-size=\"lg\" data-start=\"3420\" data-end=\"3526\">5\u201310 metri<\/td>\n<\/tr>\n<tr data-start=\"3527\" data-end=\"3688\">\n<td data-start=\"3527\" data-end=\"3549\" data-col-size=\"sm\">Utilizzo<\/td>\n<td data-col-size=\"sm\" data-start=\"3549\" data-end=\"3571\">Applicazione<\/td>\n<td data-col-size=\"lg\" data-start=\"3571\" data-end=\"3688\">Soluzioni per lavanderia, lavanderie, lavaggi industriali, gestione di tessuti per hotel, gestione di supermercati\/negozi di tessuti, ecc.<\/td>\n<\/tr>\n<\/tbody>\n<\/table>\n<\/div>\n<\/div>","protected":false},"excerpt":{"rendered":"<p>Tag RFID UHF tessili cucibili e lavabili per biancheria e uniformi: impermeabili, resistenti al calore, con raggio di lettura di 5-10 m e durata di oltre 200 cicli di lavaggio per lavanderie industriali.<\/p>","protected":false},"featured_media":707,"template":"","meta":{"_gspb_post_css":""},"product_brand":[],"product_cat":[17,18],"product_tag":[],"class_list":{"0":"post-706","1":"product","2":"type-product","3":"status-publish","4":"has-post-thumbnail","6":"product_cat-rfid-laundry-tags","7":"product_cat-textile-rfid-laundry-tags","9":"first","10":"instock","11":"shipping-taxable","12":"purchasable","13":"product-type-simple"},"_links":{"self":[{"href":"https:\/\/www.cxjsmartcard.com\/it\/wp-json\/wp\/v2\/product\/706","targetHints":{"allow":["GET"]}}],"collection":[{"href":"https:\/\/www.cxjsmartcard.com\/it\/wp-json\/wp\/v2\/product"}],"about":[{"href":"https:\/\/www.cxjsmartcard.com\/it\/wp-json\/wp\/v2\/types\/product"}],"wp:featuredmedia":[{"embeddable":true,"href":"https:\/\/www.cxjsmartcard.com\/it\/wp-json\/wp\/v2\/media\/707"}],"wp:attachment":[{"href":"https:\/\/www.cxjsmartcard.com\/it\/wp-json\/wp\/v2\/media?parent=706"}],"wp:term":[{"taxonomy":"product_brand","embeddable":true,"href":"https:\/\/www.cxjsmartcard.com\/it\/wp-json\/wp\/v2\/product_brand?post=706"},{"taxonomy":"product_cat","embeddable":true,"href":"https:\/\/www.cxjsmartcard.com\/it\/wp-json\/wp\/v2\/product_cat?post=706"},{"taxonomy":"product_tag","embeddable":true,"href":"https:\/\/www.cxjsmartcard.com\/it\/wp-json\/wp\/v2\/product_tag?post=706"}],"curies":[{"name":"parola chiave","href":"https:\/\/api.w.org\/{rel}","templated":true}]}}