{"id":701,"date":"2025-11-03T06:44:06","date_gmt":"2025-11-03T06:44:06","guid":{"rendered":"https:\/\/www.cxjsmartcard.com\/?post_type=product&#038;p=701"},"modified":"2025-12-29T01:27:11","modified_gmt":"2025-12-29T01:27:11","slug":"textile-washable-waterproof-uhf-rfid-laundry-tags","status":"publish","type":"product","link":"https:\/\/www.cxjsmartcard.com\/it\/textile-washable-waterproof-uhf-rfid-laundry-tags\/","title":{"rendered":"Etichette per lavanderia RFID UHF impermeabili e lavabili in tessuto"},"content":{"rendered":"<p data-start=\"141\" data-end=\"525\">I tag RFID UHF per lavanderia, lavabili e impermeabili, sono tag non trasferibili con un inserto RFID sigillato in modo sicuro all&#039;interno per memorizzare e trasferire dati in modo affidabile. Sono resistenti alle alte temperature e agli ambienti difficili. Sono particolarmente utilizzati nella gestione della biancheria e nelle catene di lavanderia. I tag sono disponibili in diverse dimensioni e possono essere applicati tramite cucitura, incollaggio, spillatura o legatura.<\/p>\n<p data-start=\"527\" data-end=\"541\"><strong data-start=\"527\" data-end=\"539\">Caratteristiche<\/strong><\/p>\n<ol data-start=\"542\" data-end=\"899\">\n<li data-start=\"542\" data-end=\"602\">\n<p data-start=\"545\" data-end=\"602\">Tecnologia UHF per leggere centinaia di tag contemporaneamente.<\/p>\n<\/li>\n<li data-start=\"603\" data-end=\"642\">\n<p data-start=\"606\" data-end=\"642\">Distanza di lettura superiore a 2,4 metri.<\/p>\n<\/li>\n<li data-start=\"643\" data-end=\"711\">\n<p data-start=\"646\" data-end=\"711\">Nuovo design meccanico per prestazioni migliorate per la biancheria piana.<\/p>\n<\/li>\n<li data-start=\"712\" data-end=\"768\">\n<p data-start=\"715\" data-end=\"768\">Adatto per estrattori ad alta pressione fino a 60 bar.<\/p>\n<\/li>\n<li data-start=\"769\" data-end=\"811\">\n<p data-start=\"772\" data-end=\"811\">Adatto alla sterilizzazione in autoclave.<\/p>\n<\/li>\n<li data-start=\"812\" data-end=\"899\">\n<p data-start=\"815\" data-end=\"899\">Materiale piccolo, morbido e flessibile, ideale per tessuti, biancheria, indumenti e accessori.<\/p>\n<\/li>\n<\/ol>\n<p data-start=\"901\" data-end=\"1018\"><strong data-start=\"901\" data-end=\"925\">Applicazione aziendale<\/strong><br data-start=\"925\" data-end=\"928\" \/>Campo di applicazione: lavanderia, hotel, scuola, controllo qualit\u00e0, gestione inventario ecc.<\/p>\n<p data-start=\"1020\" data-end=\"1050\"><strong data-start=\"1020\" data-end=\"1048\">Come installare i tag?<\/strong><\/p>\n<ol data-start=\"1051\" data-end=\"1195\">\n<li data-start=\"1051\" data-end=\"1109\">\n<p data-start=\"1054\" data-end=\"1109\">Evitare l&#039;antenna e installarla cucendo entrambe le estremit\u00e0.<\/p>\n<\/li>\n<li data-start=\"1110\" data-end=\"1195\">\n<p data-start=\"1113\" data-end=\"1195\">Per installarlo, stirare ad alta temperatura (210 gradi Celsius) per 15 secondi.<\/p>\n<\/li>\n<\/ol>\n<p data-start=\"1197\" data-end=\"1534\"><strong data-start=\"1197\" data-end=\"1249\">Perch\u00e9 utilizzare i tag RFID per la lavanderia industriale?<\/strong><br data-start=\"1249\" data-end=\"1252\" \/>I tag RFID per lavanderia automatizzano le attivit\u00e0 di lavanderia ad alto volume, riducendo il lavoro manuale e gli errori umani. Progettati per lavanderie commerciali, divise mediche e biancheria ospedaliera, questi tag semplificano il monitoraggio e la gestione consentendo una trasmissione fluida dei dati ai lettori RFID.<\/p>\n<p data-start=\"1536\" data-end=\"1716\"><strong data-start=\"1536\" data-end=\"1568\">Domande frequenti sui tag RFID per lavanderia<\/strong><br data-start=\"1568\" data-end=\"1571\" \/><strong data-start=\"1571\" data-end=\"1577\">Q:<\/strong> Questi tag possono sopravvivere agli essiccatori industriali?<br data-start=\"1619\" data-end=\"1622\" \/><strong data-start=\"1622\" data-end=\"1628\">UN:<\/strong> S\u00ec, questi tag RFID UHF lavabili sono progettati per resistere a temperature e pressioni elevate.<\/p>\n<p data-start=\"1718\" data-end=\"1834\"><strong data-start=\"1718\" data-end=\"1724\">Q:<\/strong> Quali lettori RFID sono compatibili?<br data-start=\"1758\" data-end=\"1761\" \/><strong data-start=\"1761\" data-end=\"1767\">UN:<\/strong> Qualsiasi lettore che supporti gli standard ISO 18000-6C o EPC Class1 Gen2.<\/p>\n<p data-start=\"1836\" data-end=\"2028\"><strong data-start=\"1836\" data-end=\"1842\">Q:<\/strong> Come posso integrarli nel mio sistema attuale?<br data-start=\"1890\" data-end=\"1893\" \/><strong data-start=\"1893\" data-end=\"1899\">UN:<\/strong> Forniamo supporto tecnico completo. Compila il modulo sottostante e facci sapere di che tipo di lettore o antenna hai bisogno.<\/p>\n<p data-start=\"2030\" data-end=\"2188\"><strong data-start=\"2030\" data-end=\"2038\">\u7b80\u8981\u63cf\u8ff0<\/strong><br data-start=\"2038\" data-end=\"2041\" \/>Etichette RFID UHF resistenti per tessuti e indumenti. Impermeabili, lavabili e a lungo raggio: ideali per il monitoraggio e la gestione delle lavanderie industriali.<\/p>\n<h2 data-start=\"2190\" data-end=\"2215\">Tabella (Specifiche)<\/h2>\n<div class=\"_tableContainer_1rjym_1\">\n<div class=\"group _tableWrapper_1rjym_13 flex w-fit flex-col-reverse\" tabindex=\"-1\">\n<table class=\"w-fit min-w-(--thread-content-width)\" data-start=\"2217\" data-end=\"4716\">\n<thead data-start=\"2217\" data-end=\"2341\">\n<tr data-start=\"2217\" data-end=\"2341\">\n<th data-start=\"2217\" data-end=\"2242\" data-col-size=\"sm\">Categoria<\/th>\n<th data-start=\"2242\" data-end=\"2268\" data-col-size=\"sm\">Parametro<\/th>\n<th data-start=\"2268\" data-end=\"2341\" data-col-size=\"md\">Valore<\/th>\n<\/tr>\n<\/thead>\n<tbody data-start=\"2467\" data-end=\"4716\">\n<tr data-start=\"2467\" data-end=\"2591\">\n<td data-start=\"2467\" data-end=\"2492\" data-col-size=\"sm\">Parametri fisici<\/td>\n<td data-col-size=\"sm\" data-start=\"2492\" data-end=\"2518\">Dimensioni dei prodotti<\/td>\n<td data-col-size=\"md\" data-start=\"2518\" data-end=\"2591\">55\u00d710\u00d72,2 mm; 70\u00d715\u00d71,5 mm; ecc.<\/td>\n<\/tr>\n<tr data-start=\"2592\" data-end=\"2716\">\n<td data-start=\"2592\" data-end=\"2617\" data-col-size=\"sm\"><\/td>\n<td data-start=\"2617\" data-end=\"2643\" data-col-size=\"sm\">Materiali<\/td>\n<td data-col-size=\"md\" data-start=\"2643\" data-end=\"2716\">poliestere 100%<\/td>\n<\/tr>\n<tr data-start=\"2717\" data-end=\"2841\">\n<td data-start=\"2717\" data-end=\"2742\" data-col-size=\"sm\"><\/td>\n<td data-col-size=\"sm\" data-start=\"2742\" data-end=\"2768\">Colore<\/td>\n<td data-col-size=\"md\" data-start=\"2768\" data-end=\"2841\">Blu, bianco (altri personalizzabili)<\/td>\n<\/tr>\n<tr data-start=\"2842\" data-end=\"2966\">\n<td data-start=\"2842\" data-end=\"2867\" data-col-size=\"sm\"><\/td>\n<td data-col-size=\"sm\" data-start=\"2867\" data-end=\"2893\">Mestiere<\/td>\n<td data-col-size=\"md\" data-start=\"2893\" data-end=\"2966\">Stampa del logo, stampa laser dei numeri<\/td>\n<\/tr>\n<tr data-start=\"2967\" data-end=\"3091\">\n<td data-start=\"2967\" data-end=\"2992\" data-col-size=\"sm\">Ambientale<\/td>\n<td data-col-size=\"sm\" data-start=\"2992\" data-end=\"3018\">Temperatura di lavoro<\/td>\n<td data-col-size=\"md\" data-start=\"3018\" data-end=\"3091\">\u221240 ~ +160 \u00b0C (160 \u00b0C \/ 20 minuti)<\/td>\n<\/tr>\n<tr data-start=\"3092\" data-end=\"3216\">\n<td data-start=\"3092\" data-end=\"3117\" data-col-size=\"sm\"><\/td>\n<td data-start=\"3117\" data-end=\"3143\" data-col-size=\"sm\">Temperatura di conservazione<\/td>\n<td data-col-size=\"md\" data-start=\"3143\" data-end=\"3216\">\u221240 ~ +160 \u00b0C (160 \u00b0C \/ 20 minuti)<\/td>\n<\/tr>\n<tr data-start=\"3217\" data-end=\"3341\">\n<td data-start=\"3217\" data-end=\"3242\" data-col-size=\"sm\">Tecnico<\/td>\n<td data-col-size=\"sm\" data-start=\"3242\" data-end=\"3268\">Frequenza di lavoro<\/td>\n<td data-col-size=\"md\" data-start=\"3268\" data-end=\"3341\">840 ~ 960 MHz<\/td>\n<\/tr>\n<tr data-start=\"3342\" data-end=\"3466\">\n<td data-start=\"3342\" data-end=\"3367\" data-col-size=\"sm\"><\/td>\n<td data-col-size=\"sm\" data-start=\"3367\" data-end=\"3393\">Chip<\/td>\n<td data-col-size=\"md\" data-start=\"3393\" data-end=\"3466\">NXP U CODICE 9<\/td>\n<\/tr>\n<tr data-start=\"3467\" data-end=\"3591\">\n<td data-start=\"3467\" data-end=\"3492\" data-col-size=\"sm\"><\/td>\n<td data-col-size=\"sm\" data-start=\"3492\" data-end=\"3518\">Protocollo<\/td>\n<td data-col-size=\"md\" data-start=\"3518\" data-end=\"3591\">ISO18000-6C, EPC Classe Gen 2<\/td>\n<\/tr>\n<tr data-start=\"3592\" data-end=\"3716\">\n<td data-start=\"3592\" data-end=\"3617\" data-col-size=\"sm\"><\/td>\n<td data-col-size=\"sm\" data-start=\"3617\" data-end=\"3643\">Per tutta la vita<\/td>\n<td data-col-size=\"md\" data-start=\"3643\" data-end=\"3716\">Lavaggio normale 200 volte<\/td>\n<\/tr>\n<tr data-start=\"3717\" data-end=\"3841\">\n<td data-start=\"3717\" data-end=\"3742\" data-col-size=\"sm\"><\/td>\n<td data-col-size=\"sm\" data-start=\"3742\" data-end=\"3768\">Intervallo di lettura<\/td>\n<td data-col-size=\"md\" data-start=\"3768\" data-end=\"3841\">10 metri<\/td>\n<\/tr>\n<tr data-start=\"3842\" data-end=\"3966\">\n<td data-start=\"3842\" data-end=\"3867\" data-col-size=\"sm\">Prestazioni\/Maneggevolezza<\/td>\n<td data-start=\"3867\" data-end=\"3893\" data-col-size=\"sm\">Letture simultanee<\/td>\n<td data-start=\"3893\" data-end=\"3966\" data-col-size=\"md\">Centinaia di tag (UHF)<\/td>\n<\/tr>\n<tr data-start=\"3967\" data-end=\"4091\">\n<td data-start=\"3967\" data-end=\"3992\" data-col-size=\"sm\"><\/td>\n<td data-col-size=\"sm\" data-start=\"3992\" data-end=\"4018\">Compatibilit\u00e0 dell&#039;estrattore<\/td>\n<td data-col-size=\"md\" data-start=\"4018\" data-end=\"4091\">Estrattori ad alta pressione fino a 60 bar<\/td>\n<\/tr>\n<tr data-start=\"4092\" data-end=\"4216\">\n<td data-start=\"4092\" data-end=\"4117\" data-col-size=\"sm\"><\/td>\n<td data-col-size=\"sm\" data-start=\"4117\" data-end=\"4143\">Sterilizzazione<\/td>\n<td data-col-size=\"md\" data-start=\"4143\" data-end=\"4216\">Adatto per autoclave<\/td>\n<\/tr>\n<tr data-start=\"4217\" data-end=\"4341\">\n<td data-start=\"4217\" data-end=\"4242\" data-col-size=\"sm\">Fattore di forma<\/td>\n<td data-start=\"4242\" data-end=\"4268\" data-col-size=\"sm\">Costruzione<\/td>\n<td data-col-size=\"md\" data-start=\"4268\" data-end=\"4341\">Piccolo, morbido, flessibile: ideale per tessuti\/biancheria\/indumenti\/accessori<\/td>\n<\/tr>\n<tr data-start=\"4342\" data-end=\"4466\">\n<td data-start=\"4342\" data-end=\"4367\" data-col-size=\"sm\">Installazione<\/td>\n<td data-start=\"4367\" data-end=\"4393\" data-col-size=\"sm\">Cucito<\/td>\n<td data-col-size=\"md\" data-start=\"4393\" data-end=\"4466\">Cucire entrambe le estremit\u00e0; evitare l&#039;antenna<\/td>\n<\/tr>\n<tr data-start=\"4467\" data-end=\"4591\">\n<td data-start=\"4467\" data-end=\"4492\" data-col-size=\"sm\"><\/td>\n<td data-start=\"4492\" data-end=\"4518\" data-col-size=\"sm\">Pressa a caldo<\/td>\n<td data-start=\"4518\" data-end=\"4591\" data-col-size=\"md\">Stirare a 210 \u00b0C per 15 secondi<\/td>\n<\/tr>\n<tr data-start=\"4592\" data-end=\"4716\">\n<td data-start=\"4592\" data-end=\"4617\" data-col-size=\"sm\">Applicazioni<\/td>\n<td data-col-size=\"sm\" data-start=\"4617\" data-end=\"4643\">Casi d&#039;uso tipici<\/td>\n<td data-col-size=\"md\" data-start=\"4643\" data-end=\"4716\">Lavanderia, hotel, scuola, controllo qualit\u00e0, gestione inventario<\/td>\n<\/tr>\n<\/tbody>\n<\/table>\n<\/div>\n<\/div>","protected":false},"excerpt":{"rendered":"<p>Etichette RFID UHF per lavanderia, resistenti, lavabili e impermeabili, per tessuti e biancheria, con ampio raggio di lettura, resistenza alle alte temperature e supporto per autoclave ed estrattori da 60 bar.<\/p>","protected":false},"featured_media":702,"template":"","meta":{"_gspb_post_css":""},"product_brand":[],"product_cat":[17,18],"product_tag":[],"class_list":{"0":"post-701","1":"product","2":"type-product","3":"status-publish","4":"has-post-thumbnail","6":"product_cat-rfid-laundry-tags","7":"product_cat-textile-rfid-laundry-tags","9":"first","10":"instock","11":"shipping-taxable","12":"purchasable","13":"product-type-simple"},"_links":{"self":[{"href":"https:\/\/www.cxjsmartcard.com\/it\/wp-json\/wp\/v2\/product\/701","targetHints":{"allow":["GET"]}}],"collection":[{"href":"https:\/\/www.cxjsmartcard.com\/it\/wp-json\/wp\/v2\/product"}],"about":[{"href":"https:\/\/www.cxjsmartcard.com\/it\/wp-json\/wp\/v2\/types\/product"}],"wp:featuredmedia":[{"embeddable":true,"href":"https:\/\/www.cxjsmartcard.com\/it\/wp-json\/wp\/v2\/media\/702"}],"wp:attachment":[{"href":"https:\/\/www.cxjsmartcard.com\/it\/wp-json\/wp\/v2\/media?parent=701"}],"wp:term":[{"taxonomy":"product_brand","embeddable":true,"href":"https:\/\/www.cxjsmartcard.com\/it\/wp-json\/wp\/v2\/product_brand?post=701"},{"taxonomy":"product_cat","embeddable":true,"href":"https:\/\/www.cxjsmartcard.com\/it\/wp-json\/wp\/v2\/product_cat?post=701"},{"taxonomy":"product_tag","embeddable":true,"href":"https:\/\/www.cxjsmartcard.com\/it\/wp-json\/wp\/v2\/product_tag?post=701"}],"curies":[{"name":"parola chiave","href":"https:\/\/api.w.org\/{rel}","templated":true}]}}