{"id":692,"date":"2025-11-02T09:12:58","date_gmt":"2025-11-02T09:12:58","guid":{"rendered":"https:\/\/www.cxjsmartcard.com\/?post_type=product&#038;p=692"},"modified":"2025-12-29T01:27:11","modified_gmt":"2025-12-29T01:27:11","slug":"heating-sealing-uhf-laundry-tag-for-hotel-linen-management","status":"publish","type":"product","link":"https:\/\/www.cxjsmartcard.com\/it\/heating-sealing-uhf-laundry-tag-for-hotel-linen-management\/","title":{"rendered":"Etichetta termica UHF per lavanderia per la gestione della biancheria dell&#039;hotel"},"content":{"rendered":"<p data-start=\"78\" data-end=\"323\">Etichetta UHF impermeabile e morbida per lavanderia, progettata per essere termosaldata o cucita su orli stretti di lenzuola, indumenti da lavoro e altri tessuti. Progettata per lavaggio\/asciugatura ad alta temperatura e scansione in lotti, per migliorare la precisione dell&#039;inventario e ridurre la manodopera.<\/p>\n<p data-start=\"325\" data-end=\"341\"><strong data-start=\"325\" data-end=\"341\">Caratteristiche principali<\/strong><\/p>\n<ul data-start=\"342\" data-end=\"864\">\n<li data-start=\"342\" data-end=\"394\">\n<p data-start=\"344\" data-end=\"394\">Dimensioni: 55\u00d712 mm, 70\u00d715 mm, 87\u00d717 mm (personalizzabili)<\/p>\n<\/li>\n<li data-start=\"395\" data-end=\"419\">\n<p data-start=\"397\" data-end=\"419\">Chip: NXP U8 \/ NXP U9<\/p>\n<\/li>\n<li data-start=\"420\" data-end=\"450\">\n<p data-start=\"422\" data-end=\"450\">Frequenza: 865\u2013928 MHz (UHF)<\/p>\n<\/li>\n<li data-start=\"451\" data-end=\"501\">\n<p data-start=\"453\" data-end=\"501\">Materiale: poliestere; flessibile per orli e cuciture<\/p>\n<\/li>\n<li data-start=\"502\" data-end=\"570\">\n<p data-start=\"504\" data-end=\"570\">Distanza di lettura: fino a 3 m (verificare con il lettore e l&#039;ambiente)<\/p>\n<\/li>\n<li data-start=\"571\" data-end=\"633\">\n<p data-start=\"573\" data-end=\"633\">Garanzia: primo di 200 cicli di lavaggio o 3 anni dalla data di spedizione<\/p>\n<\/li>\n<li data-start=\"634\" data-end=\"697\">\n<p data-start=\"636\" data-end=\"697\">Resistenza chimica: compatibile con i comuni prodotti chimici per il bucato<\/p>\n<\/li>\n<li data-start=\"698\" data-end=\"864\">\n<p data-start=\"700\" data-end=\"864\">Vantaggi operativi: consente la raccolta rapida, l&#039;ordinamento, l&#039;inventario automatico, il monitoraggio storico e la generazione di report; supporta la scansione in batch per ridurre errori e costi<\/p>\n<\/li>\n<\/ul>\n<p data-start=\"866\" data-end=\"894\"><strong data-start=\"866\" data-end=\"894\">Specifiche tecniche<\/strong><\/p>\n<div class=\"_tableContainer_1rjym_1\">\n<div class=\"group _tableWrapper_1rjym_13 flex w-fit flex-col-reverse\" tabindex=\"-1\">\n<table class=\"w-fit min-w-(--thread-content-width)\" data-start=\"896\" data-end=\"3705\">\n<thead data-start=\"896\" data-end=\"1060\">\n<tr data-start=\"896\" data-end=\"1060\">\n<th data-start=\"896\" data-end=\"921\" data-col-size=\"sm\">Articolo<\/th>\n<th data-start=\"921\" data-end=\"1060\" data-col-size=\"lg\">Dettagli<\/th>\n<\/tr>\n<\/thead>\n<tbody data-start=\"1226\" data-end=\"3705\">\n<tr data-start=\"1226\" data-end=\"1390\">\n<td data-start=\"1226\" data-end=\"1251\" data-col-size=\"sm\">Applicazione<\/td>\n<td data-col-size=\"lg\" data-start=\"1251\" data-end=\"1390\">Lenzuola\/biancheria per hotel, abbigliamento da lavoro, altri prodotti tessili<\/td>\n<\/tr>\n<tr data-start=\"1391\" data-end=\"1555\">\n<td data-start=\"1391\" data-end=\"1416\" data-col-size=\"sm\">Opzioni di dimensione<\/td>\n<td data-col-size=\"lg\" data-start=\"1416\" data-end=\"1555\">55\u00d712 mm, 70\u00d715 mm, 87\u00d717 mm (personalizzato)<\/td>\n<\/tr>\n<tr data-start=\"1556\" data-end=\"1720\">\n<td data-start=\"1556\" data-end=\"1581\" data-col-size=\"sm\">Circuito integrato \/ Chip<\/td>\n<td data-col-size=\"lg\" data-start=\"1581\" data-end=\"1720\">NXP U8, NXP U9<\/td>\n<\/tr>\n<tr data-start=\"1721\" data-end=\"1885\">\n<td data-start=\"1721\" data-end=\"1746\" data-col-size=\"sm\">Frequenza operativa<\/td>\n<td data-start=\"1746\" data-end=\"1885\" data-col-size=\"lg\">865\u2013928 MHz<\/td>\n<\/tr>\n<tr data-start=\"1886\" data-end=\"2050\">\n<td data-start=\"1886\" data-end=\"1911\" data-col-size=\"sm\">Materiale dell&#039;etichetta<\/td>\n<td data-col-size=\"lg\" data-start=\"1911\" data-end=\"2050\">Poliestere<\/td>\n<\/tr>\n<tr data-start=\"2051\" data-end=\"2215\">\n<td data-start=\"2051\" data-end=\"2076\" data-col-size=\"sm\">Distanza di lettura<\/td>\n<td data-col-size=\"lg\" data-start=\"2076\" data-end=\"2215\">Fino a 3 m (fino a ~9 piedi); deve essere verificato con il lettore in loco<\/td>\n<\/tr>\n<tr data-start=\"2216\" data-end=\"2380\">\n<td data-start=\"2216\" data-end=\"2241\" data-col-size=\"sm\">Garanzia del tag<\/td>\n<td data-col-size=\"lg\" data-start=\"2241\" data-end=\"2380\">Primo di 200 cicli di lavaggio <strong data-start=\"2268\" data-end=\"2274\">O<\/strong> 3 anni dalla data di spedizione<\/td>\n<\/tr>\n<tr data-start=\"2381\" data-end=\"2545\">\n<td data-start=\"2381\" data-end=\"2406\" data-col-size=\"sm\">Temperatura di conservazione<\/td>\n<td data-start=\"2406\" data-end=\"2545\" data-col-size=\"lg\">da \u221240 \u00b0C a +120 \u00b0C (da \u221240 \u00b0F a +248 \u00b0F)<\/td>\n<\/tr>\n<tr data-start=\"2546\" data-end=\"2710\">\n<td data-start=\"2546\" data-end=\"2571\" data-col-size=\"sm\">Ciclo di lavaggio<\/td>\n<td data-start=\"2571\" data-end=\"2710\" data-col-size=\"lg\">+90 \u00b0C (+194 \u00b0F) per 60 min<\/td>\n<\/tr>\n<tr data-start=\"2711\" data-end=\"2875\">\n<td data-start=\"2711\" data-end=\"2736\" data-col-size=\"sm\">Asciugatura<\/td>\n<td data-start=\"2736\" data-end=\"2875\" data-col-size=\"lg\">+180 \u00b0C (+356 \u00b0F) per 3 min; pressa di disidratazione: 35 bar<\/td>\n<\/tr>\n<tr data-start=\"2876\" data-end=\"3040\">\n<td data-start=\"2876\" data-end=\"2901\" data-col-size=\"sm\">Stiratrice<\/td>\n<td data-col-size=\"lg\" data-start=\"2901\" data-end=\"3040\">+195 \u00b0C (+383 \u00b0F) per 30 s, &lt;18 bar; estrattore d&#039;acqua: 60 bar per 80 s<\/td>\n<\/tr>\n<tr data-start=\"3041\" data-end=\"3209\">\n<td data-start=\"3041\" data-end=\"3066\" data-col-size=\"sm\">Autoclave<\/td>\n<td data-start=\"3066\" data-end=\"3209\" data-col-size=\"lg\">Rimozione dell&#039;aria: +100 \u00b0C (+212 \u00b0F), 5 min, 0,1 bar; Asciugatura: +45 \u00b0C (+113 \u00b0F), 15 min, 0,2 bar; Sterilizzazione: +134 \u00b0C (+273 \u00b0F), 20 min, 3,25 bar<\/td>\n<\/tr>\n<tr data-start=\"3210\" data-end=\"3375\">\n<td data-start=\"3210\" data-end=\"3235\" data-col-size=\"sm\">Resistenza chimica<\/td>\n<td data-col-size=\"lg\" data-start=\"3235\" data-end=\"3375\">Resiste alle sostanze chimiche comuni nel processo di lavanderia industriale<\/td>\n<\/tr>\n<tr data-start=\"3376\" data-end=\"3540\">\n<td data-start=\"3376\" data-end=\"3401\" data-col-size=\"sm\">Opzioni di imballaggio<\/td>\n<td data-col-size=\"lg\" data-start=\"3401\" data-end=\"3540\">Disponibili varianti in tessuto non tessuto\/silicone\/PPS; personalizzabili con numeri di serie, codici a barre, codici QR<\/td>\n<\/tr>\n<tr data-start=\"3541\" data-end=\"3705\">\n<td data-start=\"3541\" data-end=\"3566\" data-col-size=\"sm\">Vantaggi tipici<\/td>\n<td data-start=\"3566\" data-end=\"3705\" data-col-size=\"lg\">ID batch, ordinamento pi\u00f9 rapido, meno errori, reporting automatizzato, tracciabilit\u00e0 storica<\/td>\n<\/tr>\n<\/tbody>\n<\/table>\n<\/div>\n<\/div>","protected":false},"excerpt":{"rendered":"<p>Etichetta RFID UHF termosaldabile e impermeabile per biancheria da hotel e abbigliamento da lavoro; 865\u2013928 MHz, NXP U8\/U9, lettura fino a 3 m, durata nominale 200 lavaggi o 3 anni di garanzia.<\/p>","protected":false},"featured_media":693,"template":"","meta":{"_gspb_post_css":""},"product_brand":[],"product_cat":[17,18],"product_tag":[],"class_list":{"0":"post-692","1":"product","2":"type-product","3":"status-publish","4":"has-post-thumbnail","6":"product_cat-rfid-laundry-tags","7":"product_cat-textile-rfid-laundry-tags","9":"first","10":"instock","11":"shipping-taxable","12":"purchasable","13":"product-type-simple"},"_links":{"self":[{"href":"https:\/\/www.cxjsmartcard.com\/it\/wp-json\/wp\/v2\/product\/692","targetHints":{"allow":["GET"]}}],"collection":[{"href":"https:\/\/www.cxjsmartcard.com\/it\/wp-json\/wp\/v2\/product"}],"about":[{"href":"https:\/\/www.cxjsmartcard.com\/it\/wp-json\/wp\/v2\/types\/product"}],"wp:featuredmedia":[{"embeddable":true,"href":"https:\/\/www.cxjsmartcard.com\/it\/wp-json\/wp\/v2\/media\/693"}],"wp:attachment":[{"href":"https:\/\/www.cxjsmartcard.com\/it\/wp-json\/wp\/v2\/media?parent=692"}],"wp:term":[{"taxonomy":"product_brand","embeddable":true,"href":"https:\/\/www.cxjsmartcard.com\/it\/wp-json\/wp\/v2\/product_brand?post=692"},{"taxonomy":"product_cat","embeddable":true,"href":"https:\/\/www.cxjsmartcard.com\/it\/wp-json\/wp\/v2\/product_cat?post=692"},{"taxonomy":"product_tag","embeddable":true,"href":"https:\/\/www.cxjsmartcard.com\/it\/wp-json\/wp\/v2\/product_tag?post=692"}],"curies":[{"name":"parola chiave","href":"https:\/\/api.w.org\/{rel}","templated":true}]}}