{"id":667,"date":"2025-11-01T10:59:47","date_gmt":"2025-11-01T10:59:47","guid":{"rendered":"https:\/\/www.cxjsmartcard.com\/?post_type=product&#038;p=667"},"modified":"2025-12-29T01:27:11","modified_gmt":"2025-12-29T01:27:11","slug":"rfid-nfc-smart-shielding-blocker-credit-rfid-blocking-card","status":"publish","type":"product","link":"https:\/\/www.cxjsmartcard.com\/it\/rfid-nfc-smart-shielding-blocker-credit-rfid-blocking-card\/","title":{"rendered":"Blocco schermatura intelligente RFID NFC Carta di credito con blocco RFID"},"content":{"rendered":"<p data-start=\"65\" data-end=\"546\">\u63cf\u8ff0\uff08\u8981\u6709\u8868\u683c\u6700\u597d\u9075\u5faa\u6587\u6863\u7684\u683c\u5f0f\u8f93\u51fa\uff09<br data-start=\"84\" data-end=\"87\" \/>Tessera sottile con blocco RFID\/NFC, progettata per bloccare la lettura contactless non autorizzata a 13,56 MHz di carte bancarie, carte di credito\/debito, passaporti e carte d&#039;identit\u00e0. Modulo di schermatura integrato pluripremiato: basta inserire 1 o 2 carte nel portafoglio per proteggere tutte le carte contactless vicine. Supporta la stampa personalizzata in quadricromia, la corrispondenza dei colori del marchio e diverse finiture superficiali per promozioni, servizi bancari, viaggi e regali aziendali.<\/p>\n<p data-start=\"548\" data-end=\"567\"><strong data-start=\"548\" data-end=\"565\">Specifica<\/strong><\/p>\n<div class=\"_tableContainer_1rjym_1\">\n<div class=\"group _tableWrapper_1rjym_13 flex w-fit flex-col-reverse\" tabindex=\"-1\">\n<table class=\"w-fit min-w-(--thread-content-width)\" data-start=\"568\" data-end=\"1243\">\n<thead data-start=\"568\" data-end=\"586\">\n<tr data-start=\"568\" data-end=\"586\">\n<th data-start=\"568\" data-end=\"575\" data-col-size=\"sm\">Articolo<\/th>\n<th data-start=\"575\" data-end=\"586\" data-col-size=\"md\">Dettagli<\/th>\n<\/tr>\n<\/thead>\n<tbody data-start=\"597\" data-end=\"1243\">\n<tr data-start=\"597\" data-end=\"653\">\n<td data-start=\"597\" data-end=\"612\" data-col-size=\"sm\">Nome del prodotto<\/td>\n<td data-col-size=\"md\" data-start=\"612\" data-end=\"653\">Carta di blocco schermatura intelligente RFID NFC<\/td>\n<\/tr>\n<tr data-start=\"654\" data-end=\"714\">\n<td data-start=\"654\" data-end=\"665\" data-col-size=\"sm\">Materiale<\/td>\n<td data-start=\"665\" data-end=\"714\" data-col-size=\"md\">PVC + Modulo di bloccaggio \/ PVC + Tessuto di bloccaggio<\/td>\n<\/tr>\n<tr data-start=\"715\" data-end=\"744\">\n<td data-start=\"715\" data-end=\"722\" data-col-size=\"sm\">Misurare<\/td>\n<td data-start=\"722\" data-end=\"744\" data-col-size=\"md\">CR80, 85,5 \u00d7 54 mm<\/td>\n<\/tr>\n<tr data-start=\"745\" data-end=\"786\">\n<td data-start=\"745\" data-end=\"757\" data-col-size=\"sm\">Spessore<\/td>\n<td data-start=\"757\" data-end=\"786\" data-col-size=\"md\">0,86 millimetri \/ 1,2 millimetri \/ 1,5 millimetri<\/td>\n<\/tr>\n<tr data-start=\"787\" data-end=\"844\">\n<td data-start=\"787\" data-end=\"808\" data-col-size=\"sm\">Frequenza schermata<\/td>\n<td data-start=\"808\" data-end=\"844\" data-col-size=\"md\">13,56 MHz senza contatto (RFID\/NFC)<\/td>\n<\/tr>\n<tr data-start=\"845\" data-end=\"883\">\n<td data-start=\"845\" data-end=\"855\" data-col-size=\"sm\">Superficie<\/td>\n<td data-col-size=\"md\" data-start=\"855\" data-end=\"883\">Lucido \/ Opaco \/ Satinato<\/td>\n<\/tr>\n<tr data-start=\"884\" data-end=\"945\">\n<td data-start=\"884\" data-end=\"895\" data-col-size=\"sm\">Stampa<\/td>\n<td data-col-size=\"md\" data-start=\"895\" data-end=\"945\">Stampa serigrafica, stampa CMYK, corrispondenza colore 100%<\/td>\n<\/tr>\n<tr data-start=\"946\" data-end=\"994\">\n<td data-start=\"946\" data-end=\"961\" data-col-size=\"sm\">Modalit\u00e0 di lavoro<\/td>\n<td data-col-size=\"md\" data-start=\"961\" data-end=\"994\">Schermatura passiva, nessuna batteria<\/td>\n<\/tr>\n<tr data-start=\"995\" data-end=\"1061\">\n<td data-start=\"995\" data-end=\"1003\" data-col-size=\"sm\">Utilizzo<\/td>\n<td data-col-size=\"md\" data-start=\"1003\" data-end=\"1061\">Metti 1-2 carte nel portafoglio\/borsa per proteggere tutte le carte<\/td>\n<\/tr>\n<tr data-start=\"1062\" data-end=\"1131\">\n<td data-start=\"1062\" data-end=\"1076\" data-col-size=\"sm\">Applicazione<\/td>\n<td data-start=\"1076\" data-end=\"1131\" data-col-size=\"md\">Carte bancarie, ID, passaporto, carte di accesso anti-skimming<\/td>\n<\/tr>\n<tr data-start=\"1132\" data-end=\"1189\">\n<td data-start=\"1132\" data-end=\"1138\" data-col-size=\"sm\">Quantit\u00e0 minima d&#039;ordine<\/td>\n<td data-col-size=\"md\" data-start=\"1138\" data-end=\"1189\">Nessun MOQ per il vuoto; 50 pezzi per logo\/design personalizzato<\/td>\n<\/tr>\n<tr data-start=\"1190\" data-end=\"1243\">\n<td data-start=\"1190\" data-end=\"1201\" data-col-size=\"sm\">Caratteristiche<\/td>\n<td data-start=\"1201\" data-end=\"1243\" data-col-size=\"md\">Materiale di bloccaggio pluripremiato all&#039;interno<\/td>\n<\/tr>\n<\/tbody>\n<\/table>\n<\/div>\n<\/div>\n<p data-start=\"1245\" data-end=\"1514\"><strong data-start=\"1245\" data-end=\"1261\">Come funziona<\/strong><br data-start=\"1261\" data-end=\"1264\" \/>Lo strato di blocco crea un campo RF protettivo che impedisce ai lettori nelle vicinanze di comunicare con il chip della carta di pagamento\/identit\u00e0. Un unico strato pu\u00f2 proteggere pi\u00f9 carte nella stessa tasca, rendendolo un&#039;alternativa pi\u00f9 pratica alle custodie o ai portafogli con blocco RFID.<\/p>\n<p data-start=\"1516\" data-end=\"1534\"><strong data-start=\"1516\" data-end=\"1532\">Applicazioni<\/strong><\/p>\n<ul data-start=\"1535\" data-end=\"1703\">\n<li data-start=\"1535\" data-end=\"1579\">\n<p data-start=\"1537\" data-end=\"1579\">Anti-skimming per carte bancarie contactless<\/p>\n<\/li>\n<li data-start=\"1580\" data-end=\"1620\">\n<p data-start=\"1582\" data-end=\"1620\">Protezione del passaporto\/documento d&#039;identit\u00e0 durante il viaggio<\/p>\n<\/li>\n<li data-start=\"1621\" data-end=\"1668\">\n<p data-start=\"1623\" data-end=\"1668\">Omaggio aziendale o bancario con logo personalizzato<\/p>\n<\/li>\n<li data-start=\"1669\" data-end=\"1703\">\n<p data-start=\"1671\" data-end=\"1703\">Accessorio di sicurezza per vendita al dettaglio\/online<\/p>\n<\/li>\n<\/ul>","protected":false},"excerpt":{"rendered":"<p>Tessera in PVC con blocco RFID\/NFC in formato portafoglio che protegge carte bancarie contactless da 13,56 MHz, documenti d&#039;identit\u00e0 e passaporti dallo skimming; opzioni di stampa e superficie personalizzabili.<\/p>","protected":false},"featured_media":668,"template":"","meta":{"_gspb_post_css":""},"product_brand":[],"product_cat":[15],"product_tag":[],"class_list":{"0":"post-667","1":"product","2":"type-product","3":"status-publish","4":"has-post-thumbnail","6":"product_cat-rfid-cards","8":"first","9":"instock","10":"shipping-taxable","11":"purchasable","12":"product-type-simple"},"_links":{"self":[{"href":"https:\/\/www.cxjsmartcard.com\/it\/wp-json\/wp\/v2\/product\/667","targetHints":{"allow":["GET"]}}],"collection":[{"href":"https:\/\/www.cxjsmartcard.com\/it\/wp-json\/wp\/v2\/product"}],"about":[{"href":"https:\/\/www.cxjsmartcard.com\/it\/wp-json\/wp\/v2\/types\/product"}],"wp:featuredmedia":[{"embeddable":true,"href":"https:\/\/www.cxjsmartcard.com\/it\/wp-json\/wp\/v2\/media\/668"}],"wp:attachment":[{"href":"https:\/\/www.cxjsmartcard.com\/it\/wp-json\/wp\/v2\/media?parent=667"}],"wp:term":[{"taxonomy":"product_brand","embeddable":true,"href":"https:\/\/www.cxjsmartcard.com\/it\/wp-json\/wp\/v2\/product_brand?post=667"},{"taxonomy":"product_cat","embeddable":true,"href":"https:\/\/www.cxjsmartcard.com\/it\/wp-json\/wp\/v2\/product_cat?post=667"},{"taxonomy":"product_tag","embeddable":true,"href":"https:\/\/www.cxjsmartcard.com\/it\/wp-json\/wp\/v2\/product_tag?post=667"}],"curies":[{"name":"parola chiave","href":"https:\/\/api.w.org\/{rel}","templated":true}]}}