{"id":1185,"date":"2025-11-24T08:59:19","date_gmt":"2025-11-24T08:59:19","guid":{"rendered":"https:\/\/www.cxjsmartcard.com\/?post_type=product&#038;p=1185"},"modified":"2025-12-29T01:27:06","modified_gmt":"2025-12-29T01:27:06","slug":"ntag215-nfc-coin-tag-504_byte-blank-programmable-token","status":"publish","type":"product","link":"https:\/\/www.cxjsmartcard.com\/it\/ntag215-nfc-coin-tag-504_byte-blank-programmable-token\/","title":{"rendered":"Tag moneta NFC NTAG215 Token programmabile vuoto da 504 byte"},"content":{"rendered":"<p data-start=\"40\" data-end=\"431\">Il token programmabile vuoto NTAG215 NFC Coin Tag da 504 byte \u00e8 un piccolo e resistente token NFC da 13,56 MHz, progettato per progetti che richiedono una memoria affidabile e riscrivibile in un formato compatto. Utilizzando la tecnologia del chip NTAG215 originale, offre 504 byte di memoria utilizzabile e un ID univoco di 7 byte, rendendolo adatto alla codifica di URL, testo, ID, dati di configurazione, dati di gioco, informazioni sui programmi fedelt\u00e0 e altro ancora.<\/p>\n<p data-start=\"433\" data-end=\"814\">Il tag \u00e8 conforme allo standard ISO\/IEC 14443A ed \u00e8 compatibile con la maggior parte degli smartphone, tablet e lettori abilitati NFC che supportano i tag NFC Forum Tipo 2. Basta un tocco con il telefono o il lettore per leggere o scrivere dati come link a siti web, trigger di app, configurazioni Wi-Fi, coupon o dettagli di eventi. Una volta codificati, i dati possono essere bloccati per impedirne la modifica, se richiesto dall&#039;applicazione.<\/p>\n<p data-start=\"816\" data-end=\"1207\">La struttura a moneta rende il tag facile da maneggiare e installare. I diametri pi\u00f9 comuni includono 20-30 mm (o personalizzati), con un profilo sottile e piatto che si adatta dietro pannelli, in contenitori, su display, portachiavi o badge. L&#039;alloggiamento \u00e8 solitamente realizzato in PVC o plastica ABS, offrendo una buona resistenza all&#039;usura quotidiana, agli urti leggeri e all&#039;umidit\u00e0 in normali ambienti interni o esterni coperti.<\/p>\n<p data-start=\"1209\" data-end=\"1527\">Il chip NTAG215 utilizzato al suo interno supporta comunicazioni veloci, 10 anni di conservazione dei dati e fino a 100.000 cicli di lettura\/scrittura. Questo rende il token una scelta solida per progetti a lungo termine come programmi fedelt\u00e0, identificatori di accesso, token di gioco o punti di check-in, che vengono codificati e letti pi\u00f9 volte nel corso del loro ciclo di vita.<\/p>\n<p data-start=\"1529\" data-end=\"1608\">L&#039;installazione e l&#039;integrazione sono flessibili. Il tag per monete pu\u00f2 essere fornito con:<\/p>\n<ul data-start=\"1610\" data-end=\"1874\">\n<li data-start=\"1610\" data-end=\"1752\">\n<p data-start=\"1612\" data-end=\"1752\"><strong data-start=\"1612\" data-end=\"1632\">Supporto adesivo<\/strong> \u2013 per una rapida installazione \u201cstacca e attacca\u201d su superfici pulite e non metalliche come plastica, vetro, legno o pareti verniciate.<\/p>\n<\/li>\n<li data-start=\"1753\" data-end=\"1874\">\n<p data-start=\"1755\" data-end=\"1874\"><strong data-start=\"1755\" data-end=\"1779\">Versione non adesiva<\/strong> \u2013 per l&#039;inserimento in custodie, portachiavi, giocattoli, pezzi di gioco, braccialetti o materiali stampati.<\/p>\n<\/li>\n<\/ul>\n<p data-start=\"1876\" data-end=\"2052\">(Se necessario, \u00e8 possibile specificare una versione anti-metallo in modo che il tag possa essere utilizzato su superfici metalliche; in caso contrario, i tag per monete NTAG215 standard sono destinati ad ambienti non metallici.)<\/p>\n<p data-start=\"2054\" data-end=\"2259\">Ogni tag viene spedito vuoto e non formattato, pronto per contenere i tuoi dati. Puoi codificarlo con software NFC gratuito o professionale, utilizzando lettori NFC desktop o telefoni cellulari abilitati NFC. Gli usi tipici includono:<\/p>\n<ul data-start=\"2261\" data-end=\"2603\">\n<li data-start=\"2261\" data-end=\"2305\">\n<p data-start=\"2263\" data-end=\"2305\">Gettoni per il check-in degli eventi e badge per i visitatori<\/p>\n<\/li>\n<li data-start=\"2306\" data-end=\"2365\">\n<p data-start=\"2308\" data-end=\"2365\">Gettoni fedelt\u00e0 e di iscrizione per negozi, palestre e club<\/p>\n<\/li>\n<li data-start=\"2366\" data-end=\"2432\">\n<p data-start=\"2368\" data-end=\"2432\">Pezzi di gioco e gettoni collezionabili con contenuti digitali nascosti<\/p>\n<\/li>\n<li data-start=\"2433\" data-end=\"2474\">\n<p data-start=\"2435\" data-end=\"2474\">Etichette per inventario e beni leggeri<\/p>\n<\/li>\n<li data-start=\"2475\" data-end=\"2538\">\n<p data-start=\"2477\" data-end=\"2538\">Poster intelligenti, cartellini per prodotti e punti di contatto di marketing<\/p>\n<\/li>\n<li data-start=\"2539\" data-end=\"2603\">\n<p data-start=\"2541\" data-end=\"2603\">Progetti NFC fai da te e hobby, trigger di automazione o scorciatoie<\/p>\n<\/li>\n<\/ul>\n<p data-start=\"2605\" data-end=\"2888\">Per il branding e l&#039;identificazione, la superficie pu\u00f2 essere stampata con il tuo logo, testo, numeri di serie, codici a barre o codici QR. Colori diversi e una grafica semplice aiutano a distinguere lotti, gruppi di utenti o funzioni (ad esempio, colori diversi per diversi livelli di gioco o zone di accesso).<\/p>\n<p data-start=\"2890\" data-end=\"3163\">Grazie al suo equilibrio tra dimensioni compatte, memoria da 504 byte, buona compatibilit\u00e0 e facilit\u00e0 d&#039;uso, il tag moneta NFC NTAG215 \u00e8 un pratico &quot;token vuoto&quot; per un&#039;ampia gamma di applicazioni NFC in cui si desidera controllare autonomamente il contenuto e mantenere un fattore di forma pulito e semplice.<\/p>","protected":false},"excerpt":{"rendered":"<p>Tag moneta NFC NTAG215 con 504 byte di memoria utente, compatibile con ISO14443A NFC Forum Type 2. Token vuoto e riscrivibile da 13,56 MHz in formato moneta compatto, ideale per programmi fedelt\u00e0, giochi, punti di check-in, poster intelligenti e progetti NFC fai da te.<\/p>","protected":false},"featured_media":1186,"template":"","meta":{"_gspb_post_css":""},"product_brand":[],"product_cat":[15],"product_tag":[],"class_list":{"0":"post-1185","1":"product","2":"type-product","3":"status-publish","4":"has-post-thumbnail","6":"product_cat-rfid-cards","8":"first","9":"instock","10":"shipping-taxable","11":"purchasable","12":"product-type-simple"},"_links":{"self":[{"href":"https:\/\/www.cxjsmartcard.com\/it\/wp-json\/wp\/v2\/product\/1185","targetHints":{"allow":["GET"]}}],"collection":[{"href":"https:\/\/www.cxjsmartcard.com\/it\/wp-json\/wp\/v2\/product"}],"about":[{"href":"https:\/\/www.cxjsmartcard.com\/it\/wp-json\/wp\/v2\/types\/product"}],"wp:featuredmedia":[{"embeddable":true,"href":"https:\/\/www.cxjsmartcard.com\/it\/wp-json\/wp\/v2\/media\/1186"}],"wp:attachment":[{"href":"https:\/\/www.cxjsmartcard.com\/it\/wp-json\/wp\/v2\/media?parent=1185"}],"wp:term":[{"taxonomy":"product_brand","embeddable":true,"href":"https:\/\/www.cxjsmartcard.com\/it\/wp-json\/wp\/v2\/product_brand?post=1185"},{"taxonomy":"product_cat","embeddable":true,"href":"https:\/\/www.cxjsmartcard.com\/it\/wp-json\/wp\/v2\/product_cat?post=1185"},{"taxonomy":"product_tag","embeddable":true,"href":"https:\/\/www.cxjsmartcard.com\/it\/wp-json\/wp\/v2\/product_tag?post=1185"}],"curies":[{"name":"parola chiave","href":"https:\/\/api.w.org\/{rel}","templated":true}]}}