{"id":1180,"date":"2025-11-24T08:56:36","date_gmt":"2025-11-24T08:56:36","guid":{"rendered":"https:\/\/www.cxjsmartcard.com\/?post_type=product&#038;p=1180"},"modified":"2025-12-29T01:27:06","modified_gmt":"2025-12-29T01:27:06","slug":"ntag213-rfid-patrol-tag","status":"publish","type":"product","link":"https:\/\/www.cxjsmartcard.com\/it\/ntag213-rfid-patrol-tag\/","title":{"rendered":"Etichetta di pattuglia RFID Ntag213"},"content":{"rendered":"<p data-start=\"40\" data-end=\"414\">Il tag RFID Ntag213 Patrol \u00e8 un tag compatto a forma di moneta, progettato per sistemi di pattugliamento, magazzino e gestione delle risorse. Realizzato in PVC, ABS o PPS, \u00e8 laminato in un disco solido resistente all&#039;acqua, all&#039;umidit\u00e0 e agli urti, quindi pu\u00f2 essere utilizzato in modo affidabile su porte, pareti, attrezzature e altre posizioni frequentemente maneggiate in ambienti industriali.<\/p>\n<p data-start=\"416\" data-end=\"763\">Il tag utilizza NTAG213 con 144 byte di memoria utente e prestazioni HF stabili, ed \u00e8 adatto alla registrazione di posti di blocco, ID di risorse, registri di ispezione e altri dati di base. La superficie piana e liscia \u00e8 ideale per la stampa di loghi, numeri di serie, codici QR o codici a barre, trasformando ogni tag sia in un supporto di identificazione che in un elemento di branding.<\/p>\n<p data-start=\"765\" data-end=\"1111\">Sono disponibili diversi materiali e strutture a seconda dell&#039;applicazione. Le versioni in PVC e ABS sono adatte alla maggior parte degli usi interni ed esterni, mentre il PPS pu\u00f2 essere selezionato per condizioni di lavoro pi\u00f9 difficili. Gli strati anti-metallo opzionali aiutano a mantenere le prestazioni di lettura quando il tag \u00e8 montato su superfici metalliche come armadi, macchinari o rack.<\/p>\n<p data-start=\"1113\" data-end=\"1488\">L&#039;installazione \u00e8 flessibile. Il tag di pattugliamento pu\u00f2 essere fornito con un robusto supporto adesivo 3M per un rapido montaggio &quot;stacca e attacca&quot;, oppure con fori per viti per il fissaggio meccanico su superfici ruvide o soggette a forti vibrazioni. Sono disponibili diverse dimensioni rotonde, tra cui 25 \/ 30 \/ 34 \/ 40 \/ 52 mm, e diametri personalizzati possono essere prodotti su richiesta per adattarsi a dispositivi esistenti o requisiti di progettazione.<\/p>\n<p data-start=\"1490\" data-end=\"1868\">Per adattarsi a sistemi diversi, \u00e8 possibile configurare diverse famiglie di chip. Le opzioni HF includono MIFARE S50, S70, NTAG213\/215\/216, MIFARE Ultralight e I CODE SLIX, per l&#039;utilizzo con i pi\u00f9 comuni lettori NFC e RFID. Per applicazioni a lungo raggio, \u00e8 possibile selezionare chip UHF come UC G2XL, H3, M4 e M5, con distanze di lettura fino a diversi metri a seconda del tipo di chip, dell&#039;antenna e del lettore.<\/p>\n<p data-start=\"1870\" data-end=\"2273\">La distanza di lettura tipica varia da un punto ravvicinato a diversi metri (0-6 m), a seconda del chip scelto, della frequenza e dell&#039;ambiente. La temperatura di esercizio da -25 \u00b0C a 60 \u00b0C copre la maggior parte degli scenari di pattugliamento, logistica e magazzino, sia in ambienti interni che semi-esterni. I clienti possono personalizzare dimensioni, tipo di chip, metodo di stampa (come serigrafia o offset), grafica della superficie, configurazione anti-metallo e modulo di installazione.<\/p>\n<p data-start=\"2275\" data-end=\"2705\">In uso, il tag RFID Ntag213 Patrol pu\u00f2 fungere da punto di controllo nei sistemi di pattugliamento di sicurezza, da identificativo per pallet e cartoni nei magazzini, da etichetta identificativa per macchinari e attrezzature o da semplice e durevole tag per il monitoraggio a lungo termine delle propriet\u00e0. Contribuisce a migliorare la precisione di lettura, velocizzare le ispezioni e supportare la registrazione digitale per piattaforme di gestione in ambito logistico, industriale, commerciale e altre strutture.<\/p>","protected":false},"excerpt":{"rendered":"<p>Il tag RFID Ntag213 Patrol \u00e8 un tag a moneta impermeabile e resistente agli urti, realizzato in PVC, ABS o PPS, con 144 byte di memoria e design anti-metallo opzionale. Supporta il montaggio con adesivo o viti in diverse dimensioni e offre opzioni di chip HF e UHF per la gestione del magazzino, il tracciamento delle risorse, le applicazioni industriali e il pattugliamento di sicurezza.<\/p>","protected":false},"featured_media":1184,"template":"","meta":{"_gspb_post_css":""},"product_brand":[],"product_cat":[29],"product_tag":[],"class_list":{"0":"post-1180","1":"product","2":"type-product","3":"status-publish","4":"has-post-thumbnail","6":"product_cat-nfc-tags","8":"first","9":"instock","10":"shipping-taxable","11":"purchasable","12":"product-type-simple"},"_links":{"self":[{"href":"https:\/\/www.cxjsmartcard.com\/it\/wp-json\/wp\/v2\/product\/1180","targetHints":{"allow":["GET"]}}],"collection":[{"href":"https:\/\/www.cxjsmartcard.com\/it\/wp-json\/wp\/v2\/product"}],"about":[{"href":"https:\/\/www.cxjsmartcard.com\/it\/wp-json\/wp\/v2\/types\/product"}],"wp:featuredmedia":[{"embeddable":true,"href":"https:\/\/www.cxjsmartcard.com\/it\/wp-json\/wp\/v2\/media\/1184"}],"wp:attachment":[{"href":"https:\/\/www.cxjsmartcard.com\/it\/wp-json\/wp\/v2\/media?parent=1180"}],"wp:term":[{"taxonomy":"product_brand","embeddable":true,"href":"https:\/\/www.cxjsmartcard.com\/it\/wp-json\/wp\/v2\/product_brand?post=1180"},{"taxonomy":"product_cat","embeddable":true,"href":"https:\/\/www.cxjsmartcard.com\/it\/wp-json\/wp\/v2\/product_cat?post=1180"},{"taxonomy":"product_tag","embeddable":true,"href":"https:\/\/www.cxjsmartcard.com\/it\/wp-json\/wp\/v2\/product_tag?post=1180"}],"curies":[{"name":"parola chiave","href":"https:\/\/api.w.org\/{rel}","templated":true}]}}