{"id":1174,"date":"2025-11-24T08:42:34","date_gmt":"2025-11-24T08:42:34","guid":{"rendered":"https:\/\/www.cxjsmartcard.com\/?post_type=product&#038;p=1174"},"modified":"2025-12-29T01:27:06","modified_gmt":"2025-12-29T01:27:06","slug":"fpc-micro-rfid-nfc-tags-stickers","status":"publish","type":"product","link":"https:\/\/www.cxjsmartcard.com\/it\/fpc-micro-rfid-nfc-tags-stickers\/","title":{"rendered":"Adesivi per tag FPC Micro RFID NFC"},"content":{"rendered":"<p data-start=\"40\" data-end=\"503\">I tag adesivi FPC micro RFID NFC sono etichette identificative ultra-piccole e flessibili, progettate per un tracciamento preciso in spazi estremamente limitati. Realizzati con un&#039;antenna FPC flessibile e materiali di base compatti, sono ideali per applicazioni quali controllo accessi, gestione delle risorse, tracciamento di piccoli oggetti (ad esempio strumenti chirurgici, prodotti farmaceutici, forniture mediche), protezione del marchio per prodotti di alto valore e persino gestione degli animali.<\/p>\n<p data-start=\"505\" data-end=\"950\">Il corpo del tag combina un&#039;antenna FPC con una base in carta, PVC o PET, offrendo una struttura sottile e flessibile, facile da integrare in spazi ristretti o superfici curve. Le dimensioni standard includono diametri rotondi di 5 mm, 7 mm, 8 mm, 9 mm, 10 mm e 15 mm, oltre ai formati rettangolari pi\u00f9 diffusi come 8\u00d78 mm, 10\u00d710 mm, 4\u00d712 mm, 6\u00d716 mm, 15\u00d715 mm e 9\u00d746 mm. Forme e dimensioni personalizzate possono essere prodotte in base a requisiti specifici del progetto.<\/p>\n<p data-start=\"952\" data-end=\"1487\">Nonostante le dimensioni ridotte, questi micro tag offrono prestazioni stabili. Il design a doppia antenna in rame supporta una distanza di lettura tipica di circa 1-10 cm (a seconda del chip, del lettore e dell&#039;ambiente), garantendo un&#039;identificazione affidabile a corto raggio dove \u00e8 importante avere zone di lettura controllate. La struttura in PET migliora le propriet\u00e0 di impermeabilit\u00e0, resistenza chimica e resistenza al calore, rendendo i tag adatti ad ambienti medici, di laboratorio e industriali in cui sono comuni pulizie frequenti, sterilizzazioni o condizioni difficili.<\/p>\n<p data-start=\"1489\" data-end=\"1990\">Per supportare un&#039;ampia gamma di sistemi, i tag sono disponibili con diversi circuiti integrati e protocolli ad alta frequenza. Le opzioni includono MIFARE Classic\u00ae, MIFARE Plus\u00ae, MIFARE DESFire\u00ae, NTAG\u00ae 203\/213\/215\/216 (NFC Forum Tipo 2), la serie MIFARE Ultralight\u00ae e i chip della famiglia ICODE\u00ae SLIX conformi agli standard ISO\/IEC 14443A, ISO 15693 e ISO 18000-3. Ci\u00f2 garantisce la compatibilit\u00e0 con i principali lettori HF, scanner industriali e smartphone abilitati NFC (per i chip di tipo NTAG e MIFARE Ultralight).<\/p>\n<p data-start=\"1992\" data-end=\"2397\">Il design pu\u00f2 essere fornito come inserto bagnato per l&#039;incorporazione o come adesivo finito con logo, grafica o stampa di codici personalizzati. Le opzioni includono numeri di serie, codici a barre, codici QR o elementi di branding per supportare la tracciabilit\u00e0 e la protezione anticontraffazione. \u00c8 disponibile anche una configurazione anti-metallo, che consente ai microtag di funzionare in modo affidabile su utensili o attrezzature metalliche senza significative perdite di prestazioni.<\/p>\n<p data-start=\"2399\" data-end=\"2643\">Ogni tag supporta oltre 100.000 cicli di lettura\/scrittura, garantendo un funzionamento stabile e duraturo per tutta la sua durata. Il design HF passivo non richiede batteria, riducendo la manutenzione e consentendo il fissaggio permanente o semipermanente agli oggetti.<\/p>\n<p data-start=\"2645\" data-end=\"2663\"><strong data-start=\"2645\" data-end=\"2661\">Caratteristiche principali<\/strong><\/p>\n<ul data-start=\"2664\" data-end=\"3335\">\n<li data-start=\"2664\" data-end=\"2748\">\n<p data-start=\"2666\" data-end=\"2748\">Ingombro ultra ridotto, a partire da 5 mm di diametro e dimensioni rettangolari compatte<\/p>\n<\/li>\n<li data-start=\"2749\" data-end=\"2818\">\n<p data-start=\"2751\" data-end=\"2818\">Antenna FPC flessibile con base in carta\/PVC\/PET per una facile integrazione<\/p>\n<\/li>\n<li data-start=\"2819\" data-end=\"2926\">\n<p data-start=\"2821\" data-end=\"2926\">Doppia struttura dell&#039;antenna in rame per una lettura stabile a corto raggio (circa 1\u201310 cm, a seconda dell&#039;applicazione)<\/p>\n<\/li>\n<li data-start=\"2927\" data-end=\"3011\">\n<p data-start=\"2929\" data-end=\"3011\">Strato in PET che offre prestazioni impermeabili, resistenti agli agenti chimici e al calore<\/p>\n<\/li>\n<li data-start=\"3012\" data-end=\"3085\">\n<p data-start=\"3014\" data-end=\"3085\">Struttura anti-metallo opzionale per l&#039;uso su utensili e attrezzature metalliche<\/p>\n<\/li>\n<li data-start=\"3086\" data-end=\"3160\">\n<p data-start=\"3088\" data-end=\"3160\">Formato intarsio bagnato o adesivo finito con logo personalizzato o stampa del codice<\/p>\n<\/li>\n<li data-start=\"3161\" data-end=\"3294\">\n<p data-start=\"3163\" data-end=\"3294\">Opzioni chip ad alta frequenza: MIFARE Classic\u00ae, MIFARE Plus\u00ae, MIFARE DESFire\u00ae, serie NTAG\u00ae, MIFARE Ultralight\u00ae, famiglia ICODE\u00ae SLIX<\/p>\n<\/li>\n<li data-start=\"3295\" data-end=\"3335\">\n<p data-start=\"3297\" data-end=\"3335\">Resistenza di lettura\/scrittura &gt;100.000 cicli<\/p>\n<\/li>\n<\/ul>\n<p data-start=\"3337\" data-end=\"3363\"><strong data-start=\"3337\" data-end=\"3361\">Applicazioni tipiche<\/strong><\/p>\n<ul data-start=\"3364\" data-end=\"4091\">\n<li data-start=\"3364\" data-end=\"3494\">\n<p data-start=\"3366\" data-end=\"3494\"><strong data-start=\"3366\" data-end=\"3392\">Medicina e assistenza sanitaria<\/strong>: Monitoraggio di strumenti chirurgici, strumenti medici riutilizzabili, prodotti farmaceutici e attrezzature sterilizzabili.<\/p>\n<\/li>\n<li data-start=\"3495\" data-end=\"3628\">\n<p data-start=\"3497\" data-end=\"3628\"><strong data-start=\"3497\" data-end=\"3526\">Industriale e di laboratorio<\/strong>: Identificazione di piccoli componenti, dispositivi, campioni e contenitori esposti a sostanze chimiche o calore.<\/p>\n<\/li>\n<li data-start=\"3629\" data-end=\"3740\">\n<p data-start=\"3631\" data-end=\"3740\"><strong data-start=\"3631\" data-end=\"3651\">Gestione delle risorse<\/strong>: Tracciamento preciso di beni o strumenti compatti e preziosi in cui le etichette normali non possono entrare.<\/p>\n<\/li>\n<li data-start=\"3741\" data-end=\"3852\">\n<p data-start=\"3743\" data-end=\"3852\"><strong data-start=\"3743\" data-end=\"3763\">Protezione del marchio<\/strong>: Etichettatura invisibile o discreta di prodotti di piccole dimensioni e di alto valore per combattere la contraffazione.<\/p>\n<\/li>\n<li data-start=\"3853\" data-end=\"3961\">\n<p data-start=\"3855\" data-end=\"3961\"><strong data-start=\"3855\" data-end=\"3876\">Gestione degli animali<\/strong>: Collari con targhetta o piccoli dispositivi per animali in cui dimensioni e comfort sono essenziali.<\/p>\n<\/li>\n<li data-start=\"3962\" data-end=\"4091\">\n<p data-start=\"3964\" data-end=\"4091\"><strong data-start=\"3964\" data-end=\"4016\">Controllo degli accessi e credenziali di piccole dimensioni<\/strong>: Integrazione in badge in miniatura, portachiavi o dispositivi di accesso incorporati.<\/p>\n<\/li>\n<\/ul>\n<p data-start=\"4093\" data-end=\"4119\"><strong data-start=\"4093\" data-end=\"4117\">Vantaggi in sintesi<\/strong><\/p>\n<ul data-start=\"4120\" data-end=\"4486\">\n<li data-start=\"4120\" data-end=\"4191\">\n<p data-start=\"4122\" data-end=\"4191\">Consente il tracciamento a livello di elemento anche su oggetti molto piccoli o irregolari<\/p>\n<\/li>\n<li data-start=\"4192\" data-end=\"4269\">\n<p data-start=\"4194\" data-end=\"4269\">Mantiene prestazioni affidabili in condizioni di umidit\u00e0, calore ed esposizione a sostanze chimiche<\/p>\n<\/li>\n<li data-start=\"4270\" data-end=\"4327\">\n<p data-start=\"4272\" data-end=\"4327\">Pu\u00f2 essere configurato per ambienti metallici o non metallici<\/p>\n<\/li>\n<li data-start=\"4328\" data-end=\"4402\">\n<p data-start=\"4330\" data-end=\"4402\">Compatibile con un ampio ecosistema di lettori HF\/NFC e dispositivi mobili<\/p>\n<\/li>\n<li data-start=\"4403\" data-end=\"4486\">\n<p data-start=\"4405\" data-end=\"4486\">Layout, dimensioni, forma e stampa altamente personalizzabili per esigenze specifiche del progetto<\/p>\n<\/li>\n<\/ul>","protected":false},"excerpt":{"rendered":"<p>I tag adesivi micro RFID NFC FPC sono etichette HF ultra-piccole e flessibili per il tracciamento preciso di oggetti di piccole dimensioni e beni di valore elevato. Disponibili in diverse dimensioni micro, opzioni di chip e forme personalizzate, offrono prestazioni impermeabili, resistenti al calore e agli agenti chimici, con struttura anti-metallo opzionale e stampa di loghi o codici personalizzati.<\/p>","protected":false},"featured_media":1175,"template":"","meta":{"_gspb_post_css":""},"product_brand":[],"product_cat":[29],"product_tag":[],"class_list":{"0":"post-1174","1":"product","2":"type-product","3":"status-publish","4":"has-post-thumbnail","6":"product_cat-nfc-tags","8":"first","9":"instock","10":"shipping-taxable","11":"purchasable","12":"product-type-simple"},"_links":{"self":[{"href":"https:\/\/www.cxjsmartcard.com\/it\/wp-json\/wp\/v2\/product\/1174","targetHints":{"allow":["GET"]}}],"collection":[{"href":"https:\/\/www.cxjsmartcard.com\/it\/wp-json\/wp\/v2\/product"}],"about":[{"href":"https:\/\/www.cxjsmartcard.com\/it\/wp-json\/wp\/v2\/types\/product"}],"wp:featuredmedia":[{"embeddable":true,"href":"https:\/\/www.cxjsmartcard.com\/it\/wp-json\/wp\/v2\/media\/1175"}],"wp:attachment":[{"href":"https:\/\/www.cxjsmartcard.com\/it\/wp-json\/wp\/v2\/media?parent=1174"}],"wp:term":[{"taxonomy":"product_brand","embeddable":true,"href":"https:\/\/www.cxjsmartcard.com\/it\/wp-json\/wp\/v2\/product_brand?post=1174"},{"taxonomy":"product_cat","embeddable":true,"href":"https:\/\/www.cxjsmartcard.com\/it\/wp-json\/wp\/v2\/product_cat?post=1174"},{"taxonomy":"product_tag","embeddable":true,"href":"https:\/\/www.cxjsmartcard.com\/it\/wp-json\/wp\/v2\/product_tag?post=1174"}],"curies":[{"name":"parola chiave","href":"https:\/\/api.w.org\/{rel}","templated":true}]}}