{"id":954,"date":"2025-11-03T09:30:20","date_gmt":"2025-11-03T09:30:20","guid":{"rendered":"https:\/\/www.cxjsmartcard.com\/?post_type=product&#038;p=954"},"modified":"2025-12-29T01:27:07","modified_gmt":"2025-12-29T01:27:07","slug":"nxp-mifare-ultralight-ev1-nfc-sticker","status":"publish","type":"product","link":"https:\/\/www.cxjsmartcard.com\/id\/nxp-mifare-ultralight-ev1-nfc-sticker\/","title":{"rendered":"Stiker NXP MIFARE Ultralight EV1 NFC"},"content":{"rendered":"<p data-start=\"49\" data-end=\"419\">Stiker NFC berbasis MIFARE Ultralight\u00ae EV1 untuk pengalaman mengetuk yang aman, cepat, dan kompatibel dengan ponsel. Ideal untuk pembayaran seluler, kontrol akses, e-tiket, loyalitas, pemasaran, dan autentikasi produk. Setiap stiker mendukung fitur anti-tabrakan dan dilengkapi UID 7-byte, memori OTP, penghitung satu arah, tanda tangan orisinalitas ECC, dan perlindungan kata sandi opsional.<\/p>\n<p data-start=\"421\" data-end=\"560\"><strong data-start=\"421\" data-end=\"445\">Bahan &amp; Percetakan<\/strong><br data-start=\"445\" data-end=\"448\" \/>Kertas, kertas berperekat, PVC, plastik lunak, atau PET dengan pencetakan penuh warna (logo, grafik, data variabel).<\/p>\n<p data-start=\"562\" data-end=\"655\"><strong data-start=\"562\" data-end=\"586\">Ukuran (dapat disesuaikan)<\/strong><br data-start=\"586\" data-end=\"589\" \/>\u00d825 mm, 25\u00d725 mm, 30\u00d730 mm, 40\u00d740 mm, 50\u00d750 mm, dan bentuk khusus.<\/p>\n<p data-start=\"657\" data-end=\"752\"><strong data-start=\"657\" data-end=\"690\">Chip yang Kompatibel (berdasarkan permintaan)<\/strong><br data-start=\"690\" data-end=\"693\" \/>MIFARE Ultralight\u00ae \/ Ultralight\u00ae C \u2022 NTAG\u00ae 203 \/ 213 \/ 216.<\/p>\n<p data-start=\"754\" data-end=\"946\"><strong data-start=\"754\" data-end=\"770\">Aplikasi<\/strong><br data-start=\"770\" data-end=\"773\" \/>Pembayaran seluler nirsentuh \u2022 Kontrol akses \u2022 Tiket elektronik acara dan tiket harian \u2022 Program loyalitas dan kampanye pemasaran \u2022 Autentikasi produk dan akses konten digital.<\/p>\n<p data-start=\"948\" data-end=\"1144\"><strong data-start=\"948\" data-end=\"964\">Manfaat Utama<\/strong><br data-start=\"964\" data-end=\"967\" \/>Transaksi cepat (&lt;35 ms) \u2022 Desain aman dan tahan gangguan \u2022 Integrasi fleksibel ke dalam tiket, kartu, dan label \u2022 Skala untuk penerapan massal dan lingkungan dengan lalu lintas tinggi.<\/p>\n<h2 data-start=\"1146\" data-end=\"1171\">Tabel (Spesifikasi)<\/h2>\n<div class=\"_tableContainer_1rjym_1\">\n<div class=\"group _tableWrapper_1rjym_13 flex w-fit flex-col-reverse\" tabindex=\"-1\">\n<table class=\"w-fit min-w-(--thread-content-width)\" data-start=\"1173\" data-end=\"2573\">\n<thead data-start=\"1173\" data-end=\"1278\">\n<tr data-start=\"1173\" data-end=\"1278\">\n<th data-start=\"1173\" data-end=\"1191\" data-col-size=\"sm\">Kategori<\/th>\n<th data-start=\"1191\" data-end=\"1214\" data-col-size=\"sm\">Parameter<\/th>\n<th data-start=\"1214\" data-end=\"1278\" data-col-size=\"md\">Nilai<\/th>\n<\/tr>\n<\/thead>\n<tbody data-start=\"1385\" data-end=\"2573\">\n<tr data-start=\"1385\" data-end=\"1490\">\n<td data-start=\"1385\" data-end=\"1403\" data-col-size=\"sm\">Produk<\/td>\n<td data-start=\"1403\" data-end=\"1426\" data-col-size=\"sm\">Jenis<\/td>\n<td data-start=\"1426\" data-end=\"1490\" data-col-size=\"md\">Stiker\/label NFC<\/td>\n<\/tr>\n<tr data-start=\"1491\" data-end=\"1596\">\n<td data-start=\"1491\" data-end=\"1509\" data-col-size=\"sm\">RF<\/td>\n<td data-start=\"1509\" data-end=\"1532\" data-col-size=\"sm\">Frekuensi<\/td>\n<td data-col-size=\"md\" data-start=\"1532\" data-end=\"1596\">13,56 MHz<\/td>\n<\/tr>\n<tr data-start=\"1597\" data-end=\"1702\">\n<td data-start=\"1597\" data-end=\"1616\" data-col-size=\"sm\"><\/td>\n<td data-col-size=\"sm\" data-start=\"1616\" data-end=\"1638\">Protokol<\/td>\n<td data-col-size=\"md\" data-start=\"1638\" data-end=\"1702\">ISO\/IEC 14443 Tipe A<\/td>\n<\/tr>\n<tr data-start=\"1703\" data-end=\"1808\">\n<td data-start=\"1703\" data-end=\"1721\" data-col-size=\"sm\">IC<\/td>\n<td data-start=\"1721\" data-end=\"1744\" data-col-size=\"sm\">Bawaan<\/td>\n<td data-col-size=\"md\" data-start=\"1744\" data-end=\"1808\">MIFARE Ultralight\u00ae EV1<\/td>\n<\/tr>\n<tr data-start=\"1809\" data-end=\"1935\">\n<td data-start=\"1809\" data-end=\"1827\" data-col-size=\"sm\">Keamanan<\/td>\n<td data-start=\"1827\" data-end=\"1850\" data-col-size=\"sm\">Fitur<\/td>\n<td data-col-size=\"md\" data-start=\"1850\" data-end=\"1935\">UID 7-byte; OTP; penghitung satu arah; tanda tangan orisinalitas ECC; perlindungan kata sandi<\/td>\n<\/tr>\n<tr data-start=\"1936\" data-end=\"2041\">\n<td data-start=\"1936\" data-end=\"1954\" data-col-size=\"sm\">Anti-tabrakan<\/td>\n<td data-col-size=\"sm\" data-start=\"1954\" data-end=\"1977\">Pembacaan Multi-tag<\/td>\n<td data-col-size=\"md\" data-start=\"1977\" data-end=\"2041\">Didukung<\/td>\n<\/tr>\n<tr data-start=\"2042\" data-end=\"2147\">\n<td data-start=\"2042\" data-end=\"2060\" data-col-size=\"sm\">Bahan<\/td>\n<td data-col-size=\"sm\" data-start=\"2060\" data-end=\"2083\">Wajah\/Substrat<\/td>\n<td data-col-size=\"md\" data-start=\"2083\" data-end=\"2147\">Kertas, kertas berperekat, PVC, plastik lunak, PET<\/td>\n<\/tr>\n<tr data-start=\"2148\" data-end=\"2253\">\n<td data-start=\"2148\" data-end=\"2166\" data-col-size=\"sm\">Ukuran<\/td>\n<td data-col-size=\"sm\" data-start=\"2166\" data-end=\"2189\">Ukuran Standar<\/td>\n<td data-col-size=\"md\" data-start=\"2189\" data-end=\"2253\">\u00d825 mm; 25\u00d725; 30\u00d730; 40\u00d740; 50\u00d750 mm; kustom<\/td>\n<\/tr>\n<tr data-start=\"2254\" data-end=\"2359\">\n<td data-start=\"2254\" data-end=\"2272\" data-col-size=\"sm\">Pencetakan<\/td>\n<td data-col-size=\"sm\" data-start=\"2272\" data-end=\"2295\">Metode<\/td>\n<td data-col-size=\"md\" data-start=\"2295\" data-end=\"2359\">Penuh warna (logo, grafik, data variabel)<\/td>\n<\/tr>\n<tr data-start=\"2360\" data-end=\"2465\">\n<td data-start=\"2360\" data-end=\"2378\" data-col-size=\"sm\">Pilihan<\/td>\n<td data-col-size=\"sm\" data-start=\"2378\" data-end=\"2401\">Keripik Alternatif<\/td>\n<td data-col-size=\"md\" data-start=\"2401\" data-end=\"2465\">Sangat ringan C; NTAG 203\/213\/216<\/td>\n<\/tr>\n<tr data-start=\"2466\" data-end=\"2573\">\n<td data-start=\"2466\" data-end=\"2484\" data-col-size=\"sm\">Kasus Penggunaan<\/td>\n<td data-start=\"2484\" data-end=\"2507\" data-col-size=\"sm\">Aplikasi<\/td>\n<td data-col-size=\"md\" data-start=\"2507\" data-end=\"2573\">Pembayaran, akses, e-tiket, loyalitas\/pemasaran, otentikasi<\/td>\n<\/tr>\n<\/tbody>\n<\/table>\n<\/div>\n<\/div>","protected":false},"excerpt":{"rendered":"<p>Stiker NFC dengan MIFARE Ultralight EV1\u2014ISO 14443A, keran cepat dan aman, anti-tabrakan, dan tampilan wajah penuh warna yang dapat dicetak untuk pembayaran, akses, tiket elektronik, dan kampanye merek.<\/p>","protected":false},"featured_media":955,"template":"","meta":{"_gspb_post_css":""},"product_brand":[],"product_cat":[29],"product_tag":[],"class_list":{"0":"post-954","1":"product","2":"type-product","3":"status-publish","4":"has-post-thumbnail","6":"product_cat-nfc-tags","8":"first","9":"instock","10":"shipping-taxable","11":"purchasable","12":"product-type-simple"},"_links":{"self":[{"href":"https:\/\/www.cxjsmartcard.com\/id\/wp-json\/wp\/v2\/product\/954","targetHints":{"allow":["GET"]}}],"collection":[{"href":"https:\/\/www.cxjsmartcard.com\/id\/wp-json\/wp\/v2\/product"}],"about":[{"href":"https:\/\/www.cxjsmartcard.com\/id\/wp-json\/wp\/v2\/types\/product"}],"wp:featuredmedia":[{"embeddable":true,"href":"https:\/\/www.cxjsmartcard.com\/id\/wp-json\/wp\/v2\/media\/955"}],"wp:attachment":[{"href":"https:\/\/www.cxjsmartcard.com\/id\/wp-json\/wp\/v2\/media?parent=954"}],"wp:term":[{"taxonomy":"product_brand","embeddable":true,"href":"https:\/\/www.cxjsmartcard.com\/id\/wp-json\/wp\/v2\/product_brand?post=954"},{"taxonomy":"product_cat","embeddable":true,"href":"https:\/\/www.cxjsmartcard.com\/id\/wp-json\/wp\/v2\/product_cat?post=954"},{"taxonomy":"product_tag","embeddable":true,"href":"https:\/\/www.cxjsmartcard.com\/id\/wp-json\/wp\/v2\/product_tag?post=954"}],"curies":[{"name":"wp","href":"https:\/\/api.w.org\/{rel}","templated":true}]}}