{"id":746,"date":"2025-11-03T07:05:39","date_gmt":"2025-11-03T07:05:39","guid":{"rendered":"https:\/\/www.cxjsmartcard.com\/?post_type=product&#038;p=746"},"modified":"2025-12-29T01:27:10","modified_gmt":"2025-12-29T01:27:10","slug":"washable-pps-iso15693-icode-slix-laundry-rfid-tag","status":"publish","type":"product","link":"https:\/\/www.cxjsmartcard.com\/id\/washable-pps-iso15693-icode-slix-laundry-rfid-tag\/","title":{"rendered":"Tag RFID Laundry PPS ISO15693 ICODE SLIX yang Dapat Dicuci"},"content":{"rendered":"<p data-start=\"61\" data-end=\"361\">Tag RFID laundry ICODE SLIX ISO15693 ini menggunakan bahan PPS suhu tinggi dengan kemasan PPS dua sisi untuk ketahanan yang kuat, <strong data-start=\"199\" data-end=\"249\">tahan air, tahan guncangan, dan tahan lembab<\/strong> Dapat dijahit ke dalam pakaian atau disisipkan ke dalam label dan mendukung penomoran langsung dengan sablon sutra atau laser.<\/p>\n<p data-start=\"363\" data-end=\"377\"><strong data-start=\"363\" data-end=\"375\">Fitur<\/strong><\/p>\n<ol data-start=\"378\" data-end=\"757\">\n<li data-start=\"378\" data-end=\"444\">\n<p data-start=\"381\" data-end=\"444\">Transponder identifikasi yang dapat dicuci untuk aplikasi garmen.<\/p>\n<\/li>\n<li data-start=\"445\" data-end=\"521\">\n<p data-start=\"448\" data-end=\"521\">Desain yang kokoh untuk lingkungan pencucian yang keras; tahan terhadap bahan korosif.<\/p>\n<\/li>\n<li data-start=\"522\" data-end=\"600\">\n<p data-start=\"525\" data-end=\"600\">100% kedap air dan tahan suhu tinggi, ramah lingkungan.<\/p>\n<\/li>\n<li data-start=\"601\" data-end=\"678\">\n<p data-start=\"604\" data-end=\"678\">Cocok untuk pakaian, seragam, kostum, dan pakaian pasien rumah sakit.<\/p>\n<\/li>\n<li data-start=\"679\" data-end=\"757\">\n<p data-start=\"682\" data-end=\"757\">Operasi Baca\/Tulis dengan pemilihan chip yang dapat disesuaikan dengan sistem Anda.<\/p>\n<\/li>\n<\/ol>\n<p data-start=\"759\" data-end=\"930\"><strong data-start=\"759\" data-end=\"775\">Aplikasi<\/strong><br data-start=\"775\" data-end=\"778\" \/>Manajemen pakaian, kontrol keamanan, tempat binatu (termasuk kelas industri), dan lingkungan keras lainnya yang memerlukan penandaan RFID yang tahan lama dan dapat dicuci.<\/p>\n<h2 data-start=\"932\" data-end=\"957\">Tabel (Spesifikasi)<\/h2>\n<div class=\"_tableContainer_1rjym_1\">\n<div class=\"group _tableWrapper_1rjym_13 flex w-fit flex-col-reverse\" tabindex=\"-1\">\n<table class=\"w-fit min-w-(--thread-content-width)\" data-start=\"958\" data-end=\"2813\">\n<thead data-start=\"958\" data-end=\"1073\">\n<tr data-start=\"958\" data-end=\"1073\">\n<th data-start=\"958\" data-end=\"984\" data-col-size=\"sm\">Kategori<\/th>\n<th data-start=\"984\" data-end=\"1010\" data-col-size=\"sm\">Parameter<\/th>\n<th data-start=\"1010\" data-end=\"1073\" data-col-size=\"sm\">Nilai<\/th>\n<\/tr>\n<\/thead>\n<tbody data-start=\"1190\" data-end=\"2813\">\n<tr data-start=\"1190\" data-end=\"1305\">\n<td data-start=\"1190\" data-end=\"1216\" data-col-size=\"sm\">Produk<\/td>\n<td data-col-size=\"sm\" data-start=\"1216\" data-end=\"1242\">Barang<\/td>\n<td data-col-size=\"sm\" data-start=\"1242\" data-end=\"1305\">Label cucian PPS RFID<\/td>\n<\/tr>\n<tr data-start=\"1306\" data-end=\"1421\">\n<td data-start=\"1306\" data-end=\"1332\" data-col-size=\"sm\">Fitur Khusus<\/td>\n<td data-col-size=\"sm\" data-start=\"1332\" data-end=\"1358\">Atribut<\/td>\n<td data-col-size=\"sm\" data-start=\"1358\" data-end=\"1421\">Tahan Air \/ Tahan Cuaca, Mini tag<\/td>\n<\/tr>\n<tr data-start=\"1422\" data-end=\"1537\">\n<td data-start=\"1422\" data-end=\"1448\" data-col-size=\"sm\">Komunikasi<\/td>\n<td data-col-size=\"sm\" data-start=\"1448\" data-end=\"1474\">Antarmuka<\/td>\n<td data-col-size=\"sm\" data-start=\"1474\" data-end=\"1537\">RFID, NFC<\/td>\n<\/tr>\n<tr data-start=\"1538\" data-end=\"1653\">\n<td data-start=\"1538\" data-end=\"1564\" data-col-size=\"sm\">Bahan<\/td>\n<td data-col-size=\"sm\" data-start=\"1564\" data-end=\"1590\">Tubuh<\/td>\n<td data-col-size=\"sm\" data-start=\"1590\" data-end=\"1653\">PPS<\/td>\n<\/tr>\n<tr data-start=\"1654\" data-end=\"1769\">\n<td data-start=\"1654\" data-end=\"1680\" data-col-size=\"sm\">Ukuran<\/td>\n<td data-col-size=\"sm\" data-start=\"1680\" data-end=\"1706\">Pilihan Ukuran<\/td>\n<td data-col-size=\"sm\" data-start=\"1706\" data-end=\"1769\">\u00d818mm, \u00d820mm, \u00d822mm, \u00d830mm<\/td>\n<\/tr>\n<tr data-start=\"1770\" data-end=\"1885\">\n<td data-start=\"1770\" data-end=\"1796\" data-col-size=\"sm\">RF<\/td>\n<td data-col-size=\"sm\" data-start=\"1796\" data-end=\"1822\">Frekuensi<\/td>\n<td data-col-size=\"sm\" data-start=\"1822\" data-end=\"1885\">13,56 MHz<\/td>\n<\/tr>\n<tr data-start=\"1886\" data-end=\"2001\">\n<td data-start=\"1886\" data-end=\"1912\" data-col-size=\"sm\"><\/td>\n<td data-col-size=\"sm\" data-start=\"1912\" data-end=\"1938\">Protokol<\/td>\n<td data-col-size=\"sm\" data-start=\"1938\" data-end=\"2001\">Standar ISO\/IEC 15693<\/td>\n<\/tr>\n<tr data-start=\"2002\" data-end=\"2117\">\n<td data-start=\"2002\" data-end=\"2028\" data-col-size=\"sm\">Lingkungan<\/td>\n<td data-start=\"2028\" data-end=\"2054\" data-col-size=\"sm\">Suhu Operasional<\/td>\n<td data-col-size=\"sm\" data-start=\"2054\" data-end=\"2117\">-25 \u2103 hingga +75 \u2103<\/td>\n<\/tr>\n<tr data-start=\"2118\" data-end=\"2233\">\n<td data-start=\"2118\" data-end=\"2144\" data-col-size=\"sm\"><\/td>\n<td data-col-size=\"sm\" data-start=\"2144\" data-end=\"2170\">Suhu Penyimpanan<\/td>\n<td data-col-size=\"sm\" data-start=\"2170\" data-end=\"2233\">-55 \u2103 hingga +220 \u2103<\/td>\n<\/tr>\n<tr data-start=\"2234\" data-end=\"2349\">\n<td data-start=\"2234\" data-end=\"2260\" data-col-size=\"sm\">Kompatibilitas Proses<\/td>\n<td data-col-size=\"sm\" data-start=\"2260\" data-end=\"2286\">Metode Pencucian<\/td>\n<td data-col-size=\"sm\" data-start=\"2286\" data-end=\"2349\">Binatu, cuci kering<\/td>\n<\/tr>\n<tr data-start=\"2350\" data-end=\"2465\">\n<td data-start=\"2350\" data-end=\"2376\" data-col-size=\"sm\">Daya tahan<\/td>\n<td data-col-size=\"sm\" data-start=\"2376\" data-end=\"2402\">Cuci Kehidupan<\/td>\n<td data-col-size=\"sm\" data-start=\"2402\" data-end=\"2465\">200 siklus pencucian<\/td>\n<\/tr>\n<tr data-start=\"2466\" data-end=\"2581\">\n<td data-start=\"2466\" data-end=\"2492\" data-col-size=\"sm\">Data<\/td>\n<td data-col-size=\"sm\" data-start=\"2492\" data-end=\"2518\">Penyimpanan Data Chip<\/td>\n<td data-col-size=\"sm\" data-start=\"2518\" data-end=\"2581\">10 tahun<\/td>\n<\/tr>\n<tr data-start=\"2582\" data-end=\"2697\">\n<td data-start=\"2582\" data-end=\"2608\" data-col-size=\"sm\">Metode Penandaan<\/td>\n<td data-col-size=\"sm\" data-start=\"2608\" data-end=\"2634\">Lampiran<\/td>\n<td data-col-size=\"sm\" data-start=\"2634\" data-end=\"2697\">Menjahit, sisipan<\/td>\n<\/tr>\n<tr data-start=\"2698\" data-end=\"2813\">\n<td data-start=\"2698\" data-end=\"2724\" data-col-size=\"sm\">Operasi<\/td>\n<td data-col-size=\"sm\" data-start=\"2724\" data-end=\"2750\">Mode Kerja<\/td>\n<td data-col-size=\"sm\" data-start=\"2750\" data-end=\"2813\">Baca\/Tulis<\/td>\n<\/tr>\n<\/tbody>\n<\/table>\n<\/div>\n<\/div>","protected":false},"excerpt":{"rendered":"<p>Label cucian PPS ISO15693 ICODE SLIX yang dapat dicuci\u2014kuat, kedap air, dan tahan bahan kimia untuk pakaian dan seragam; 13,56 MHz R\/W dengan daya tahan 200 siklus.<\/p>","protected":false},"featured_media":747,"template":"","meta":{"_gspb_post_css":""},"product_brand":[],"product_cat":[17,19],"product_tag":[],"class_list":{"0":"post-746","1":"product","2":"type-product","3":"status-publish","4":"has-post-thumbnail","6":"product_cat-rfid-laundry-tags","7":"product_cat-pps-rfid-laundry-tags","9":"first","10":"instock","11":"shipping-taxable","12":"purchasable","13":"product-type-simple"},"_links":{"self":[{"href":"https:\/\/www.cxjsmartcard.com\/id\/wp-json\/wp\/v2\/product\/746","targetHints":{"allow":["GET"]}}],"collection":[{"href":"https:\/\/www.cxjsmartcard.com\/id\/wp-json\/wp\/v2\/product"}],"about":[{"href":"https:\/\/www.cxjsmartcard.com\/id\/wp-json\/wp\/v2\/types\/product"}],"wp:featuredmedia":[{"embeddable":true,"href":"https:\/\/www.cxjsmartcard.com\/id\/wp-json\/wp\/v2\/media\/747"}],"wp:attachment":[{"href":"https:\/\/www.cxjsmartcard.com\/id\/wp-json\/wp\/v2\/media?parent=746"}],"wp:term":[{"taxonomy":"product_brand","embeddable":true,"href":"https:\/\/www.cxjsmartcard.com\/id\/wp-json\/wp\/v2\/product_brand?post=746"},{"taxonomy":"product_cat","embeddable":true,"href":"https:\/\/www.cxjsmartcard.com\/id\/wp-json\/wp\/v2\/product_cat?post=746"},{"taxonomy":"product_tag","embeddable":true,"href":"https:\/\/www.cxjsmartcard.com\/id\/wp-json\/wp\/v2\/product_tag?post=746"}],"curies":[{"name":"wp","href":"https:\/\/api.w.org\/{rel}","templated":true}]}}