{"id":701,"date":"2025-11-03T06:44:06","date_gmt":"2025-11-03T06:44:06","guid":{"rendered":"https:\/\/www.cxjsmartcard.com\/?post_type=product&#038;p=701"},"modified":"2025-12-29T01:27:11","modified_gmt":"2025-12-29T01:27:11","slug":"textile-washable-waterproof-uhf-rfid-laundry-tags","status":"publish","type":"product","link":"https:\/\/www.cxjsmartcard.com\/id\/textile-washable-waterproof-uhf-rfid-laundry-tags\/","title":{"rendered":"Label Binatu UHF RFID Tahan Air dan Dapat Dicuci untuk Tekstil"},"content":{"rendered":"<p data-start=\"141\" data-end=\"525\">Label Laundry UHF RFID Tahan Air yang Dapat Dicuci dan Dicuci untuk Tekstil adalah label yang tidak dapat dipindahtangankan dengan lapisan RFID yang disegel dengan aman di dalamnya untuk menyimpan dan mentransfer data dengan andal. Label ini tahan terhadap suhu tinggi dan lingkungan yang keras. Label ini khususnya digunakan dalam manajemen linen dan rantai laundry. Label tersedia dalam berbagai ukuran, dan dapat ditempel dengan cara dijahit, direkatkan, disematkan, atau diikat.<\/p>\n<p data-start=\"527\" data-end=\"541\"><strong data-start=\"527\" data-end=\"539\">Fitur<\/strong><\/p>\n<ol data-start=\"542\" data-end=\"899\">\n<li data-start=\"542\" data-end=\"602\">\n<p data-start=\"545\" data-end=\"602\">Teknologi UHF untuk membaca ratusan tag secara bersamaan.<\/p>\n<\/li>\n<li data-start=\"603\" data-end=\"642\">\n<p data-start=\"606\" data-end=\"642\">Jarak baca lebih dari 8 kaki.<\/p>\n<\/li>\n<li data-start=\"643\" data-end=\"711\">\n<p data-start=\"646\" data-end=\"711\">Desain mekanis baru untuk meningkatkan kinerja linen datar.<\/p>\n<\/li>\n<li data-start=\"712\" data-end=\"768\">\n<p data-start=\"715\" data-end=\"768\">Cocok untuk ekstraktor bertekanan tinggi hingga 60 bar.<\/p>\n<\/li>\n<li data-start=\"769\" data-end=\"811\">\n<p data-start=\"772\" data-end=\"811\">Cocok untuk sterilisasi autoklaf.<\/p>\n<\/li>\n<li data-start=\"812\" data-end=\"899\">\n<p data-start=\"815\" data-end=\"899\">Bahan kecil, lembut, fleksibel, ideal untuk tekstil, linen, pakaian dan aksesori.<\/p>\n<\/li>\n<\/ol>\n<p data-start=\"901\" data-end=\"1018\"><strong data-start=\"901\" data-end=\"925\">Aplikasi Bisnis<\/strong><br data-start=\"925\" data-end=\"928\" \/>Bidang aplikasi: Ruang binatu, hotel, sekolah, kontrol kualitas, manajemen inventaris, dll.<\/p>\n<p data-start=\"1020\" data-end=\"1050\"><strong data-start=\"1020\" data-end=\"1048\">Bagaimana cara memasang tag?<\/strong><\/p>\n<ol data-start=\"1051\" data-end=\"1195\">\n<li data-start=\"1051\" data-end=\"1109\">\n<p data-start=\"1054\" data-end=\"1109\">Hindari antena dan pasang dengan menjahit kedua ujungnya.<\/p>\n<\/li>\n<li data-start=\"1110\" data-end=\"1195\">\n<p data-start=\"1113\" data-end=\"1195\">Pasangnya dengan menyetrika pada suhu tinggi 210 derajat Celcius selama 15 detik.<\/p>\n<\/li>\n<\/ol>\n<p data-start=\"1197\" data-end=\"1534\"><strong data-start=\"1197\" data-end=\"1249\">Mengapa Menggunakan Label Binatu RFID di Binatu Industri?<\/strong><br data-start=\"1249\" data-end=\"1252\" \/>Label cucian RFID menghadirkan otomatisasi pada operasi cucian bervolume tinggi, mengurangi tenaga kerja manual dan kesalahan manusia. Dirancang untuk laundry komersial, seragam medis, dan linen rumah sakit, label ini menyederhanakan pelacakan dan pengelolaan dengan memungkinkan transmisi data yang lancar ke pembaca RFID.<\/p>\n<p data-start=\"1536\" data-end=\"1716\"><strong data-start=\"1536\" data-end=\"1568\">FAQ Tentang Label Laundry RFID<\/strong><br data-start=\"1568\" data-end=\"1571\" \/><strong data-start=\"1571\" data-end=\"1577\">Q:<\/strong> Apakah label ini dapat bertahan pada pengering industri?<br data-start=\"1619\" data-end=\"1622\" \/><strong data-start=\"1622\" data-end=\"1628\">A:<\/strong> Ya, tag RFID UHF yang dapat dicuci ini dirancang untuk menahan panas dan tekanan tinggi.<\/p>\n<p data-start=\"1718\" data-end=\"1834\"><strong data-start=\"1718\" data-end=\"1724\">Q:<\/strong> Pembaca RFID apa yang kompatibel?<br data-start=\"1758\" data-end=\"1761\" \/><strong data-start=\"1761\" data-end=\"1767\">A:<\/strong> Pembaca apa pun yang mendukung standar ISO 18000-6C atau EPC Kelas 1 Gen2.<\/p>\n<p data-start=\"1836\" data-end=\"2028\"><strong data-start=\"1836\" data-end=\"1842\">Q:<\/strong> Bagaimana cara mengintegrasikannya ke sistem saya saat ini?<br data-start=\"1890\" data-end=\"1893\" \/><strong data-start=\"1893\" data-end=\"1899\">A:<\/strong> Kami menyediakan dukungan teknis penuh. Silakan isi formulir di bawah ini dan beri tahu kami jenis pembaca atau pengaturan antena yang Anda butuhkan.<\/p>\n<p data-start=\"2030\" data-end=\"2188\"><strong data-start=\"2030\" data-end=\"2038\">\u7b80\u8981\u63cf\u8ff0<\/strong><br data-start=\"2038\" data-end=\"2041\" \/>Label cucian UHF RFID yang tahan lama untuk tekstil dan garmen. Tahan air, dapat dicuci, dan tahan lama\u2014ideal untuk pelacakan dan pengelolaan cucian industri.<\/p>\n<h2 data-start=\"2190\" data-end=\"2215\">Tabel (Spesifikasi)<\/h2>\n<div class=\"_tableContainer_1rjym_1\">\n<div class=\"group _tableWrapper_1rjym_13 flex w-fit flex-col-reverse\" tabindex=\"-1\">\n<table class=\"w-fit min-w-(--thread-content-width)\" data-start=\"2217\" data-end=\"4716\">\n<thead data-start=\"2217\" data-end=\"2341\">\n<tr data-start=\"2217\" data-end=\"2341\">\n<th data-start=\"2217\" data-end=\"2242\" data-col-size=\"sm\">Kategori<\/th>\n<th data-start=\"2242\" data-end=\"2268\" data-col-size=\"sm\">Parameter<\/th>\n<th data-start=\"2268\" data-end=\"2341\" data-col-size=\"md\">Nilai<\/th>\n<\/tr>\n<\/thead>\n<tbody data-start=\"2467\" data-end=\"4716\">\n<tr data-start=\"2467\" data-end=\"2591\">\n<td data-start=\"2467\" data-end=\"2492\" data-col-size=\"sm\">Parameter Fisik<\/td>\n<td data-col-size=\"sm\" data-start=\"2492\" data-end=\"2518\">Ukuran produk<\/td>\n<td data-col-size=\"md\" data-start=\"2518\" data-end=\"2591\">55\u00d710\u00d72,2 mm; 70\u00d715\u00d71,5 mm; dll.<\/td>\n<\/tr>\n<tr data-start=\"2592\" data-end=\"2716\">\n<td data-start=\"2592\" data-end=\"2617\" data-col-size=\"sm\"><\/td>\n<td data-start=\"2617\" data-end=\"2643\" data-col-size=\"sm\">Bahan<\/td>\n<td data-col-size=\"md\" data-start=\"2643\" data-end=\"2716\">100% poliester<\/td>\n<\/tr>\n<tr data-start=\"2717\" data-end=\"2841\">\n<td data-start=\"2717\" data-end=\"2742\" data-col-size=\"sm\"><\/td>\n<td data-col-size=\"sm\" data-start=\"2742\" data-end=\"2768\">Warna<\/td>\n<td data-col-size=\"md\" data-start=\"2768\" data-end=\"2841\">Biru, putih (yang lain menyesuaikan)<\/td>\n<\/tr>\n<tr data-start=\"2842\" data-end=\"2966\">\n<td data-start=\"2842\" data-end=\"2867\" data-col-size=\"sm\"><\/td>\n<td data-col-size=\"sm\" data-start=\"2867\" data-end=\"2893\">Keahlian<\/td>\n<td data-col-size=\"md\" data-start=\"2893\" data-end=\"2966\">Pencetakan logo, pencetakan nomor laser<\/td>\n<\/tr>\n<tr data-start=\"2967\" data-end=\"3091\">\n<td data-start=\"2967\" data-end=\"2992\" data-col-size=\"sm\">Lingkungan<\/td>\n<td data-col-size=\"sm\" data-start=\"2992\" data-end=\"3018\">Suhu kerja<\/td>\n<td data-col-size=\"md\" data-start=\"3018\" data-end=\"3091\">-40 ~ +160 \u00b0C (160 \u00b0C \/ 20 menit)<\/td>\n<\/tr>\n<tr data-start=\"3092\" data-end=\"3216\">\n<td data-start=\"3092\" data-end=\"3117\" data-col-size=\"sm\"><\/td>\n<td data-start=\"3117\" data-end=\"3143\" data-col-size=\"sm\">Suhu penyimpanan<\/td>\n<td data-col-size=\"md\" data-start=\"3143\" data-end=\"3216\">-40 ~ +160 \u00b0C (160 \u00b0C \/ 20 menit)<\/td>\n<\/tr>\n<tr data-start=\"3217\" data-end=\"3341\">\n<td data-start=\"3217\" data-end=\"3242\" data-col-size=\"sm\">Teknis<\/td>\n<td data-col-size=\"sm\" data-start=\"3242\" data-end=\"3268\">Frekuensi kerja<\/td>\n<td data-col-size=\"md\" data-start=\"3268\" data-end=\"3341\">840 ~ 960 MHz<\/td>\n<\/tr>\n<tr data-start=\"3342\" data-end=\"3466\">\n<td data-start=\"3342\" data-end=\"3367\" data-col-size=\"sm\"><\/td>\n<td data-col-size=\"sm\" data-start=\"3367\" data-end=\"3393\">Keripik<\/td>\n<td data-col-size=\"md\" data-start=\"3393\" data-end=\"3466\">NXP U KODE 9<\/td>\n<\/tr>\n<tr data-start=\"3467\" data-end=\"3591\">\n<td data-start=\"3467\" data-end=\"3492\" data-col-size=\"sm\"><\/td>\n<td data-col-size=\"sm\" data-start=\"3492\" data-end=\"3518\">Protokol<\/td>\n<td data-col-size=\"md\" data-start=\"3518\" data-end=\"3591\">ISO18000-6C, EPC Kelas Gen 2<\/td>\n<\/tr>\n<tr data-start=\"3592\" data-end=\"3716\">\n<td data-start=\"3592\" data-end=\"3617\" data-col-size=\"sm\"><\/td>\n<td data-col-size=\"sm\" data-start=\"3617\" data-end=\"3643\">Kekal<\/td>\n<td data-col-size=\"md\" data-start=\"3643\" data-end=\"3716\">Cuci normal 200 kali<\/td>\n<\/tr>\n<tr data-start=\"3717\" data-end=\"3841\">\n<td data-start=\"3717\" data-end=\"3742\" data-col-size=\"sm\"><\/td>\n<td data-col-size=\"sm\" data-start=\"3742\" data-end=\"3768\">Jangkauan membaca<\/td>\n<td data-col-size=\"md\" data-start=\"3768\" data-end=\"3841\">10 m<\/td>\n<\/tr>\n<tr data-start=\"3842\" data-end=\"3966\">\n<td data-start=\"3842\" data-end=\"3867\" data-col-size=\"sm\">Performa\/Penanganan<\/td>\n<td data-start=\"3867\" data-end=\"3893\" data-col-size=\"sm\">Pembacaan simultan<\/td>\n<td data-start=\"3893\" data-end=\"3966\" data-col-size=\"md\">Ratusan tag (UHF)<\/td>\n<\/tr>\n<tr data-start=\"3967\" data-end=\"4091\">\n<td data-start=\"3967\" data-end=\"3992\" data-col-size=\"sm\"><\/td>\n<td data-col-size=\"sm\" data-start=\"3992\" data-end=\"4018\">Kompatibilitas ekstraktor<\/td>\n<td data-col-size=\"md\" data-start=\"4018\" data-end=\"4091\">Ekstraktor tekanan tinggi hingga 60 bar<\/td>\n<\/tr>\n<tr data-start=\"4092\" data-end=\"4216\">\n<td data-start=\"4092\" data-end=\"4117\" data-col-size=\"sm\"><\/td>\n<td data-col-size=\"sm\" data-start=\"4117\" data-end=\"4143\">Sterilisasi<\/td>\n<td data-col-size=\"md\" data-start=\"4143\" data-end=\"4216\">Cocok untuk Autoklaf<\/td>\n<\/tr>\n<tr data-start=\"4217\" data-end=\"4341\">\n<td data-start=\"4217\" data-end=\"4242\" data-col-size=\"sm\">Faktor bentuk<\/td>\n<td data-start=\"4242\" data-end=\"4268\" data-col-size=\"sm\">Konstruksi<\/td>\n<td data-col-size=\"md\" data-start=\"4268\" data-end=\"4341\">Kecil, lembut, fleksibel\u2014ideal untuk tekstil\/linen\/pakaian\/aksesoris<\/td>\n<\/tr>\n<tr data-start=\"4342\" data-end=\"4466\">\n<td data-start=\"4342\" data-end=\"4367\" data-col-size=\"sm\">Instalasi<\/td>\n<td data-start=\"4367\" data-end=\"4393\" data-col-size=\"sm\">Jahit<\/td>\n<td data-col-size=\"md\" data-start=\"4393\" data-end=\"4466\">Jahit kedua ujungnya; hindari antena<\/td>\n<\/tr>\n<tr data-start=\"4467\" data-end=\"4591\">\n<td data-start=\"4467\" data-end=\"4492\" data-col-size=\"sm\"><\/td>\n<td data-start=\"4492\" data-end=\"4518\" data-col-size=\"sm\">Mesin press panas<\/td>\n<td data-start=\"4518\" data-end=\"4591\" data-col-size=\"md\">Setrika pada suhu 210 \u00b0C selama 15 detik<\/td>\n<\/tr>\n<tr data-start=\"4592\" data-end=\"4716\">\n<td data-start=\"4592\" data-end=\"4617\" data-col-size=\"sm\">Aplikasi<\/td>\n<td data-col-size=\"sm\" data-start=\"4617\" data-end=\"4643\">Kasus penggunaan umum<\/td>\n<td data-col-size=\"md\" data-start=\"4643\" data-end=\"4716\">Ruang cuci, hotel, sekolah, kontrol kualitas, manajemen inventaris<\/td>\n<\/tr>\n<\/tbody>\n<\/table>\n<\/div>\n<\/div>","protected":false},"excerpt":{"rendered":"<p>Label cucian UHF RFID yang tahan lama, dapat dicuci, dan kedap air untuk tekstil dan linen, dengan jangkauan baca yang jauh, tahan terhadap suhu tinggi, dan mendukung autoklaf serta ekstraktor 60 bar.<\/p>","protected":false},"featured_media":702,"template":"","meta":{"_gspb_post_css":""},"product_brand":[],"product_cat":[17,18],"product_tag":[],"class_list":{"0":"post-701","1":"product","2":"type-product","3":"status-publish","4":"has-post-thumbnail","6":"product_cat-rfid-laundry-tags","7":"product_cat-textile-rfid-laundry-tags","9":"first","10":"instock","11":"shipping-taxable","12":"purchasable","13":"product-type-simple"},"_links":{"self":[{"href":"https:\/\/www.cxjsmartcard.com\/id\/wp-json\/wp\/v2\/product\/701","targetHints":{"allow":["GET"]}}],"collection":[{"href":"https:\/\/www.cxjsmartcard.com\/id\/wp-json\/wp\/v2\/product"}],"about":[{"href":"https:\/\/www.cxjsmartcard.com\/id\/wp-json\/wp\/v2\/types\/product"}],"wp:featuredmedia":[{"embeddable":true,"href":"https:\/\/www.cxjsmartcard.com\/id\/wp-json\/wp\/v2\/media\/702"}],"wp:attachment":[{"href":"https:\/\/www.cxjsmartcard.com\/id\/wp-json\/wp\/v2\/media?parent=701"}],"wp:term":[{"taxonomy":"product_brand","embeddable":true,"href":"https:\/\/www.cxjsmartcard.com\/id\/wp-json\/wp\/v2\/product_brand?post=701"},{"taxonomy":"product_cat","embeddable":true,"href":"https:\/\/www.cxjsmartcard.com\/id\/wp-json\/wp\/v2\/product_cat?post=701"},{"taxonomy":"product_tag","embeddable":true,"href":"https:\/\/www.cxjsmartcard.com\/id\/wp-json\/wp\/v2\/product_tag?post=701"}],"curies":[{"name":"wp","href":"https:\/\/api.w.org\/{rel}","templated":true}]}}