{"id":995,"date":"2025-11-03T09:46:30","date_gmt":"2025-11-03T09:46:30","guid":{"rendered":"https:\/\/www.cxjsmartcard.com\/?post_type=product&#038;p=995"},"modified":"2025-12-29T01:27:06","modified_gmt":"2025-12-29T01:27:06","slug":"uhf-rfid-keychain-key-fob","status":"publish","type":"product","link":"https:\/\/www.cxjsmartcard.com\/fr\/uhf-rfid-keychain-key-fob\/","title":{"rendered":"Porte-cl\u00e9s RFID UHF"},"content":{"rendered":"<p data-start=\"37\" data-end=\"311\">Porte-cl\u00e9s RFID UHF en ABS pour le suivi des actifs, le contr\u00f4le d&#039;acc\u00e8s et la logistique. Fonctionne sur la fr\u00e9quence 860\u2013960 MHz (EPC Gen2), prend en charge la lecture simultan\u00e9e de plusieurs \u00e9tiquettes et est l\u00e9ger, durable et personnalisable pour un usage individuel ou professionnel.<\/p>\n<p data-start=\"313\" data-end=\"331\"><strong data-start=\"313\" data-end=\"329\">Caract\u00e9ristiques principales<\/strong><\/p>\n<ul data-start=\"332\" data-end=\"806\">\n<li data-start=\"332\" data-end=\"389\">\n<p data-start=\"334\" data-end=\"389\">Coque en ABS ; r\u00e9sistante aux chocs et \u00e0 la corrosion ; de \u221220 \u2103 \u00e0 +70 \u2103<\/p>\n<\/li>\n<li data-start=\"390\" data-end=\"460\">\n<p data-start=\"392\" data-end=\"460\">UHF 860\u2013960 MHz\u00a0; EPC C1G2\/ISO 18000-6C\u00a0; m\u00e9moire EPC\/utilisateur de 96 \u00e0 512 bits<\/p>\n<\/li>\n<li data-start=\"461\" data-end=\"517\">\n<p data-start=\"463\" data-end=\"517\">Distance de lecture\u00a0: 3 \u00e0 10\u00a0m (selon le lecteur et l\u2019environnement)<\/p>\n<\/li>\n<li data-start=\"518\" data-end=\"575\">\n<p data-start=\"520\" data-end=\"575\">Identification multi-\u00e9tiquettes pour une num\u00e9risation \u00e0 haute efficacit\u00e9<\/p>\n<\/li>\n<li data-start=\"576\" data-end=\"643\">\n<p data-start=\"578\" data-end=\"643\">Compact\u00a0: dimensions typiques de 50 \u00d7 30 \u00d7 5 mm\u00a0; poids de 10 \u00e0 20 g\u00a0; anneau porte-cl\u00e9s\/lani\u00e8re<\/p>\n<\/li>\n<li data-start=\"644\" data-end=\"701\">\n<p data-start=\"646\" data-end=\"701\">Protection IP65\/IP67 en option\u00a0; dur\u00e9e de vie &gt; 10 ans<\/p>\n<\/li>\n<li data-start=\"702\" data-end=\"749\">\n<p data-start=\"704\" data-end=\"749\">Options de puces\u00a0: NXP UCODE 8\/9, Alien H3\/H4\/H9<\/p>\n<\/li>\n<li data-start=\"750\" data-end=\"806\">\n<p data-start=\"752\" data-end=\"806\">Variante HF (13,56 MHz, ISO 14443A) en option sur demande<\/p>\n<\/li>\n<\/ul>\n<p data-start=\"808\" data-end=\"984\"><strong data-start=\"808\" data-end=\"824\">Applications<\/strong><br data-start=\"824\" data-end=\"827\" \/>Gestion des actifs d&#039;entreprise \u2022 Contr\u00f4le d&#039;acc\u00e8s intelligent et enregistrement \u2022 Entreposage et logistique \u2022 Tra\u00e7abilit\u00e9 du commerce de d\u00e9tail\/lutte contre la contrefa\u00e7on \u2022 \u00c9tiquetage des animaux de compagnie\/objets de valeur.<\/p>\n<p data-start=\"986\" data-end=\"1175\"><strong data-start=\"986\" data-end=\"1016\">Groupes de clients concern\u00e9s<\/strong><br data-start=\"1016\" data-end=\"1019\" \/>Logistique et cha\u00eene d&#039;approvisionnement \u2022 Op\u00e9rations de fabrication et d&#039;entrep\u00f4t \u2022 B\u00e2timents intelligents\/gestion immobili\u00e8re \u2022 Marques de vente au d\u00e9tail\/services anti-contrefa\u00e7on \u2022 Utilisateurs individuels.<\/p>\n<h2 data-start=\"1177\" data-end=\"1202\">Tableau (Sp\u00e9cifications)<\/h2>\n<div class=\"_tableContainer_1rjym_1\">\n<div class=\"group _tableWrapper_1rjym_13 flex w-fit flex-col-reverse\" tabindex=\"-1\">\n<table class=\"w-fit min-w-(--thread-content-width)\" data-start=\"1204\" data-end=\"3123\">\n<thead data-start=\"1204\" data-end=\"1305\">\n<tr data-start=\"1204\" data-end=\"1305\">\n<th data-start=\"1204\" data-end=\"1225\" data-col-size=\"sm\">Cat\u00e9gorie<\/th>\n<th data-start=\"1225\" data-end=\"1253\" data-col-size=\"sm\">Param\u00e8tre<\/th>\n<th data-start=\"1253\" data-end=\"1305\" data-col-size=\"md\">Valeur<\/th>\n<\/tr>\n<\/thead>\n<tbody data-start=\"1407\" data-end=\"3123\">\n<tr data-start=\"1407\" data-end=\"1507\">\n<td data-start=\"1407\" data-end=\"1427\" data-col-size=\"sm\">Produit<\/td>\n<td data-col-size=\"sm\" data-start=\"1427\" data-end=\"1455\">Nom<\/td>\n<td data-col-size=\"md\" data-start=\"1455\" data-end=\"1507\">Porte-cl\u00e9s RFID UHF ABS<\/td>\n<\/tr>\n<tr data-start=\"1508\" data-end=\"1608\">\n<td data-start=\"1508\" data-end=\"1528\" data-col-size=\"sm\">Dimensions<\/td>\n<td data-col-size=\"sm\" data-start=\"1528\" data-end=\"1556\">Taille \/ Poids<\/td>\n<td data-col-size=\"md\" data-start=\"1556\" data-end=\"1608\">50 \u00d7 30 \u00d7 5 mm (typique)\u00a0; 10 \u00e0 20 g<\/td>\n<\/tr>\n<tr data-start=\"1609\" data-end=\"1709\">\n<td data-start=\"1609\" data-end=\"1629\" data-col-size=\"sm\">Mat\u00e9riels<\/td>\n<td data-start=\"1629\" data-end=\"1657\" data-col-size=\"sm\">Logement<\/td>\n<td data-col-size=\"md\" data-start=\"1657\" data-end=\"1709\">ABS (plastique technique)<\/td>\n<\/tr>\n<tr data-start=\"1710\" data-end=\"1810\">\n<td data-start=\"1710\" data-end=\"1730\" data-col-size=\"sm\">RF (UHF)<\/td>\n<td data-col-size=\"sm\" data-start=\"1730\" data-end=\"1758\">Fr\u00e9quence \/ Protocole<\/td>\n<td data-col-size=\"md\" data-start=\"1758\" data-end=\"1810\">860\u2013960 MHz ; ISO 18000-6C \/ EPC C1G2<\/td>\n<\/tr>\n<tr data-start=\"1811\" data-end=\"1911\">\n<td data-start=\"1811\" data-end=\"1831\" data-col-size=\"sm\">M\u00e9moire<\/td>\n<td data-col-size=\"sm\" data-start=\"1831\" data-end=\"1859\">EPC\/Utilisateur<\/td>\n<td data-col-size=\"md\" data-start=\"1859\" data-end=\"1911\">96\u2013512 bits (configurable)<\/td>\n<\/tr>\n<tr data-start=\"1912\" data-end=\"2012\">\n<td data-start=\"1912\" data-end=\"1932\" data-col-size=\"sm\">Performance<\/td>\n<td data-start=\"1932\" data-end=\"1960\" data-col-size=\"sm\">Plage de lecture<\/td>\n<td data-start=\"1960\" data-end=\"2012\" data-col-size=\"md\">3 \u00e0 10 m (selon le lecteur et l&#039;environnement)<\/td>\n<\/tr>\n<tr data-start=\"2013\" data-end=\"2113\">\n<td data-start=\"2013\" data-end=\"2033\" data-col-size=\"sm\">d\u00e9bit<\/td>\n<td data-start=\"2033\" data-end=\"2061\" data-col-size=\"sm\">Lecture multiple<\/td>\n<td data-col-size=\"md\" data-start=\"2061\" data-end=\"2113\">Lecture par lots de centaines d&#039;\u00e9tiquettes par seconde<\/td>\n<\/tr>\n<tr data-start=\"2114\" data-end=\"2214\">\n<td data-start=\"2114\" data-end=\"2134\" data-col-size=\"sm\">Environnement<\/td>\n<td data-start=\"2134\" data-end=\"2162\" data-col-size=\"sm\">Temp\u00e9rature de fonctionnement<\/td>\n<td data-start=\"2162\" data-end=\"2214\" data-col-size=\"md\">\u221220 \u2103 \u00e0 +70 \u2103<\/td>\n<\/tr>\n<tr data-start=\"2215\" data-end=\"2315\">\n<td data-start=\"2215\" data-end=\"2235\" data-col-size=\"sm\">Protection<\/td>\n<td data-start=\"2235\" data-end=\"2263\" data-col-size=\"sm\">Indice de p\u00e9n\u00e9tration<\/td>\n<td data-start=\"2263\" data-end=\"2315\" data-col-size=\"md\">IP65 \/ IP67 (en option)<\/td>\n<\/tr>\n<tr data-start=\"2316\" data-end=\"2416\">\n<td data-start=\"2316\" data-end=\"2336\" data-col-size=\"sm\">Long\u00e9vit\u00e9<\/td>\n<td data-start=\"2336\" data-end=\"2364\" data-col-size=\"sm\">Dur\u00e9e de vie<\/td>\n<td data-col-size=\"md\" data-start=\"2364\" data-end=\"2416\">&gt;10 ans (environnement normal)<\/td>\n<\/tr>\n<tr data-start=\"2417\" data-end=\"2517\">\n<td data-start=\"2417\" data-end=\"2437\" data-col-size=\"sm\">Personnalisation<\/td>\n<td data-col-size=\"sm\" data-start=\"2437\" data-end=\"2465\">Couleur\/Finition<\/td>\n<td data-col-size=\"md\" data-start=\"2465\" data-end=\"2517\">Couleurs personnalis\u00e9es\u00a0; impression de logo\/identifiant\/QR\/code-barres<\/td>\n<\/tr>\n<tr data-start=\"2518\" data-end=\"2618\">\n<td data-start=\"2518\" data-end=\"2538\" data-col-size=\"sm\">Options de circuits int\u00e9gr\u00e9s<\/td>\n<td data-start=\"2538\" data-end=\"2566\" data-col-size=\"sm\">Puces<\/td>\n<td data-col-size=\"md\" data-start=\"2566\" data-end=\"2618\">UCODE 8\/9 ; Alien H3\/H4\/H9<\/td>\n<\/tr>\n<tr data-start=\"2619\" data-end=\"2719\">\n<td data-start=\"2619\" data-end=\"2639\" data-col-size=\"sm\">Variante (HF)<\/td>\n<td data-start=\"2639\" data-end=\"2667\" data-col-size=\"sm\">Facultatif<\/td>\n<td data-start=\"2667\" data-end=\"2719\" data-col-size=\"md\">13,56 MHz ; ISO 14443A (sur demande)<\/td>\n<\/tr>\n<tr data-start=\"2720\" data-end=\"2820\">\n<td data-start=\"2720\" data-end=\"2740\" data-col-size=\"sm\">Cas d&#039;utilisation<\/td>\n<td data-col-size=\"sm\" data-start=\"2740\" data-end=\"2768\">Applications<\/td>\n<td data-col-size=\"md\" data-start=\"2768\" data-end=\"2820\">Acc\u00e8s, actifs, logistique, vente au d\u00e9tail, animaux de compagnie\/articles<\/td>\n<\/tr>\n<tr data-start=\"2821\" data-end=\"2921\">\n<td data-start=\"2821\" data-end=\"2841\" data-col-size=\"sm\">MOQ<\/td>\n<td data-col-size=\"sm\" data-start=\"2841\" data-end=\"2869\">Commande minimale<\/td>\n<td data-col-size=\"md\" data-start=\"2869\" data-end=\"2921\">200 pi\u00e8ces<\/td>\n<\/tr>\n<tr data-start=\"2922\" data-end=\"3022\">\n<td data-start=\"2922\" data-end=\"2942\" data-col-size=\"sm\">Caract\u00e9ristiques sp\u00e9ciales<\/td>\n<td data-col-size=\"sm\" data-start=\"2942\" data-end=\"2970\">Attributs<\/td>\n<td data-col-size=\"md\" data-start=\"2970\" data-end=\"3022\">Imperm\u00e9able\/R\u00e9sistant aux intemp\u00e9ries; mini \u00e9tiquette<\/td>\n<\/tr>\n<tr data-start=\"3023\" data-end=\"3123\">\n<td data-start=\"3023\" data-end=\"3043\" data-col-size=\"sm\">Origine<\/td>\n<td data-col-size=\"sm\" data-start=\"3043\" data-end=\"3071\">Lieu d&#039;origine<\/td>\n<td data-col-size=\"md\" data-start=\"3071\" data-end=\"3123\">Guangdong, Chine<\/td>\n<\/tr>\n<\/tbody>\n<\/table>\n<\/div>\n<\/div>","protected":false},"excerpt":{"rendered":"<p>Porte-cl\u00e9s RFID UHF ABS pour actifs et acc\u00e8s\u2014860\u2013960 MHz EPC Gen2, lectures de 3 \u00e0 10 m, identification multi-\u00e9tiquettes, conception compacte de 50\u00d730\u00d75 mm, couleurs\/impression personnalisables et IP65\/67 en option.<\/p>","protected":false},"featured_media":998,"template":"","meta":{"_gspb_post_css":""},"product_brand":[],"product_cat":[30],"product_tag":[],"class_list":{"0":"post-995","1":"product","2":"type-product","3":"status-publish","4":"has-post-thumbnail","6":"product_cat-rfid-keyfobs","8":"first","9":"instock","10":"shipping-taxable","11":"purchasable","12":"product-type-simple"},"_links":{"self":[{"href":"https:\/\/www.cxjsmartcard.com\/fr\/wp-json\/wp\/v2\/product\/995","targetHints":{"allow":["GET"]}}],"collection":[{"href":"https:\/\/www.cxjsmartcard.com\/fr\/wp-json\/wp\/v2\/product"}],"about":[{"href":"https:\/\/www.cxjsmartcard.com\/fr\/wp-json\/wp\/v2\/types\/product"}],"wp:featuredmedia":[{"embeddable":true,"href":"https:\/\/www.cxjsmartcard.com\/fr\/wp-json\/wp\/v2\/media\/998"}],"wp:attachment":[{"href":"https:\/\/www.cxjsmartcard.com\/fr\/wp-json\/wp\/v2\/media?parent=995"}],"wp:term":[{"taxonomy":"product_brand","embeddable":true,"href":"https:\/\/www.cxjsmartcard.com\/fr\/wp-json\/wp\/v2\/product_brand?post=995"},{"taxonomy":"product_cat","embeddable":true,"href":"https:\/\/www.cxjsmartcard.com\/fr\/wp-json\/wp\/v2\/product_cat?post=995"},{"taxonomy":"product_tag","embeddable":true,"href":"https:\/\/www.cxjsmartcard.com\/fr\/wp-json\/wp\/v2\/product_tag?post=995"}],"curies":[{"name":"wp","href":"https:\/\/api.w.org\/{rel}","templated":true}]}}