{"id":990,"date":"2025-11-03T09:44:33","date_gmt":"2025-11-03T09:44:33","guid":{"rendered":"https:\/\/www.cxjsmartcard.com\/?post_type=product&#038;p=990"},"modified":"2025-12-29T01:27:06","modified_gmt":"2025-12-29T01:27:06","slug":"rfid-keychain-waterproof-key-fob-tag","status":"publish","type":"product","link":"https:\/\/www.cxjsmartcard.com\/fr\/rfid-keychain-waterproof-key-fob-tag\/","title":{"rendered":"Porte-cl\u00e9s RFID \u00e9tanche"},"content":{"rendered":"<p data-start=\"48\" data-end=\"312\">Porte-cl\u00e9s RFID\/NFC r\u00e9sistant pour un acc\u00e8s et une identification quotidiens. Bo\u00eetier \u00e9tanche en PVC\/ABS\/\u00e9poxy, personnalisable par impression et num\u00e9ro de s\u00e9rie. Disponible en basses, hautes et ultra-hautes fr\u00e9quences (LF, HF et UHF) pour s&#039;adapter aux syst\u00e8mes r\u00e9cents et existants.<\/p>\n<p data-start=\"314\" data-end=\"328\"><strong data-start=\"314\" data-end=\"326\">Caract\u00e9ristiques<\/strong><\/p>\n<ul data-start=\"329\" data-end=\"596\">\n<li data-start=\"329\" data-end=\"359\">\n<p data-start=\"331\" data-end=\"359\">Mat\u00e9riaux : PVC, ABS, \u00e9poxy<\/p>\n<\/li>\n<li data-start=\"360\" data-end=\"410\">\n<p data-start=\"362\" data-end=\"410\">Fr\u00e9quences : 125 kHz \u2022 13,56 MHz \u2022 860\u2013960 MHz<\/p>\n<\/li>\n<li data-start=\"411\" data-end=\"447\">\n<p data-start=\"413\" data-end=\"447\">Impression : logo et num\u00e9ro de s\u00e9rie<\/p>\n<\/li>\n<li data-start=\"448\" data-end=\"552\">\n<p data-start=\"450\" data-end=\"552\">Options de puce\u00a0: RFID 1K (MIFARE 1K), NTAG213\/215, H9, NXP UCODE 9, TK4100, EM4305, EM4200, T5577, etc.<\/p>\n<\/li>\n<li data-start=\"553\" data-end=\"596\">\n<p data-start=\"555\" data-end=\"596\">Couleurs : noir, blanc, vert, bleu, autres<\/p>\n<\/li>\n<\/ul>\n<p data-start=\"598\" data-end=\"769\"><strong data-start=\"598\" data-end=\"614\">Applications<\/strong><br data-start=\"614\" data-end=\"617\" \/>Contr\u00f4le d&#039;acc\u00e8s, pr\u00e9sence, identification, logistique, automatisation industrielle, billetterie, adh\u00e9sion, transports publics, paiement sans esp\u00e8ces, piscines, blanchisserie.<\/p>\n<p data-start=\"771\" data-end=\"803\"><strong data-start=\"771\" data-end=\"801\">Notes (d\u00e9ploiements courants)<\/strong><\/p>\n<ul data-start=\"804\" data-end=\"1010\">\n<li data-start=\"804\" data-end=\"911\">\n<p data-start=\"806\" data-end=\"911\"><strong data-start=\"806\" data-end=\"820\">125 kHz LF<\/strong>: portillons d&#039;acc\u00e8s, ascenseurs, entr\u00e9e de b\u00e2timent \u2014 puces telles que ATA5577, TK4100, EM4200, EM4305.<\/p>\n<\/li>\n<li data-start=\"912\" data-end=\"1010\">\n<p data-start=\"914\" data-end=\"1010\"><strong data-start=\"914\" data-end=\"943\">13,56 MHz HF (ISO 14443A)<\/strong>: serrures individuelles d&#039;appartement\/de porte \u2014 puces telles que MIFARE 1K, NTAG213.<\/p>\n<\/li>\n<\/ul>\n<h2 data-start=\"1012\" data-end=\"1037\">Tableau (Sp\u00e9cifications)<\/h2>\n<div class=\"_tableContainer_1rjym_1\">\n<div class=\"group _tableWrapper_1rjym_13 flex w-fit flex-col-reverse\" tabindex=\"-1\">\n<table class=\"w-fit min-w-(--thread-content-width)\" data-start=\"1039\" data-end=\"2203\">\n<thead data-start=\"1039\" data-end=\"1135\">\n<tr data-start=\"1039\" data-end=\"1135\">\n<th data-start=\"1039\" data-end=\"1057\" data-col-size=\"sm\">Cat\u00e9gorie<\/th>\n<th data-start=\"1057\" data-end=\"1077\" data-col-size=\"sm\">Param\u00e8tre<\/th>\n<th data-start=\"1077\" data-end=\"1135\" data-col-size=\"lg\">Valeur<\/th>\n<\/tr>\n<\/thead>\n<tbody data-start=\"1233\" data-end=\"2203\">\n<tr data-start=\"1233\" data-end=\"1329\">\n<td data-start=\"1233\" data-end=\"1251\" data-col-size=\"sm\">Produit<\/td>\n<td data-col-size=\"sm\" data-start=\"1251\" data-end=\"1271\">Taper<\/td>\n<td data-col-size=\"lg\" data-start=\"1271\" data-end=\"1329\">Porte-cl\u00e9s RFID \u00e9tanche<\/td>\n<\/tr>\n<tr data-start=\"1330\" data-end=\"1426\">\n<td data-start=\"1330\" data-end=\"1348\" data-col-size=\"sm\">Mat\u00e9riels<\/td>\n<td data-start=\"1348\" data-end=\"1368\" data-col-size=\"sm\">Logement<\/td>\n<td data-col-size=\"lg\" data-start=\"1368\" data-end=\"1426\">PVC, ABS, \u00e9poxy<\/td>\n<\/tr>\n<tr data-start=\"1427\" data-end=\"1523\">\n<td data-start=\"1427\" data-end=\"1445\" data-col-size=\"sm\">Bandes RF<\/td>\n<td data-start=\"1445\" data-end=\"1465\" data-col-size=\"sm\">Fr\u00e9quence<\/td>\n<td data-start=\"1465\" data-end=\"1523\" data-col-size=\"lg\">125 kHz ; 13,56 MHz ; 860\u2013960 MHz<\/td>\n<\/tr>\n<tr data-start=\"1524\" data-end=\"1620\">\n<td data-start=\"1524\" data-end=\"1542\" data-col-size=\"sm\">Personnalisation<\/td>\n<td data-start=\"1542\" data-end=\"1562\" data-col-size=\"sm\">Impression<\/td>\n<td data-start=\"1562\" data-end=\"1620\" data-col-size=\"lg\">Impression de logo ; num\u00e9ros de s\u00e9rie<\/td>\n<\/tr>\n<tr data-start=\"1621\" data-end=\"1739\">\n<td data-start=\"1621\" data-end=\"1639\" data-col-size=\"sm\">Options de circuits int\u00e9gr\u00e9s<\/td>\n<td data-start=\"1639\" data-end=\"1659\" data-col-size=\"sm\">Puces<\/td>\n<td data-col-size=\"lg\" data-start=\"1659\" data-end=\"1739\">RFID 1K\u00a0; NTAG213\/215\u00a0; H9\u00a0; NXPUCODE 9\u00a0; TK4100\u00a0; EM4305\u00a0; EM4200\u00a0; T5577\u00a0; autres<\/td>\n<\/tr>\n<tr data-start=\"1740\" data-end=\"1836\">\n<td data-start=\"1740\" data-end=\"1758\" data-col-size=\"sm\">Couleurs<\/td>\n<td data-col-size=\"sm\" data-start=\"1758\" data-end=\"1778\">Variantes<\/td>\n<td data-col-size=\"lg\" data-start=\"1778\" data-end=\"1836\">Noir, blanc, vert, bleu, etc.<\/td>\n<\/tr>\n<tr data-start=\"1837\" data-end=\"2009\">\n<td data-start=\"1837\" data-end=\"1855\" data-col-size=\"sm\">Applications<\/td>\n<td data-col-size=\"sm\" data-start=\"1855\" data-end=\"1875\">Cas d&#039;utilisation<\/td>\n<td data-col-size=\"lg\" data-start=\"1875\" data-end=\"2009\">Contr\u00f4le d&#039;acc\u00e8s\u00a0; pr\u00e9sence\u00a0; identification\u00a0; logistique\u00a0; automatisation industrielle\u00a0; billetterie\u00a0; adh\u00e9sion\u00a0; transports publics\u00a0; paiement \u00e9lectronique\u00a0; piscines\u00a0; blanchisserie<\/td>\n<\/tr>\n<tr data-start=\"2010\" data-end=\"2106\">\n<td data-start=\"2010\" data-end=\"2028\" data-col-size=\"sm\">Conseils<\/td>\n<td data-col-size=\"sm\" data-start=\"2028\" data-end=\"2048\">Utilisation typique de LF<\/td>\n<td data-col-size=\"lg\" data-start=\"2048\" data-end=\"2106\">\u00c9quipements (portails, ascenseurs, b\u00e2timents)<\/td>\n<\/tr>\n<tr data-start=\"2107\" data-end=\"2203\">\n<td data-start=\"2107\" data-end=\"2125\" data-col-size=\"sm\">Conseils<\/td>\n<td data-start=\"2125\" data-end=\"2145\" data-col-size=\"sm\">Utilisation typique des hautes fr\u00e9quences<\/td>\n<td data-col-size=\"lg\" data-start=\"2145\" data-end=\"2203\">Serrures de porte d&#039;appartement\/de chambre (ISO 14443A)<\/td>\n<\/tr>\n<\/tbody>\n<\/table>\n<\/div>\n<\/div>","protected":false},"excerpt":{"rendered":"<p>Porte-cl\u00e9s RFID\/NFC \u00e9tanche en PVC\/ABS\/\u00e9poxy avec impression personnalis\u00e9e. Compatible avec les fr\u00e9quences LF 125 kHz, HF 13,56 MHz et UHF 860\u2013960 MHz, et offrant un large choix de puces pour le contr\u00f4le d&#039;acc\u00e8s et l&#039;identification.<\/p>","protected":false},"featured_media":993,"template":"","meta":{"_gspb_post_css":""},"product_brand":[],"product_cat":[30],"product_tag":[],"class_list":{"0":"post-990","1":"product","2":"type-product","3":"status-publish","4":"has-post-thumbnail","6":"product_cat-rfid-keyfobs","8":"first","9":"instock","10":"shipping-taxable","11":"purchasable","12":"product-type-simple"},"_links":{"self":[{"href":"https:\/\/www.cxjsmartcard.com\/fr\/wp-json\/wp\/v2\/product\/990","targetHints":{"allow":["GET"]}}],"collection":[{"href":"https:\/\/www.cxjsmartcard.com\/fr\/wp-json\/wp\/v2\/product"}],"about":[{"href":"https:\/\/www.cxjsmartcard.com\/fr\/wp-json\/wp\/v2\/types\/product"}],"wp:featuredmedia":[{"embeddable":true,"href":"https:\/\/www.cxjsmartcard.com\/fr\/wp-json\/wp\/v2\/media\/993"}],"wp:attachment":[{"href":"https:\/\/www.cxjsmartcard.com\/fr\/wp-json\/wp\/v2\/media?parent=990"}],"wp:term":[{"taxonomy":"product_brand","embeddable":true,"href":"https:\/\/www.cxjsmartcard.com\/fr\/wp-json\/wp\/v2\/product_brand?post=990"},{"taxonomy":"product_cat","embeddable":true,"href":"https:\/\/www.cxjsmartcard.com\/fr\/wp-json\/wp\/v2\/product_cat?post=990"},{"taxonomy":"product_tag","embeddable":true,"href":"https:\/\/www.cxjsmartcard.com\/fr\/wp-json\/wp\/v2\/product_tag?post=990"}],"curies":[{"name":"wp","href":"https:\/\/api.w.org\/{rel}","templated":true}]}}