{"id":985,"date":"2025-11-03T09:43:06","date_gmt":"2025-11-03T09:43:06","guid":{"rendered":"https:\/\/www.cxjsmartcard.com\/?post_type=product&#038;p=985"},"modified":"2025-12-29T01:27:06","modified_gmt":"2025-12-29T01:27:06","slug":"ntag213-nfc-keychain-key-fob","status":"publish","type":"product","link":"https:\/\/www.cxjsmartcard.com\/fr\/ntag213-nfc-keychain-key-fob\/","title":{"rendered":"Porte-cl\u00e9s NFC NTAG213"},"content":{"rendered":"<p data-start=\"40\" data-end=\"315\">Porte-cl\u00e9s NFC r\u00e9sistant avec puce NXP NTAG213 pour un acc\u00e8s quotidien et une utilisation rapide avec les smartphones. Son bo\u00eetier en ABS \u00e9tanche est dot\u00e9 d&#039;un anneau bris\u00e9 en m\u00e9tal et prend en charge l&#039;impression personnalis\u00e9e, les codes-barres\/QR et l&#039;encodage de donn\u00e9es pour une mise en \u0153uvre facile dans le contr\u00f4le d&#039;acc\u00e8s et l&#039;utilisation sur les r\u00e9seaux sociaux.<\/p>\n<p data-start=\"317\" data-end=\"335\"><strong data-start=\"317\" data-end=\"333\">Caract\u00e9ristiques principales<\/strong><\/p>\n<ul data-start=\"336\" data-end=\"625\">\n<li data-start=\"336\" data-end=\"374\">\n<p data-start=\"338\" data-end=\"374\">HF 13,56 MHz, ISO\/IEC 14443A (NFC)<\/p>\n<\/li>\n<li data-start=\"375\" data-end=\"422\">\n<p data-start=\"377\" data-end=\"422\">M\u00e9moire utilisateur de 144 octets\u00a0; \u2265\u00a0100\u00a0000 cycles d\u2019\u00e9criture<\/p>\n<\/li>\n<li data-start=\"423\" data-end=\"480\">\n<p data-start=\"425\" data-end=\"480\">Port\u00e9e de lecture typique\u00a0: 2 \u00e0 3\u00a0cm (d\u00e9pendant de l\u2019appareil\/de l\u2019antenne)<\/p>\n<\/li>\n<li data-start=\"481\" data-end=\"521\">\n<p data-start=\"483\" data-end=\"521\">Bo\u00eetier en ABS\/plastique ; plusieurs couleurs<\/p>\n<\/li>\n<li data-start=\"522\" data-end=\"584\">\n<p data-start=\"524\" data-end=\"584\">Impression monochrome ou multicolore\u00a0; code-barres\/QR\u00a0; encodage de donn\u00e9es<\/p>\n<\/li>\n<li data-start=\"585\" data-end=\"625\">\n<p data-start=\"587\" data-end=\"625\">Taille standard 41 \u00d7 32 mm ; personnalisable<\/p>\n<\/li>\n<\/ul>\n<p data-start=\"627\" data-end=\"761\"><strong data-start=\"627\" data-end=\"643\">Applications<\/strong><br data-start=\"643\" data-end=\"646\" \/>Contr\u00f4le d&#039;acc\u00e8s et serrures de porte \u2022 R\u00e9seaux sociaux et liens intelligents \u2022 Enregistrement aux \u00e9v\u00e9nements \u2022 Identification quotidienne et \u00e9tiquetage des membres.<\/p>\n<h2 data-start=\"763\" data-end=\"788\">Tableau (Sp\u00e9cifications)<\/h2>\n<div class=\"_tableContainer_1rjym_1\">\n<div class=\"group _tableWrapper_1rjym_13 flex w-fit flex-col-reverse\" tabindex=\"-1\">\n<table class=\"w-fit min-w-(--thread-content-width)\" data-start=\"790\" data-end=\"2082\">\n<thead data-start=\"790\" data-end=\"873\">\n<tr data-start=\"790\" data-end=\"873\">\n<th data-start=\"790\" data-end=\"808\" data-col-size=\"sm\">Cat\u00e9gorie<\/th>\n<th data-start=\"808\" data-end=\"830\" data-col-size=\"sm\">Param\u00e8tre<\/th>\n<th data-start=\"830\" data-end=\"873\" data-col-size=\"md\">Valeur<\/th>\n<\/tr>\n<\/thead>\n<tbody data-start=\"958\" data-end=\"2082\">\n<tr data-start=\"958\" data-end=\"1041\">\n<td data-start=\"958\" data-end=\"976\" data-col-size=\"sm\">Produit<\/td>\n<td data-start=\"976\" data-end=\"998\" data-col-size=\"sm\">Nom<\/td>\n<td data-col-size=\"md\" data-start=\"998\" data-end=\"1041\">Porte-cl\u00e9s NFC NTAG213<\/td>\n<\/tr>\n<tr data-start=\"1042\" data-end=\"1125\">\n<td data-start=\"1042\" data-end=\"1060\" data-col-size=\"sm\">RF<\/td>\n<td data-start=\"1060\" data-end=\"1082\" data-col-size=\"sm\">Fr\u00e9quence<\/td>\n<td data-start=\"1082\" data-end=\"1125\" data-col-size=\"md\">13,56 MHz (HF)<\/td>\n<\/tr>\n<tr data-start=\"1126\" data-end=\"1209\">\n<td data-start=\"1126\" data-end=\"1144\" data-col-size=\"sm\"><\/td>\n<td data-col-size=\"sm\" data-start=\"1144\" data-end=\"1166\">Protocole<\/td>\n<td data-col-size=\"md\" data-start=\"1166\" data-end=\"1209\">ISO\/IEC 14443A<\/td>\n<\/tr>\n<tr data-start=\"1210\" data-end=\"1293\">\n<td data-start=\"1210\" data-end=\"1228\" data-col-size=\"sm\">M\u00e9moire<\/td>\n<td data-start=\"1228\" data-end=\"1250\" data-col-size=\"sm\">Capacit\u00e9 utilisateur<\/td>\n<td data-start=\"1250\" data-end=\"1293\" data-col-size=\"md\">144 octets<\/td>\n<\/tr>\n<tr data-start=\"1294\" data-end=\"1377\">\n<td data-start=\"1294\" data-end=\"1312\" data-col-size=\"sm\">Endurance<\/td>\n<td data-start=\"1312\" data-end=\"1334\" data-col-size=\"sm\">Cycles d&#039;\u00e9criture<\/td>\n<td data-col-size=\"md\" data-start=\"1334\" data-end=\"1377\">\u2265100 000<\/td>\n<\/tr>\n<tr data-start=\"1378\" data-end=\"1461\">\n<td data-start=\"1378\" data-end=\"1396\" data-col-size=\"sm\">Performance<\/td>\n<td data-col-size=\"sm\" data-start=\"1396\" data-end=\"1418\">Plage de lecture<\/td>\n<td data-col-size=\"md\" data-start=\"1418\" data-end=\"1461\">2\u20133 cm<\/td>\n<\/tr>\n<tr data-start=\"1462\" data-end=\"1545\">\n<td data-start=\"1462\" data-end=\"1480\" data-col-size=\"sm\">Mat\u00e9riels<\/td>\n<td data-col-size=\"sm\" data-start=\"1480\" data-end=\"1502\">Logement<\/td>\n<td data-col-size=\"md\" data-start=\"1502\" data-end=\"1545\">ABS \/ Plastique (\u00e9tanche)<\/td>\n<\/tr>\n<tr data-start=\"1546\" data-end=\"1629\">\n<td data-start=\"1546\" data-end=\"1564\" data-col-size=\"sm\">Dimensions<\/td>\n<td data-start=\"1564\" data-end=\"1586\" data-col-size=\"sm\">Taille<\/td>\n<td data-col-size=\"md\" data-start=\"1586\" data-end=\"1629\">41 \u00d7 32 mm (personnalisable)<\/td>\n<\/tr>\n<tr data-start=\"1630\" data-end=\"1722\">\n<td data-start=\"1630\" data-end=\"1648\" data-col-size=\"sm\">Couleurs<\/td>\n<td data-col-size=\"sm\" data-start=\"1648\" data-end=\"1670\">Options<\/td>\n<td data-col-size=\"md\" data-start=\"1670\" data-end=\"1722\">Noir, jaune, rouge, vert, bleu, rose ou personnalis\u00e9<\/td>\n<\/tr>\n<tr data-start=\"1723\" data-end=\"1821\">\n<td data-start=\"1723\" data-end=\"1741\" data-col-size=\"sm\">Personnalisation<\/td>\n<td data-col-size=\"sm\" data-start=\"1741\" data-end=\"1763\">Artisanat<\/td>\n<td data-col-size=\"md\" data-start=\"1763\" data-end=\"1821\">Impression monochrome\/multicolore\u00a0; codes-barres\/QR\u00a0; encodage de donn\u00e9es<\/td>\n<\/tr>\n<tr data-start=\"1822\" data-end=\"1906\">\n<td data-start=\"1822\" data-end=\"1840\" data-col-size=\"sm\">Environnement<\/td>\n<td data-start=\"1840\" data-end=\"1862\" data-col-size=\"sm\">Temp\u00e9rature de fonctionnement<\/td>\n<td data-start=\"1862\" data-end=\"1906\" data-col-size=\"md\">\u221220 \u2103 \u00e0 +55 \u2103<\/td>\n<\/tr>\n<tr data-start=\"1907\" data-end=\"1990\">\n<td data-start=\"1907\" data-end=\"1925\" data-col-size=\"sm\">Conditionnement<\/td>\n<td data-col-size=\"sm\" data-start=\"1925\" data-end=\"1947\">Format de livraison<\/td>\n<td data-col-size=\"md\" data-start=\"1947\" data-end=\"1990\">100 pi\u00e8ces\/sachet ; 10 sachets\/carton<\/td>\n<\/tr>\n<tr data-start=\"1991\" data-end=\"2082\">\n<td data-start=\"1991\" data-end=\"2009\" data-col-size=\"sm\">Cas d&#039;utilisation<\/td>\n<td data-start=\"2009\" data-end=\"2031\" data-col-size=\"sm\">Applications typiques<\/td>\n<td data-col-size=\"md\" data-start=\"2031\" data-end=\"2082\">R\u00e9seaux sociaux, contr\u00f4le d&#039;acc\u00e8s, syst\u00e8mes de verrouillage de portes<\/td>\n<\/tr>\n<\/tbody>\n<\/table>\n<\/div>\n<\/div>","protected":false},"excerpt":{"rendered":"<p>Porte-cl\u00e9s NFC ABS avec NTAG213\u201413,56 MHz, m\u00e9moire de 144 octets, lectures de 2 \u00e0 3 cm, bo\u00eetier \u00e9tanche, couleurs\/impression personnalis\u00e9es et encodage des donn\u00e9es pour l&#039;acc\u00e8s et les liens intelligents.<\/p>","protected":false},"featured_media":986,"template":"","meta":{"_gspb_post_css":""},"product_brand":[],"product_cat":[30],"product_tag":[],"class_list":{"0":"post-985","1":"product","2":"type-product","3":"status-publish","4":"has-post-thumbnail","6":"product_cat-rfid-keyfobs","8":"first","9":"instock","10":"shipping-taxable","11":"purchasable","12":"product-type-simple"},"_links":{"self":[{"href":"https:\/\/www.cxjsmartcard.com\/fr\/wp-json\/wp\/v2\/product\/985","targetHints":{"allow":["GET"]}}],"collection":[{"href":"https:\/\/www.cxjsmartcard.com\/fr\/wp-json\/wp\/v2\/product"}],"about":[{"href":"https:\/\/www.cxjsmartcard.com\/fr\/wp-json\/wp\/v2\/types\/product"}],"wp:featuredmedia":[{"embeddable":true,"href":"https:\/\/www.cxjsmartcard.com\/fr\/wp-json\/wp\/v2\/media\/986"}],"wp:attachment":[{"href":"https:\/\/www.cxjsmartcard.com\/fr\/wp-json\/wp\/v2\/media?parent=985"}],"wp:term":[{"taxonomy":"product_brand","embeddable":true,"href":"https:\/\/www.cxjsmartcard.com\/fr\/wp-json\/wp\/v2\/product_brand?post=985"},{"taxonomy":"product_cat","embeddable":true,"href":"https:\/\/www.cxjsmartcard.com\/fr\/wp-json\/wp\/v2\/product_cat?post=985"},{"taxonomy":"product_tag","embeddable":true,"href":"https:\/\/www.cxjsmartcard.com\/fr\/wp-json\/wp\/v2\/product_tag?post=985"}],"curies":[{"name":"wp","href":"https:\/\/api.w.org\/{rel}","templated":true}]}}