{"id":980,"date":"2025-11-03T09:41:24","date_gmt":"2025-11-03T09:41:24","guid":{"rendered":"https:\/\/www.cxjsmartcard.com\/?post_type=product&#038;p=980"},"modified":"2025-12-29T01:27:06","modified_gmt":"2025-12-29T01:27:06","slug":"125khz-tk4100-rfid-key-fob-tag","status":"publish","type":"product","link":"https:\/\/www.cxjsmartcard.com\/fr\/125khz-tk4100-rfid-key-fob-tag\/","title":{"rendered":"Porte-cl\u00e9s RFID TK4100 125 kHz"},"content":{"rendered":"<p data-start=\"42\" data-end=\"301\">Porte-cl\u00e9s passif LF pour un acc\u00e8s et une identification au quotidien. Bas\u00e9 sur la technologie 125 kHz et dot\u00e9 d&#039;un bo\u00eetier robuste (PPS\/ABS\/\u00e9poxy), il prend en charge l&#039;impression personnalis\u00e9e et plusieurs options de puces pour un d\u00e9ploiement ais\u00e9 sur les portes, les portails et les \u00e9quipements partag\u00e9s.<\/p>\n<p data-start=\"303\" data-end=\"317\"><strong data-start=\"303\" data-end=\"315\">Caract\u00e9ristiques<\/strong><\/p>\n<ul data-start=\"318\" data-end=\"565\">\n<li data-start=\"318\" data-end=\"363\">\n<p data-start=\"320\" data-end=\"363\">Fonctionnement \u00e0 basse fr\u00e9quence (LF) \u00e0 125 kHz pour les prises \u00e0 courte port\u00e9e<\/p>\n<\/li>\n<li data-start=\"364\" data-end=\"407\">\n<p data-start=\"366\" data-end=\"407\">Bo\u00eetiers r\u00e9sistants\u00a0: PPS, ABS, \u00e9poxy, etc.<\/p>\n<\/li>\n<li data-start=\"408\" data-end=\"458\">\n<p data-start=\"410\" data-end=\"458\">Personnalisation : impression du logo et du num\u00e9ro de s\u00e9rie<\/p>\n<\/li>\n<li data-start=\"459\" data-end=\"510\">\n<p data-start=\"461\" data-end=\"510\">Plusieurs options de puces pour s&#039;adapter aux syst\u00e8mes existants<\/p>\n<\/li>\n<li data-start=\"511\" data-end=\"565\">\n<p data-start=\"513\" data-end=\"565\">Large choix de couleurs (noir, blanc, vert, bleu, etc.)<\/p>\n<\/li>\n<\/ul>\n<p data-start=\"567\" data-end=\"792\"><strong data-start=\"567\" data-end=\"591\">Applications typiques<\/strong><br data-start=\"591\" data-end=\"594\" \/>Syst\u00e8mes de contr\u00f4le d&#039;acc\u00e8s \u2022 Contr\u00f4le des pr\u00e9sences \u2022 Identification \u2022 Logistique et automatisation industrielle \u2022 Billetterie et adh\u00e9sion \u2022 Transports publics \u2022 Paiement \u00e9lectronique sans esp\u00e8ces \u2022 Piscines et blanchisseries.<\/p>\n<p data-start=\"794\" data-end=\"1112\"><strong data-start=\"794\" data-end=\"823\">Remarques sur les porte-cl\u00e9s courants<\/strong><br data-start=\"823\" data-end=\"826\" \/>La plupart des porte-cl\u00e9s donnant acc\u00e8s aux commodit\u00e9s des copropri\u00e9t\u00e9s (piscines, salles de sport, ascenseurs) sont utilis\u00e9s <strong data-start=\"894\" data-end=\"919\">basse fr\u00e9quence 125 kHz<\/strong> RFID passive (par exemple, TK4100, T5577, EM4200\/EM4305). Si un porte-cl\u00e9s ouvre le <strong data-start=\"994\" data-end=\"1028\">porte d&#039;appartement individuelle<\/strong>, c&#039;est g\u00e9n\u00e9ralement un <strong data-start=\"1047\" data-end=\"1075\">haute fr\u00e9quence 13,56 MHz<\/strong> syst\u00e8me (par exemple, MIFARE 1K ou NTAG213).<\/p>\n<h2 data-start=\"1114\" data-end=\"1139\">Tableau (Sp\u00e9cifications)<\/h2>\n<div class=\"_tableContainer_1rjym_1\">\n<div class=\"group _tableWrapper_1rjym_13 flex w-fit flex-col-reverse\" tabindex=\"-1\">\n<table class=\"w-fit min-w-(--thread-content-width)\" data-start=\"1141\" data-end=\"2038\">\n<thead data-start=\"1141\" data-end=\"1230\">\n<tr data-start=\"1141\" data-end=\"1230\">\n<th data-start=\"1141\" data-end=\"1156\" data-col-size=\"sm\">Cat\u00e9gorie<\/th>\n<th data-start=\"1156\" data-end=\"1175\" data-col-size=\"sm\">Param\u00e8tre<\/th>\n<th data-start=\"1175\" data-end=\"1230\" data-col-size=\"lg\">Valeur<\/th>\n<\/tr>\n<\/thead>\n<tbody data-start=\"1321\" data-end=\"2038\">\n<tr data-start=\"1321\" data-end=\"1410\">\n<td data-start=\"1321\" data-end=\"1336\" data-col-size=\"sm\">Produit<\/td>\n<td data-start=\"1336\" data-end=\"1355\" data-col-size=\"sm\">Taper<\/td>\n<td data-start=\"1355\" data-end=\"1410\" data-col-size=\"lg\">Porte-cl\u00e9s RFID TK4100 125 kHz<\/td>\n<\/tr>\n<tr data-start=\"1411\" data-end=\"1500\">\n<td data-start=\"1411\" data-end=\"1426\" data-col-size=\"sm\">Mat\u00e9riels<\/td>\n<td data-start=\"1426\" data-end=\"1445\" data-col-size=\"sm\">Logement<\/td>\n<td data-start=\"1445\" data-end=\"1500\" data-col-size=\"lg\">PPS, ABS, \u00e9poxy, etc.<\/td>\n<\/tr>\n<tr data-start=\"1501\" data-end=\"1590\">\n<td data-start=\"1501\" data-end=\"1516\" data-col-size=\"sm\">RF<\/td>\n<td data-start=\"1516\" data-end=\"1535\" data-col-size=\"sm\">Fr\u00e9quence<\/td>\n<td data-start=\"1535\" data-end=\"1590\" data-col-size=\"lg\">125 kHz (BF)<\/td>\n<\/tr>\n<tr data-start=\"1591\" data-end=\"1680\">\n<td data-start=\"1591\" data-end=\"1606\" data-col-size=\"sm\">Impression<\/td>\n<td data-start=\"1606\" data-end=\"1625\" data-col-size=\"sm\">Options<\/td>\n<td data-start=\"1625\" data-end=\"1680\" data-col-size=\"lg\">Impression de logo ; num\u00e9ros de s\u00e9rie<\/td>\n<\/tr>\n<tr data-start=\"1681\" data-end=\"1770\">\n<td data-start=\"1681\" data-end=\"1696\" data-col-size=\"sm\">Options de circuits int\u00e9gr\u00e9s<\/td>\n<td data-start=\"1696\" data-end=\"1715\" data-col-size=\"sm\">Chips disponibles<\/td>\n<td data-start=\"1715\" data-end=\"1770\" data-col-size=\"lg\">TK4100\u00a0; EM4305\u00a0; EM4200\u00a0; T5577\u00a0; autres<\/td>\n<\/tr>\n<tr data-start=\"1771\" data-end=\"1860\">\n<td data-start=\"1771\" data-end=\"1786\" data-col-size=\"sm\">Couleurs<\/td>\n<td data-start=\"1786\" data-end=\"1805\" data-col-size=\"sm\">Variantes<\/td>\n<td data-start=\"1805\" data-end=\"1860\" data-col-size=\"lg\">Noir ; Blanc ; Vert ; Bleu ; etc.<\/td>\n<\/tr>\n<tr data-start=\"1861\" data-end=\"2038\">\n<td data-start=\"1861\" data-end=\"1876\" data-col-size=\"sm\">Applications<\/td>\n<td data-start=\"1876\" data-end=\"1895\" data-col-size=\"sm\">Cas d&#039;utilisation<\/td>\n<td data-start=\"1895\" data-end=\"2038\" data-col-size=\"lg\">Contr\u00f4le d&#039;acc\u00e8s\u00a0; pr\u00e9sence\u00a0; identification\u00a0; logistique\u00a0; automatisation industrielle\u00a0; billetterie\u00a0; adh\u00e9sion\u00a0; transports publics\u00a0; paiement \u00e9lectronique\u00a0; piscines\u00a0; blanchisserie<\/td>\n<\/tr>\n<\/tbody>\n<\/table>\n<\/div>\n<\/div>","protected":false},"excerpt":{"rendered":"<p>Porte-cl\u00e9s LF 125 kHz durable pour le contr\u00f4le d&#039;acc\u00e8s et l&#039;identification - Bo\u00eetiers PPS\/ABS\/\u00e9poxy, plusieurs options de puce (s\u00e9ries TK4100\/T5577\/EM), impression de logo\/num\u00e9ro de s\u00e9rie personnalis\u00e9e et diverses couleurs.<\/p>","protected":false},"featured_media":981,"template":"","meta":{"_gspb_post_css":""},"product_brand":[],"product_cat":[30],"product_tag":[],"class_list":{"0":"post-980","1":"product","2":"type-product","3":"status-publish","4":"has-post-thumbnail","6":"product_cat-rfid-keyfobs","8":"first","9":"instock","10":"shipping-taxable","11":"purchasable","12":"product-type-simple"},"_links":{"self":[{"href":"https:\/\/www.cxjsmartcard.com\/fr\/wp-json\/wp\/v2\/product\/980","targetHints":{"allow":["GET"]}}],"collection":[{"href":"https:\/\/www.cxjsmartcard.com\/fr\/wp-json\/wp\/v2\/product"}],"about":[{"href":"https:\/\/www.cxjsmartcard.com\/fr\/wp-json\/wp\/v2\/types\/product"}],"wp:featuredmedia":[{"embeddable":true,"href":"https:\/\/www.cxjsmartcard.com\/fr\/wp-json\/wp\/v2\/media\/981"}],"wp:attachment":[{"href":"https:\/\/www.cxjsmartcard.com\/fr\/wp-json\/wp\/v2\/media?parent=980"}],"wp:term":[{"taxonomy":"product_brand","embeddable":true,"href":"https:\/\/www.cxjsmartcard.com\/fr\/wp-json\/wp\/v2\/product_brand?post=980"},{"taxonomy":"product_cat","embeddable":true,"href":"https:\/\/www.cxjsmartcard.com\/fr\/wp-json\/wp\/v2\/product_cat?post=980"},{"taxonomy":"product_tag","embeddable":true,"href":"https:\/\/www.cxjsmartcard.com\/fr\/wp-json\/wp\/v2\/product_tag?post=980"}],"curies":[{"name":"wp","href":"https:\/\/api.w.org\/{rel}","templated":true}]}}