{"id":973,"date":"2025-11-03T09:39:57","date_gmt":"2025-11-03T09:39:57","guid":{"rendered":"https:\/\/www.cxjsmartcard.com\/?post_type=product&#038;p=973"},"modified":"2025-12-29T01:27:07","modified_gmt":"2025-12-29T01:27:07","slug":"125khz-t5577-rfid-key-fob-for-access-control","status":"publish","type":"product","link":"https:\/\/www.cxjsmartcard.com\/fr\/125khz-t5577-rfid-key-fob-for-access-control\/","title":{"rendered":"Porte-cl\u00e9s RFID T5577 125 kHz pour contr\u00f4le d&#039;acc\u00e8s"},"content":{"rendered":"<p data-start=\"56\" data-end=\"324\">Porte-cl\u00e9s compact LF bas\u00e9 sur la puce T5577 pour un contr\u00f4le d&#039;acc\u00e8s fiable \u00e0 courte port\u00e9e. Bo\u00eetier en ABS\/PVC\/silicone\/\u00e9poxy r\u00e9sistant \u00e0 l&#039;usure quotidienne, tandis que l&#039;impression personnalis\u00e9e et l&#039;encodage des donn\u00e9es garantissent un d\u00e9ploiement rapide et uniforme.<\/p>\n<p data-start=\"326\" data-end=\"340\"><strong data-start=\"326\" data-end=\"338\">Caract\u00e9ristiques<\/strong><\/p>\n<ul data-start=\"341\" data-end=\"654\">\n<li data-start=\"341\" data-end=\"385\">\n<p data-start=\"343\" data-end=\"385\">125 kHz LF (T5577), distance de lecture de 1 \u00e0 2 cm<\/p>\n<\/li>\n<li data-start=\"386\" data-end=\"431\">\n<p data-start=\"388\" data-end=\"431\">Bo\u00eetiers durables (ABS\/PVC\/silicone\/\u00e9poxy)<\/p>\n<\/li>\n<li data-start=\"432\" data-end=\"495\">\n<p data-start=\"434\" data-end=\"495\">Personnalisation graphique\u00a0: s\u00e9rigraphie ou laser\u00a0; identifiant unique\/num\u00e9ro de s\u00e9rie\/QR en option<\/p>\n<\/li>\n<li data-start=\"496\" data-end=\"544\">\n<p data-start=\"498\" data-end=\"544\">Services de donn\u00e9es\u00a0: enregistrement et pr\u00e9-encodage des identifiants<\/p>\n<\/li>\n<li data-start=\"545\" data-end=\"586\">\n<p data-start=\"547\" data-end=\"586\">Temp\u00e9rature de fonctionnement : \u221225 \u00b0C \u00e0 75 \u00b0C<\/p>\n<\/li>\n<li data-start=\"587\" data-end=\"654\">\n<p data-start=\"589\" data-end=\"654\">Options OEM et prise en charge \u00e9tendue des puces et des fr\u00e9quences disponibles sur demande<\/p>\n<\/li>\n<\/ul>\n<p data-start=\"656\" data-end=\"859\"><strong data-start=\"656\" data-end=\"672\">Applications<\/strong><br data-start=\"672\" data-end=\"675\" \/>Contr\u00f4le d&#039;acc\u00e8s par porte et portail \u2022 Billetterie \u00e9lectronique \u2022 Paiement sans esp\u00e8ces\/en boucle ferm\u00e9e \u2022 Gestion du temps et des pr\u00e9sences \u2022 Adh\u00e9sion\/fid\u00e9lisation \u2022 Transports publics \u2022 Piscines et blanchisserie \u2022 Logistique et automatisation industrielle.<\/p>\n<h2 data-start=\"861\" data-end=\"886\">Tableau (Sp\u00e9cifications)<\/h2>\n<div class=\"_tableContainer_1rjym_1\">\n<div class=\"group _tableWrapper_1rjym_13 flex w-fit flex-col-reverse\" tabindex=\"-1\">\n<table class=\"w-fit min-w-(--thread-content-width)\" data-start=\"888\" data-end=\"1920\">\n<thead data-start=\"888\" data-end=\"971\">\n<tr data-start=\"888\" data-end=\"971\">\n<th data-start=\"888\" data-end=\"906\" data-col-size=\"sm\">Cat\u00e9gorie<\/th>\n<th data-start=\"906\" data-end=\"928\" data-col-size=\"sm\">Param\u00e8tre<\/th>\n<th data-start=\"928\" data-end=\"971\" data-col-size=\"md\">Valeur<\/th>\n<\/tr>\n<\/thead>\n<tbody data-start=\"1056\" data-end=\"1920\">\n<tr data-start=\"1056\" data-end=\"1139\">\n<td data-start=\"1056\" data-end=\"1074\" data-col-size=\"sm\">Produit<\/td>\n<td data-col-size=\"sm\" data-start=\"1074\" data-end=\"1096\">Taper<\/td>\n<td data-col-size=\"md\" data-start=\"1096\" data-end=\"1139\">Porte-cl\u00e9s RFID \/ \u00e9tiquette porte-cl\u00e9s<\/td>\n<\/tr>\n<tr data-start=\"1140\" data-end=\"1223\">\n<td data-start=\"1140\" data-end=\"1158\" data-col-size=\"sm\">Mat\u00e9riels<\/td>\n<td data-col-size=\"sm\" data-start=\"1158\" data-end=\"1180\">Logement<\/td>\n<td data-col-size=\"md\" data-start=\"1180\" data-end=\"1223\">ABS \/ PVC \/ Silicone \/ \u00c9poxy<\/td>\n<\/tr>\n<tr data-start=\"1224\" data-end=\"1307\">\n<td data-start=\"1224\" data-end=\"1242\" data-col-size=\"sm\">Dimensions<\/td>\n<td data-col-size=\"sm\" data-start=\"1242\" data-end=\"1264\">Taille<\/td>\n<td data-col-size=\"md\" data-start=\"1264\" data-end=\"1307\">38 \u00d7 30 \u00d7 6 mm (personnalisable)<\/td>\n<\/tr>\n<tr data-start=\"1308\" data-end=\"1392\">\n<td data-start=\"1308\" data-end=\"1326\" data-col-size=\"sm\">Environnement<\/td>\n<td data-col-size=\"sm\" data-start=\"1326\" data-end=\"1348\">Temp\u00e9rature de fonctionnement<\/td>\n<td data-col-size=\"md\" data-start=\"1348\" data-end=\"1392\">\u221225 \u00b0C \u00e0 75 \u00b0C<\/td>\n<\/tr>\n<tr data-start=\"1393\" data-end=\"1476\">\n<td data-start=\"1393\" data-end=\"1411\" data-col-size=\"sm\">RF<\/td>\n<td data-col-size=\"sm\" data-start=\"1411\" data-end=\"1433\">Fr\u00e9quence<\/td>\n<td data-col-size=\"md\" data-start=\"1433\" data-end=\"1476\">125 kHz (BF)<\/td>\n<\/tr>\n<tr data-start=\"1477\" data-end=\"1560\">\n<td data-start=\"1477\" data-end=\"1495\" data-col-size=\"sm\">\u00c9br\u00e9cher<\/td>\n<td data-start=\"1495\" data-end=\"1517\" data-col-size=\"sm\">Mod\u00e8le<\/td>\n<td data-col-size=\"md\" data-start=\"1517\" data-end=\"1560\">T5577<\/td>\n<\/tr>\n<tr data-start=\"1561\" data-end=\"1644\">\n<td data-start=\"1561\" data-end=\"1579\" data-col-size=\"sm\">Performance<\/td>\n<td data-start=\"1579\" data-end=\"1601\" data-col-size=\"sm\">Distance de lecture<\/td>\n<td data-start=\"1601\" data-end=\"1644\" data-col-size=\"md\">1 \u00e0 2 cm (selon le lecteur)<\/td>\n<\/tr>\n<tr data-start=\"1645\" data-end=\"1728\">\n<td data-start=\"1645\" data-end=\"1663\" data-col-size=\"sm\">Personnalisation<\/td>\n<td data-col-size=\"sm\" data-start=\"1663\" data-end=\"1685\">Impression<\/td>\n<td data-col-size=\"md\" data-start=\"1685\" data-end=\"1728\">S\u00e9rigraphie ou laser<\/td>\n<\/tr>\n<tr data-start=\"1729\" data-end=\"1812\">\n<td data-start=\"1729\" data-end=\"1747\" data-col-size=\"sm\">Services de donn\u00e9es<\/td>\n<td data-col-size=\"sm\" data-start=\"1747\" data-end=\"1769\">Options<\/td>\n<td data-col-size=\"md\" data-start=\"1769\" data-end=\"1812\">UID\/num\u00e9ro de s\u00e9rie\/QR\u00a0; enregistrement d&#039;encodage de donn\u00e9es\/identification<\/td>\n<\/tr>\n<tr data-start=\"1813\" data-end=\"1920\">\n<td data-start=\"1813\" data-end=\"1831\" data-col-size=\"sm\">Cas d&#039;utilisation<\/td>\n<td data-start=\"1831\" data-end=\"1853\" data-col-size=\"sm\">Applications typiques<\/td>\n<td data-col-size=\"md\" data-start=\"1853\" data-end=\"1920\">Contr\u00f4le d&#039;acc\u00e8s, billetterie \u00e9lectronique, paiement, gestion des pr\u00e9sences, identification, logistique<\/td>\n<\/tr>\n<\/tbody>\n<\/table>\n<\/div>\n<\/div>","protected":false},"excerpt":{"rendered":"<p>Porte-cl\u00e9s RFID T5577 125 kHz r\u00e9sistant, avec une port\u00e9e de lecture de 1 \u00e0 2 cm. Bo\u00eetiers en ABS\/PVC\/silicone\/\u00e9poxy, impression personnalis\u00e9e (laser\/s\u00e9rigraphie) et encodage des donn\u00e9es pour un contr\u00f4le d&#039;acc\u00e8s s\u00e9curis\u00e9.<\/p>","protected":false},"featured_media":974,"template":"","meta":{"_gspb_post_css":""},"product_brand":[],"product_cat":[30],"product_tag":[],"class_list":{"0":"post-973","1":"product","2":"type-product","3":"status-publish","4":"has-post-thumbnail","6":"product_cat-rfid-keyfobs","8":"first","9":"instock","10":"shipping-taxable","11":"purchasable","12":"product-type-simple"},"_links":{"self":[{"href":"https:\/\/www.cxjsmartcard.com\/fr\/wp-json\/wp\/v2\/product\/973","targetHints":{"allow":["GET"]}}],"collection":[{"href":"https:\/\/www.cxjsmartcard.com\/fr\/wp-json\/wp\/v2\/product"}],"about":[{"href":"https:\/\/www.cxjsmartcard.com\/fr\/wp-json\/wp\/v2\/types\/product"}],"wp:featuredmedia":[{"embeddable":true,"href":"https:\/\/www.cxjsmartcard.com\/fr\/wp-json\/wp\/v2\/media\/974"}],"wp:attachment":[{"href":"https:\/\/www.cxjsmartcard.com\/fr\/wp-json\/wp\/v2\/media?parent=973"}],"wp:term":[{"taxonomy":"product_brand","embeddable":true,"href":"https:\/\/www.cxjsmartcard.com\/fr\/wp-json\/wp\/v2\/product_brand?post=973"},{"taxonomy":"product_cat","embeddable":true,"href":"https:\/\/www.cxjsmartcard.com\/fr\/wp-json\/wp\/v2\/product_cat?post=973"},{"taxonomy":"product_tag","embeddable":true,"href":"https:\/\/www.cxjsmartcard.com\/fr\/wp-json\/wp\/v2\/product_tag?post=973"}],"curies":[{"name":"wp","href":"https:\/\/api.w.org\/{rel}","templated":true}]}}