{"id":961,"date":"2025-11-03T09:31:55","date_gmt":"2025-11-03T09:31:55","guid":{"rendered":"https:\/\/www.cxjsmartcard.com\/?post_type=product&#038;p=961"},"modified":"2025-12-29T01:27:07","modified_gmt":"2025-12-29T01:27:07","slug":"nxp-ntag213-215-216-nfc-sticker-labels","status":"publish","type":"product","link":"https:\/\/www.cxjsmartcard.com\/fr\/nxp-ntag213-215-216-nfc-sticker-labels\/","title":{"rendered":"\u00c9tiquettes autocollantes NFC NXP NTAG213\/215\/216"},"content":{"rendered":"<p data-start=\"50\" data-end=\"436\">\u00c9tiquettes NFC compatibles avec les puces NXP NTAG213\/215\/216 pour une lecture rapide et fiable au contact des smartphones et des lecteurs ISO 14443A. Enti\u00e8rement conformes \u00e0 la norme NFC Forum Type 2 et prenant en charge NDEF, ces \u00e9tiquettes sont id\u00e9ales pour le marketing intelligent, l&#039;authentification des produits, l&#039;\u00e9tiquetage des rayons, la billetterie et l&#039;\u00e9v\u00e9nementiel. Leur format compact, leurs hautes performances RF et leurs fonctionnalit\u00e9s de s\u00e9curit\u00e9 renforc\u00e9es facilitent leur d\u00e9ploiement \u00e0 grande \u00e9chelle.<\/p>\n<p data-start=\"438\" data-end=\"456\"><strong data-start=\"438\" data-end=\"454\">Caract\u00e9ristiques principales<\/strong><\/p>\n<ul data-start=\"457\" data-end=\"964\">\n<li data-start=\"457\" data-end=\"517\">\n<p data-start=\"459\" data-end=\"517\">HF 13,56 MHz\u00a0; ISO\/IEC 14443 Type A\u00a0; \u00c9tiquette NFC Forum Type 2<\/p>\n<\/li>\n<li data-start=\"518\" data-end=\"590\">\n<p data-start=\"520\" data-end=\"590\">Haute fiabilit\u00e9 de num\u00e9risation avec syst\u00e8me anti-collision pour les environnements multi-\u00e9tiquettes<\/p>\n<\/li>\n<li data-start=\"591\" data-end=\"707\">\n<p data-start=\"593\" data-end=\"707\">S\u00e9curit\u00e9\u00a0: identifiant unique du fabricant (7\u00a0octets), signature d\u2019originalit\u00e9 ECC, mot de passe 32\u00a0bits, bits OTP, verrou programmable sur site<\/p>\n<\/li>\n<li data-start=\"708\" data-end=\"798\">\n<p data-start=\"710\" data-end=\"798\">D\u00e9bit de donn\u00e9es\u00a0: 106\u00a0kbit\/s\u00a0; compatible NDEF pour les URL, les identifiants, le jumelage Wi-Fi\/Bluetooth et les cartes de contact<\/p>\n<\/li>\n<li data-start=\"799\" data-end=\"874\">\n<p data-start=\"801\" data-end=\"874\">Mat\u00e9riaux : PVC\/papier\/papier couch\u00e9 ; livr\u00e9 en bobine ou \u00e0 l&#039;unit\u00e9<\/p>\n<\/li>\n<li data-start=\"875\" data-end=\"964\">\n<p data-start=\"877\" data-end=\"964\">Services d&#039;impression et de donn\u00e9es personnalis\u00e9s\u00a0: logo, graphismes, num\u00e9ro de s\u00e9rie\/UID, QR code\/code-barres, pr\u00e9-encodage<\/p>\n<\/li>\n<\/ul>\n<p data-start=\"966\" data-end=\"1138\"><strong data-start=\"966\" data-end=\"982\">Applications<\/strong><br data-start=\"982\" data-end=\"985\" \/>Marketing et publicit\u00e9 intelligents \u2022 Authentification des produits \u2022 \u00c9tiquettes NFC pour rayons \u2022 Cartes de visite et laissez-passer pour membres\/\u00e9v\u00e9nements \u2022 Appairage rapide Bluetooth\/Wi-Fi.<\/p>\n<h2 data-start=\"1140\" data-end=\"1165\">Tableau (Sp\u00e9cifications)<\/h2>\n<div class=\"_tableContainer_1rjym_1\">\n<div class=\"group _tableWrapper_1rjym_13 flex w-fit flex-col-reverse\" tabindex=\"-1\">\n<table class=\"w-fit min-w-(--thread-content-width)\" data-start=\"1167\" data-end=\"3012\">\n<thead data-start=\"1167\" data-end=\"1289\">\n<tr data-start=\"1167\" data-end=\"1289\">\n<th data-start=\"1167\" data-end=\"1188\" data-col-size=\"sm\">Cat\u00e9gorie<\/th>\n<th data-start=\"1188\" data-end=\"1216\" data-col-size=\"sm\">Param\u00e8tre<\/th>\n<th data-start=\"1216\" data-end=\"1289\" data-col-size=\"md\">Valeur<\/th>\n<\/tr>\n<\/thead>\n<tbody data-start=\"1413\" data-end=\"3012\">\n<tr data-start=\"1413\" data-end=\"1534\">\n<td data-start=\"1413\" data-end=\"1434\" data-col-size=\"sm\">Produit<\/td>\n<td data-start=\"1434\" data-end=\"1462\" data-col-size=\"sm\">Nom<\/td>\n<td data-col-size=\"md\" data-start=\"1462\" data-end=\"1534\">\u00c9tiquette autocollante NFC NXP NTAG213 \/ NTAG215 \/ NTAG216<\/td>\n<\/tr>\n<tr data-start=\"1535\" data-end=\"1657\">\n<td data-start=\"1535\" data-end=\"1556\" data-col-size=\"sm\">CI<\/td>\n<td data-col-size=\"sm\" data-start=\"1556\" data-end=\"1584\">Mod\u00e8les de puces<\/td>\n<td data-col-size=\"md\" data-start=\"1584\" data-end=\"1657\">NTAG213, NTAG215, NTAG216 (options personnalis\u00e9es disponibles)<\/td>\n<\/tr>\n<tr data-start=\"1658\" data-end=\"1781\">\n<td data-start=\"1658\" data-end=\"1679\" data-col-size=\"sm\">RF<\/td>\n<td data-start=\"1679\" data-end=\"1707\" data-col-size=\"sm\">Fr\u00e9quence<\/td>\n<td data-start=\"1707\" data-end=\"1781\" data-col-size=\"md\">13,56 MHz (HF)<\/td>\n<\/tr>\n<tr data-start=\"1782\" data-end=\"1904\">\n<td data-start=\"1782\" data-end=\"1803\" data-col-size=\"sm\"><\/td>\n<td data-col-size=\"sm\" data-start=\"1803\" data-end=\"1831\">Protocole<\/td>\n<td data-col-size=\"md\" data-start=\"1831\" data-end=\"1904\">\u00c9tiquette de type A ISO\/IEC 14443\u00a0; type 2 du NFC Forum<\/td>\n<\/tr>\n<tr data-start=\"1905\" data-end=\"2028\">\n<td data-start=\"1905\" data-end=\"1926\" data-col-size=\"sm\">Performance<\/td>\n<td data-col-size=\"sm\" data-start=\"1926\" data-end=\"1954\">Taux de communication<\/td>\n<td data-col-size=\"md\" data-start=\"1954\" data-end=\"2028\">106 kbit\/s<\/td>\n<\/tr>\n<tr data-start=\"2029\" data-end=\"2151\">\n<td data-start=\"2029\" data-end=\"2050\" data-col-size=\"sm\">Anti-collision<\/td>\n<td data-start=\"2050\" data-end=\"2078\" data-col-size=\"sm\">Prise en charge multi-\u00e9tiquettes<\/td>\n<td data-start=\"2078\" data-end=\"2151\" data-col-size=\"md\">Oui, s\u00e9lectionne les \u00e9tiquettes individuellement dans le champ.<\/td>\n<\/tr>\n<tr data-start=\"2152\" data-end=\"2274\">\n<td data-start=\"2152\" data-end=\"2173\" data-col-size=\"sm\">S\u00e9curit\u00e9<\/td>\n<td data-col-size=\"sm\" data-start=\"2173\" data-end=\"2201\">Caract\u00e9ristiques<\/td>\n<td data-col-size=\"md\" data-start=\"2201\" data-end=\"2274\">Identifiant unique (UID) de 7 octets\u00a0; signature d&#039;originalit\u00e9 ECC\u00a0; mot de passe de 32 bits\u00a0; code OTP\u00a0; bits de verrouillage<\/td>\n<\/tr>\n<tr data-start=\"2275\" data-end=\"2397\">\n<td data-start=\"2275\" data-end=\"2296\" data-col-size=\"sm\">Mat\u00e9riels<\/td>\n<td data-col-size=\"sm\" data-start=\"2296\" data-end=\"2324\">Face\/Substrat<\/td>\n<td data-col-size=\"md\" data-start=\"2324\" data-end=\"2397\">PVC, papier, papier couch\u00e9<\/td>\n<\/tr>\n<tr data-start=\"2398\" data-end=\"2520\">\n<td data-start=\"2398\" data-end=\"2419\" data-col-size=\"sm\">Dimensions<\/td>\n<td data-col-size=\"sm\" data-start=\"2419\" data-end=\"2447\">Tailles standard<\/td>\n<td data-col-size=\"md\" data-start=\"2447\" data-end=\"2520\">\u00d825 \/ 30 \/ 35 \/ 40 \/ 45 \/ 50 mm ; dimensions et formes personnalis\u00e9es<\/td>\n<\/tr>\n<tr data-start=\"2521\" data-end=\"2643\">\n<td data-start=\"2521\" data-end=\"2542\" data-col-size=\"sm\">Personnalisation<\/td>\n<td data-col-size=\"sm\" data-start=\"2542\" data-end=\"2570\">Impression\/Emballage<\/td>\n<td data-col-size=\"md\" data-start=\"2570\" data-end=\"2643\">Logo, graphisme, QR code, num\u00e9ro de s\u00e9rie\u00a0; emballage en bobine ou individuel<\/td>\n<\/tr>\n<tr data-start=\"2644\" data-end=\"2766\">\n<td data-start=\"2644\" data-end=\"2665\" data-col-size=\"sm\">Services de donn\u00e9es<\/td>\n<td data-start=\"2665\" data-end=\"2693\" data-col-size=\"sm\">Codage<\/td>\n<td data-col-size=\"md\" data-start=\"2693\" data-end=\"2766\">Pr\u00e9-encodage NDEF\/EPC disponible<\/td>\n<\/tr>\n<tr data-start=\"2767\" data-end=\"2889\">\n<td data-start=\"2767\" data-end=\"2788\" data-col-size=\"sm\">Avantages<\/td>\n<td data-col-size=\"sm\" data-start=\"2788\" data-end=\"2816\">Points forts<\/td>\n<td data-col-size=\"md\" data-start=\"2816\" data-end=\"2889\">Encombrement r\u00e9duit, lecture rapide, performances RF \u00e9lev\u00e9es, s\u00e9curis\u00e9, flexible<\/td>\n<\/tr>\n<tr data-start=\"2890\" data-end=\"3012\">\n<td data-start=\"2890\" data-end=\"2911\" data-col-size=\"sm\">Applications<\/td>\n<td data-col-size=\"sm\" data-start=\"2911\" data-end=\"2939\">Cas d&#039;utilisation typiques<\/td>\n<td data-col-size=\"md\" data-start=\"2939\" data-end=\"3012\">Marketing, authentification, \u00e9tiquettes de rayon, cartes, appariement<\/td>\n<\/tr>\n<\/tbody>\n<\/table>\n<\/div>\n<\/div>","protected":false},"excerpt":{"rendered":"<p>\u00c9tiquettes autocollantes NFC avec NXP NTAG213\/215\/216\u201413,56 MHz, ISO 14443A, fonctions s\u00e9curis\u00e9es, compatibles NDEF et impression\/encodage personnalisables pour le marketing, l&#039;authentification et les \u00e9v\u00e9nements.<\/p>","protected":false},"featured_media":962,"template":"","meta":{"_gspb_post_css":""},"product_brand":[],"product_cat":[29],"product_tag":[],"class_list":{"0":"post-961","1":"product","2":"type-product","3":"status-publish","4":"has-post-thumbnail","6":"product_cat-nfc-tags","8":"first","9":"instock","10":"shipping-taxable","11":"purchasable","12":"product-type-simple"},"_links":{"self":[{"href":"https:\/\/www.cxjsmartcard.com\/fr\/wp-json\/wp\/v2\/product\/961","targetHints":{"allow":["GET"]}}],"collection":[{"href":"https:\/\/www.cxjsmartcard.com\/fr\/wp-json\/wp\/v2\/product"}],"about":[{"href":"https:\/\/www.cxjsmartcard.com\/fr\/wp-json\/wp\/v2\/types\/product"}],"wp:featuredmedia":[{"embeddable":true,"href":"https:\/\/www.cxjsmartcard.com\/fr\/wp-json\/wp\/v2\/media\/962"}],"wp:attachment":[{"href":"https:\/\/www.cxjsmartcard.com\/fr\/wp-json\/wp\/v2\/media?parent=961"}],"wp:term":[{"taxonomy":"product_brand","embeddable":true,"href":"https:\/\/www.cxjsmartcard.com\/fr\/wp-json\/wp\/v2\/product_brand?post=961"},{"taxonomy":"product_cat","embeddable":true,"href":"https:\/\/www.cxjsmartcard.com\/fr\/wp-json\/wp\/v2\/product_cat?post=961"},{"taxonomy":"product_tag","embeddable":true,"href":"https:\/\/www.cxjsmartcard.com\/fr\/wp-json\/wp\/v2\/product_tag?post=961"}],"curies":[{"name":"wp","href":"https:\/\/api.w.org\/{rel}","templated":true}]}}