{"id":954,"date":"2025-11-03T09:30:20","date_gmt":"2025-11-03T09:30:20","guid":{"rendered":"https:\/\/www.cxjsmartcard.com\/?post_type=product&#038;p=954"},"modified":"2025-12-29T01:27:07","modified_gmt":"2025-12-29T01:27:07","slug":"nxp-mifare-ultralight-ev1-nfc-sticker","status":"publish","type":"product","link":"https:\/\/www.cxjsmartcard.com\/fr\/nxp-mifare-ultralight-ev1-nfc-sticker\/","title":{"rendered":"Autocollant NFC ultral\u00e9ger NXP MIFARE EV1"},"content":{"rendered":"<p data-start=\"49\" data-end=\"419\">\u00c9tiquettes NFC bas\u00e9es sur la technologie MIFARE Ultralight\u00ae EV1 pour une exp\u00e9rience de paiement sans contact s\u00e9curis\u00e9e, rapide et compatible avec les smartphones. Id\u00e9ales pour les paiements mobiles, le contr\u00f4le d&#039;acc\u00e8s, la billetterie \u00e9lectronique, la fid\u00e9lisation, le marketing et l&#039;authentification des produits. Chaque \u00e9tiquette est dot\u00e9e d&#039;une protection anti-collision, d&#039;un identifiant unique (UID) de 7 octets, d&#039;une m\u00e9moire pour les codes OTP, de compteurs unidirectionnels, d&#039;une signature d&#039;originalit\u00e9 ECC et d&#039;une protection par mot de passe optionnelle.<\/p>\n<p data-start=\"421\" data-end=\"560\"><strong data-start=\"421\" data-end=\"445\">Mat\u00e9riaux et impression<\/strong><br data-start=\"445\" data-end=\"448\" \/>Papier, papier auto-adh\u00e9sif, PVC, plastique souple ou PET avec impression en couleur (logos, graphiques, donn\u00e9es variables).<\/p>\n<p data-start=\"562\" data-end=\"655\"><strong data-start=\"562\" data-end=\"586\">Tailles (personnalisables)<\/strong><br data-start=\"586\" data-end=\"589\" \/>\u00d825 mm, 25\u00d725 mm, 30\u00d730 mm, 40\u00d740 mm, 50\u00d750 mm et formes personnalis\u00e9es.<\/p>\n<p data-start=\"657\" data-end=\"752\"><strong data-start=\"657\" data-end=\"690\">Puces compatibles (sur demande)<\/strong><br data-start=\"690\" data-end=\"693\" \/>MIFARE Ultralight\u00ae \/ Ultralight\u00ae C \u2022 NTAG\u00ae 203 \/ 213 \/ 216.<\/p>\n<p data-start=\"754\" data-end=\"946\"><strong data-start=\"754\" data-end=\"770\">Applications<\/strong><br data-start=\"770\" data-end=\"773\" \/>Paiements mobiles sans contact \u2022 Contr\u00f4le d&#039;acc\u00e8s \u2022 Billets \u00e9lectroniques et laissez-passer journaliers pour les \u00e9v\u00e9nements \u2022 Programmes de fid\u00e9lit\u00e9 et campagnes marketing \u2022 Authentification des produits et acc\u00e8s au contenu num\u00e9rique.<\/p>\n<p data-start=\"948\" data-end=\"1144\"><strong data-start=\"948\" data-end=\"964\">Principaux avantages<\/strong><br data-start=\"964\" data-end=\"967\" \/>Transactions rapides (&lt;35 ms) \u2022 Conception s\u00e9curis\u00e9e et inviolable \u2022 Int\u00e9gration flexible dans les tickets, les cartes et les \u00e9tiquettes \u2022 \u00c9volutif pour les d\u00e9ploiements de masse et les environnements \u00e0 fort trafic.<\/p>\n<h2 data-start=\"1146\" data-end=\"1171\">Tableau (Sp\u00e9cifications)<\/h2>\n<div class=\"_tableContainer_1rjym_1\">\n<div class=\"group _tableWrapper_1rjym_13 flex w-fit flex-col-reverse\" tabindex=\"-1\">\n<table class=\"w-fit min-w-(--thread-content-width)\" data-start=\"1173\" data-end=\"2573\">\n<thead data-start=\"1173\" data-end=\"1278\">\n<tr data-start=\"1173\" data-end=\"1278\">\n<th data-start=\"1173\" data-end=\"1191\" data-col-size=\"sm\">Cat\u00e9gorie<\/th>\n<th data-start=\"1191\" data-end=\"1214\" data-col-size=\"sm\">Param\u00e8tre<\/th>\n<th data-start=\"1214\" data-end=\"1278\" data-col-size=\"md\">Valeur<\/th>\n<\/tr>\n<\/thead>\n<tbody data-start=\"1385\" data-end=\"2573\">\n<tr data-start=\"1385\" data-end=\"1490\">\n<td data-start=\"1385\" data-end=\"1403\" data-col-size=\"sm\">Produit<\/td>\n<td data-start=\"1403\" data-end=\"1426\" data-col-size=\"sm\">Taper<\/td>\n<td data-start=\"1426\" data-end=\"1490\" data-col-size=\"md\">\u00c9tiquette\/autocollant NFC<\/td>\n<\/tr>\n<tr data-start=\"1491\" data-end=\"1596\">\n<td data-start=\"1491\" data-end=\"1509\" data-col-size=\"sm\">RF<\/td>\n<td data-start=\"1509\" data-end=\"1532\" data-col-size=\"sm\">Fr\u00e9quence<\/td>\n<td data-col-size=\"md\" data-start=\"1532\" data-end=\"1596\">13,56 MHz<\/td>\n<\/tr>\n<tr data-start=\"1597\" data-end=\"1702\">\n<td data-start=\"1597\" data-end=\"1616\" data-col-size=\"sm\"><\/td>\n<td data-col-size=\"sm\" data-start=\"1616\" data-end=\"1638\">Protocole<\/td>\n<td data-col-size=\"md\" data-start=\"1638\" data-end=\"1702\">ISO\/CEI 14443 Type A<\/td>\n<\/tr>\n<tr data-start=\"1703\" data-end=\"1808\">\n<td data-start=\"1703\" data-end=\"1721\" data-col-size=\"sm\">CI<\/td>\n<td data-start=\"1721\" data-end=\"1744\" data-col-size=\"sm\">D\u00e9faut<\/td>\n<td data-col-size=\"md\" data-start=\"1744\" data-end=\"1808\">MIFARE Ultralight\u00ae EV1<\/td>\n<\/tr>\n<tr data-start=\"1809\" data-end=\"1935\">\n<td data-start=\"1809\" data-end=\"1827\" data-col-size=\"sm\">S\u00e9curit\u00e9<\/td>\n<td data-start=\"1827\" data-end=\"1850\" data-col-size=\"sm\">Caract\u00e9ristiques<\/td>\n<td data-col-size=\"md\" data-start=\"1850\" data-end=\"1935\">Identifiant unique (UID) sur 7 octets\u00a0; code OTP\u00a0; compteurs unidirectionnels\u00a0; signature d&#039;originalit\u00e9 ECC\u00a0; protection par mot de passe<\/td>\n<\/tr>\n<tr data-start=\"1936\" data-end=\"2041\">\n<td data-start=\"1936\" data-end=\"1954\" data-col-size=\"sm\">Anti-collision<\/td>\n<td data-col-size=\"sm\" data-start=\"1954\" data-end=\"1977\">Lectures multi-\u00e9tiquettes<\/td>\n<td data-col-size=\"md\" data-start=\"1977\" data-end=\"2041\">Soutenu<\/td>\n<\/tr>\n<tr data-start=\"2042\" data-end=\"2147\">\n<td data-start=\"2042\" data-end=\"2060\" data-col-size=\"sm\">Mat\u00e9riels<\/td>\n<td data-col-size=\"sm\" data-start=\"2060\" data-end=\"2083\">Face\/Substrat<\/td>\n<td data-col-size=\"md\" data-start=\"2083\" data-end=\"2147\">Papier, papier autocollant, PVC, plastique souple, PET<\/td>\n<\/tr>\n<tr data-start=\"2148\" data-end=\"2253\">\n<td data-start=\"2148\" data-end=\"2166\" data-col-size=\"sm\">Dimensions<\/td>\n<td data-col-size=\"sm\" data-start=\"2166\" data-end=\"2189\">Tailles standard<\/td>\n<td data-col-size=\"md\" data-start=\"2189\" data-end=\"2253\">\u00d825 mm\u00a0; 25\u00d725\u00a0; 30\u00d730\u00a0; 40\u00d740\u00a0; 50\u00d750 mm\u00a0; sur mesure<\/td>\n<\/tr>\n<tr data-start=\"2254\" data-end=\"2359\">\n<td data-start=\"2254\" data-end=\"2272\" data-col-size=\"sm\">Impression<\/td>\n<td data-col-size=\"sm\" data-start=\"2272\" data-end=\"2295\">M\u00e9thodes<\/td>\n<td data-col-size=\"md\" data-start=\"2295\" data-end=\"2359\">En couleur (logos, graphiques, donn\u00e9es variables)<\/td>\n<\/tr>\n<tr data-start=\"2360\" data-end=\"2465\">\n<td data-start=\"2360\" data-end=\"2378\" data-col-size=\"sm\">Options<\/td>\n<td data-col-size=\"sm\" data-start=\"2378\" data-end=\"2401\">Puces alternatives<\/td>\n<td data-col-size=\"md\" data-start=\"2401\" data-end=\"2465\">Ultral\u00e9ger C\u00a0; NTAG203\/213\/216<\/td>\n<\/tr>\n<tr data-start=\"2466\" data-end=\"2573\">\n<td data-start=\"2466\" data-end=\"2484\" data-col-size=\"sm\">Cas d&#039;utilisation<\/td>\n<td data-start=\"2484\" data-end=\"2507\" data-col-size=\"sm\">Applications<\/td>\n<td data-col-size=\"md\" data-start=\"2507\" data-end=\"2573\">Paiements, acc\u00e8s, billets \u00e9lectroniques, fid\u00e9lisation\/marketing, authentification<\/td>\n<\/tr>\n<\/tbody>\n<\/table>\n<\/div>\n<\/div>","protected":false},"excerpt":{"rendered":"<p>\u00c9tiquettes NFC avec MIFARE Ultralight EV1\u2014ISO 14443A, contacts rapides et s\u00e9curis\u00e9s, anti-collision et faces imprimables en couleur pour les paiements, le contr\u00f4le d&#039;acc\u00e8s, la billetterie \u00e9lectronique et les campagnes de marque.<\/p>","protected":false},"featured_media":955,"template":"","meta":{"_gspb_post_css":""},"product_brand":[],"product_cat":[29],"product_tag":[],"class_list":{"0":"post-954","1":"product","2":"type-product","3":"status-publish","4":"has-post-thumbnail","6":"product_cat-nfc-tags","8":"first","9":"instock","10":"shipping-taxable","11":"purchasable","12":"product-type-simple"},"_links":{"self":[{"href":"https:\/\/www.cxjsmartcard.com\/fr\/wp-json\/wp\/v2\/product\/954","targetHints":{"allow":["GET"]}}],"collection":[{"href":"https:\/\/www.cxjsmartcard.com\/fr\/wp-json\/wp\/v2\/product"}],"about":[{"href":"https:\/\/www.cxjsmartcard.com\/fr\/wp-json\/wp\/v2\/types\/product"}],"wp:featuredmedia":[{"embeddable":true,"href":"https:\/\/www.cxjsmartcard.com\/fr\/wp-json\/wp\/v2\/media\/955"}],"wp:attachment":[{"href":"https:\/\/www.cxjsmartcard.com\/fr\/wp-json\/wp\/v2\/media?parent=954"}],"wp:term":[{"taxonomy":"product_brand","embeddable":true,"href":"https:\/\/www.cxjsmartcard.com\/fr\/wp-json\/wp\/v2\/product_brand?post=954"},{"taxonomy":"product_cat","embeddable":true,"href":"https:\/\/www.cxjsmartcard.com\/fr\/wp-json\/wp\/v2\/product_cat?post=954"},{"taxonomy":"product_tag","embeddable":true,"href":"https:\/\/www.cxjsmartcard.com\/fr\/wp-json\/wp\/v2\/product_tag?post=954"}],"curies":[{"name":"wp","href":"https:\/\/api.w.org\/{rel}","templated":true}]}}