{"id":943,"date":"2025-11-03T09:28:48","date_gmt":"2025-11-03T09:28:48","guid":{"rendered":"https:\/\/www.cxjsmartcard.com\/?post_type=product&#038;p=943"},"modified":"2025-12-29T01:27:07","modified_gmt":"2025-12-29T01:27:07","slug":"ntag213-nfc-keychain-abs-rfid-keyfob","status":"publish","type":"product","link":"https:\/\/www.cxjsmartcard.com\/fr\/ntag213-nfc-keychain-abs-rfid-keyfob\/","title":{"rendered":"Porte-cl\u00e9s NFC NTAG213 ABS RFID"},"content":{"rendered":"<p data-start=\"48\" data-end=\"332\">Porte-cl\u00e9s NFC compact et r\u00e9sistant en ABS pour un contr\u00f4le d&#039;acc\u00e8s et une identification au quotidien. La puce NTAG213 (HF 13,56 MHz) assure une lecture rapide et fiable avec les smartphones et les lecteurs ISO 14443A. Facile \u00e0 accrocher \u00e0 un porte-cl\u00e9s, il est personnalisable (couleur, impression et puce).<\/p>\n<p data-start=\"334\" data-end=\"352\"><strong data-start=\"334\" data-end=\"350\">Caract\u00e9ristiques principales<\/strong><\/p>\n<ul data-start=\"353\" data-end=\"614\">\n<li data-start=\"353\" data-end=\"390\">\n<p data-start=\"355\" data-end=\"390\">mini \u00e9tiquette \u00e9tanche et r\u00e9sistante aux intemp\u00e9ries<\/p>\n<\/li>\n<li data-start=\"391\" data-end=\"429\">\n<p data-start=\"393\" data-end=\"429\">NFC\/RFID 13,56 MHz, ISO\/IEC 14443A<\/p>\n<\/li>\n<li data-start=\"430\" data-end=\"489\">\n<p data-start=\"432\" data-end=\"489\">Distance de lecture typique\u00a0: 2 \u00e0 5\u00a0cm (selon le lecteur\/l\u2019appareil)<\/p>\n<\/li>\n<li data-start=\"490\" data-end=\"545\">\n<p data-start=\"492\" data-end=\"545\">Couleurs, logos, num\u00e9ros de s\u00e9rie\/UID, codes QR\/barres personnalisables<\/p>\n<\/li>\n<li data-start=\"546\" data-end=\"599\">\n<p data-start=\"548\" data-end=\"599\">Plusieurs options de circuits int\u00e9gr\u00e9s pour r\u00e9pondre aux besoins de s\u00e9curit\u00e9 et de m\u00e9moire<\/p>\n<\/li>\n<li data-start=\"600\" data-end=\"614\">\n<p data-start=\"602\" data-end=\"614\">Quantit\u00e9 minimale de commande : 200 pi\u00e8ces<\/p>\n<\/li>\n<\/ul>\n<p data-start=\"616\" data-end=\"778\"><strong data-start=\"616\" data-end=\"632\">Applications<\/strong><br data-start=\"632\" data-end=\"635\" \/>Contr\u00f4le d&#039;acc\u00e8s \u2022 Transports publics \u2022 Paiement sans esp\u00e8ces\/en circuit ferm\u00e9 \u2022 Gestion du temps et des pr\u00e9sences \u2022 Gestion des adh\u00e9sions et des visiteurs \u2022 Enregistrement intelligent.<\/p>\n<h2 data-start=\"780\" data-end=\"805\">Tableau (Sp\u00e9cifications)<\/h2>\n<div class=\"_tableContainer_1rjym_1\">\n<div class=\"group _tableWrapper_1rjym_13 flex w-fit flex-col-reverse\" tabindex=\"-1\">\n<table class=\"w-fit min-w-(--thread-content-width)\" data-start=\"807\" data-end=\"3398\">\n<thead data-start=\"807\" data-end=\"929\">\n<tr data-start=\"807\" data-end=\"929\">\n<th data-start=\"807\" data-end=\"829\" data-col-size=\"sm\">Cat\u00e9gorie<\/th>\n<th data-start=\"829\" data-end=\"856\" data-col-size=\"sm\">Param\u00e8tre<\/th>\n<th data-start=\"856\" data-end=\"929\" data-col-size=\"md\">Valeur<\/th>\n<\/tr>\n<\/thead>\n<tbody data-start=\"1052\" data-end=\"3398\">\n<tr data-start=\"1052\" data-end=\"1173\">\n<td data-start=\"1052\" data-end=\"1073\" data-col-size=\"sm\">Produit<\/td>\n<td data-col-size=\"sm\" data-start=\"1073\" data-end=\"1100\">Nom<\/td>\n<td data-col-size=\"md\" data-start=\"1100\" data-end=\"1173\">Porte-cl\u00e9s RFID ABS<\/td>\n<\/tr>\n<tr data-start=\"1174\" data-end=\"1295\">\n<td data-start=\"1174\" data-end=\"1195\" data-col-size=\"sm\">Facteur de forme<\/td>\n<td data-col-size=\"sm\" data-start=\"1195\" data-end=\"1222\">Style<\/td>\n<td data-col-size=\"md\" data-start=\"1222\" data-end=\"1295\">Porte-cl\u00e9s (mini \u00e9tiquette)<\/td>\n<\/tr>\n<tr data-start=\"1296\" data-end=\"1417\">\n<td data-start=\"1296\" data-end=\"1317\" data-col-size=\"sm\">Mat\u00e9riels<\/td>\n<td data-col-size=\"sm\" data-start=\"1317\" data-end=\"1344\">Corps<\/td>\n<td data-col-size=\"md\" data-start=\"1344\" data-end=\"1417\">ABS (plastique)<\/td>\n<\/tr>\n<tr data-start=\"1418\" data-end=\"1539\">\n<td data-start=\"1418\" data-end=\"1439\" data-col-size=\"sm\">Dimensions<\/td>\n<td data-col-size=\"sm\" data-start=\"1439\" data-end=\"1466\">Taille<\/td>\n<td data-col-size=\"md\" data-start=\"1466\" data-end=\"1539\">2,36 \u00d7 1,18 \u00d7 0,16 po (environ)<\/td>\n<\/tr>\n<tr data-start=\"1540\" data-end=\"1661\">\n<td data-start=\"1540\" data-end=\"1561\" data-col-size=\"sm\">Interface RF<\/td>\n<td data-start=\"1561\" data-end=\"1588\" data-col-size=\"sm\">Fr\u00e9quence<\/td>\n<td data-start=\"1588\" data-end=\"1661\" data-col-size=\"md\">13,56 MHz (HF)<\/td>\n<\/tr>\n<tr data-start=\"1662\" data-end=\"1783\">\n<td data-start=\"1662\" data-end=\"1683\" data-col-size=\"sm\"><\/td>\n<td data-start=\"1683\" data-end=\"1710\" data-col-size=\"sm\">Protocole<\/td>\n<td data-start=\"1710\" data-end=\"1783\" data-col-size=\"md\">ISO\/IEC 14443A<\/td>\n<\/tr>\n<tr data-start=\"1784\" data-end=\"1905\">\n<td data-start=\"1784\" data-end=\"1805\" data-col-size=\"sm\">Communication<\/td>\n<td data-col-size=\"sm\" data-start=\"1805\" data-end=\"1832\">Interfaces<\/td>\n<td data-col-size=\"md\" data-start=\"1832\" data-end=\"1905\">RFID, NFC<\/td>\n<\/tr>\n<tr data-start=\"1906\" data-end=\"2028\">\n<td data-start=\"1906\" data-end=\"1927\" data-col-size=\"sm\">Puce par d\u00e9faut<\/td>\n<td data-col-size=\"sm\" data-start=\"1927\" data-end=\"1955\">CI<\/td>\n<td data-col-size=\"md\" data-start=\"1955\" data-end=\"2028\">NTAG213<\/td>\n<\/tr>\n<tr data-start=\"2029\" data-end=\"2168\">\n<td data-start=\"2029\" data-end=\"2050\" data-col-size=\"sm\">Options de puce (HF)<\/td>\n<td data-col-size=\"sm\" data-start=\"2050\" data-end=\"2077\">Famille NTAG<\/td>\n<td data-col-size=\"md\" data-start=\"2077\" data-end=\"2168\">NTAG213 (180 B), NTAG215 (540 B), NTAG216 (924 B), TagTamper, 424 DNA\/424 DNA TagTamper<\/td>\n<\/tr>\n<tr data-start=\"2169\" data-end=\"2290\">\n<td data-start=\"2169\" data-end=\"2190\" data-col-size=\"sm\"><\/td>\n<td data-start=\"2190\" data-end=\"2217\" data-col-size=\"sm\">MIFARE Classique<\/td>\n<td data-col-size=\"md\" data-start=\"2217\" data-end=\"2290\">1K, 4K<\/td>\n<\/tr>\n<tr data-start=\"2291\" data-end=\"2412\">\n<td data-start=\"2291\" data-end=\"2312\" data-col-size=\"sm\"><\/td>\n<td data-col-size=\"sm\" data-start=\"2312\" data-end=\"2339\">MIFARE Plus<\/td>\n<td data-col-size=\"md\" data-start=\"2339\" data-end=\"2412\">Plus EV2 (2K\/4K), Plus SE (1K)<\/td>\n<\/tr>\n<tr data-start=\"2413\" data-end=\"2534\">\n<td data-start=\"2413\" data-end=\"2434\" data-col-size=\"sm\"><\/td>\n<td data-start=\"2434\" data-end=\"2461\" data-col-size=\"sm\">MIFARE DESFeu<\/td>\n<td data-col-size=\"md\" data-start=\"2461\" data-end=\"2534\">EV1 \/ EV2 \/ EV3 (2K\/4K\/8K)<\/td>\n<\/tr>\n<tr data-start=\"2535\" data-end=\"2666\">\n<td data-start=\"2535\" data-end=\"2556\" data-col-size=\"sm\"><\/td>\n<td data-col-size=\"sm\" data-start=\"2556\" data-end=\"2583\">ICODE (ISO 15693)<\/td>\n<td data-col-size=\"md\" data-start=\"2583\" data-end=\"2666\">SLI (1024 bits), SLIX, SLIX2 (2560 bits), SLIX-S (2048 bits), SLIX-L (512 bits)<\/td>\n<\/tr>\n<tr data-start=\"2667\" data-end=\"2788\">\n<td data-start=\"2667\" data-end=\"2688\" data-col-size=\"sm\">Performance<\/td>\n<td data-col-size=\"sm\" data-start=\"2688\" data-end=\"2715\">Distance de lecture<\/td>\n<td data-col-size=\"md\" data-start=\"2715\" data-end=\"2788\">2 \u00e0 5 cm (selon l&#039;appareil\/l&#039;antenne)<\/td>\n<\/tr>\n<tr data-start=\"2789\" data-end=\"2910\">\n<td data-start=\"2789\" data-end=\"2810\" data-col-size=\"sm\">Durabilit\u00e9<\/td>\n<td data-start=\"2810\" data-end=\"2837\" data-col-size=\"sm\">Caract\u00e9ristiques sp\u00e9ciales<\/td>\n<td data-col-size=\"md\" data-start=\"2837\" data-end=\"2910\">\u00c9tanche \u00e0 l&#039;eau et aux intemp\u00e9ries ; bo\u00eetier robuste en ABS<\/td>\n<\/tr>\n<tr data-start=\"2911\" data-end=\"3032\">\n<td data-start=\"2911\" data-end=\"2932\" data-col-size=\"sm\">Personnalisation<\/td>\n<td data-start=\"2932\" data-end=\"2959\" data-col-size=\"sm\">Couleur\/Impression<\/td>\n<td data-col-size=\"md\" data-start=\"2959\" data-end=\"3032\">Couleurs personnalis\u00e9es\u00a0; logo\/texte\u00a0; impression laser\u00a0; identifiant unique\/num\u00e9ro de s\u00e9rie\u00a0; code QR\/code-barres<\/td>\n<\/tr>\n<tr data-start=\"3033\" data-end=\"3154\">\n<td data-start=\"3033\" data-end=\"3054\" data-col-size=\"sm\">Conditionnement<\/td>\n<td data-col-size=\"sm\" data-start=\"3054\" data-end=\"3081\">MOQ<\/td>\n<td data-col-size=\"md\" data-start=\"3081\" data-end=\"3154\">200 pi\u00e8ces<\/td>\n<\/tr>\n<tr data-start=\"3155\" data-end=\"3276\">\n<td data-start=\"3155\" data-end=\"3176\" data-col-size=\"sm\">Origine<\/td>\n<td data-col-size=\"sm\" data-start=\"3176\" data-end=\"3203\">Lieu d&#039;origine<\/td>\n<td data-col-size=\"md\" data-start=\"3203\" data-end=\"3276\">Chine<\/td>\n<\/tr>\n<tr data-start=\"3277\" data-end=\"3398\">\n<td data-start=\"3277\" data-end=\"3298\" data-col-size=\"sm\">Cas d&#039;utilisation<\/td>\n<td data-col-size=\"sm\" data-start=\"3298\" data-end=\"3325\">Applications<\/td>\n<td data-col-size=\"md\" data-start=\"3325\" data-end=\"3398\">Contr\u00f4le d&#039;acc\u00e8s, transport, paiement, carte d&#039;identit\u00e9, adh\u00e9sion, pr\u00e9sence<\/td>\n<\/tr>\n<\/tbody>\n<\/table>\n<\/div>\n<\/div>","protected":false},"excerpt":{"rendered":"<p>Porte-cl\u00e9s NFC en ABS r\u00e9sistant avec NTAG213\u00a0: mini-\u00e9tiquette \u00e9tanche pour le contr\u00f4le d\u2019acc\u00e8s et l\u2019identification quotidienne. Fr\u00e9quence\u00a0: 13,56\u00a0MHz, norme ISO\u00a014443A, port\u00e9e de lecture\u00a0: 2 \u00e0 5\u00a0cm, couleurs et impression personnalisables.<\/p>","protected":false},"featured_media":949,"template":"","meta":{"_gspb_post_css":""},"product_brand":[],"product_cat":[29],"product_tag":[],"class_list":{"0":"post-943","1":"product","2":"type-product","3":"status-publish","4":"has-post-thumbnail","6":"product_cat-nfc-tags","8":"first","9":"instock","10":"shipping-taxable","11":"purchasable","12":"product-type-simple"},"_links":{"self":[{"href":"https:\/\/www.cxjsmartcard.com\/fr\/wp-json\/wp\/v2\/product\/943","targetHints":{"allow":["GET"]}}],"collection":[{"href":"https:\/\/www.cxjsmartcard.com\/fr\/wp-json\/wp\/v2\/product"}],"about":[{"href":"https:\/\/www.cxjsmartcard.com\/fr\/wp-json\/wp\/v2\/types\/product"}],"wp:featuredmedia":[{"embeddable":true,"href":"https:\/\/www.cxjsmartcard.com\/fr\/wp-json\/wp\/v2\/media\/949"}],"wp:attachment":[{"href":"https:\/\/www.cxjsmartcard.com\/fr\/wp-json\/wp\/v2\/media?parent=943"}],"wp:term":[{"taxonomy":"product_brand","embeddable":true,"href":"https:\/\/www.cxjsmartcard.com\/fr\/wp-json\/wp\/v2\/product_brand?post=943"},{"taxonomy":"product_cat","embeddable":true,"href":"https:\/\/www.cxjsmartcard.com\/fr\/wp-json\/wp\/v2\/product_cat?post=943"},{"taxonomy":"product_tag","embeddable":true,"href":"https:\/\/www.cxjsmartcard.com\/fr\/wp-json\/wp\/v2\/product_tag?post=943"}],"curies":[{"name":"wp","href":"https:\/\/api.w.org\/{rel}","templated":true}]}}