{"id":939,"date":"2025-11-03T09:26:36","date_gmt":"2025-11-03T09:26:36","guid":{"rendered":"https:\/\/www.cxjsmartcard.com\/?post_type=product&#038;p=939"},"modified":"2025-12-29T01:27:07","modified_gmt":"2025-12-29T01:27:07","slug":"uhf-rfid-medical-glass-tube-tags-for-glass-bottle-tracking","status":"publish","type":"product","link":"https:\/\/www.cxjsmartcard.com\/fr\/uhf-rfid-medical-glass-tube-tags-for-glass-bottle-tracking\/","title":{"rendered":"\u00c9tiquettes RFID UHF pour tubes en verre m\u00e9dicaux, permettant le suivi des bouteilles en verre"},"content":{"rendered":"<p data-start=\"70\" data-end=\"397\">\u00c9tiquette RFID UHF pour flacons pharmaceutiques en verre, bas\u00e9e sur le FM13UF0051E avec <strong data-start=\"160\" data-end=\"175\">EPC 128 bits<\/strong> M\u00e9moire pour des performances de lecture multiple rapides. La face en papier couch\u00e9 est imprimable et compatible avec un adh\u00e9sif universel pour une application fiable sur les contenants et flacons en verre pour poudres s\u00e8ches.<\/p>\n<p data-start=\"399\" data-end=\"417\"><strong data-start=\"399\" data-end=\"415\">Caract\u00e9ristiques principales<\/strong><\/p>\n<ul data-start=\"418\" data-end=\"720\">\n<li data-start=\"418\" data-end=\"459\">\n<p data-start=\"420\" data-end=\"459\">Conforme \u00e0 la norme EPC Gen2 \/ ISO\/IEC 18000-6C<\/p>\n<\/li>\n<li data-start=\"460\" data-end=\"536\">\n<p data-start=\"462\" data-end=\"536\">EPC 128 bits\u00a0; optimis\u00e9 pour une lecture rapide, la lecture multiple et la tra\u00e7abilit\u00e9<\/p>\n<\/li>\n<li data-start=\"537\" data-end=\"605\">\n<p data-start=\"539\" data-end=\"605\">Face en papier couch\u00e9\u00a0; imprimable par transfert thermique ou s\u00e9rigraphie<\/p>\n<\/li>\n<li data-start=\"606\" data-end=\"674\">\n<p data-start=\"608\" data-end=\"674\">Fourni sous forme d&#039;\u00e9tiquette adh\u00e9sive ou de construction en papier couch\u00e9 encapsul\u00e9<\/p>\n<\/li>\n<li data-start=\"675\" data-end=\"720\">\n<p data-start=\"677\" data-end=\"720\">Puce, taille et mat\u00e9riaux de la face personnalisables<\/p>\n<\/li>\n<\/ul>\n<p data-start=\"722\" data-end=\"868\"><strong data-start=\"722\" data-end=\"738\">Applications<\/strong><br data-start=\"738\" data-end=\"741\" \/>Gestion m\u00e9dicale et des soins de sant\u00e9 \u2022 Logistique pharmaceutique \u2022 Identification des flacons de m\u00e9dicaments \u2022 Suivi des flacons en verre de poudre s\u00e8che.<\/p>\n<p data-start=\"870\" data-end=\"987\"><strong data-start=\"870\" data-end=\"898\">Services d&#039;impression et de donn\u00e9es<\/strong><br data-start=\"898\" data-end=\"901\" \/>Impression par transfert thermique et s\u00e9rigraphie ; initialisation\/encodage des donn\u00e9es EPC pris en charge.<\/p>\n<p data-start=\"989\" data-end=\"1068\"><strong data-start=\"989\" data-end=\"1012\">Exploitation et stockage<\/strong><br data-start=\"1012\" data-end=\"1015\" \/>Utilisation : 0\u201360 \u2103, 20\u201380% HR \u2022 Stockage : 20\u201330 \u2103, 20\u201360% HR.<\/p>\n<h2 data-start=\"1070\" data-end=\"1095\">Tableau (Sp\u00e9cifications)<\/h2>\n<div class=\"_tableContainer_1rjym_1\">\n<div class=\"group _tableWrapper_1rjym_13 flex w-fit flex-col-reverse\" tabindex=\"-1\">\n<table class=\"w-fit min-w-(--thread-content-width)\" data-start=\"1097\" data-end=\"2611\">\n<thead data-start=\"1097\" data-end=\"1190\">\n<tr data-start=\"1097\" data-end=\"1190\">\n<th data-start=\"1097\" data-end=\"1116\" data-col-size=\"sm\">Cat\u00e9gorie<\/th>\n<th data-start=\"1116\" data-end=\"1143\" data-col-size=\"sm\">Param\u00e8tre<\/th>\n<th data-start=\"1143\" data-end=\"1190\" data-col-size=\"md\">Valeur<\/th>\n<\/tr>\n<\/thead>\n<tbody data-start=\"1285\" data-end=\"2611\">\n<tr data-start=\"1285\" data-end=\"1383\">\n<td data-start=\"1285\" data-end=\"1304\" data-col-size=\"sm\">Produit<\/td>\n<td data-start=\"1304\" data-end=\"1331\" data-col-size=\"sm\">Nom<\/td>\n<td data-start=\"1331\" data-end=\"1383\" data-col-size=\"md\">\u00c9tiquette RFID UHF pour flacon m\u00e9dical en verre contenant de la poudre s\u00e8che<\/td>\n<\/tr>\n<tr data-start=\"1384\" data-end=\"1477\">\n<td data-start=\"1384\" data-end=\"1403\" data-col-size=\"sm\">CI<\/td>\n<td data-start=\"1403\" data-end=\"1430\" data-col-size=\"sm\">\u00c9br\u00e9cher<\/td>\n<td data-col-size=\"md\" data-start=\"1430\" data-end=\"1477\">FM13UF0051E<\/td>\n<\/tr>\n<tr data-start=\"1478\" data-end=\"1571\">\n<td data-start=\"1478\" data-end=\"1497\" data-col-size=\"sm\">M\u00e9moire<\/td>\n<td data-start=\"1497\" data-end=\"1524\" data-col-size=\"sm\">EPC<\/td>\n<td data-start=\"1524\" data-end=\"1571\" data-col-size=\"md\">128 bits<\/td>\n<\/tr>\n<tr data-start=\"1572\" data-end=\"1666\">\n<td data-start=\"1572\" data-end=\"1591\" data-col-size=\"sm\">RF<\/td>\n<td data-col-size=\"sm\" data-start=\"1591\" data-end=\"1619\">Protocole<\/td>\n<td data-col-size=\"md\" data-start=\"1619\" data-end=\"1666\">ISO\/IEC 18000-6C\u00a0; EPCglobal Classe 1 Gen 2<\/td>\n<\/tr>\n<tr data-start=\"1667\" data-end=\"1760\">\n<td data-start=\"1667\" data-end=\"1686\" data-col-size=\"sm\">Facteur de forme<\/td>\n<td data-col-size=\"sm\" data-start=\"1686\" data-end=\"1713\">Taille de l&#039;\u00e9tiquette<\/td>\n<td data-col-size=\"md\" data-start=\"1713\" data-end=\"1760\">40 \u00d7 20 mm (autres dimensions personnalisables)<\/td>\n<\/tr>\n<tr data-start=\"1761\" data-end=\"1854\">\n<td data-start=\"1761\" data-end=\"1780\" data-col-size=\"sm\">Mat\u00e9riau de la face<\/td>\n<td data-start=\"1780\" data-end=\"1807\" data-col-size=\"sm\">Face de l&#039;\u00e9tiquette<\/td>\n<td data-start=\"1807\" data-end=\"1854\" data-col-size=\"md\">Papier couch\u00e9 (imprimable)<\/td>\n<\/tr>\n<tr data-start=\"1855\" data-end=\"1953\">\n<td data-start=\"1855\" data-end=\"1874\" data-col-size=\"sm\">Adh\u00e9sif<\/td>\n<td data-start=\"1874\" data-end=\"1901\" data-col-size=\"sm\">Pi\u00e8ce jointe<\/td>\n<td data-col-size=\"md\" data-start=\"1901\" data-end=\"1953\">Adh\u00e9sif \u00e0 usage g\u00e9n\u00e9ral \/ papier couch\u00e9 inclus<\/td>\n<\/tr>\n<tr data-start=\"1954\" data-end=\"2047\">\n<td data-start=\"1954\" data-end=\"1973\" data-col-size=\"sm\">Performance<\/td>\n<td data-col-size=\"sm\" data-start=\"1973\" data-end=\"2000\">Points forts<\/td>\n<td data-col-size=\"md\" data-start=\"2000\" data-end=\"2047\">Lecture rapide ; lecture multiple ; tra\u00e7abilit\u00e9<\/td>\n<\/tr>\n<tr data-start=\"2048\" data-end=\"2141\">\n<td data-start=\"2048\" data-end=\"2067\" data-col-size=\"sm\">Personnalisation<\/td>\n<td data-col-size=\"sm\" data-start=\"2067\" data-end=\"2094\">Options personnalis\u00e9es<\/td>\n<td data-col-size=\"md\" data-start=\"2094\" data-end=\"2141\">Personnalisation de la puce, de sa taille et du mat\u00e9riau de la face<\/td>\n<\/tr>\n<tr data-start=\"2142\" data-end=\"2235\">\n<td data-start=\"2142\" data-end=\"2161\" data-col-size=\"sm\">Impression<\/td>\n<td data-col-size=\"sm\" data-start=\"2161\" data-end=\"2188\">M\u00e9thodes<\/td>\n<td data-col-size=\"md\" data-start=\"2188\" data-end=\"2235\">Transfert thermique\u00a0; s\u00e9rigraphie\u00a0; sur mesure<\/td>\n<\/tr>\n<tr data-start=\"2236\" data-end=\"2329\">\n<td data-start=\"2236\" data-end=\"2255\" data-col-size=\"sm\">Services de donn\u00e9es<\/td>\n<td data-col-size=\"sm\" data-start=\"2255\" data-end=\"2282\">Initialisation<\/td>\n<td data-col-size=\"md\" data-start=\"2282\" data-end=\"2329\">Codage EPC<\/td>\n<\/tr>\n<tr data-start=\"2330\" data-end=\"2423\">\n<td data-start=\"2330\" data-end=\"2349\" data-col-size=\"sm\">Environnement<\/td>\n<td data-start=\"2349\" data-end=\"2376\" data-col-size=\"sm\">Op\u00e9ration<\/td>\n<td data-start=\"2376\" data-end=\"2423\" data-col-size=\"md\">0\u201360 \u00b0C ; 20\u201380% HR<\/td>\n<\/tr>\n<tr data-start=\"2424\" data-end=\"2517\">\n<td data-start=\"2424\" data-end=\"2443\" data-col-size=\"sm\"><\/td>\n<td data-start=\"2443\" data-end=\"2470\" data-col-size=\"sm\">Stockage<\/td>\n<td data-col-size=\"md\" data-start=\"2470\" data-end=\"2517\">20\u201330 \u00b0C ; 20\u201360% HR<\/td>\n<\/tr>\n<tr data-start=\"2518\" data-end=\"2611\">\n<td data-start=\"2518\" data-end=\"2537\" data-col-size=\"sm\">Cas d&#039;utilisation<\/td>\n<td data-col-size=\"sm\" data-start=\"2537\" data-end=\"2564\">Applications<\/td>\n<td data-col-size=\"md\" data-start=\"2564\" data-end=\"2611\">M\u00e9dical, pharmaceutique, flacons de m\u00e9dicaments<\/td>\n<\/tr>\n<\/tbody>\n<\/table>\n<\/div>\n<\/div>","protected":false},"excerpt":{"rendered":"<p>\u00c9tiquette RFID UHF imprimable pour flacons en verre pharmaceutiques \u2014 FM13UF0051E avec EPC 128 bits, performances de lecture multiple rapides, face en papier couch\u00e9 et fixation adh\u00e9sive.<\/p>","protected":false},"featured_media":940,"template":"","meta":{"_gspb_post_css":""},"product_brand":[],"product_cat":[31],"product_tag":[],"class_list":{"0":"post-939","1":"product","2":"type-product","3":"status-publish","4":"has-post-thumbnail","6":"product_cat-rfid-sticker-labels","8":"first","9":"instock","10":"shipping-taxable","11":"purchasable","12":"product-type-simple"},"_links":{"self":[{"href":"https:\/\/www.cxjsmartcard.com\/fr\/wp-json\/wp\/v2\/product\/939","targetHints":{"allow":["GET"]}}],"collection":[{"href":"https:\/\/www.cxjsmartcard.com\/fr\/wp-json\/wp\/v2\/product"}],"about":[{"href":"https:\/\/www.cxjsmartcard.com\/fr\/wp-json\/wp\/v2\/types\/product"}],"wp:featuredmedia":[{"embeddable":true,"href":"https:\/\/www.cxjsmartcard.com\/fr\/wp-json\/wp\/v2\/media\/940"}],"wp:attachment":[{"href":"https:\/\/www.cxjsmartcard.com\/fr\/wp-json\/wp\/v2\/media?parent=939"}],"wp:term":[{"taxonomy":"product_brand","embeddable":true,"href":"https:\/\/www.cxjsmartcard.com\/fr\/wp-json\/wp\/v2\/product_brand?post=939"},{"taxonomy":"product_cat","embeddable":true,"href":"https:\/\/www.cxjsmartcard.com\/fr\/wp-json\/wp\/v2\/product_cat?post=939"},{"taxonomy":"product_tag","embeddable":true,"href":"https:\/\/www.cxjsmartcard.com\/fr\/wp-json\/wp\/v2\/product_tag?post=939"}],"curies":[{"name":"wp","href":"https:\/\/api.w.org\/{rel}","templated":true}]}}