{"id":935,"date":"2025-11-03T09:24:58","date_gmt":"2025-11-03T09:24:58","guid":{"rendered":"https:\/\/www.cxjsmartcard.com\/?post_type=product&#038;p=935"},"modified":"2025-12-29T01:27:07","modified_gmt":"2025-12-29T01:27:07","slug":"uhf-rfid-label-for-logistics-warehouse-management","status":"publish","type":"product","link":"https:\/\/www.cxjsmartcard.com\/fr\/uhf-rfid-label-for-logistics-warehouse-management\/","title":{"rendered":"\u00c9tiquette RFID UHF pour la gestion logistique et d&#039;entrep\u00f4t"},"content":{"rendered":"<p data-start=\"63\" data-end=\"390\">\u00c9tiquette logistique RFID UHF grand format pour une lecture multiple rapide et fiable sur palettes, cartons et rayonnages. Bas\u00e9e sur NXP UCODE 9 et disponible avec des faces en papier thermique, PET ou PP, elle prend en charge les flux d&#039;impression\/encodage \u00e0 haut volume et l&#039;impression sans ruban si n\u00e9cessaire.<\/p>\n<p data-start=\"392\" data-end=\"410\"><strong data-start=\"392\" data-end=\"408\">Caract\u00e9ristiques principales<\/strong><\/p>\n<ul data-start=\"411\" data-end=\"673\">\n<li data-start=\"411\" data-end=\"452\">\n<p data-start=\"413\" data-end=\"452\">Conforme \u00e0 la norme EPC Gen2 \/ ISO\/IEC 18000-6C<\/p>\n<\/li>\n<li data-start=\"453\" data-end=\"523\">\n<p data-start=\"455\" data-end=\"523\">Performances d&#039;UCODE 9\u00a0: inventaire rapide, lectures en masse et tra\u00e7abilit\u00e9<\/p>\n<\/li>\n<li data-start=\"524\" data-end=\"602\">\n<p data-start=\"526\" data-end=\"602\">Supports pr\u00eats \u00e0 imprimer\u00a0: papier thermique, papier couch\u00e9, PET, papier synth\u00e9tique PP<\/p>\n<\/li>\n<li data-start=\"603\" data-end=\"673\">\n<p data-start=\"605\" data-end=\"673\">Dimensions et configurations d&#039;antennes personnalis\u00e9es ; initialisation des donn\u00e9es (encodage EPC)<\/p>\n<\/li>\n<\/ul>\n<p data-start=\"675\" data-end=\"836\"><strong data-start=\"675\" data-end=\"691\">Applications<\/strong><br data-start=\"691\" data-end=\"694\" \/>\u00c9tiquetage d&#039;entrep\u00f4t et de centre de distribution \u2022 Palettes, caisses et bacs \u2022 Cross-docking et rangement \u2022 \u00c9tiquettes d&#039;exp\u00e9dition lorsque l&#039;installation de ruban est difficile.<\/p>\n<p data-start=\"838\" data-end=\"966\"><strong data-start=\"838\" data-end=\"861\">Impression et encodage<\/strong><br data-start=\"861\" data-end=\"864\" \/>Transfert thermique, s\u00e9rigraphie et autres impressions personnalis\u00e9es avec pr\u00e9-encodage EPC pour un d\u00e9ploiement cl\u00e9 en main.<\/p>\n<h2 data-start=\"968\" data-end=\"993\">Tableau (Sp\u00e9cifications)<\/h2>\n<div class=\"_tableContainer_1rjym_1\">\n<div class=\"group _tableWrapper_1rjym_13 flex w-fit flex-col-reverse\" tabindex=\"-1\">\n<table class=\"w-fit min-w-(--thread-content-width)\" data-start=\"995\" data-end=\"2418\">\n<thead data-start=\"995\" data-end=\"1087\">\n<tr data-start=\"995\" data-end=\"1087\">\n<th data-start=\"995\" data-end=\"1014\" data-col-size=\"sm\">Cat\u00e9gorie<\/th>\n<th data-start=\"1014\" data-end=\"1040\" data-col-size=\"sm\">Param\u00e8tre<\/th>\n<th data-start=\"1040\" data-end=\"1087\" data-col-size=\"md\">Valeur<\/th>\n<\/tr>\n<\/thead>\n<tbody data-start=\"1181\" data-end=\"2418\">\n<tr data-start=\"1181\" data-end=\"1289\">\n<td data-start=\"1181\" data-end=\"1200\" data-col-size=\"sm\">Produit<\/td>\n<td data-start=\"1200\" data-end=\"1226\" data-col-size=\"sm\">Nom<\/td>\n<td data-col-size=\"md\" data-start=\"1226\" data-end=\"1289\">\u00c9tiquettes RFID UHF pour la gestion logistique et d&#039;entrep\u00f4t<\/td>\n<\/tr>\n<tr data-start=\"1290\" data-end=\"1382\">\n<td data-start=\"1290\" data-end=\"1309\" data-col-size=\"sm\">CI<\/td>\n<td data-col-size=\"sm\" data-start=\"1309\" data-end=\"1335\">\u00c9br\u00e9cher<\/td>\n<td data-col-size=\"md\" data-start=\"1335\" data-end=\"1382\">NXP UCODE 9 (personnalisable)<\/td>\n<\/tr>\n<tr data-start=\"1383\" data-end=\"1475\">\n<td data-start=\"1383\" data-end=\"1402\" data-col-size=\"sm\">RF<\/td>\n<td data-start=\"1402\" data-end=\"1428\" data-col-size=\"sm\">Protocole<\/td>\n<td data-col-size=\"md\" data-start=\"1428\" data-end=\"1475\">ISO\/IEC 18000-6C\u00a0; EPCglobal Classe 1 Gen 2<\/td>\n<\/tr>\n<tr data-start=\"1476\" data-end=\"1568\">\n<td data-start=\"1476\" data-end=\"1495\" data-col-size=\"sm\">M\u00e9moire<\/td>\n<td data-start=\"1495\" data-end=\"1521\" data-col-size=\"sm\">TID \/ EPC \/ Utilisateur<\/td>\n<td data-col-size=\"md\" data-start=\"1521\" data-end=\"1568\">96 bits \/ 96 bits \/ 0 bits<\/td>\n<\/tr>\n<tr data-start=\"1569\" data-end=\"1661\">\n<td data-start=\"1569\" data-end=\"1588\" data-col-size=\"sm\">\u00c9tiquette<\/td>\n<td data-col-size=\"sm\" data-start=\"1588\" data-end=\"1614\">Taille<\/td>\n<td data-col-size=\"md\" data-start=\"1614\" data-end=\"1661\">152 \u00d7 101 mm (autres dimensions disponibles)<\/td>\n<\/tr>\n<tr data-start=\"1662\" data-end=\"1754\">\n<td data-start=\"1662\" data-end=\"1681\" data-col-size=\"sm\">Antenne<\/td>\n<td data-col-size=\"sm\" data-start=\"1681\" data-end=\"1707\">Taille<\/td>\n<td data-col-size=\"md\" data-start=\"1707\" data-end=\"1754\">94,8 \u00d7 8,14 mm (mod\u00e8le de r\u00e9f\u00e9rence)<\/td>\n<\/tr>\n<tr data-start=\"1755\" data-end=\"1856\">\n<td data-start=\"1755\" data-end=\"1774\" data-col-size=\"sm\">Mat\u00e9riaux du visage<\/td>\n<td data-col-size=\"sm\" data-start=\"1774\" data-end=\"1800\">Options<\/td>\n<td data-col-size=\"md\" data-start=\"1800\" data-end=\"1856\">Papier thermique\u00a0; papier couch\u00e9\u00a0; PET\u00a0; papier synth\u00e9tique PP<\/td>\n<\/tr>\n<tr data-start=\"1857\" data-end=\"1949\">\n<td data-start=\"1857\" data-end=\"1876\" data-col-size=\"sm\">Impression<\/td>\n<td data-col-size=\"sm\" data-start=\"1876\" data-end=\"1902\">M\u00e9thodes<\/td>\n<td data-col-size=\"md\" data-start=\"1902\" data-end=\"1949\">Transfert thermique\u00a0; s\u00e9rigraphie\u00a0; sur mesure<\/td>\n<\/tr>\n<tr data-start=\"1950\" data-end=\"2043\">\n<td data-start=\"1950\" data-end=\"1969\" data-col-size=\"sm\">Services de donn\u00e9es<\/td>\n<td data-start=\"1969\" data-end=\"1995\" data-col-size=\"sm\">Initialisation<\/td>\n<td data-col-size=\"md\" data-start=\"1995\" data-end=\"2043\">Codage EPC<\/td>\n<\/tr>\n<tr data-start=\"2044\" data-end=\"2137\">\n<td data-start=\"2044\" data-end=\"2063\" data-col-size=\"sm\">Environnement<\/td>\n<td data-col-size=\"sm\" data-start=\"2063\" data-end=\"2089\">Op\u00e9ration<\/td>\n<td data-col-size=\"md\" data-start=\"2089\" data-end=\"2137\">0\u201360 \u00b0C ; 20\u201380% HR<\/td>\n<\/tr>\n<tr data-start=\"2138\" data-end=\"2231\">\n<td data-start=\"2138\" data-end=\"2157\" data-col-size=\"sm\"><\/td>\n<td data-start=\"2157\" data-end=\"2183\" data-col-size=\"sm\">Stockage<\/td>\n<td data-col-size=\"md\" data-start=\"2183\" data-end=\"2231\">20\u201330 \u00b0C ; 20\u201360% HR<\/td>\n<\/tr>\n<tr data-start=\"2232\" data-end=\"2324\">\n<td data-start=\"2232\" data-end=\"2251\" data-col-size=\"sm\">Avantages<\/td>\n<td data-col-size=\"sm\" data-start=\"2251\" data-end=\"2277\">Points forts<\/td>\n<td data-col-size=\"md\" data-start=\"2277\" data-end=\"2324\">Lecture rapide ; lecture multiple ; tra\u00e7abilit\u00e9<\/td>\n<\/tr>\n<tr data-start=\"2325\" data-end=\"2418\">\n<td data-start=\"2325\" data-end=\"2344\" data-col-size=\"sm\">Cas d&#039;utilisation<\/td>\n<td data-col-size=\"sm\" data-start=\"2344\" data-end=\"2370\">Applications typiques<\/td>\n<td data-col-size=\"md\" data-start=\"2370\" data-end=\"2418\">Logistique, entreposage, impression sans ruban<\/td>\n<\/tr>\n<\/tbody>\n<\/table>\n<\/div>\n<\/div>","protected":false},"excerpt":{"rendered":"<p>\u00c9tiquette logistique RFID UHF grand format avec UCODE 9 pour des lectures multiples rapides et pr\u00e9cises. Format 152 \u00d7 101 mm, faces thermiques\/PET\/PP et encodage EPC pour l&#039;entreposage \u00e0 haut volume.<\/p>","protected":false},"featured_media":936,"template":"","meta":{"_gspb_post_css":""},"product_brand":[],"product_cat":[31],"product_tag":[],"class_list":{"0":"post-935","1":"product","2":"type-product","3":"status-publish","4":"has-post-thumbnail","6":"product_cat-rfid-sticker-labels","8":"first","9":"instock","10":"shipping-taxable","11":"purchasable","12":"product-type-simple"},"_links":{"self":[{"href":"https:\/\/www.cxjsmartcard.com\/fr\/wp-json\/wp\/v2\/product\/935","targetHints":{"allow":["GET"]}}],"collection":[{"href":"https:\/\/www.cxjsmartcard.com\/fr\/wp-json\/wp\/v2\/product"}],"about":[{"href":"https:\/\/www.cxjsmartcard.com\/fr\/wp-json\/wp\/v2\/types\/product"}],"wp:featuredmedia":[{"embeddable":true,"href":"https:\/\/www.cxjsmartcard.com\/fr\/wp-json\/wp\/v2\/media\/936"}],"wp:attachment":[{"href":"https:\/\/www.cxjsmartcard.com\/fr\/wp-json\/wp\/v2\/media?parent=935"}],"wp:term":[{"taxonomy":"product_brand","embeddable":true,"href":"https:\/\/www.cxjsmartcard.com\/fr\/wp-json\/wp\/v2\/product_brand?post=935"},{"taxonomy":"product_cat","embeddable":true,"href":"https:\/\/www.cxjsmartcard.com\/fr\/wp-json\/wp\/v2\/product_cat?post=935"},{"taxonomy":"product_tag","embeddable":true,"href":"https:\/\/www.cxjsmartcard.com\/fr\/wp-json\/wp\/v2\/product_tag?post=935"}],"curies":[{"name":"wp","href":"https:\/\/api.w.org\/{rel}","templated":true}]}}