{"id":930,"date":"2025-11-03T09:22:49","date_gmt":"2025-11-03T09:22:49","guid":{"rendered":"https:\/\/www.cxjsmartcard.com\/?post_type=product&#038;p=930"},"modified":"2025-12-29T01:27:07","modified_gmt":"2025-12-29T01:27:07","slug":"uv-resistant-rfid-zip-cable-ties-self-locking","status":"publish","type":"product","link":"https:\/\/www.cxjsmartcard.com\/fr\/uv-resistant-rfid-zip-cable-ties-self-locking\/","title":{"rendered":"Attaches de c\u00e2ble RFID r\u00e9sistantes aux UV (autobloquantes)"},"content":{"rendered":"<p data-start=\"59\" data-end=\"334\">Colliers de serrage RFID autobloquants combinant un scell\u00e9 de s\u00e9curit\u00e9 et l&#039;identification UHF et NFC. Leur bo\u00eetier en ABS\/PP r\u00e9sistant aux UV et aux intemp\u00e9ries est certifi\u00e9 IP68 pour une utilisation en ext\u00e9rieur, tandis que la puce int\u00e9gr\u00e9e permet une lecture rapide des biens, conteneurs et faisceaux de c\u00e2bles.<\/p>\n<p data-start=\"336\" data-end=\"354\"><strong data-start=\"336\" data-end=\"352\">Caract\u00e9ristiques principales<\/strong><\/p>\n<ul data-start=\"355\" data-end=\"676\">\n<li data-start=\"355\" data-end=\"420\">\n<p data-start=\"357\" data-end=\"420\">Deux options RF : UHF 860\u2013960 MHz (EPC C1G2) et NFC 13,56 MHz<\/p>\n<\/li>\n<li data-start=\"421\" data-end=\"474\">\n<p data-start=\"423\" data-end=\"474\">Scell\u00e9 inviolable avec encapsulation ultrasonique<\/p>\n<\/li>\n<li data-start=\"475\" data-end=\"530\">\n<p data-start=\"477\" data-end=\"530\">Port\u00e9e de lecture UHF de 2 \u00e0 5 m (d\u00e9pendante de l&#039;environnement et du lecteur)<\/p>\n<\/li>\n<li data-start=\"531\" data-end=\"601\">\n<p data-start=\"533\" data-end=\"601\">Durable : r\u00e9sistant au feu et aux acides ; anti-vieillissement ; r\u00e9sistant aux UV et aux intemp\u00e9ries<\/p>\n<\/li>\n<li data-start=\"602\" data-end=\"676\">\n<p data-start=\"604\" data-end=\"676\">Personnalisable\u00a0: impression\/marquage laser, QR code\/code-barres\/num\u00e9rotation, encodage EPC<\/p>\n<\/li>\n<\/ul>\n<p data-start=\"678\" data-end=\"809\"><strong data-start=\"678\" data-end=\"694\">Applications<\/strong><br data-start=\"694\" data-end=\"697\" \/>R\u00e9servoirs et conteneurs de gaz \u2022 Gestion des c\u00e2bles\/fils \u2022 Conditionnement de v\u00eatements et de textiles \u2022 Suivi des actifs et de la logistique.<\/p>\n<p data-start=\"811\" data-end=\"961\"><strong data-start=\"811\" data-end=\"827\">Installation<\/strong><br data-start=\"827\" data-end=\"830\" \/>Passez l&#039;attache dans la boucle et tirez pour la bloquer. Pour l&#039;identification par suspension, utilisez la fente pr\u00e9vue \u00e0 cet effet pour suspendre ou regrouper l&#039;objet selon vos besoins.<\/p>\n<h2 data-start=\"963\" data-end=\"988\">Tableau (Sp\u00e9cifications)<\/h2>\n<div class=\"_tableContainer_1rjym_1\">\n<div class=\"group _tableWrapper_1rjym_13 flex w-fit flex-col-reverse\" tabindex=\"-1\">\n<table class=\"w-fit min-w-(--thread-content-width)\" data-start=\"990\" data-end=\"3617\">\n<thead data-start=\"990\" data-end=\"1103\">\n<tr data-start=\"990\" data-end=\"1103\">\n<th data-start=\"990\" data-end=\"1014\" data-col-size=\"sm\">Cat\u00e9gorie<\/th>\n<th data-start=\"1014\" data-end=\"1042\" data-col-size=\"sm\">Param\u00e8tre<\/th>\n<th data-start=\"1042\" data-end=\"1103\" data-col-size=\"md\">Valeur<\/th>\n<\/tr>\n<\/thead>\n<tbody data-start=\"1218\" data-end=\"3617\">\n<tr data-start=\"1218\" data-end=\"1331\">\n<td data-start=\"1218\" data-end=\"1242\" data-col-size=\"sm\">Produit<\/td>\n<td data-start=\"1242\" data-end=\"1270\" data-col-size=\"sm\">Taper<\/td>\n<td data-start=\"1270\" data-end=\"1331\" data-col-size=\"md\">Attache-c\u00e2ble \/ \u00e9tiquette de scellage RFID<\/td>\n<\/tr>\n<tr data-start=\"1332\" data-end=\"1445\">\n<td data-start=\"1332\" data-end=\"1356\" data-col-size=\"sm\">Logement<\/td>\n<td data-start=\"1356\" data-end=\"1384\" data-col-size=\"sm\">Taille<\/td>\n<td data-start=\"1384\" data-end=\"1445\" data-col-size=\"md\">88 \u00d7 28 mm<\/td>\n<\/tr>\n<tr data-start=\"1446\" data-end=\"1559\">\n<td data-start=\"1446\" data-end=\"1470\" data-col-size=\"sm\">serre-c\u00e2ble<\/td>\n<td data-col-size=\"sm\" data-start=\"1470\" data-end=\"1498\">Longueur<\/td>\n<td data-col-size=\"md\" data-start=\"1498\" data-end=\"1559\">300 mm<\/td>\n<\/tr>\n<tr data-start=\"1560\" data-end=\"1673\">\n<td data-start=\"1560\" data-end=\"1584\" data-col-size=\"sm\">Mat\u00e9riels<\/td>\n<td data-start=\"1584\" data-end=\"1612\" data-col-size=\"sm\">Corps<\/td>\n<td data-start=\"1612\" data-end=\"1673\" data-col-size=\"md\">ABS \/ PP<\/td>\n<\/tr>\n<tr data-start=\"1674\" data-end=\"1787\">\n<td data-start=\"1674\" data-end=\"1698\" data-col-size=\"sm\">Poids<\/td>\n<td data-col-size=\"sm\" data-start=\"1698\" data-end=\"1726\">Environ.<\/td>\n<td data-col-size=\"md\" data-start=\"1726\" data-end=\"1787\">5 g<\/td>\n<\/tr>\n<tr data-start=\"1788\" data-end=\"1901\">\n<td data-start=\"1788\" data-end=\"1812\" data-col-size=\"sm\">Couleurs<\/td>\n<td data-start=\"1812\" data-end=\"1840\" data-col-size=\"sm\">Options<\/td>\n<td data-col-size=\"md\" data-start=\"1840\" data-end=\"1901\">Noir, bleu, rouge, jaune<\/td>\n<\/tr>\n<tr data-start=\"1902\" data-end=\"2015\">\n<td data-start=\"1902\" data-end=\"1926\" data-col-size=\"sm\">RF (UHF)<\/td>\n<td data-col-size=\"sm\" data-start=\"1926\" data-end=\"1954\">Fr\u00e9quence \/ Protocole<\/td>\n<td data-col-size=\"md\" data-start=\"1954\" data-end=\"2015\">860\u2013960 MHz\u00a0; ISO\/IEC 18000-6C, EPC Classe 1 Gen 2<\/td>\n<\/tr>\n<tr data-start=\"2016\" data-end=\"2129\">\n<td data-start=\"2016\" data-end=\"2040\" data-col-size=\"sm\">RF (NFC)<\/td>\n<td data-col-size=\"sm\" data-start=\"2040\" data-end=\"2068\">Fr\u00e9quence \/ Protocole<\/td>\n<td data-col-size=\"md\" data-start=\"2068\" data-end=\"2129\">13,56 MHz\u00a0; ISO\/IEC 14443\/15693 (d\u00e9pendant de la puce)<\/td>\n<\/tr>\n<tr data-start=\"2130\" data-end=\"2247\">\n<td data-start=\"2130\" data-end=\"2154\" data-col-size=\"sm\">Options de circuits int\u00e9gr\u00e9s<\/td>\n<td data-start=\"2154\" data-end=\"2182\" data-col-size=\"sm\">Puces<\/td>\n<td data-col-size=\"md\" data-start=\"2182\" data-end=\"2247\">UCODE 9 (par d\u00e9faut)\u00a0; NTAG213\/215\/216\u00a0; Alien H3\/H4\u00a0; Impinj Monza<\/td>\n<\/tr>\n<tr data-start=\"2248\" data-end=\"2361\">\n<td data-start=\"2248\" data-end=\"2272\" data-col-size=\"sm\">M\u00e9moire<\/td>\n<td data-col-size=\"sm\" data-start=\"2272\" data-end=\"2300\">EPC (UHF)<\/td>\n<td data-col-size=\"md\" data-start=\"2300\" data-end=\"2361\">128 bits<\/td>\n<\/tr>\n<tr data-start=\"2362\" data-end=\"2475\">\n<td data-start=\"2362\" data-end=\"2386\" data-col-size=\"sm\">Performance<\/td>\n<td data-start=\"2386\" data-end=\"2414\" data-col-size=\"sm\">Port\u00e9e de lecture (UHF)<\/td>\n<td data-col-size=\"md\" data-start=\"2414\" data-end=\"2475\">2 \u00e0 5 m (selon le lecteur et l&#039;environnement)<\/td>\n<\/tr>\n<tr data-start=\"2476\" data-end=\"2589\">\n<td data-start=\"2476\" data-end=\"2500\" data-col-size=\"sm\">Fiabilit\u00e9<\/td>\n<td data-col-size=\"sm\" data-start=\"2500\" data-end=\"2528\">Conservation des donn\u00e9es<\/td>\n<td data-col-size=\"md\" data-start=\"2528\" data-end=\"2589\">&gt;10 ans<\/td>\n<\/tr>\n<tr data-start=\"2590\" data-end=\"2703\">\n<td data-start=\"2590\" data-end=\"2614\" data-col-size=\"sm\">Endurance<\/td>\n<td data-col-size=\"sm\" data-start=\"2614\" data-end=\"2642\">R\u00e9\u00e9critures<\/td>\n<td data-col-size=\"md\" data-start=\"2642\" data-end=\"2703\">100 000 fois<\/td>\n<\/tr>\n<tr data-start=\"2704\" data-end=\"2817\">\n<td data-start=\"2704\" data-end=\"2728\" data-col-size=\"sm\">Protection<\/td>\n<td data-col-size=\"sm\" data-start=\"2728\" data-end=\"2756\">Indice d&#039;\u00e9tanch\u00e9it\u00e9<\/td>\n<td data-col-size=\"md\" data-start=\"2756\" data-end=\"2817\">IP68<\/td>\n<\/tr>\n<tr data-start=\"2818\" data-end=\"2931\">\n<td data-start=\"2818\" data-end=\"2842\" data-col-size=\"sm\">Environnement<\/td>\n<td data-start=\"2842\" data-end=\"2870\" data-col-size=\"sm\">Temp\u00e9rature de fonctionnement<\/td>\n<td data-col-size=\"md\" data-start=\"2870\" data-end=\"2931\">\u221220 \u2103 \u00e0 +80 \u2103<\/td>\n<\/tr>\n<tr data-start=\"2932\" data-end=\"3045\">\n<td data-start=\"2932\" data-end=\"2956\" data-col-size=\"sm\">Traitement<\/td>\n<td data-col-size=\"sm\" data-start=\"2956\" data-end=\"2984\">Encapsulation<\/td>\n<td data-col-size=\"md\" data-start=\"2984\" data-end=\"3045\">Ultrasonique<\/td>\n<\/tr>\n<tr data-start=\"3046\" data-end=\"3159\">\n<td data-start=\"3046\" data-end=\"3070\" data-col-size=\"sm\">Conformit\u00e9<\/td>\n<td data-col-size=\"sm\" data-start=\"3070\" data-end=\"3098\">normes environnementales<\/td>\n<td data-col-size=\"md\" data-start=\"3098\" data-end=\"3159\">Conforme \u00e0 la directive RoHS<\/td>\n<\/tr>\n<tr data-start=\"3160\" data-end=\"3273\">\n<td data-start=\"3160\" data-end=\"3184\" data-col-size=\"sm\">Personnalisation<\/td>\n<td data-col-size=\"sm\" data-start=\"3184\" data-end=\"3212\">Impression\/Marquage<\/td>\n<td data-col-size=\"md\" data-start=\"3212\" data-end=\"3273\">Logo, texte, QR code, code-barres, num\u00e9ro de s\u00e9rie\u00a0; \u00e9criture EPC\/donn\u00e9es<\/td>\n<\/tr>\n<tr data-start=\"3274\" data-end=\"3387\">\n<td data-start=\"3274\" data-end=\"3298\" data-col-size=\"sm\">Montage<\/td>\n<td data-col-size=\"sm\" data-start=\"3298\" data-end=\"3326\">M\u00e9thodes<\/td>\n<td data-col-size=\"md\" data-start=\"3326\" data-end=\"3387\">Verrouillage ou suspension du faisceau<\/td>\n<\/tr>\n<tr data-start=\"3388\" data-end=\"3501\">\n<td data-start=\"3388\" data-end=\"3412\" data-col-size=\"sm\">Dur\u00e9e de vie<\/td>\n<td data-col-size=\"sm\" data-start=\"3412\" data-end=\"3440\">Typique<\/td>\n<td data-col-size=\"md\" data-start=\"3440\" data-end=\"3501\">&gt;2 ans<\/td>\n<\/tr>\n<tr data-start=\"3502\" data-end=\"3617\">\n<td data-start=\"3502\" data-end=\"3526\" data-col-size=\"sm\">Attributs cl\u00e9s<\/td>\n<td data-col-size=\"sm\" data-start=\"3526\" data-end=\"3554\">Durabilit\u00e9<\/td>\n<td data-col-size=\"md\" data-start=\"3554\" data-end=\"3617\">R\u00e9sistant aux UV ; anti-poussi\u00e8re ; r\u00e9sistant au feu et aux acides ; anti-\u00e2ge<\/td>\n<\/tr>\n<\/tbody>\n<\/table>\n<\/div>\n<\/div>","protected":false},"excerpt":{"rendered":"<p>\u00c9tiquette de scellage RFID r\u00e9sistante aux UV avec protection IP68 - options UHF et NFC, lectures de 2 \u00e0 5 m, conception inviolable et impression personnalisable pour les actifs, les conteneurs et les faisceaux de c\u00e2bles.<\/p>","protected":false},"featured_media":933,"template":"","meta":{"_gspb_post_css":""},"product_brand":[],"product_cat":[31],"product_tag":[],"class_list":{"0":"post-930","1":"product","2":"type-product","3":"status-publish","4":"has-post-thumbnail","6":"product_cat-rfid-sticker-labels","8":"first","9":"instock","10":"shipping-taxable","11":"purchasable","12":"product-type-simple"},"_links":{"self":[{"href":"https:\/\/www.cxjsmartcard.com\/fr\/wp-json\/wp\/v2\/product\/930","targetHints":{"allow":["GET"]}}],"collection":[{"href":"https:\/\/www.cxjsmartcard.com\/fr\/wp-json\/wp\/v2\/product"}],"about":[{"href":"https:\/\/www.cxjsmartcard.com\/fr\/wp-json\/wp\/v2\/types\/product"}],"wp:featuredmedia":[{"embeddable":true,"href":"https:\/\/www.cxjsmartcard.com\/fr\/wp-json\/wp\/v2\/media\/933"}],"wp:attachment":[{"href":"https:\/\/www.cxjsmartcard.com\/fr\/wp-json\/wp\/v2\/media?parent=930"}],"wp:term":[{"taxonomy":"product_brand","embeddable":true,"href":"https:\/\/www.cxjsmartcard.com\/fr\/wp-json\/wp\/v2\/product_brand?post=930"},{"taxonomy":"product_cat","embeddable":true,"href":"https:\/\/www.cxjsmartcard.com\/fr\/wp-json\/wp\/v2\/product_cat?post=930"},{"taxonomy":"product_tag","embeddable":true,"href":"https:\/\/www.cxjsmartcard.com\/fr\/wp-json\/wp\/v2\/product_tag?post=930"}],"curies":[{"name":"wp","href":"https:\/\/api.w.org\/{rel}","templated":true}]}}