{"id":926,"date":"2025-11-03T09:20:40","date_gmt":"2025-11-03T09:20:40","guid":{"rendered":"https:\/\/www.cxjsmartcard.com\/?post_type=product&#038;p=926"},"modified":"2025-12-29T01:27:07","modified_gmt":"2025-12-29T01:27:07","slug":"rfid-jeans-hang-tag-860-960-mhz","status":"publish","type":"product","link":"https:\/\/www.cxjsmartcard.com\/fr\/rfid-jeans-hang-tag-860-960-mhz\/","title":{"rendered":"\u00c9tiquette RFID pour jeans (860\u2013960 MHz)"},"content":{"rendered":"<p data-start=\"45\" data-end=\"330\">\u00c9tiquettes RFID UHF personnalis\u00e9es pour jeans et v\u00eatements, offrant des performances de lecture multiple rapides EPC Gen2. Con\u00e7ues pour la gestion des stocks, la cha\u00eene d&#039;approvisionnement et la vente au d\u00e9tail de v\u00eatements, ces \u00e9tiquettes prennent en charge l&#039;encodage EPC 128 bits et des mat\u00e9riaux personnalisables pour une fluidit\u00e9 optimale en magasin et en entrep\u00f4t.<\/p>\n<p data-start=\"332\" data-end=\"350\"><strong data-start=\"332\" data-end=\"348\">Caract\u00e9ristiques principales<\/strong><\/p>\n<ul data-start=\"351\" data-end=\"869\">\n<li data-start=\"351\" data-end=\"414\">\n<p data-start=\"353\" data-end=\"414\"><strong data-start=\"353\" data-end=\"370\">Norme UHF\u00a0:<\/strong> ISO\/IEC 18000-6C, EPCglobal Classe 1 Gen 2<\/p>\n<\/li>\n<li data-start=\"415\" data-end=\"453\">\n<p data-start=\"417\" data-end=\"453\"><strong data-start=\"417\" data-end=\"427\">Puces:<\/strong> M730, U9 (personnalisable)<\/p>\n<\/li>\n<li data-start=\"454\" data-end=\"557\">\n<p data-start=\"456\" data-end=\"557\"><strong data-start=\"456\" data-end=\"477\">Lire les performances :<\/strong> Lecture rapide et fiable de plusieurs \u00e9tiquettes ; prend en charge la tra\u00e7abilit\u00e9 de bout en bout<\/p>\n<\/li>\n<li data-start=\"558\" data-end=\"626\">\n<p data-start=\"560\" data-end=\"626\"><strong data-start=\"560\" data-end=\"576\">Facteur de forme :<\/strong> \u00c9tiquette de 83 \u00d7 25 mm avec antenne \u201c ceinture \u201d de 70 \u00d7 14 mm<\/p>\n<\/li>\n<li data-start=\"627\" data-end=\"713\">\n<p data-start=\"629\" data-end=\"713\"><strong data-start=\"629\" data-end=\"648\">Mat\u00e9riaux du visage :<\/strong> Papier d&#039;art, PET, papier synth\u00e9tique PP ; autres mat\u00e9riaux sur demande<\/p>\n<\/li>\n<li data-start=\"714\" data-end=\"803\">\n<p data-start=\"716\" data-end=\"803\"><strong data-start=\"716\" data-end=\"729\">Impression:<\/strong> Transfert thermique, s\u00e9rigraphie et impression personnalis\u00e9e (logo\/texte\/graphiques)<\/p>\n<\/li>\n<li data-start=\"804\" data-end=\"869\">\n<p data-start=\"806\" data-end=\"869\"><strong data-start=\"806\" data-end=\"824\">Services de donn\u00e9es\u00a0:<\/strong> Encodage EPC \/ initialisation des donn\u00e9es disponible<\/p>\n<\/li>\n<\/ul>\n<p data-start=\"871\" data-end=\"982\"><strong data-start=\"871\" data-end=\"887\">Applications<\/strong><br data-start=\"887\" data-end=\"890\" \/>Gestion des stocks de v\u00eatements et de chaussures \u2022 Cha\u00eene d&#039;approvisionnement de v\u00eatements \u2022 Gestion de la vente au d\u00e9tail de v\u00eatements.<\/p>\n<p data-start=\"984\" data-end=\"1073\"><strong data-start=\"984\" data-end=\"1007\">Exploitation et stockage<\/strong><br data-start=\"1007\" data-end=\"1010\" \/>Fonctionnement : 0\u201360 \u2103 \u00e0 20\u201380% HR \u2022 Stockage : 20\u201330 \u2103 \u00e0 20\u201360% HR.<\/p>\n<h2 data-start=\"1075\" data-end=\"1100\">Tableau (Sp\u00e9cifications)<\/h2>\n<div class=\"_tableContainer_1rjym_1\">\n<div class=\"group _tableWrapper_1rjym_13 flex w-fit flex-col-reverse\" tabindex=\"-1\">\n<table class=\"w-fit min-w-(--thread-content-width)\" data-start=\"1102\" data-end=\"2831\">\n<thead data-start=\"1102\" data-end=\"1209\">\n<tr data-start=\"1102\" data-end=\"1209\">\n<th data-start=\"1102\" data-end=\"1120\" data-col-size=\"sm\">Cat\u00e9gorie<\/th>\n<th data-start=\"1120\" data-end=\"1148\" data-col-size=\"sm\">Param\u00e8tre<\/th>\n<th data-start=\"1148\" data-end=\"1209\" data-col-size=\"md\">Valeur<\/th>\n<\/tr>\n<\/thead>\n<tbody data-start=\"1318\" data-end=\"2831\">\n<tr data-start=\"1318\" data-end=\"1425\">\n<td data-start=\"1318\" data-end=\"1336\" data-col-size=\"sm\">Produit<\/td>\n<td data-col-size=\"sm\" data-start=\"1336\" data-end=\"1364\">Nom<\/td>\n<td data-col-size=\"md\" data-start=\"1364\" data-end=\"1425\">\u00c9tiquettes RFID pour le suivi des v\u00eatements<\/td>\n<\/tr>\n<tr data-start=\"1426\" data-end=\"1533\">\n<td data-start=\"1426\" data-end=\"1444\" data-col-size=\"sm\">RF<\/td>\n<td data-start=\"1444\" data-end=\"1472\" data-col-size=\"sm\">Fr\u00e9quence<\/td>\n<td data-col-size=\"md\" data-start=\"1472\" data-end=\"1533\">860\u2013960 MHz (UHF)<\/td>\n<\/tr>\n<tr data-start=\"1534\" data-end=\"1641\">\n<td data-start=\"1534\" data-end=\"1552\" data-col-size=\"sm\"><\/td>\n<td data-start=\"1552\" data-end=\"1580\" data-col-size=\"sm\">Protocole<\/td>\n<td data-col-size=\"md\" data-start=\"1580\" data-end=\"1641\">ISO\/IEC 18000-6C\u00a0; EPCglobal Classe 1 Gen 2<\/td>\n<\/tr>\n<tr data-start=\"1642\" data-end=\"1749\">\n<td data-start=\"1642\" data-end=\"1660\" data-col-size=\"sm\">Options de circuits int\u00e9gr\u00e9s<\/td>\n<td data-start=\"1660\" data-end=\"1688\" data-col-size=\"sm\">\u00c9br\u00e9cher<\/td>\n<td data-col-size=\"md\" data-start=\"1688\" data-end=\"1749\">M730 ; U9 (autres personnalisables)<\/td>\n<\/tr>\n<tr data-start=\"1750\" data-end=\"1857\">\n<td data-start=\"1750\" data-end=\"1768\" data-col-size=\"sm\">M\u00e9moire<\/td>\n<td data-col-size=\"sm\" data-start=\"1768\" data-end=\"1796\">EPC \/ Utilisateur<\/td>\n<td data-col-size=\"md\" data-start=\"1796\" data-end=\"1857\">128 bits \/ 0 bits<\/td>\n<\/tr>\n<tr data-start=\"1858\" data-end=\"1965\">\n<td data-start=\"1858\" data-end=\"1876\" data-col-size=\"sm\">Dimensions<\/td>\n<td data-col-size=\"sm\" data-start=\"1876\" data-end=\"1904\">Taille de l&#039;\u00e9tiquette<\/td>\n<td data-col-size=\"md\" data-start=\"1904\" data-end=\"1965\">83 \u00d7 25 mm (personnalisable)<\/td>\n<\/tr>\n<tr data-start=\"1966\" data-end=\"2073\">\n<td data-start=\"1966\" data-end=\"1984\" data-col-size=\"sm\">Antenne<\/td>\n<td data-col-size=\"sm\" data-start=\"1984\" data-end=\"2012\">Taille \/ Style<\/td>\n<td data-col-size=\"md\" data-start=\"2012\" data-end=\"2073\">70 \u00d7 14 mm ; disposition en \u201c ceinture \u201d<\/td>\n<\/tr>\n<tr data-start=\"2074\" data-end=\"2181\">\n<td data-start=\"2074\" data-end=\"2092\" data-col-size=\"sm\">Mat\u00e9riels<\/td>\n<td data-col-size=\"sm\" data-start=\"2092\" data-end=\"2120\">Options faciales<\/td>\n<td data-col-size=\"md\" data-start=\"2120\" data-end=\"2181\">Papier d&#039;art\u00a0; PET\u00a0; papier synth\u00e9tique PP\u00a0; sur mesure<\/td>\n<\/tr>\n<tr data-start=\"2182\" data-end=\"2289\">\n<td data-start=\"2182\" data-end=\"2200\" data-col-size=\"sm\">Impression<\/td>\n<td data-col-size=\"sm\" data-start=\"2200\" data-end=\"2228\">M\u00e9thodes<\/td>\n<td data-col-size=\"md\" data-start=\"2228\" data-end=\"2289\">Transfert thermique\u00a0; s\u00e9rigraphie\u00a0; autres impressions personnalis\u00e9es<\/td>\n<\/tr>\n<tr data-start=\"2290\" data-end=\"2397\">\n<td data-start=\"2290\" data-end=\"2308\" data-col-size=\"sm\">Personnalisation<\/td>\n<td data-col-size=\"sm\" data-start=\"2308\" data-end=\"2336\">Initialisation des donn\u00e9es<\/td>\n<td data-col-size=\"md\" data-start=\"2336\" data-end=\"2397\">Codage EPC<\/td>\n<\/tr>\n<tr data-start=\"2398\" data-end=\"2505\">\n<td data-start=\"2398\" data-end=\"2416\" data-col-size=\"sm\">Environnement<\/td>\n<td data-start=\"2416\" data-end=\"2444\" data-col-size=\"sm\">Conditions de fonctionnement<\/td>\n<td data-col-size=\"md\" data-start=\"2444\" data-end=\"2505\">0\u201360 \u00b0C ; 20\u201380% HR<\/td>\n<\/tr>\n<tr data-start=\"2506\" data-end=\"2613\">\n<td data-start=\"2506\" data-end=\"2524\" data-col-size=\"sm\"><\/td>\n<td data-start=\"2524\" data-end=\"2552\" data-col-size=\"sm\">Conditions de stockage<\/td>\n<td data-col-size=\"md\" data-start=\"2552\" data-end=\"2613\">20\u201330 \u00b0C ; 20\u201360% HR<\/td>\n<\/tr>\n<tr data-start=\"2614\" data-end=\"2721\">\n<td data-start=\"2614\" data-end=\"2632\" data-col-size=\"sm\">Avantages<\/td>\n<td data-col-size=\"sm\" data-start=\"2632\" data-end=\"2660\">Points forts<\/td>\n<td data-col-size=\"md\" data-start=\"2660\" data-end=\"2721\">Lecture rapide ; lecture multiple ; tra\u00e7abilit\u00e9<\/td>\n<\/tr>\n<tr data-start=\"2722\" data-end=\"2831\">\n<td data-start=\"2722\" data-end=\"2740\" data-col-size=\"sm\">Cas d&#039;utilisation<\/td>\n<td data-start=\"2740\" data-end=\"2768\" data-col-size=\"sm\">Applications typiques<\/td>\n<td data-col-size=\"md\" data-start=\"2768\" data-end=\"2831\">Inventaire de v\u00eatements et de chaussures\u00a0; cha\u00eene d&#039;approvisionnement du v\u00eatement\u00a0; vente au d\u00e9tail<\/td>\n<\/tr>\n<\/tbody>\n<\/table>\n<\/div>\n<\/div>","protected":false},"excerpt":{"rendered":"<p>\u00c9tiquette volante UHF EPC Gen2 pour jeans et v\u00eatements - \u00e9tiquette 83 \u00d7 25 mm avec antenne 70 \u00d7 14 mm, puces M730\/U9, EPC 128 bits, lecture multiple rapide et impression\/encodage personnalisable.<\/p>","protected":false},"featured_media":927,"template":"","meta":{"_gspb_post_css":""},"product_brand":[],"product_cat":[31],"product_tag":[],"class_list":{"0":"post-926","1":"product","2":"type-product","3":"status-publish","4":"has-post-thumbnail","6":"product_cat-rfid-sticker-labels","8":"first","9":"instock","10":"shipping-taxable","11":"purchasable","12":"product-type-simple"},"_links":{"self":[{"href":"https:\/\/www.cxjsmartcard.com\/fr\/wp-json\/wp\/v2\/product\/926","targetHints":{"allow":["GET"]}}],"collection":[{"href":"https:\/\/www.cxjsmartcard.com\/fr\/wp-json\/wp\/v2\/product"}],"about":[{"href":"https:\/\/www.cxjsmartcard.com\/fr\/wp-json\/wp\/v2\/types\/product"}],"wp:featuredmedia":[{"embeddable":true,"href":"https:\/\/www.cxjsmartcard.com\/fr\/wp-json\/wp\/v2\/media\/927"}],"wp:attachment":[{"href":"https:\/\/www.cxjsmartcard.com\/fr\/wp-json\/wp\/v2\/media?parent=926"}],"wp:term":[{"taxonomy":"product_brand","embeddable":true,"href":"https:\/\/www.cxjsmartcard.com\/fr\/wp-json\/wp\/v2\/product_brand?post=926"},{"taxonomy":"product_cat","embeddable":true,"href":"https:\/\/www.cxjsmartcard.com\/fr\/wp-json\/wp\/v2\/product_cat?post=926"},{"taxonomy":"product_tag","embeddable":true,"href":"https:\/\/www.cxjsmartcard.com\/fr\/wp-json\/wp\/v2\/product_tag?post=926"}],"curies":[{"name":"wp","href":"https:\/\/api.w.org\/{rel}","templated":true}]}}