{"id":922,"date":"2025-11-03T09:18:04","date_gmt":"2025-11-03T09:18:04","guid":{"rendered":"https:\/\/www.cxjsmartcard.com\/?post_type=product&#038;p=922"},"modified":"2025-12-29T01:27:07","modified_gmt":"2025-12-29T01:27:07","slug":"led-light-uhf-rfid-label-sticker","status":"publish","type":"product","link":"https:\/\/www.cxjsmartcard.com\/fr\/led-light-uhf-rfid-label-sticker\/","title":{"rendered":"\u00c9tiquette autocollante RFID UHF lumineuse \u00e0 LED"},"content":{"rendered":"<p data-start=\"44\" data-end=\"365\">\u00c9tiquette RFID UHF longue port\u00e9e avec LED int\u00e9gr\u00e9e pour une localisation visuelle instantan\u00e9e. Con\u00e7ue pour des lectures par lots rapides \u00e0 plus de 10 m, elle permet un rep\u00e9rage pr\u00e9cis des articles sur les \u00e9tag\u00e8res, dans les bacs ou sur les rayonnages gr\u00e2ce \u00e0 un indicateur LED int\u00e9gr\u00e9 en temps r\u00e9el. Sa construction robuste et r\u00e9utilisable la rend id\u00e9ale pour les op\u00e9rations logistiques, de vente au d\u00e9tail, de sant\u00e9 et \u00e9v\u00e9nementielles \u00e0 haut volume.<\/p>\n<p data-start=\"367\" data-end=\"385\"><strong data-start=\"367\" data-end=\"383\">Pourquoi cela aide<\/strong><\/p>\n<ul data-start=\"386\" data-end=\"981\">\n<li data-start=\"386\" data-end=\"474\">\n<p data-start=\"388\" data-end=\"474\"><strong data-start=\"388\" data-end=\"422\">Balayage \u00e0 longue port\u00e9e efficace\u00a0:<\/strong> Lecture par lots, sans visibilit\u00e9 directe, au-del\u00e0 de 10 m\u00e8tres.<\/p>\n<\/li>\n<li data-start=\"475\" data-end=\"584\">\n<p data-start=\"477\" data-end=\"584\"><strong data-start=\"477\" data-end=\"502\">Visibilit\u00e9 en temps r\u00e9el\u00a0:<\/strong> Les motifs de clignotement des LED indiquent l&#039;emplacement ou l&#039;\u00e9tat (par exemple, pr\u00e9l\u00e8vement\/rangement, stock faible).<\/p>\n<\/li>\n<li data-start=\"585\" data-end=\"663\">\n<p data-start=\"587\" data-end=\"663\"><strong data-start=\"587\" data-end=\"607\">Pr\u00e9cision accrue\u00a0:<\/strong> R\u00e9duire les erreurs manuelles ; rationaliser les flux de travail automatis\u00e9s.<\/p>\n<\/li>\n<li data-start=\"664\" data-end=\"756\">\n<p data-start=\"666\" data-end=\"756\"><strong data-start=\"666\" data-end=\"695\">Flexibilit\u00e9 programmable :<\/strong> Contr\u00f4le \u00e0 distance du comportement des LED pour s&#039;adapter \u00e0 diff\u00e9rents sc\u00e9narios.<\/p>\n<\/li>\n<li data-start=\"757\" data-end=\"846\">\n<p data-start=\"759\" data-end=\"846\"><strong data-start=\"759\" data-end=\"785\">Durabilit\u00e9 industrielle :<\/strong> Con\u00e7u pour une utilisation r\u00e9p\u00e9t\u00e9e avec des performances RF et LED stables.<\/p>\n<\/li>\n<li data-start=\"847\" data-end=\"921\">\n<p data-start=\"849\" data-end=\"921\"><strong data-start=\"849\" data-end=\"872\">Utilisation multisc\u00e9narios\u00a0:<\/strong> Entreposage, vente au d\u00e9tail, actifs m\u00e9dicaux et bien plus encore.<\/p>\n<\/li>\n<li data-start=\"922\" data-end=\"981\">\n<p data-start=\"924\" data-end=\"981\"><strong data-start=\"924\" data-end=\"942\">Retour sur investissement \u00e0 long terme\u00a0:<\/strong> R\u00e9duction des co\u00fbts de main-d&#039;\u0153uvre et des pertes ; audits plus rapides.<\/p>\n<\/li>\n<\/ul>\n<p data-start=\"983\" data-end=\"1203\"><strong data-start=\"983\" data-end=\"1007\">Applications typiques<\/strong><br data-start=\"1007\" data-end=\"1010\" \/>Contr\u00f4le d&#039;acc\u00e8s s\u00e9curis\u00e9 \u2022 Adh\u00e9sion\/fid\u00e9lit\u00e9 sans esp\u00e8ces \u2022 Acc\u00e8s et image de marque pour les \u00e9v\u00e9nements \u2022 Points de vente pour les r\u00e9seaux sociaux et le marketing \u2022 Op\u00e9rations de vente au d\u00e9tail \u2022 \u00c9lectronique et salons professionnels \u2022 Jeux et jouets \u2022 Cartes de visite intelligentes.<\/p>\n<h2 data-start=\"1205\" data-end=\"1230\">Tableau (Sp\u00e9cifications)<\/h2>\n<div class=\"_tableContainer_1rjym_1\">\n<div class=\"group _tableWrapper_1rjym_13 flex w-fit flex-col-reverse\" tabindex=\"-1\">\n<table class=\"w-fit min-w-(--thread-content-width)\" data-start=\"1232\" data-end=\"3463\">\n<thead data-start=\"1232\" data-end=\"1355\">\n<tr data-start=\"1232\" data-end=\"1355\">\n<th data-start=\"1232\" data-end=\"1258\" data-col-size=\"sm\">Cat\u00e9gorie<\/th>\n<th data-start=\"1258\" data-end=\"1294\" data-col-size=\"sm\">Param\u00e8tre<\/th>\n<th data-start=\"1294\" data-end=\"1355\" data-col-size=\"md\">Valeur<\/th>\n<\/tr>\n<\/thead>\n<tbody data-start=\"1480\" data-end=\"3463\">\n<tr data-start=\"1480\" data-end=\"1603\">\n<td data-start=\"1480\" data-end=\"1506\" data-col-size=\"sm\">Produit<\/td>\n<td data-col-size=\"sm\" data-start=\"1506\" data-end=\"1542\">Taper<\/td>\n<td data-col-size=\"md\" data-start=\"1542\" data-end=\"1603\">\u00c9tiquette autocollante RFID UHF lumineuse \u00e0 LED<\/td>\n<\/tr>\n<tr data-start=\"1604\" data-end=\"1727\">\n<td data-start=\"1604\" data-end=\"1630\" data-col-size=\"sm\">CI<\/td>\n<td data-start=\"1630\" data-end=\"1666\" data-col-size=\"sm\">\u00c9br\u00e9cher<\/td>\n<td data-start=\"1666\" data-end=\"1727\" data-col-size=\"md\">KX2005X-BL<\/td>\n<\/tr>\n<tr data-start=\"1728\" data-end=\"1851\">\n<td data-start=\"1728\" data-end=\"1754\" data-col-size=\"sm\">RF<\/td>\n<td data-start=\"1754\" data-end=\"1790\" data-col-size=\"sm\">Fr\u00e9quence<\/td>\n<td data-col-size=\"md\" data-start=\"1790\" data-end=\"1851\">860\u2013960 MHz<\/td>\n<\/tr>\n<tr data-start=\"1852\" data-end=\"1975\">\n<td data-start=\"1852\" data-end=\"1878\" data-col-size=\"sm\"><\/td>\n<td data-col-size=\"sm\" data-start=\"1878\" data-end=\"1914\">Protocole<\/td>\n<td data-col-size=\"md\" data-start=\"1914\" data-end=\"1975\">ISO\/IEC 18000-6C, EPC Classe 1 Gen 2<\/td>\n<\/tr>\n<tr data-start=\"1976\" data-end=\"2099\">\n<td data-start=\"1976\" data-end=\"2002\" data-col-size=\"sm\">Op\u00e9ration<\/td>\n<td data-col-size=\"sm\" data-start=\"2002\" data-end=\"2038\">Mode de fonctionnement<\/td>\n<td data-col-size=\"md\" data-start=\"2038\" data-end=\"2099\">Passif<\/td>\n<\/tr>\n<tr data-start=\"2100\" data-end=\"2223\">\n<td data-start=\"2100\" data-end=\"2126\" data-col-size=\"sm\">Lire les performances<\/td>\n<td data-start=\"2126\" data-end=\"2162\" data-col-size=\"sm\">Plage typique<\/td>\n<td data-col-size=\"md\" data-start=\"2162\" data-end=\"2223\">10 m+ (selon le lecteur et l&#039;environnement)<\/td>\n<\/tr>\n<tr data-start=\"2224\" data-end=\"2347\">\n<td data-start=\"2224\" data-end=\"2250\" data-col-size=\"sm\">Antenne<\/td>\n<td data-col-size=\"sm\" data-start=\"2250\" data-end=\"2286\">Type \/ Taille<\/td>\n<td data-col-size=\"md\" data-start=\"2286\" data-end=\"2347\">Gravure sur aluminium, 95 \u00d7 18,5 mm<\/td>\n<\/tr>\n<tr data-start=\"2348\" data-end=\"2471\">\n<td data-start=\"2348\" data-end=\"2374\" data-col-size=\"sm\">Format<\/td>\n<td data-col-size=\"sm\" data-start=\"2374\" data-end=\"2410\">Incrustation humide \/ Taille de l&#039;\u00e9tiquette<\/td>\n<td data-col-size=\"md\" data-start=\"2410\" data-end=\"2471\">100 \u00d7 52 mm (personnalisable)<\/td>\n<\/tr>\n<tr data-start=\"2472\" data-end=\"2595\">\n<td data-start=\"2472\" data-end=\"2498\" data-col-size=\"sm\">Mat\u00e9riels<\/td>\n<td data-start=\"2498\" data-end=\"2534\" data-col-size=\"sm\">Visage \/ Constructions<\/td>\n<td data-col-size=\"md\" data-start=\"2534\" data-end=\"2595\">Papier couch\u00e9, PET, papier synth\u00e9tique, papier thermique, sur mesure<\/td>\n<\/tr>\n<tr data-start=\"2596\" data-end=\"2719\">\n<td data-start=\"2596\" data-end=\"2622\" data-col-size=\"sm\">Impression et marquage<\/td>\n<td data-col-size=\"sm\" data-start=\"2622\" data-end=\"2658\">M\u00e9thodes<\/td>\n<td data-col-size=\"md\" data-start=\"2658\" data-end=\"2719\">Impression en couleur, logo, code-barres, QR, num\u00e9ro de s\u00e9rie<\/td>\n<\/tr>\n<tr data-start=\"2720\" data-end=\"2843\">\n<td data-start=\"2720\" data-end=\"2746\" data-col-size=\"sm\">Fiabilit\u00e9<\/td>\n<td data-col-size=\"sm\" data-start=\"2746\" data-end=\"2782\">IC Life<\/td>\n<td data-col-size=\"md\" data-start=\"2782\" data-end=\"2843\">100\u00a0000 cycles de programmation\u00a0; conservation des donn\u00e9es pendant 10\u00a0ans<\/td>\n<\/tr>\n<tr data-start=\"2844\" data-end=\"2967\">\n<td data-start=\"2844\" data-end=\"2870\" data-col-size=\"sm\">Environnement (Utilisation)<\/td>\n<td data-col-size=\"sm\" data-start=\"2870\" data-end=\"2906\">Temp\u00e9rature\/humidit\u00e9 de fonctionnement<\/td>\n<td data-col-size=\"md\" data-start=\"2906\" data-end=\"2967\">\u221225 \u00e0 +50 \u00b0C \/ 20\u201380% HR<\/td>\n<\/tr>\n<tr data-start=\"2968\" data-end=\"3091\">\n<td data-start=\"2968\" data-end=\"2994\" data-col-size=\"sm\">Environnement (Stockage)<\/td>\n<td data-col-size=\"sm\" data-start=\"2994\" data-end=\"3030\">Temp\u00e9rature\/humidit\u00e9 de stockage<\/td>\n<td data-col-size=\"md\" data-start=\"3030\" data-end=\"3091\">+23 \u2103 \u00b15 \u2103 \/ 50% \u00b110% HR (sans condensation)<\/td>\n<\/tr>\n<tr data-start=\"3092\" data-end=\"3215\">\n<td data-start=\"3092\" data-end=\"3118\" data-col-size=\"sm\">Conditionnement<\/td>\n<td data-col-size=\"sm\" data-start=\"3118\" data-end=\"3154\">Rouleau \/ Carton<\/td>\n<td data-col-size=\"md\" data-start=\"3154\" data-end=\"3215\">1\u00a0000 \u00e0 5\u00a0000 pi\u00e8ces par rouleau\u00a0; 4 rouleaux par carton<\/td>\n<\/tr>\n<tr data-start=\"3216\" data-end=\"3339\">\n<td data-start=\"3216\" data-end=\"3242\" data-col-size=\"sm\">\u00c9chantillons<\/td>\n<td data-start=\"3242\" data-end=\"3278\" data-col-size=\"sm\">Disponibilit\u00e9<\/td>\n<td data-col-size=\"md\" data-start=\"3278\" data-end=\"3339\">\u00c9chantillon gratuit pour test de qualit\u00e9<\/td>\n<\/tr>\n<tr data-start=\"3340\" data-end=\"3463\">\n<td data-start=\"3340\" data-end=\"3366\" data-col-size=\"sm\">Solutions<\/td>\n<td data-start=\"3366\" data-end=\"3402\" data-col-size=\"sm\">Exemples de d\u00e9ploiements<\/td>\n<td data-col-size=\"md\" data-start=\"3402\" data-end=\"3463\">Entreposage, vente au d\u00e9tail, suivi des actifs m\u00e9dicaux, \u00e9v\u00e9nements<\/td>\n<\/tr>\n<\/tbody>\n<\/table>\n<\/div>\n<\/div>","protected":false},"excerpt":{"rendered":"<p>\u00c9tiquette RFID UHF avec LED int\u00e9gr\u00e9e pour une lecture \u00e0 plus de 10 m et une localisation visuelle instantan\u00e9e \u2014 conception EPC Gen2 passive, face imprimable et construction durable pour le commerce de d\u00e9tail, l&#039;entrep\u00f4t, les soins de sant\u00e9 et les \u00e9v\u00e9nements.<\/p>","protected":false},"featured_media":923,"template":"","meta":{"_gspb_post_css":""},"product_brand":[],"product_cat":[31],"product_tag":[],"class_list":{"0":"post-922","1":"product","2":"type-product","3":"status-publish","4":"has-post-thumbnail","6":"product_cat-rfid-sticker-labels","8":"first","9":"instock","10":"shipping-taxable","11":"purchasable","12":"product-type-simple"},"_links":{"self":[{"href":"https:\/\/www.cxjsmartcard.com\/fr\/wp-json\/wp\/v2\/product\/922","targetHints":{"allow":["GET"]}}],"collection":[{"href":"https:\/\/www.cxjsmartcard.com\/fr\/wp-json\/wp\/v2\/product"}],"about":[{"href":"https:\/\/www.cxjsmartcard.com\/fr\/wp-json\/wp\/v2\/types\/product"}],"wp:featuredmedia":[{"embeddable":true,"href":"https:\/\/www.cxjsmartcard.com\/fr\/wp-json\/wp\/v2\/media\/923"}],"wp:attachment":[{"href":"https:\/\/www.cxjsmartcard.com\/fr\/wp-json\/wp\/v2\/media?parent=922"}],"wp:term":[{"taxonomy":"product_brand","embeddable":true,"href":"https:\/\/www.cxjsmartcard.com\/fr\/wp-json\/wp\/v2\/product_brand?post=922"},{"taxonomy":"product_cat","embeddable":true,"href":"https:\/\/www.cxjsmartcard.com\/fr\/wp-json\/wp\/v2\/product_cat?post=922"},{"taxonomy":"product_tag","embeddable":true,"href":"https:\/\/www.cxjsmartcard.com\/fr\/wp-json\/wp\/v2\/product_tag?post=922"}],"curies":[{"name":"wp","href":"https:\/\/api.w.org\/{rel}","templated":true}]}}