{"id":917,"date":"2025-11-03T09:15:33","date_gmt":"2025-11-03T09:15:33","guid":{"rendered":"https:\/\/www.cxjsmartcard.com\/?post_type=product&#038;p=917"},"modified":"2025-12-29T01:27:07","modified_gmt":"2025-12-29T01:27:07","slug":"dogbone-uhf-rfid-wet-inlay-tags-for-marathon-race-timing","status":"publish","type":"product","link":"https:\/\/www.cxjsmartcard.com\/fr\/dogbone-uhf-rfid-wet-inlay-tags-for-marathon-race-timing\/","title":{"rendered":"\u00c9tiquettes RFID UHF Dogbone \u00e0 insertion humide pour le chronom\u00e9trage des marathons"},"content":{"rendered":"<p data-start=\"68\" data-end=\"357\">\u00c9tiquette UHF EPC Gen2 \u00e0 lecture humide avec antenne en forme d&#039;os, optimis\u00e9e pour un chronom\u00e9trage fiable des participants en grand nombre. L&#039;\u00e9tiquette PET de 97 \u00d7 27 mm, dot\u00e9e d&#039;une antenne en forme d&#039;os de 94 \u00d7 24 mm, offre des performances de lecture multiple rapides sur les dossards et v\u00eatements de course et s&#039;int\u00e8gre facilement aux flux de production d&#039;impression\/encodage \u00e0 haut volume.<\/p>\n<p data-start=\"359\" data-end=\"377\"><strong data-start=\"359\" data-end=\"375\">Caract\u00e9ristiques principales<\/strong><\/p>\n<ul data-start=\"378\" data-end=\"690\">\n<li data-start=\"378\" data-end=\"419\">\n<p data-start=\"380\" data-end=\"419\">Large plage de fr\u00e9quences de fonctionnement : 840\u2013960 MHz<\/p>\n<\/li>\n<li data-start=\"420\" data-end=\"465\">\n<p data-start=\"422\" data-end=\"465\">Conforme \u00e0 la norme UHF EPC Gen2 \/ ISO\/IEC 18000-6C<\/p>\n<\/li>\n<li data-start=\"466\" data-end=\"543\">\n<p data-start=\"468\" data-end=\"543\">Disposition d&#039;antenne en forme d&#039;os de chien pour des relev\u00e9s robustes et stables sur les dossards\/v\u00eatements des coureurs<\/p>\n<\/li>\n<li data-start=\"544\" data-end=\"608\">\n<p data-start=\"546\" data-end=\"608\">Face en PET transparent ; fournie sous forme d&#039;insert humide (couche adh\u00e9sive)<\/p>\n<\/li>\n<li data-start=\"609\" data-end=\"690\">\n<p data-start=\"611\" data-end=\"690\">Pr\u00eat pour l&#039;impression\/l&#039;encodage\u00a0: transfert thermique ou s\u00e9rigraphie\u00a0; pr\u00e9-encodage EPC pris en charge<\/p>\n<\/li>\n<\/ul>\n<p data-start=\"692\" data-end=\"858\"><strong data-start=\"692\" data-end=\"708\">Applications<\/strong><br data-start=\"708\" data-end=\"711\" \/>Chronom\u00e9trage de marathons et de courses sur route \u2022 \u00c9preuves de triathlon\/cyclisme \u2022 \u00c9tiquetage des dossards et des chaussures \u2022 \u00c9tiquettes d&#039;actifs pour environnements difficiles n\u00e9cessitant une lecture multiple rapide.<\/p>\n<p data-start=\"860\" data-end=\"949\"><strong data-start=\"860\" data-end=\"883\">Exploitation et stockage<\/strong><br data-start=\"883\" data-end=\"886\" \/>Fonctionnement : 0\u201360 \u2103 \u00e0 20\u201380% HR \u2022 Stockage : 20\u201330 \u2103 \u00e0 20\u201360% HR.<\/p>\n<h2 data-start=\"951\" data-end=\"976\">Tableau (Sp\u00e9cifications)<\/h2>\n<div class=\"_tableContainer_1rjym_1\">\n<div class=\"group _tableWrapper_1rjym_13 flex w-fit flex-col-reverse\" tabindex=\"-1\">\n<table class=\"w-fit min-w-(--thread-content-width)\" data-start=\"978\" data-end=\"2352\">\n<thead data-start=\"978\" data-end=\"1062\">\n<tr data-start=\"978\" data-end=\"1062\">\n<th data-start=\"978\" data-end=\"996\" data-col-size=\"sm\">Cat\u00e9gorie<\/th>\n<th data-start=\"996\" data-end=\"1019\" data-col-size=\"sm\">Param\u00e8tre<\/th>\n<th data-start=\"1019\" data-end=\"1062\" data-col-size=\"md\">Valeur<\/th>\n<\/tr>\n<\/thead>\n<tbody data-start=\"1148\" data-end=\"2352\">\n<tr data-start=\"1148\" data-end=\"1232\">\n<td data-start=\"1148\" data-end=\"1166\" data-col-size=\"sm\">Produit<\/td>\n<td data-start=\"1166\" data-end=\"1189\" data-col-size=\"sm\">Nom<\/td>\n<td data-start=\"1189\" data-end=\"1232\" data-col-size=\"md\">Incrustation humide UHF RFID Dogbone<\/td>\n<\/tr>\n<tr data-start=\"1233\" data-end=\"1318\">\n<td data-start=\"1233\" data-end=\"1251\" data-col-size=\"sm\">CI<\/td>\n<td data-start=\"1251\" data-end=\"1274\" data-col-size=\"sm\">\u00c9br\u00e9cher<\/td>\n<td data-col-size=\"md\" data-start=\"1274\" data-end=\"1318\">U8<\/td>\n<\/tr>\n<tr data-start=\"1319\" data-end=\"1404\">\n<td data-start=\"1319\" data-end=\"1337\" data-col-size=\"sm\">RF<\/td>\n<td data-col-size=\"sm\" data-start=\"1337\" data-end=\"1360\">Fr\u00e9quence<\/td>\n<td data-col-size=\"md\" data-start=\"1360\" data-end=\"1404\">840\u2013960 MHz<\/td>\n<\/tr>\n<tr data-start=\"1405\" data-end=\"1490\">\n<td data-start=\"1405\" data-end=\"1423\" data-col-size=\"sm\"><\/td>\n<td data-col-size=\"sm\" data-start=\"1423\" data-end=\"1446\">Protocole<\/td>\n<td data-col-size=\"md\" data-start=\"1446\" data-end=\"1490\">ISO\/IEC 18000-6C\u00a0; EPCglobal Classe 1 Gen 2<\/td>\n<\/tr>\n<tr data-start=\"1491\" data-end=\"1576\">\n<td data-start=\"1491\" data-end=\"1509\" data-col-size=\"sm\">M\u00e9moire<\/td>\n<td data-col-size=\"sm\" data-start=\"1509\" data-end=\"1532\">TID \/ EPC \/ Utilisateur<\/td>\n<td data-col-size=\"md\" data-start=\"1532\" data-end=\"1576\">48 bits \/ 128 bits \/ 0 bits<\/td>\n<\/tr>\n<tr data-start=\"1577\" data-end=\"1662\">\n<td data-start=\"1577\" data-end=\"1595\" data-col-size=\"sm\">\u00c9tiquette<\/td>\n<td data-start=\"1595\" data-end=\"1618\" data-col-size=\"sm\">Taille<\/td>\n<td data-start=\"1618\" data-end=\"1662\" data-col-size=\"md\">97 \u00d7 27 mm<\/td>\n<\/tr>\n<tr data-start=\"1663\" data-end=\"1748\">\n<td data-start=\"1663\" data-end=\"1681\" data-col-size=\"sm\">Antenne<\/td>\n<td data-col-size=\"sm\" data-start=\"1681\" data-end=\"1704\">Taille \/ Forme<\/td>\n<td data-col-size=\"md\" data-start=\"1704\" data-end=\"1748\">94 \u00d7 24 mm, os de chien<\/td>\n<\/tr>\n<tr data-start=\"1749\" data-end=\"1834\">\n<td data-start=\"1749\" data-end=\"1767\" data-col-size=\"sm\">Affronter<\/td>\n<td data-start=\"1767\" data-end=\"1790\" data-col-size=\"sm\">Mat\u00e9riel<\/td>\n<td data-col-size=\"md\" data-start=\"1790\" data-end=\"1834\">PET transparent<\/td>\n<\/tr>\n<tr data-start=\"1835\" data-end=\"1920\">\n<td data-start=\"1835\" data-end=\"1853\" data-col-size=\"sm\">Impression<\/td>\n<td data-start=\"1853\" data-end=\"1876\" data-col-size=\"sm\">M\u00e9thodes<\/td>\n<td data-start=\"1876\" data-end=\"1920\" data-col-size=\"md\">Transfert thermique ; s\u00e9rigraphie<\/td>\n<\/tr>\n<tr data-start=\"1921\" data-end=\"2007\">\n<td data-start=\"1921\" data-end=\"1939\" data-col-size=\"sm\">Donn\u00e9es<\/td>\n<td data-col-size=\"sm\" data-start=\"1939\" data-end=\"1962\">Initialisation<\/td>\n<td data-col-size=\"md\" data-start=\"1962\" data-end=\"2007\">Encodage EPC disponible<\/td>\n<\/tr>\n<tr data-start=\"2008\" data-end=\"2093\">\n<td data-start=\"2008\" data-end=\"2026\" data-col-size=\"sm\">Environnement<\/td>\n<td data-start=\"2026\" data-end=\"2049\" data-col-size=\"sm\">Op\u00e9ration<\/td>\n<td data-col-size=\"md\" data-start=\"2049\" data-end=\"2093\">0\u201360 \u00b0C ; 20\u201380% HR<\/td>\n<\/tr>\n<tr data-start=\"2094\" data-end=\"2180\">\n<td data-start=\"2094\" data-end=\"2112\" data-col-size=\"sm\"><\/td>\n<td data-start=\"2112\" data-end=\"2135\" data-col-size=\"sm\">Stockage<\/td>\n<td data-col-size=\"md\" data-start=\"2135\" data-end=\"2180\">20\u201330 \u00b0C ; 20\u201360% HR<\/td>\n<\/tr>\n<tr data-start=\"2181\" data-end=\"2266\">\n<td data-start=\"2181\" data-end=\"2199\" data-col-size=\"sm\">Avantages<\/td>\n<td data-col-size=\"sm\" data-start=\"2199\" data-end=\"2222\">Points forts<\/td>\n<td data-col-size=\"md\" data-start=\"2222\" data-end=\"2266\">Lecture rapide ; lecture multiple ; tra\u00e7abilit\u00e9<\/td>\n<\/tr>\n<tr data-start=\"2267\" data-end=\"2352\">\n<td data-start=\"2267\" data-end=\"2285\" data-col-size=\"sm\">Cas d&#039;utilisation<\/td>\n<td data-col-size=\"sm\" data-start=\"2285\" data-end=\"2308\">Applications typiques<\/td>\n<td data-col-size=\"md\" data-start=\"2308\" data-end=\"2352\">Chronom\u00e9trage de la course, \u00e9tiquetage des dossards\/chaussures, \u00e9quipements<\/td>\n<\/tr>\n<\/tbody>\n<\/table>\n<\/div>\n<\/div>","protected":false},"excerpt":{"rendered":"<p>Incrustation humide Dogbone UHF EPC Gen2 pour le chronom\u00e9trage de marathon \u2014 \u00e9tiquette PET 97 \u00d7 27 mm avec antenne dogbone 94 \u00d7 24 mm, puce U8, pr\u00eate pour l&#039;impression\/l&#039;encodage pour des performances de lecture multiple rapides.<\/p>","protected":false},"featured_media":918,"template":"","meta":{"_gspb_post_css":""},"product_brand":[],"product_cat":[31],"product_tag":[],"class_list":{"0":"post-917","1":"product","2":"type-product","3":"status-publish","4":"has-post-thumbnail","6":"product_cat-rfid-sticker-labels","8":"first","9":"instock","10":"shipping-taxable","11":"purchasable","12":"product-type-simple"},"_links":{"self":[{"href":"https:\/\/www.cxjsmartcard.com\/fr\/wp-json\/wp\/v2\/product\/917","targetHints":{"allow":["GET"]}}],"collection":[{"href":"https:\/\/www.cxjsmartcard.com\/fr\/wp-json\/wp\/v2\/product"}],"about":[{"href":"https:\/\/www.cxjsmartcard.com\/fr\/wp-json\/wp\/v2\/types\/product"}],"wp:featuredmedia":[{"embeddable":true,"href":"https:\/\/www.cxjsmartcard.com\/fr\/wp-json\/wp\/v2\/media\/918"}],"wp:attachment":[{"href":"https:\/\/www.cxjsmartcard.com\/fr\/wp-json\/wp\/v2\/media?parent=917"}],"wp:term":[{"taxonomy":"product_brand","embeddable":true,"href":"https:\/\/www.cxjsmartcard.com\/fr\/wp-json\/wp\/v2\/product_brand?post=917"},{"taxonomy":"product_cat","embeddable":true,"href":"https:\/\/www.cxjsmartcard.com\/fr\/wp-json\/wp\/v2\/product_cat?post=917"},{"taxonomy":"product_tag","embeddable":true,"href":"https:\/\/www.cxjsmartcard.com\/fr\/wp-json\/wp\/v2\/product_tag?post=917"}],"curies":[{"name":"wp","href":"https:\/\/api.w.org\/{rel}","templated":true}]}}