{"id":913,"date":"2025-11-03T09:13:58","date_gmt":"2025-11-03T09:13:58","guid":{"rendered":"https:\/\/www.cxjsmartcard.com\/?post_type=product&#038;p=913"},"modified":"2025-12-29T01:27:07","modified_gmt":"2025-12-29T01:27:07","slug":"dogbone-m830-rfid-foam-tags-for-marathon-timing","status":"publish","type":"product","link":"https:\/\/www.cxjsmartcard.com\/fr\/dogbone-m830-rfid-foam-tags-for-marathon-timing\/","title":{"rendered":"\u00c9tiquettes en mousse RFID DogBone M830 pour le chronom\u00e9trage de marathon"},"content":{"rendered":"<p data-start=\"59\" data-end=\"320\">\u00c9tiquettes de chronom\u00e9trage UHF EPC Gen2 en mousse avec insert DogBone M830 pour des lectures rapides et pr\u00e9cises aux points de contr\u00f4le de course. L&#039;entretoise en mousse am\u00e9liore le confort sur le corps, permettant un chronom\u00e9trage fiable par lectures multiples sur les dossards ou les \u00e9tiquettes de chaussures, m\u00eame dans des conditions ext\u00e9rieures difficiles.<\/p>\n<p data-start=\"322\" data-end=\"340\"><strong data-start=\"322\" data-end=\"338\">Caract\u00e9ristiques principales<\/strong><\/p>\n<ul data-start=\"341\" data-end=\"655\">\n<li data-start=\"341\" data-end=\"403\">\n<p data-start=\"343\" data-end=\"403\">Incrustation UHF M830, EPCglobal Classe 1 Gen 2 \/ ISO\/IEC 18000-6C<\/p>\n<\/li>\n<li data-start=\"404\" data-end=\"451\">\n<p data-start=\"406\" data-end=\"451\">TID 48 bits, EPC 128 bits (m\u00e9moire utilisateur 0 bit)<\/p>\n<\/li>\n<li data-start=\"452\" data-end=\"515\">\n<p data-start=\"454\" data-end=\"515\">Configuration d&#039;antenne en forme d&#039;os de chien optimis\u00e9e pour la vitesse et la sensibilit\u00e9<\/p>\n<\/li>\n<li data-start=\"516\" data-end=\"591\">\n<p data-start=\"518\" data-end=\"591\">Mat\u00e9riaux de surface pr\u00eats \u00e0 imprimer avec options de transfert thermique ou de s\u00e9rigraphie<\/p>\n<\/li>\n<li data-start=\"592\" data-end=\"655\">\n<p data-start=\"594\" data-end=\"655\">Performances constantes de lecture multiple pour le chronom\u00e9trage des participants de masse<\/p>\n<\/li>\n<\/ul>\n<p data-start=\"657\" data-end=\"818\"><strong data-start=\"657\" data-end=\"673\">Applications<\/strong><br data-start=\"673\" data-end=\"676\" \/>Chronom\u00e9trage de marathons et de courses sur route \u2022 Triathlons et \u00e9preuves cyclistes \u2022 Enregistrement et chronom\u00e9trage des participants en masse \u2022 \u00c9tiquettes d&#039;\u00e9quipement pour environnements difficiles.<\/p>\n<p data-start=\"820\" data-end=\"938\"><strong data-start=\"820\" data-end=\"843\">Impression et encodage<\/strong><br data-start=\"843\" data-end=\"846\" \/>Prend en charge la num\u00e9rotation des dossards, les logos d&#039;\u00e9v\u00e9nements, les codes-barres\/QR et le pr\u00e9-encodage EPC pour un d\u00e9ploiement par lots.<\/p>\n<p data-start=\"940\" data-end=\"1015\"><strong data-start=\"940\" data-end=\"964\">Conditions de fonctionnement<\/strong><br data-start=\"964\" data-end=\"967\" \/>0\u201360 \u2103 \/ 20\u201380% HR; stockage 20\u201330 \u2103 \/ 20\u201360% HR.<\/p>\n<h2 data-start=\"1017\" data-end=\"1042\">Tableau (Sp\u00e9cifications)<\/h2>\n<div class=\"_tableContainer_1rjym_1\">\n<div class=\"group _tableWrapper_1rjym_13 flex w-fit flex-col-reverse\" tabindex=\"-1\">\n<table class=\"w-fit min-w-(--thread-content-width)\" data-start=\"1044\" data-end=\"2297\">\n<thead data-start=\"1044\" data-end=\"1132\">\n<tr data-start=\"1044\" data-end=\"1132\">\n<th data-start=\"1044\" data-end=\"1062\" data-col-size=\"sm\">Cat\u00e9gorie<\/th>\n<th data-start=\"1062\" data-end=\"1085\" data-col-size=\"sm\">Param\u00e8tre<\/th>\n<th data-start=\"1085\" data-end=\"1132\" data-col-size=\"md\">Valeur<\/th>\n<\/tr>\n<\/thead>\n<tbody data-start=\"1222\" data-end=\"2297\">\n<tr data-start=\"1222\" data-end=\"1310\">\n<td data-start=\"1222\" data-end=\"1240\" data-col-size=\"sm\">Produit<\/td>\n<td data-col-size=\"sm\" data-start=\"1240\" data-end=\"1263\">Nom<\/td>\n<td data-col-size=\"md\" data-start=\"1263\" data-end=\"1310\">\u00c9tiquette en mousse RFID DogBone M830<\/td>\n<\/tr>\n<tr data-start=\"1311\" data-end=\"1399\">\n<td data-start=\"1311\" data-end=\"1329\" data-col-size=\"sm\">CI<\/td>\n<td data-col-size=\"sm\" data-start=\"1329\" data-end=\"1352\">\u00c9br\u00e9cher<\/td>\n<td data-col-size=\"md\" data-start=\"1352\" data-end=\"1399\">M830<\/td>\n<\/tr>\n<tr data-start=\"1400\" data-end=\"1488\">\n<td data-start=\"1400\" data-end=\"1418\" data-col-size=\"sm\">RF<\/td>\n<td data-col-size=\"sm\" data-start=\"1418\" data-end=\"1441\">Protocole<\/td>\n<td data-col-size=\"md\" data-start=\"1441\" data-end=\"1488\">ISO\/IEC 18000-6C, EPCglobal Classe 1 Gen 2<\/td>\n<\/tr>\n<tr data-start=\"1489\" data-end=\"1577\">\n<td data-start=\"1489\" data-end=\"1507\" data-col-size=\"sm\">M\u00e9moire<\/td>\n<td data-col-size=\"sm\" data-start=\"1507\" data-end=\"1530\">TID \/ EPC \/ Utilisateur<\/td>\n<td data-col-size=\"md\" data-start=\"1530\" data-end=\"1577\">48 bits \/ 128 bits \/ 0 bits<\/td>\n<\/tr>\n<tr data-start=\"1578\" data-end=\"1667\">\n<td data-start=\"1578\" data-end=\"1596\" data-col-size=\"sm\">\u00c9tiquette<\/td>\n<td data-col-size=\"sm\" data-start=\"1596\" data-end=\"1619\">Taille<\/td>\n<td data-col-size=\"md\" data-start=\"1619\" data-end=\"1667\">97 \u00d7 27 mm<\/td>\n<\/tr>\n<tr data-start=\"1668\" data-end=\"1757\">\n<td data-start=\"1668\" data-end=\"1686\" data-col-size=\"sm\">Antenne<\/td>\n<td data-col-size=\"sm\" data-start=\"1686\" data-end=\"1709\">Taille \/ Forme<\/td>\n<td data-col-size=\"md\" data-start=\"1709\" data-end=\"1757\">94 \u00d7 24 mm, en forme d&#039;os de chien<\/td>\n<\/tr>\n<tr data-start=\"1758\" data-end=\"1847\">\n<td data-start=\"1758\" data-end=\"1776\" data-col-size=\"sm\">Affronter<\/td>\n<td data-start=\"1776\" data-end=\"1799\" data-col-size=\"sm\">Mat\u00e9riels<\/td>\n<td data-col-size=\"md\" data-start=\"1799\" data-end=\"1847\">Papier d&#039;art, PET, papier synth\u00e9tique PP<\/td>\n<\/tr>\n<tr data-start=\"1848\" data-end=\"1937\">\n<td data-start=\"1848\" data-end=\"1866\" data-col-size=\"sm\">Impression<\/td>\n<td data-col-size=\"sm\" data-start=\"1866\" data-end=\"1889\">M\u00e9thodes<\/td>\n<td data-col-size=\"md\" data-start=\"1889\" data-end=\"1937\">Transfert thermique\u00a0; s\u00e9rigraphie\u00a0; sur mesure<\/td>\n<\/tr>\n<tr data-start=\"1938\" data-end=\"2027\">\n<td data-start=\"1938\" data-end=\"1956\" data-col-size=\"sm\">Performance<\/td>\n<td data-start=\"1956\" data-end=\"1979\" data-col-size=\"sm\">Principaux avantages<\/td>\n<td data-col-size=\"md\" data-start=\"1979\" data-end=\"2027\">Lecture rapide ; lecture multiple ; tra\u00e7abilit\u00e9<\/td>\n<\/tr>\n<tr data-start=\"2028\" data-end=\"2117\">\n<td data-start=\"2028\" data-end=\"2046\" data-col-size=\"sm\">Environnement<\/td>\n<td data-start=\"2046\" data-end=\"2069\" data-col-size=\"sm\">Op\u00e9ration<\/td>\n<td data-start=\"2069\" data-end=\"2117\" data-col-size=\"md\">0\u201360 \u00b0C \/ 20\u201380% HR<\/td>\n<\/tr>\n<tr data-start=\"2118\" data-end=\"2207\">\n<td data-start=\"2118\" data-end=\"2136\" data-col-size=\"sm\"><\/td>\n<td data-col-size=\"sm\" data-start=\"2136\" data-end=\"2159\">Stockage<\/td>\n<td data-col-size=\"md\" data-start=\"2159\" data-end=\"2207\">20\u201330 \u00b0C \/ 20\u201360% HR<\/td>\n<\/tr>\n<tr data-start=\"2208\" data-end=\"2297\">\n<td data-start=\"2208\" data-end=\"2226\" data-col-size=\"sm\">Cas d&#039;utilisation<\/td>\n<td data-col-size=\"sm\" data-start=\"2226\" data-end=\"2249\">Applications typiques<\/td>\n<td data-col-size=\"md\" data-start=\"2249\" data-end=\"2297\">Chronom\u00e9trage de marathon ; \u00e9tiquetage pour environnements difficiles<\/td>\n<\/tr>\n<\/tbody>\n<\/table>\n<\/div>\n<\/div>","protected":false},"excerpt":{"rendered":"<p>\u00c9tiquette de chronom\u00e9trage en mousse UHF DogBone M830\u00a0\u2014 \u00e9tiquette de 97\u00a0\u00d7\u00a027\u00a0mm avec TID 48\u00a0bits et EPC 128\u00a0bits pour un chronom\u00e9trage de course rapide \u00e0 lectures multiples\u00a0; face pr\u00eate \u00e0 imprimer et performances constantes sur le corps.<\/p>","protected":false},"featured_media":914,"template":"","meta":{"_gspb_post_css":""},"product_brand":[],"product_cat":[31],"product_tag":[],"class_list":{"0":"post-913","1":"product","2":"type-product","3":"status-publish","4":"has-post-thumbnail","6":"product_cat-rfid-sticker-labels","8":"first","9":"instock","10":"shipping-taxable","11":"purchasable","12":"product-type-simple"},"_links":{"self":[{"href":"https:\/\/www.cxjsmartcard.com\/fr\/wp-json\/wp\/v2\/product\/913","targetHints":{"allow":["GET"]}}],"collection":[{"href":"https:\/\/www.cxjsmartcard.com\/fr\/wp-json\/wp\/v2\/product"}],"about":[{"href":"https:\/\/www.cxjsmartcard.com\/fr\/wp-json\/wp\/v2\/types\/product"}],"wp:featuredmedia":[{"embeddable":true,"href":"https:\/\/www.cxjsmartcard.com\/fr\/wp-json\/wp\/v2\/media\/914"}],"wp:attachment":[{"href":"https:\/\/www.cxjsmartcard.com\/fr\/wp-json\/wp\/v2\/media?parent=913"}],"wp:term":[{"taxonomy":"product_brand","embeddable":true,"href":"https:\/\/www.cxjsmartcard.com\/fr\/wp-json\/wp\/v2\/product_brand?post=913"},{"taxonomy":"product_cat","embeddable":true,"href":"https:\/\/www.cxjsmartcard.com\/fr\/wp-json\/wp\/v2\/product_cat?post=913"},{"taxonomy":"product_tag","embeddable":true,"href":"https:\/\/www.cxjsmartcard.com\/fr\/wp-json\/wp\/v2\/product_tag?post=913"}],"curies":[{"name":"wp","href":"https:\/\/api.w.org\/{rel}","templated":true}]}}