{"id":906,"date":"2025-11-03T09:11:46","date_gmt":"2025-11-03T09:11:46","guid":{"rendered":"https:\/\/www.cxjsmartcard.com\/?post_type=product&#038;p=906"},"modified":"2025-12-29T01:27:07","modified_gmt":"2025-12-29T01:27:07","slug":"arc-certified-m730-uhf-rfid-clothing-hang-tag","status":"publish","type":"product","link":"https:\/\/www.cxjsmartcard.com\/fr\/arc-certified-m730-uhf-rfid-clothing-hang-tag\/","title":{"rendered":"\u00c9tiquette volante RFID UHF M730 certifi\u00e9e ARC pour v\u00eatements"},"content":{"rendered":"<p data-start=\"57\" data-end=\"327\">\u00c9tiquettes volantes UHF certifi\u00e9es ARC, bas\u00e9es sur la puce M730, pour un suivi rapide et pr\u00e9cis des v\u00eatements. Con\u00e7ues pour les op\u00e9rations de vente au d\u00e9tail \u00e0 fort volume, elles permettent une lecture multiple rapide, am\u00e9liorent la pr\u00e9cision des stocks et renforcent la protection de la marque tout au long de la cha\u00eene d&#039;approvisionnement.<\/p>\n<p data-start=\"329\" data-end=\"347\"><strong data-start=\"329\" data-end=\"345\">Caract\u00e9ristiques principales<\/strong><\/p>\n<ul data-start=\"348\" data-end=\"673\">\n<li data-start=\"348\" data-end=\"403\">\n<p data-start=\"350\" data-end=\"403\">EPC Gen2 (ISO\/IEC 18000-6C) avec m\u00e9moire EPC 128 bits<\/p>\n<\/li>\n<li data-start=\"404\" data-end=\"455\">\n<p data-start=\"406\" data-end=\"455\">Certification ARC pour la conformit\u00e9 au programme de vente au d\u00e9tail<\/p>\n<\/li>\n<li data-start=\"456\" data-end=\"521\">\n<p data-start=\"458\" data-end=\"521\">Performances de lecture multiple rapides et fiables sur racks et en cartons<\/p>\n<\/li>\n<li data-start=\"522\" data-end=\"584\">\n<p data-start=\"524\" data-end=\"584\">Mat\u00e9riaux, tailles, impression et encodage des faces personnalisables<\/p>\n<\/li>\n<li data-start=\"585\" data-end=\"673\">\n<p data-start=\"587\" data-end=\"673\">Tra\u00e7abilit\u00e9 de l&#039;usine au magasin\u00a0; compatible avec l&#039;impression par transfert thermique et s\u00e9rigraphie<\/p>\n<\/li>\n<\/ul>\n<p data-start=\"675\" data-end=\"816\"><strong data-start=\"675\" data-end=\"691\">Applications<\/strong><br data-start=\"691\" data-end=\"694\" \/>Gestion des stocks de v\u00eatements et de chaussures \u2022 Suivi de la cha\u00eene d&#039;approvisionnement des v\u00eatements \u2022 Op\u00e9rations de vente au d\u00e9tail de v\u00eatements et protection de la marque.<\/p>\n<h2 data-start=\"818\" data-end=\"843\">Tableau (Sp\u00e9cifications)<\/h2>\n<div class=\"_tableContainer_1rjym_1\">\n<div class=\"group _tableWrapper_1rjym_13 flex w-fit flex-col-reverse\" tabindex=\"-1\">\n<table class=\"w-fit min-w-(--thread-content-width)\" data-start=\"845\" data-end=\"2509\">\n<thead data-start=\"845\" data-end=\"955\">\n<tr data-start=\"845\" data-end=\"955\">\n<th data-start=\"845\" data-end=\"863\" data-col-size=\"sm\">Cat\u00e9gorie<\/th>\n<th data-start=\"863\" data-end=\"894\" data-col-size=\"sm\">Param\u00e8tre<\/th>\n<th data-start=\"894\" data-end=\"955\" data-col-size=\"md\">Valeur<\/th>\n<\/tr>\n<\/thead>\n<tbody data-start=\"1067\" data-end=\"2509\">\n<tr data-start=\"1067\" data-end=\"1177\">\n<td data-start=\"1067\" data-end=\"1085\" data-col-size=\"sm\">Produit<\/td>\n<td data-col-size=\"sm\" data-start=\"1085\" data-end=\"1116\">Nom<\/td>\n<td data-col-size=\"md\" data-start=\"1116\" data-end=\"1177\">\u00c9tiquettes RFID pour le suivi des v\u00eatements<\/td>\n<\/tr>\n<tr data-start=\"1178\" data-end=\"1288\">\n<td data-start=\"1178\" data-end=\"1196\" data-col-size=\"sm\">CI<\/td>\n<td data-col-size=\"sm\" data-start=\"1196\" data-end=\"1227\">\u00c9br\u00e9cher<\/td>\n<td data-col-size=\"md\" data-start=\"1227\" data-end=\"1288\">M730<\/td>\n<\/tr>\n<tr data-start=\"1289\" data-end=\"1399\">\n<td data-start=\"1289\" data-end=\"1307\" data-col-size=\"sm\">RF<\/td>\n<td data-start=\"1307\" data-end=\"1338\" data-col-size=\"sm\">Protocole<\/td>\n<td data-col-size=\"md\" data-start=\"1338\" data-end=\"1399\">ISO\/IEC 18000-6C, EPCglobal Classe 1 Gen 2<\/td>\n<\/tr>\n<tr data-start=\"1400\" data-end=\"1510\">\n<td data-start=\"1400\" data-end=\"1418\" data-col-size=\"sm\">M\u00e9moire<\/td>\n<td data-col-size=\"sm\" data-start=\"1418\" data-end=\"1449\">EPC \/ Utilisateur<\/td>\n<td data-col-size=\"md\" data-start=\"1449\" data-end=\"1510\">128 bits \/ 0 bits<\/td>\n<\/tr>\n<tr data-start=\"1511\" data-end=\"1621\">\n<td data-start=\"1511\" data-end=\"1529\" data-col-size=\"sm\">Dimensions<\/td>\n<td data-start=\"1529\" data-end=\"1560\" data-col-size=\"sm\">Taille de l&#039;\u00e9tiquette<\/td>\n<td data-start=\"1560\" data-end=\"1621\" data-col-size=\"md\">83 \u00d7 25 mm<\/td>\n<\/tr>\n<tr data-start=\"1622\" data-end=\"1732\">\n<td data-start=\"1622\" data-end=\"1640\" data-col-size=\"sm\">Antenne<\/td>\n<td data-col-size=\"sm\" data-start=\"1640\" data-end=\"1671\">Options de taille<\/td>\n<td data-col-size=\"md\" data-start=\"1671\" data-end=\"1732\">70 \u00d7 14 mm ; 70 \u00d7 10 mm ; 50 \u00d7 30 mm<\/td>\n<\/tr>\n<tr data-start=\"1733\" data-end=\"1843\">\n<td data-start=\"1733\" data-end=\"1751\" data-col-size=\"sm\">Mat\u00e9riels<\/td>\n<td data-start=\"1751\" data-end=\"1782\" data-col-size=\"sm\">Mat\u00e9riau de la face<\/td>\n<td data-col-size=\"md\" data-start=\"1782\" data-end=\"1843\">Papier d&#039;art, PET, papier synth\u00e9tique PP ou sur mesure<\/td>\n<\/tr>\n<tr data-start=\"1844\" data-end=\"1954\">\n<td data-start=\"1844\" data-end=\"1862\" data-col-size=\"sm\">Environnement<\/td>\n<td data-col-size=\"sm\" data-start=\"1862\" data-end=\"1893\">Temp\u00e9rature\/humidit\u00e9 de fonctionnement<\/td>\n<td data-col-size=\"md\" data-start=\"1893\" data-end=\"1954\">0 \u00b0C ~ 60 \u00b0C \/ 20% ~ 80% HR<\/td>\n<\/tr>\n<tr data-start=\"1955\" data-end=\"2065\">\n<td data-start=\"1955\" data-end=\"1973\" data-col-size=\"sm\"><\/td>\n<td data-start=\"1973\" data-end=\"2004\" data-col-size=\"sm\">Temp\u00e9rature\/humidit\u00e9 de stockage<\/td>\n<td data-col-size=\"md\" data-start=\"2004\" data-end=\"2065\">20 \u00b0C ~ 30 \u00b0C \/ 20% ~ 60% HR<\/td>\n<\/tr>\n<tr data-start=\"2066\" data-end=\"2176\">\n<td data-start=\"2066\" data-end=\"2084\" data-col-size=\"sm\">Impression<\/td>\n<td data-col-size=\"sm\" data-start=\"2084\" data-end=\"2115\">M\u00e9thodes<\/td>\n<td data-col-size=\"md\" data-start=\"2115\" data-end=\"2176\">Transfert thermique, s\u00e9rigraphie<\/td>\n<\/tr>\n<tr data-start=\"2177\" data-end=\"2287\">\n<td data-start=\"2177\" data-end=\"2195\" data-col-size=\"sm\">Personnalisation<\/td>\n<td data-start=\"2195\" data-end=\"2226\" data-col-size=\"sm\">Personnalisation<\/td>\n<td data-col-size=\"md\" data-start=\"2226\" data-end=\"2287\">Format de l&#039;\u00e9tiquette, impression (logo\/texte\/graphiques), encodage EPC<\/td>\n<\/tr>\n<tr data-start=\"2288\" data-end=\"2398\">\n<td data-start=\"2288\" data-end=\"2306\" data-col-size=\"sm\">Avantages<\/td>\n<td data-col-size=\"sm\" data-start=\"2306\" data-end=\"2337\">Points forts<\/td>\n<td data-col-size=\"md\" data-start=\"2337\" data-end=\"2398\">Lecture rapide, lecture multiple, tra\u00e7abilit\u00e9 des v\u00eatements<\/td>\n<\/tr>\n<tr data-start=\"2399\" data-end=\"2509\">\n<td data-start=\"2399\" data-end=\"2417\" data-col-size=\"sm\">Cas d&#039;utilisation<\/td>\n<td data-col-size=\"sm\" data-start=\"2417\" data-end=\"2448\">Applications typiques<\/td>\n<td data-col-size=\"md\" data-start=\"2448\" data-end=\"2509\">Inventaire de v\u00eatements et de chaussures, cha\u00eene d&#039;approvisionnement, vente au d\u00e9tail<\/td>\n<\/tr>\n<\/tbody>\n<\/table>\n<\/div>\n<\/div>","protected":false},"excerpt":{"rendered":"<p>\u00c9tiquette RFID UHF M730 certifi\u00e9e ARC pour v\u00eatements \u2014 EPC Gen2 avec EPC 128 bits, performances de lecture multiple rapides et mat\u00e9riaux, tailles, impression et encodage personnalisables.<\/p>","protected":false},"featured_media":908,"template":"","meta":{"_gspb_post_css":""},"product_brand":[],"product_cat":[31],"product_tag":[],"class_list":{"0":"post-906","1":"product","2":"type-product","3":"status-publish","4":"has-post-thumbnail","6":"product_cat-rfid-sticker-labels","8":"first","9":"instock","10":"shipping-taxable","11":"purchasable","12":"product-type-simple"},"_links":{"self":[{"href":"https:\/\/www.cxjsmartcard.com\/fr\/wp-json\/wp\/v2\/product\/906","targetHints":{"allow":["GET"]}}],"collection":[{"href":"https:\/\/www.cxjsmartcard.com\/fr\/wp-json\/wp\/v2\/product"}],"about":[{"href":"https:\/\/www.cxjsmartcard.com\/fr\/wp-json\/wp\/v2\/types\/product"}],"wp:featuredmedia":[{"embeddable":true,"href":"https:\/\/www.cxjsmartcard.com\/fr\/wp-json\/wp\/v2\/media\/908"}],"wp:attachment":[{"href":"https:\/\/www.cxjsmartcard.com\/fr\/wp-json\/wp\/v2\/media?parent=906"}],"wp:term":[{"taxonomy":"product_brand","embeddable":true,"href":"https:\/\/www.cxjsmartcard.com\/fr\/wp-json\/wp\/v2\/product_brand?post=906"},{"taxonomy":"product_cat","embeddable":true,"href":"https:\/\/www.cxjsmartcard.com\/fr\/wp-json\/wp\/v2\/product_cat?post=906"},{"taxonomy":"product_tag","embeddable":true,"href":"https:\/\/www.cxjsmartcard.com\/fr\/wp-json\/wp\/v2\/product_tag?post=906"}],"curies":[{"name":"wp","href":"https:\/\/api.w.org\/{rel}","templated":true}]}}