{"id":901,"date":"2025-11-03T09:07:10","date_gmt":"2025-11-03T09:07:10","guid":{"rendered":"https:\/\/www.cxjsmartcard.com\/?post_type=product&#038;p=901"},"modified":"2025-12-29T01:27:08","modified_gmt":"2025-12-29T01:27:08","slug":"866-868mhz-u8-rfid-anti-metal-label-etsi","status":"publish","type":"product","link":"https:\/\/www.cxjsmartcard.com\/fr\/866-868mhz-u8-rfid-anti-metal-label-etsi\/","title":{"rendered":"\u00c9tiquette anti-m\u00e9tal RFID U8 866\u2013868 MHz (ETSI)"},"content":{"rendered":"<p data-start=\"54\" data-end=\"340\">\u00c9tiquette UHF anti-m\u00e9tal fine et flexible, optimis\u00e9e pour la bande ETSI (866\u2013868 MHz). Bas\u00e9e sur la technologie NXP\u00ae UCODE 8\/9 avec une face en PET et une isolation int\u00e9gr\u00e9e sur m\u00e9tal, elle assure une lecture rapide et fiable sur les supports en acier tout en restant imprimable et facile \u00e0 encoder pour un d\u00e9ploiement \u00e0 grande \u00e9chelle.<\/p>\n<p data-start=\"342\" data-end=\"371\"><strong data-start=\"342\" data-end=\"369\">Principales caract\u00e9ristiques et avantages<\/strong><\/p>\n<ul data-start=\"372\" data-end=\"835\">\n<li data-start=\"372\" data-end=\"458\">\n<p data-start=\"374\" data-end=\"458\"><strong data-start=\"374\" data-end=\"401\">Performances optimis\u00e9es par l&#039;ETSI\u00a0:<\/strong> 866\u2013868 MHz, EPCglobal Classe 1 Gen2 \/ ISO\/IEC 18000-6C<\/p>\n<\/li>\n<li data-start=\"459\" data-end=\"558\">\n<p data-start=\"461\" data-end=\"558\"><strong data-start=\"461\" data-end=\"484\">Optimis\u00e9 pour le montage sur m\u00e9tal\u00a0:<\/strong> Port\u00e9e de 4 m sur m\u00e9tal (valeur typique), 3,5 m sur plastique, 3 m sur r\u00e9cipients liquides<\/p>\n<\/li>\n<li data-start=\"559\" data-end=\"676\">\n<p data-start=\"561\" data-end=\"676\"><strong data-start=\"561\" data-end=\"577\">Pr\u00eat \u00e0 imprimer :<\/strong> Compatible avec les imprimantes RFID industrielles (par exemple, Sato CL4NX, Zebra ZT410 Silverline, Boside TX3R)<\/p>\n<\/li>\n<li data-start=\"677\" data-end=\"754\">\n<p data-start=\"679\" data-end=\"754\"><strong data-start=\"679\" data-end=\"705\">Construction flexible :<\/strong> S&#039;adapte aux surfaces m\u00e9talliques courbes ou irr\u00e9guli\u00e8res<\/p>\n<\/li>\n<li data-start=\"755\" data-end=\"835\">\n<p data-start=\"757\" data-end=\"835\"><strong data-start=\"757\" data-end=\"777\">Lecture multiple rapide\u00a0:<\/strong> Prend en charge la num\u00e9risation en masse, la tra\u00e7abilit\u00e9 et l&#039;inventaire rapide<\/p>\n<\/li>\n<\/ul>\n<p data-start=\"837\" data-end=\"1033\"><strong data-start=\"837\" data-end=\"853\">Applications<\/strong><br data-start=\"853\" data-end=\"856\" \/>\u00c9quipements int\u00e9rieurs et de bureau \u2022 Mat\u00e9riel informatique et \u00e9lectronique \u2022 Articles de logistique et d&#039;entrep\u00f4t \u2022 \u00c9tiquetage anti-contrefa\u00e7on pour les objets de valeur \u2022 Conteneurs m\u00e9talliques, outils et pi\u00e8ces de rechange.<\/p>\n<p data-start=\"1035\" data-end=\"1163\"><strong data-start=\"1035\" data-end=\"1060\">Options de personnalisation<\/strong><br data-start=\"1060\" data-end=\"1063\" \/>Formats personnalis\u00e9s\u00a0; impression couleur\/logo\u00a0; texte, code-barres et code QR\u00a0; encodage EPC et initialisation des donn\u00e9es.<\/p>\n<h2 data-start=\"1165\" data-end=\"1190\">Tableau (Sp\u00e9cifications)<\/h2>\n<div class=\"_tableContainer_1rjym_1\">\n<div class=\"group _tableWrapper_1rjym_13 flex w-fit flex-col-reverse\" tabindex=\"-1\">\n<table class=\"w-fit min-w-(--thread-content-width)\" data-start=\"1192\" data-end=\"2778\">\n<thead data-start=\"1192\" data-end=\"1290\">\n<tr data-start=\"1192\" data-end=\"1290\">\n<th data-start=\"1192\" data-end=\"1210\" data-col-size=\"sm\">Cat\u00e9gorie<\/th>\n<th data-start=\"1210\" data-end=\"1236\" data-col-size=\"sm\">Param\u00e8tre<\/th>\n<th data-start=\"1236\" data-end=\"1290\" data-col-size=\"md\">Valeur<\/th>\n<\/tr>\n<\/thead>\n<tbody data-start=\"1390\" data-end=\"2778\">\n<tr data-start=\"1390\" data-end=\"1487\">\n<td data-start=\"1390\" data-end=\"1408\" data-col-size=\"sm\">Produit<\/td>\n<td data-start=\"1408\" data-end=\"1434\" data-col-size=\"sm\">Nom<\/td>\n<td data-col-size=\"md\" data-start=\"1434\" data-end=\"1487\">\u00c9tiquette anti-m\u00e9tal RFID 866\u2013868 MHz (ETSI)<\/td>\n<\/tr>\n<tr data-start=\"1488\" data-end=\"1586\">\n<td data-start=\"1488\" data-end=\"1506\" data-col-size=\"sm\">RF<\/td>\n<td data-col-size=\"sm\" data-start=\"1506\" data-end=\"1532\">Fr\u00e9quence<\/td>\n<td data-col-size=\"md\" data-start=\"1532\" data-end=\"1586\">866\u2013868 MHz (ETSI UHF)<\/td>\n<\/tr>\n<tr data-start=\"1587\" data-end=\"1685\">\n<td data-start=\"1587\" data-end=\"1605\" data-col-size=\"sm\"><\/td>\n<td data-col-size=\"sm\" data-start=\"1605\" data-end=\"1631\">Protocole<\/td>\n<td data-col-size=\"md\" data-start=\"1631\" data-end=\"1685\">ISO\/IEC 18000-6C, EPCglobal Classe 1 Gen 2<\/td>\n<\/tr>\n<tr data-start=\"1686\" data-end=\"1784\">\n<td data-start=\"1686\" data-end=\"1704\" data-col-size=\"sm\">Options de circuits int\u00e9gr\u00e9s<\/td>\n<td data-col-size=\"sm\" data-start=\"1704\" data-end=\"1730\">\u00c9br\u00e9cher<\/td>\n<td data-col-size=\"md\" data-start=\"1730\" data-end=\"1784\">NXP UCODE 8 \/ UCODE 9<\/td>\n<\/tr>\n<tr data-start=\"1785\" data-end=\"1883\">\n<td data-start=\"1785\" data-end=\"1803\" data-col-size=\"sm\">M\u00e9moire<\/td>\n<td data-col-size=\"sm\" data-start=\"1803\" data-end=\"1829\">EPC \/ Utilisateur<\/td>\n<td data-col-size=\"md\" data-start=\"1829\" data-end=\"1883\">128 bits \/ 0 bits<\/td>\n<\/tr>\n<tr data-start=\"1884\" data-end=\"1982\">\n<td data-start=\"1884\" data-end=\"1902\" data-col-size=\"sm\">M\u00e9canique<\/td>\n<td data-col-size=\"sm\" data-start=\"1902\" data-end=\"1928\">Mat\u00e9riau de la face<\/td>\n<td data-col-size=\"md\" data-start=\"1928\" data-end=\"1982\">ANIMAL DE COMPAGNIE<\/td>\n<\/tr>\n<tr data-start=\"1983\" data-end=\"2081\">\n<td data-start=\"1983\" data-end=\"2001\" data-col-size=\"sm\">Dimensions<\/td>\n<td data-col-size=\"sm\" data-start=\"2001\" data-end=\"2027\">Dimensions de l&#039;\u00e9tiquette (L\u00d7l\u00d7\u00c9)<\/td>\n<td data-col-size=\"md\" data-start=\"2027\" data-end=\"2081\">50 \u00d7 15 \u00d7 1,26 mm<\/td>\n<\/tr>\n<tr data-start=\"2082\" data-end=\"2181\">\n<td data-start=\"2082\" data-end=\"2100\" data-col-size=\"sm\">Performance<\/td>\n<td data-col-size=\"sm\" data-start=\"2100\" data-end=\"2126\">Distance de lecture<\/td>\n<td data-col-size=\"md\" data-start=\"2126\" data-end=\"2181\">4 m (sur m\u00e9tal) ; 3,5 m (sur plastique) ; 3 m (sur liquide)<\/td>\n<\/tr>\n<tr data-start=\"2182\" data-end=\"2280\">\n<td data-start=\"2182\" data-end=\"2200\" data-col-size=\"sm\">Impression<\/td>\n<td data-col-size=\"sm\" data-start=\"2200\" data-end=\"2226\">Compatibilit\u00e9 de l&#039;imprimante<\/td>\n<td data-col-size=\"md\" data-start=\"2226\" data-end=\"2280\">Sato CL4NX ; Zebra ZT410 Silverline ; Boside TX3R<\/td>\n<\/tr>\n<tr data-start=\"2281\" data-end=\"2381\">\n<td data-start=\"2281\" data-end=\"2299\" data-col-size=\"sm\">Personnalisation<\/td>\n<td data-col-size=\"sm\" data-start=\"2299\" data-end=\"2325\">Donn\u00e9es\/Marquage<\/td>\n<td data-col-size=\"md\" data-start=\"2325\" data-end=\"2381\">Texte, code-barres, QR, impression couleur\/logo\u00a0; encodage EPC<\/td>\n<\/tr>\n<tr data-start=\"2382\" data-end=\"2480\">\n<td data-start=\"2382\" data-end=\"2400\" data-col-size=\"sm\">Environnement<\/td>\n<td data-start=\"2400\" data-end=\"2426\" data-col-size=\"sm\">Temp\u00e9rature de fonctionnement<\/td>\n<td data-col-size=\"md\" data-start=\"2426\" data-end=\"2480\">\u221240 \u00e0 +85 \u2103<\/td>\n<\/tr>\n<tr data-start=\"2481\" data-end=\"2579\">\n<td data-start=\"2481\" data-end=\"2499\" data-col-size=\"sm\"><\/td>\n<td data-col-size=\"sm\" data-start=\"2499\" data-end=\"2525\">Temp\u00e9rature de stockage<\/td>\n<td data-col-size=\"md\" data-start=\"2525\" data-end=\"2579\">\u221240 \u00e0 +85 \u2103<\/td>\n<\/tr>\n<tr data-start=\"2580\" data-end=\"2678\">\n<td data-start=\"2580\" data-end=\"2598\" data-col-size=\"sm\">Avantages<\/td>\n<td data-col-size=\"sm\" data-start=\"2598\" data-end=\"2624\">Points forts<\/td>\n<td data-col-size=\"md\" data-start=\"2624\" data-end=\"2678\">\u00c9tiquette flexible\u00a0; lecture multiple\u00a0; tra\u00e7abilit\u00e9<\/td>\n<\/tr>\n<tr data-start=\"2679\" data-end=\"2778\">\n<td data-start=\"2679\" data-end=\"2697\" data-col-size=\"sm\">Cas d&#039;utilisation<\/td>\n<td data-col-size=\"sm\" data-start=\"2697\" data-end=\"2723\">Applications typiques<\/td>\n<td data-col-size=\"md\" data-start=\"2723\" data-end=\"2778\">Mat\u00e9riel informatique, \u00e9quipement de bureau, conteneurs\/outils m\u00e9talliques<\/td>\n<\/tr>\n<\/tbody>\n<\/table>\n<\/div>\n<\/div>","protected":false},"excerpt":{"rendered":"<p>\u00c9tiquette anti-m\u00e9tal UHF r\u00e9gl\u00e9e ETSI avec UCODE 8\/9 - lecture \u00e0 4 m sur m\u00e9tal, construction PET flexible et pr\u00eate pour l&#039;impression\/l&#039;encodage pour un suivi rapide des actifs.<\/p>","protected":false},"featured_media":903,"template":"","meta":{"_gspb_post_css":""},"product_brand":[],"product_cat":[31],"product_tag":[],"class_list":{"0":"post-901","1":"product","2":"type-product","3":"status-publish","4":"has-post-thumbnail","6":"product_cat-rfid-sticker-labels","8":"first","9":"instock","10":"shipping-taxable","11":"purchasable","12":"product-type-simple"},"_links":{"self":[{"href":"https:\/\/www.cxjsmartcard.com\/fr\/wp-json\/wp\/v2\/product\/901","targetHints":{"allow":["GET"]}}],"collection":[{"href":"https:\/\/www.cxjsmartcard.com\/fr\/wp-json\/wp\/v2\/product"}],"about":[{"href":"https:\/\/www.cxjsmartcard.com\/fr\/wp-json\/wp\/v2\/types\/product"}],"wp:featuredmedia":[{"embeddable":true,"href":"https:\/\/www.cxjsmartcard.com\/fr\/wp-json\/wp\/v2\/media\/903"}],"wp:attachment":[{"href":"https:\/\/www.cxjsmartcard.com\/fr\/wp-json\/wp\/v2\/media?parent=901"}],"wp:term":[{"taxonomy":"product_brand","embeddable":true,"href":"https:\/\/www.cxjsmartcard.com\/fr\/wp-json\/wp\/v2\/product_brand?post=901"},{"taxonomy":"product_cat","embeddable":true,"href":"https:\/\/www.cxjsmartcard.com\/fr\/wp-json\/wp\/v2\/product_cat?post=901"},{"taxonomy":"product_tag","embeddable":true,"href":"https:\/\/www.cxjsmartcard.com\/fr\/wp-json\/wp\/v2\/product_tag?post=901"}],"curies":[{"name":"wp","href":"https:\/\/api.w.org\/{rel}","templated":true}]}}