{"id":894,"date":"2025-11-03T09:04:37","date_gmt":"2025-11-03T09:04:37","guid":{"rendered":"https:\/\/www.cxjsmartcard.com\/?post_type=product&#038;p=894"},"modified":"2025-12-29T01:27:08","modified_gmt":"2025-12-29T01:27:08","slug":"nfc-coin-on-metal-rfid-tag","status":"publish","type":"product","link":"https:\/\/www.cxjsmartcard.com\/fr\/nfc-coin-on-metal-rfid-tag\/","title":{"rendered":"Pi\u00e8ce NFC avec \u00e9tiquette RFID sur m\u00e9tal"},"content":{"rendered":"<p data-start=\"38\" data-end=\"337\">\u00c9tiquette NFC en PVC pour m\u00e9tal, con\u00e7ue pour \u00eatre fix\u00e9e sur l&#039;acier et autres surfaces conductrices. La barri\u00e8re anti-m\u00e9tal int\u00e9gr\u00e9e pr\u00e9serve la qualit\u00e9 de lecture, tandis que l&#039;adh\u00e9sif 3M haute adh\u00e9rence assure une fixation solide sur le m\u00e9tal et les plastiques \u00e0 faible \u00e9nergie de surface. Enti\u00e8rement compatible avec les t\u00e9l\u00e9phones NFC.<\/p>\n<p data-start=\"339\" data-end=\"518\"><strong data-start=\"339\" data-end=\"360\">Construction et mat\u00e9riaux<\/strong><br data-start=\"360\" data-end=\"363\" \/>Couche sup\u00e9rieure en PVC avec barri\u00e8re anti-m\u00e9tal et adh\u00e9sif 3M9080 en option. Diam\u00e8tre\u00a0: 30\u00a0mm, \u00e9paisseur\u00a0: 1\u00a0mm \u2013 format compact id\u00e9al pour les outils, les \u00e9tag\u00e8res et les carters de machines.<\/p>\n<p data-start=\"520\" data-end=\"538\"><strong data-start=\"520\" data-end=\"536\">Caract\u00e9ristiques principales<\/strong><\/p>\n<ul data-start=\"539\" data-end=\"863\">\n<li data-start=\"539\" data-end=\"595\">\n<p data-start=\"541\" data-end=\"595\">Fonctionne sur le m\u00e9tal gr\u00e2ce \u00e0 sa couche anti-m\u00e9tal int\u00e9gr\u00e9e<\/p>\n<\/li>\n<li data-start=\"596\" data-end=\"649\">\n<p data-start=\"598\" data-end=\"649\">mini \u00e9tiquette rigide \u00e9tanche\/r\u00e9sistante aux intemp\u00e9ries<\/p>\n<\/li>\n<li data-start=\"650\" data-end=\"692\">\n<p data-start=\"652\" data-end=\"692\">Lisible par t\u00e9l\u00e9phone (ISO 14443A, 13,56 MHz)<\/p>\n<\/li>\n<li data-start=\"693\" data-end=\"732\">\n<p data-start=\"695\" data-end=\"732\">Identification optionnelle grav\u00e9e au laser en surface<\/p>\n<\/li>\n<li data-start=\"733\" data-end=\"789\">\n<p data-start=\"735\" data-end=\"789\">Impression personnalis\u00e9e\u00a0: illustrations en couleur, codes QR, num\u00e9ro de s\u00e9rie\/identifiant<\/p>\n<\/li>\n<li data-start=\"790\" data-end=\"863\">\n<p data-start=\"792\" data-end=\"863\">Disponibilit\u00e9 de plateformes plus \u00e9tendues sur demande (LF 125 kHz \/ UHF 860\u2013960 MHz)<\/p>\n<\/li>\n<\/ul>\n<p data-start=\"865\" data-end=\"1040\"><strong data-start=\"865\" data-end=\"881\">Applications<\/strong><br data-start=\"881\" data-end=\"884\" \/>Identification des actifs et des outils sur m\u00e9tal \u2022 Rayonnages et bacs d&#039;entrep\u00f4t \u2022 Baies et armoires informatiques \u2022 Points de contr\u00f4le de service des \u00e9quipements \u2022 Points de contact avec les consommateurs (lancement URL\/NDEF).<\/p>\n<p data-start=\"1042\" data-end=\"1204\"><strong data-start=\"1042\" data-end=\"1054\">Montage<\/strong><br data-start=\"1054\" data-end=\"1057\" \/>Appliquez le film protecteur \u00e0 l&#039;aide d&#039;un adh\u00e9sif haute adh\u00e9rence sur des surfaces propres et s\u00e8ches. Pour les zones courbes ou soumises \u00e0 une forte usure, privil\u00e9giez une fixation m\u00e9canique ou des solutions industrielles.<\/p>\n<h2 data-start=\"1206\" data-end=\"1231\">Tableau (Sp\u00e9cifications)<\/h2>\n<div class=\"_tableContainer_1rjym_1\">\n<div class=\"group _tableWrapper_1rjym_13 flex w-fit flex-col-reverse\" tabindex=\"-1\">\n<table class=\"w-fit min-w-(--thread-content-width)\" data-start=\"1233\" data-end=\"2692\">\n<thead data-start=\"1233\" data-end=\"1329\">\n<tr data-start=\"1233\" data-end=\"1329\">\n<th data-start=\"1233\" data-end=\"1251\" data-col-size=\"sm\">Cat\u00e9gorie<\/th>\n<th data-start=\"1251\" data-end=\"1274\" data-col-size=\"sm\">Param\u00e8tre<\/th>\n<th data-start=\"1274\" data-end=\"1329\" data-col-size=\"md\">Valeur<\/th>\n<\/tr>\n<\/thead>\n<tbody data-start=\"1427\" data-end=\"2692\">\n<tr data-start=\"1427\" data-end=\"1523\">\n<td data-start=\"1427\" data-end=\"1445\" data-col-size=\"sm\">Produit<\/td>\n<td data-col-size=\"sm\" data-start=\"1445\" data-end=\"1468\">Taper<\/td>\n<td data-col-size=\"md\" data-start=\"1468\" data-end=\"1523\">pi\u00e8ce NFC sur disque PVC m\u00e9tallique<\/td>\n<\/tr>\n<tr data-start=\"1524\" data-end=\"1620\">\n<td data-start=\"1524\" data-end=\"1542\" data-col-size=\"sm\">Mat\u00e9riels<\/td>\n<td data-col-size=\"sm\" data-start=\"1542\" data-end=\"1565\">Empiler<\/td>\n<td data-col-size=\"md\" data-start=\"1565\" data-end=\"1620\">PVC + barri\u00e8re anti-m\u00e9tal + adh\u00e9sif 3M9080 en option<\/td>\n<\/tr>\n<tr data-start=\"1621\" data-end=\"1717\">\n<td data-start=\"1621\" data-end=\"1639\" data-col-size=\"sm\">Dimensions<\/td>\n<td data-start=\"1639\" data-end=\"1662\" data-col-size=\"sm\">Taille<\/td>\n<td data-col-size=\"md\" data-start=\"1662\" data-end=\"1717\">\u00d830 mm \u00d7 1 mm<\/td>\n<\/tr>\n<tr data-start=\"1718\" data-end=\"1814\">\n<td data-start=\"1718\" data-end=\"1736\" data-col-size=\"sm\">RF<\/td>\n<td data-start=\"1736\" data-end=\"1759\" data-col-size=\"sm\">Interface\/Norme<\/td>\n<td data-start=\"1759\" data-end=\"1814\" data-col-size=\"md\">ISO 14443A (HF 13,56 MHz)<\/td>\n<\/tr>\n<tr data-start=\"1815\" data-end=\"1911\">\n<td data-start=\"1815\" data-end=\"1833\" data-col-size=\"sm\">Options de puce<\/td>\n<td data-col-size=\"sm\" data-start=\"1833\" data-end=\"1856\">circuits int\u00e9gr\u00e9s<\/td>\n<td data-col-size=\"md\" data-start=\"1856\" data-end=\"1911\">NTAG\u00ae 213 \/ NTAG\u00ae 215 \/ NTAG\u00ae 216<\/td>\n<\/tr>\n<tr data-start=\"1912\" data-end=\"2008\">\n<td data-start=\"1912\" data-end=\"1930\" data-col-size=\"sm\">M\u00e9moire<\/td>\n<td data-col-size=\"sm\" data-start=\"1930\" data-end=\"1953\">Capacit\u00e9 utilisateur<\/td>\n<td data-col-size=\"md\" data-start=\"1953\" data-end=\"2008\">144 \/ 504 \/ 888 octets (selon la puce)<\/td>\n<\/tr>\n<tr data-start=\"2009\" data-end=\"2105\">\n<td data-start=\"2009\" data-end=\"2027\" data-col-size=\"sm\">Impression<\/td>\n<td data-col-size=\"sm\" data-start=\"2027\" data-end=\"2050\">Personnalisation<\/td>\n<td data-col-size=\"md\" data-start=\"2050\" data-end=\"2105\">Impression en couleur, code QR, num\u00e9ro de s\u00e9rie\/identifiant (en option)<\/td>\n<\/tr>\n<tr data-start=\"2106\" data-end=\"2202\">\n<td data-start=\"2106\" data-end=\"2124\" data-col-size=\"sm\">Lisibilit\u00e9<\/td>\n<td data-col-size=\"sm\" data-start=\"2124\" data-end=\"2147\">Appareils<\/td>\n<td data-col-size=\"md\" data-start=\"2147\" data-end=\"2202\">Smartphones NFC et lecteurs ISO 14443A<\/td>\n<\/tr>\n<tr data-start=\"2203\" data-end=\"2299\">\n<td data-start=\"2203\" data-end=\"2221\" data-col-size=\"sm\">Sur m\u00e9tal<\/td>\n<td data-col-size=\"sm\" data-start=\"2221\" data-end=\"2244\">Barri\u00e8re<\/td>\n<td data-col-size=\"md\" data-start=\"2244\" data-end=\"2299\">couche anti-m\u00e9tal int\u00e9gr\u00e9e<\/td>\n<\/tr>\n<tr data-start=\"2300\" data-end=\"2396\">\n<td data-start=\"2300\" data-end=\"2318\" data-col-size=\"sm\">Adh\u00e9sif<\/td>\n<td data-start=\"2318\" data-end=\"2341\" data-col-size=\"sm\">Support<\/td>\n<td data-col-size=\"md\" data-start=\"2341\" data-end=\"2396\">Adh\u00e9sif haute adh\u00e9rence 3M9080<\/td>\n<\/tr>\n<tr data-start=\"2397\" data-end=\"2498\">\n<td data-start=\"2397\" data-end=\"2415\" data-col-size=\"sm\">Protection<\/td>\n<td data-col-size=\"sm\" data-start=\"2415\" data-end=\"2438\">Attributs<\/td>\n<td data-col-size=\"md\" data-start=\"2438\" data-end=\"2498\">\u00c9tanche \u00e0 l&#039;eau \/ r\u00e9sistant aux intemp\u00e9ries (options industrielles disponibles)<\/td>\n<\/tr>\n<tr data-start=\"2499\" data-end=\"2595\">\n<td data-start=\"2499\" data-end=\"2517\" data-col-size=\"sm\">Options<\/td>\n<td data-start=\"2517\" data-end=\"2540\" data-col-size=\"sm\">Autres fr\u00e9quences<\/td>\n<td data-col-size=\"md\" data-start=\"2540\" data-end=\"2595\">125 kHz LF ou 860\u2013960 MHz UHF (sur demande)<\/td>\n<\/tr>\n<tr data-start=\"2596\" data-end=\"2692\">\n<td data-start=\"2596\" data-end=\"2614\" data-col-size=\"sm\">Couleurs<\/td>\n<td data-start=\"2614\" data-end=\"2637\" data-col-size=\"sm\">Surface<\/td>\n<td data-col-size=\"md\" data-start=\"2637\" data-end=\"2692\">vierge ou impression personnalis\u00e9e<\/td>\n<\/tr>\n<\/tbody>\n<\/table>\n<\/div>\n<\/div>","protected":false},"excerpt":{"rendered":"<p>\u00c9tiquette NFC en PVC de 30 mm avec barri\u00e8re anti-m\u00e9tal et adh\u00e9sif 3M haute adh\u00e9rence \u2014 fonctionne sur l&#039;acier, lisible par t\u00e9l\u00e9phone (ISO 14443A), \u00e9tanche\/r\u00e9sistante aux intemp\u00e9ries, avec options d&#039;impression personnalis\u00e9es.<\/p>","protected":false},"featured_media":899,"template":"","meta":{"_gspb_post_css":""},"product_brand":[],"product_cat":[24,27],"product_tag":[],"class_list":{"0":"post-894","1":"product","2":"type-product","3":"status-publish","4":"has-post-thumbnail","6":"product_cat-rfid-tags","7":"product_cat-rfid-patrol-tags","9":"first","10":"instock","11":"shipping-taxable","12":"purchasable","13":"product-type-simple"},"_links":{"self":[{"href":"https:\/\/www.cxjsmartcard.com\/fr\/wp-json\/wp\/v2\/product\/894","targetHints":{"allow":["GET"]}}],"collection":[{"href":"https:\/\/www.cxjsmartcard.com\/fr\/wp-json\/wp\/v2\/product"}],"about":[{"href":"https:\/\/www.cxjsmartcard.com\/fr\/wp-json\/wp\/v2\/types\/product"}],"wp:featuredmedia":[{"embeddable":true,"href":"https:\/\/www.cxjsmartcard.com\/fr\/wp-json\/wp\/v2\/media\/899"}],"wp:attachment":[{"href":"https:\/\/www.cxjsmartcard.com\/fr\/wp-json\/wp\/v2\/media?parent=894"}],"wp:term":[{"taxonomy":"product_brand","embeddable":true,"href":"https:\/\/www.cxjsmartcard.com\/fr\/wp-json\/wp\/v2\/product_brand?post=894"},{"taxonomy":"product_cat","embeddable":true,"href":"https:\/\/www.cxjsmartcard.com\/fr\/wp-json\/wp\/v2\/product_cat?post=894"},{"taxonomy":"product_tag","embeddable":true,"href":"https:\/\/www.cxjsmartcard.com\/fr\/wp-json\/wp\/v2\/product_tag?post=894"}],"curies":[{"name":"wp","href":"https:\/\/api.w.org\/{rel}","templated":true}]}}