{"id":882,"date":"2025-11-03T09:00:25","date_gmt":"2025-11-03T09:00:25","guid":{"rendered":"https:\/\/www.cxjsmartcard.com\/?post_type=product&#038;p=882"},"modified":"2025-12-29T01:27:08","modified_gmt":"2025-12-29T01:27:08","slug":"abs-pps-rfid-nfc-patrol-tag","status":"publish","type":"product","link":"https:\/\/www.cxjsmartcard.com\/fr\/abs-pps-rfid-nfc-patrol-tag\/","title":{"rendered":"\u00c9tiquette de patrouille ABS PPS RFID NFC"},"content":{"rendered":"<p data-start=\"39\" data-end=\"460\">\u00c9tiquette de point de contr\u00f4le HF robuste pour rondes de surveillance, maintenance et contr\u00f4les d&#039;actifs. Son bo\u00eetier en ABS + PPS r\u00e9siste aux chocs, aux intemp\u00e9ries et aux produits chimiques, tandis qu&#039;une couche anti-m\u00e9tal (en option) assure une stabilit\u00e9 optimale sur les portails, cl\u00f4tures et autres surfaces m\u00e9talliques. Fixation par adh\u00e9sif 3M ou vis\u00a0; lecture via smartphone (NFC) ou lecteur HF pour un contr\u00f4le rapide et mains libres.<\/p>\n<p data-start=\"462\" data-end=\"480\"><strong data-start=\"462\" data-end=\"478\">Caract\u00e9ristiques principales<\/strong><\/p>\n<ul data-start=\"481\" data-end=\"911\">\n<li data-start=\"481\" data-end=\"531\">\n<p data-start=\"483\" data-end=\"531\">HF 13,56 MHz ; conforme aux normes ISO 14443A et ISO 15693<\/p>\n<\/li>\n<li data-start=\"532\" data-end=\"600\">\n<p data-start=\"534\" data-end=\"600\">Options de puces\u00a0: NTAG213\/215\/216, MIFARE Classic S50 1K, ICODE SLIX<\/p>\n<\/li>\n<li data-start=\"601\" data-end=\"679\">\n<p data-start=\"603\" data-end=\"679\">Endurance en lecture\/\u00e9criture &gt; 100\u00a0000 cycles\u00a0; lecture seule ou lecture\/\u00e9criture par type de puce<\/p>\n<\/li>\n<li data-start=\"680\" data-end=\"755\">\n<p data-start=\"682\" data-end=\"755\">Distance de lecture typique\u00a0: jusqu\u2019\u00e0 0,1\u20133\u00a0m (selon l\u2019appareil et l\u2019environnement)<\/p>\n<\/li>\n<li data-start=\"756\" data-end=\"836\">\n<p data-start=\"758\" data-end=\"836\">Plastiques techniques ABS\/PPS\u00a0; couche anti-m\u00e9tal en option\u00a0; adh\u00e9sif 3M au dos<\/p>\n<\/li>\n<li data-start=\"837\" data-end=\"911\">\n<p data-start=\"839\" data-end=\"911\">Impression personnalis\u00e9e (logo\/texte), encodage (URL\/texte\/chiffres), format et forme<\/p>\n<\/li>\n<\/ul>\n<p data-start=\"913\" data-end=\"928\"><strong data-start=\"913\" data-end=\"926\">Cas d&#039;utilisation<\/strong><\/p>\n<ul data-start=\"929\" data-end=\"1183\">\n<li data-start=\"929\" data-end=\"1015\">\n<p data-start=\"931\" data-end=\"1015\"><strong data-start=\"931\" data-end=\"954\">Syst\u00e8mes de rondes de gardes\u00a0:<\/strong> Consignez l&#039;heure, la date et le lieu lors du passage du personnel aux points de contr\u00f4le.<\/p>\n<\/li>\n<li data-start=\"1016\" data-end=\"1100\">\n<p data-start=\"1018\" data-end=\"1100\"><strong data-start=\"1018\" data-end=\"1042\">Patrouilles d&#039;entretien :<\/strong> Confirmer les inspections et l&#039;ach\u00e8vement des travaux aux points fixes<\/p>\n<\/li>\n<li data-start=\"1101\" data-end=\"1183\">\n<p data-start=\"1103\" data-end=\"1183\"><strong data-start=\"1103\" data-end=\"1135\">Points de contr\u00f4le des actifs\/\u00e9quipements\u00a0:<\/strong> Justifiez de votre pr\u00e9sence aux portails, portes, rayonnages et v\u00e9hicules.<\/p>\n<\/li>\n<\/ul>\n<p data-start=\"1185\" data-end=\"1315\"><strong data-start=\"1185\" data-end=\"1202\">Conseils de montage<\/strong><br data-start=\"1202\" data-end=\"1205\" \/>Nettoyez la surface, puis fixez-la avec de l&#039;adh\u00e9sif 3M pour une installation rapide ou utilisez des vis pour une installation ext\u00e9rieure permanente.<\/p>\n<h2 data-start=\"1317\" data-end=\"1342\">Tableau (Sp\u00e9cifications)<\/h2>\n<div class=\"_tableContainer_1rjym_1\">\n<div class=\"group _tableWrapper_1rjym_13 flex w-fit flex-col-reverse\" tabindex=\"-1\">\n<table class=\"w-fit min-w-(--thread-content-width)\" data-start=\"1344\" data-end=\"3521\">\n<thead data-start=\"1344\" data-end=\"1464\">\n<tr data-start=\"1344\" data-end=\"1464\">\n<th data-start=\"1344\" data-end=\"1366\" data-col-size=\"sm\">Cat\u00e9gorie<\/th>\n<th data-start=\"1366\" data-end=\"1391\" data-col-size=\"sm\">Param\u00e8tre<\/th>\n<th data-start=\"1391\" data-end=\"1464\" data-col-size=\"md\">Valeur<\/th>\n<\/tr>\n<\/thead>\n<tbody data-start=\"1586\" data-end=\"3521\">\n<tr data-start=\"1586\" data-end=\"1706\">\n<td data-start=\"1586\" data-end=\"1608\" data-col-size=\"sm\">Produit<\/td>\n<td data-col-size=\"sm\" data-start=\"1608\" data-end=\"1633\">Taper<\/td>\n<td data-col-size=\"md\" data-start=\"1633\" data-end=\"1706\">\u00c9tiquette de patrouille ABS\/PPS RFID NFC<\/td>\n<\/tr>\n<tr data-start=\"1707\" data-end=\"1827\">\n<td data-start=\"1707\" data-end=\"1729\" data-col-size=\"sm\">Mat\u00e9riels<\/td>\n<td data-col-size=\"sm\" data-start=\"1729\" data-end=\"1754\">Logement<\/td>\n<td data-col-size=\"md\" data-start=\"1754\" data-end=\"1827\">PPS \/ ABS<\/td>\n<\/tr>\n<tr data-start=\"1828\" data-end=\"1948\">\n<td data-start=\"1828\" data-end=\"1850\" data-col-size=\"sm\"><\/td>\n<td data-col-size=\"sm\" data-start=\"1850\" data-end=\"1875\">Adh\u00e9sif<\/td>\n<td data-col-size=\"md\" data-start=\"1875\" data-end=\"1948\">Adh\u00e9sif industriel 3M<\/td>\n<\/tr>\n<tr data-start=\"1949\" data-end=\"2069\">\n<td data-start=\"1949\" data-end=\"1971\" data-col-size=\"sm\">Antenne<\/td>\n<td data-col-size=\"sm\" data-start=\"1971\" data-end=\"1996\">Structure<\/td>\n<td data-col-size=\"md\" data-start=\"1996\" data-end=\"2069\">Antenne en aluminium grav\u00e9\u00a0; bobine COB + cuivre<\/td>\n<\/tr>\n<tr data-start=\"2070\" data-end=\"2190\">\n<td data-start=\"2070\" data-end=\"2092\" data-col-size=\"sm\">Sur m\u00e9tal<\/td>\n<td data-start=\"2092\" data-end=\"2117\" data-col-size=\"sm\">Couche<\/td>\n<td data-start=\"2117\" data-end=\"2190\" data-col-size=\"md\">Mat\u00e9riau antim\u00e9tallique (optionnel)<\/td>\n<\/tr>\n<tr data-start=\"2191\" data-end=\"2311\">\n<td data-start=\"2191\" data-end=\"2213\" data-col-size=\"sm\">RF<\/td>\n<td data-col-size=\"sm\" data-start=\"2213\" data-end=\"2238\">Fr\u00e9quence<\/td>\n<td data-col-size=\"md\" data-start=\"2238\" data-end=\"2311\">13,56 MHz (HF)<\/td>\n<\/tr>\n<tr data-start=\"2312\" data-end=\"2432\">\n<td data-start=\"2312\" data-end=\"2334\" data-col-size=\"sm\">Protocoles<\/td>\n<td data-start=\"2334\" data-end=\"2359\" data-col-size=\"sm\">normes<\/td>\n<td data-col-size=\"md\" data-start=\"2359\" data-end=\"2432\">ISO 14443A ; ISO 15693<\/td>\n<\/tr>\n<tr data-start=\"2433\" data-end=\"2553\">\n<td data-start=\"2433\" data-end=\"2455\" data-col-size=\"sm\">Options de circuits int\u00e9gr\u00e9s<\/td>\n<td data-col-size=\"sm\" data-start=\"2455\" data-end=\"2480\">Puces<\/td>\n<td data-col-size=\"md\" data-start=\"2480\" data-end=\"2553\">NTAG213\/215\/216\u00a0; MIFARE Classic S50 1K\u00a0; ICODE SLIX<\/td>\n<\/tr>\n<tr data-start=\"2554\" data-end=\"2674\">\n<td data-start=\"2554\" data-end=\"2576\" data-col-size=\"sm\">Performance<\/td>\n<td data-col-size=\"sm\" data-start=\"2576\" data-end=\"2601\">Distance de lecture<\/td>\n<td data-col-size=\"md\" data-start=\"2601\" data-end=\"2674\">0,1\u20133 m (selon le lecteur\/l&#039;\u00e9tiquette\/l&#039;environnement)<\/td>\n<\/tr>\n<tr data-start=\"2675\" data-end=\"2795\">\n<td data-start=\"2675\" data-end=\"2697\" data-col-size=\"sm\"><\/td>\n<td data-col-size=\"sm\" data-start=\"2697\" data-end=\"2722\">Endurance<\/td>\n<td data-col-size=\"md\" data-start=\"2722\" data-end=\"2795\">&gt;100 000 cycles de lecture\/\u00e9criture<\/td>\n<\/tr>\n<tr data-start=\"2796\" data-end=\"2916\">\n<td data-start=\"2796\" data-end=\"2818\" data-col-size=\"sm\">Op\u00e9ration<\/td>\n<td data-col-size=\"sm\" data-start=\"2818\" data-end=\"2843\">Mode<\/td>\n<td data-col-size=\"md\" data-start=\"2843\" data-end=\"2916\">Lecture seule ou lecture\/\u00e9criture (selon le type de puce)<\/td>\n<\/tr>\n<tr data-start=\"2917\" data-end=\"3037\">\n<td data-start=\"2917\" data-end=\"2939\" data-col-size=\"sm\">Environnement<\/td>\n<td data-col-size=\"sm\" data-start=\"2939\" data-end=\"2964\">Temp\u00e9rature de fonctionnement<\/td>\n<td data-col-size=\"md\" data-start=\"2964\" data-end=\"3037\">\u221225 \u2103 \u00e0 +75 \u2103<\/td>\n<\/tr>\n<tr data-start=\"3038\" data-end=\"3158\">\n<td data-start=\"3038\" data-end=\"3060\" data-col-size=\"sm\"><\/td>\n<td data-col-size=\"sm\" data-start=\"3060\" data-end=\"3085\">Temp\u00e9rature de stockage<\/td>\n<td data-col-size=\"md\" data-start=\"3085\" data-end=\"3158\">\u221240 \u2103 \u00e0 +80 \u2103<\/td>\n<\/tr>\n<tr data-start=\"3159\" data-end=\"3279\">\n<td data-start=\"3159\" data-end=\"3181\" data-col-size=\"sm\">Personnalisation<\/td>\n<td data-col-size=\"sm\" data-start=\"3181\" data-end=\"3206\">Services personnalis\u00e9s<\/td>\n<td data-col-size=\"md\" data-start=\"3206\" data-end=\"3279\">Impression de logo\/texte\u00a0; encodage d\u2019URL\/texte\/nombre\u00a0; format\/forme personnalis\u00e9s<\/td>\n<\/tr>\n<tr data-start=\"3280\" data-end=\"3400\">\n<td data-start=\"3280\" data-end=\"3302\" data-col-size=\"sm\">Installation<\/td>\n<td data-start=\"3302\" data-end=\"3327\" data-col-size=\"sm\">Montage<\/td>\n<td data-start=\"3327\" data-end=\"3400\" data-col-size=\"md\">adh\u00e9sif 3M ou vis<\/td>\n<\/tr>\n<tr data-start=\"3401\" data-end=\"3521\">\n<td data-start=\"3401\" data-end=\"3423\" data-col-size=\"sm\">Applications<\/td>\n<td data-col-size=\"sm\" data-start=\"3423\" data-end=\"3448\">Cas d&#039;utilisation typiques<\/td>\n<td data-col-size=\"md\" data-start=\"3448\" data-end=\"3521\">Ronde de garde, patrouille de maintenance, enregistrement des points de contr\u00f4le des actifs\/\u00e9quipements<\/td>\n<\/tr>\n<\/tbody>\n<\/table>\n<\/div>\n<\/div>","protected":false},"excerpt":{"rendered":"<p>\u00c9tiquette de patrouille ABS\/PPS HF pour les rondes de garde et la maintenance\u201413,56 MHz NFC\/ISO 14443A\/15693, lectures jusqu&#039;\u00e0 0,1\u20133 m, &gt;100k cycles, option anti-m\u00e9tal, adh\u00e9sif 3M ou montage par vis.<\/p>","protected":false},"featured_media":887,"template":"","meta":{"_gspb_post_css":""},"product_brand":[],"product_cat":[24,27],"product_tag":[],"class_list":{"0":"post-882","1":"product","2":"type-product","3":"status-publish","4":"has-post-thumbnail","6":"product_cat-rfid-tags","7":"product_cat-rfid-patrol-tags","9":"first","10":"instock","11":"shipping-taxable","12":"purchasable","13":"product-type-simple"},"_links":{"self":[{"href":"https:\/\/www.cxjsmartcard.com\/fr\/wp-json\/wp\/v2\/product\/882","targetHints":{"allow":["GET"]}}],"collection":[{"href":"https:\/\/www.cxjsmartcard.com\/fr\/wp-json\/wp\/v2\/product"}],"about":[{"href":"https:\/\/www.cxjsmartcard.com\/fr\/wp-json\/wp\/v2\/types\/product"}],"wp:featuredmedia":[{"embeddable":true,"href":"https:\/\/www.cxjsmartcard.com\/fr\/wp-json\/wp\/v2\/media\/887"}],"wp:attachment":[{"href":"https:\/\/www.cxjsmartcard.com\/fr\/wp-json\/wp\/v2\/media?parent=882"}],"wp:term":[{"taxonomy":"product_brand","embeddable":true,"href":"https:\/\/www.cxjsmartcard.com\/fr\/wp-json\/wp\/v2\/product_brand?post=882"},{"taxonomy":"product_cat","embeddable":true,"href":"https:\/\/www.cxjsmartcard.com\/fr\/wp-json\/wp\/v2\/product_cat?post=882"},{"taxonomy":"product_tag","embeddable":true,"href":"https:\/\/www.cxjsmartcard.com\/fr\/wp-json\/wp\/v2\/product_tag?post=882"}],"curies":[{"name":"wp","href":"https:\/\/api.w.org\/{rel}","templated":true}]}}