{"id":881,"date":"2025-11-03T08:58:46","date_gmt":"2025-11-03T08:58:46","guid":{"rendered":"https:\/\/www.cxjsmartcard.com\/?post_type=product&#038;p=881"},"modified":"2025-12-29T01:27:08","modified_gmt":"2025-12-29T01:27:08","slug":"uhf-rfid-abs-anti-metal-tag","status":"publish","type":"product","link":"https:\/\/www.cxjsmartcard.com\/fr\/uhf-rfid-abs-anti-metal-tag\/","title":{"rendered":"\u00c9tiquette anti-m\u00e9tal UHF RFID ABS"},"content":{"rendered":"<p data-start=\"39\" data-end=\"339\">\u00c9tiquette UHF anti-m\u00e9tal robuste con\u00e7ue pour un suivi fiable des \u00e9quipements m\u00e9talliques dans des environnements int\u00e9rieurs et ext\u00e9rieurs difficiles. Fonctionnant \u00e0 860\u2013960 MHz avec des performances EPC Gen2v2 passives, elle convient aux \u00e9quipements industriels, au mat\u00e9riel informatique, aux outils et aux machines fixes.<\/p>\n<p data-start=\"341\" data-end=\"359\"><strong data-start=\"341\" data-end=\"357\">Caract\u00e9ristiques principales<\/strong><\/p>\n<ul data-start=\"360\" data-end=\"695\">\n<li data-start=\"360\" data-end=\"424\">\n<p data-start=\"362\" data-end=\"424\">Fonctionne sur les surfaces m\u00e9talliques ; bo\u00eetier en ABS \u00e9tanche et r\u00e9sistant aux intemp\u00e9ries<\/p>\n<\/li>\n<li data-start=\"425\" data-end=\"475\">\n<p data-start=\"427\" data-end=\"475\">UHF passif EPC Classe 1 Gen 2v2 (ISO 18000-6C)<\/p>\n<\/li>\n<li data-start=\"476\" data-end=\"540\">\n<p data-start=\"478\" data-end=\"540\">Dimensions standard\u00a0: 135 \u00d7 22 \u00d7 12 mm\u00a0; personnalisation en grande quantit\u00e9 possible<\/p>\n<\/li>\n<li data-start=\"541\" data-end=\"600\">\n<p data-start=\"543\" data-end=\"600\">Profil m\u00e9moire\u00a0: TID 64 bits, EPC 96 bits, utilisateur 512 bits<\/p>\n<\/li>\n<li data-start=\"601\" data-end=\"648\">\n<p data-start=\"603\" data-end=\"648\">Large plage de tol\u00e9rance aux temp\u00e9ratures de \u221240 \u2103 \u00e0 +150 \u2103<\/p>\n<\/li>\n<li data-start=\"649\" data-end=\"695\">\n<p data-start=\"651\" data-end=\"695\">Facile \u00e0 d\u00e9ployer gr\u00e2ce aux \u00e9chantillons disponibles<\/p>\n<\/li>\n<\/ul>\n<p data-start=\"697\" data-end=\"826\"><strong data-start=\"697\" data-end=\"713\">Applications<\/strong><br data-start=\"713\" data-end=\"716\" \/>Biens industriels et palettes \u2022 \u00c9quipements et baies informatiques \u2022 Outils et accessoires \u2022 Infrastructures m\u00e9talliques ext\u00e9rieures.<\/p>\n<p data-start=\"828\" data-end=\"1146\"><strong data-start=\"828\" data-end=\"836\">FAQ<\/strong><br data-start=\"836\" data-end=\"839\" \/><strong data-start=\"839\" data-end=\"846\">Q1 :<\/strong> Des \u00e9chantillons gratuits sont-ils disponibles\u00a0?<br data-start=\"874\" data-end=\"877\" \/><strong data-start=\"877\" data-end=\"883\">UN:<\/strong> Oui, des \u00e9chantillons sont propos\u00e9s pour effectuer des tests avant le d\u00e9ploiement.<br data-start=\"943\" data-end=\"946\" \/><strong data-start=\"946\" data-end=\"953\">Q2 :<\/strong> Est-il adapt\u00e9 \u00e0 une utilisation en ext\u00e9rieur\u00a0?<br data-start=\"985\" data-end=\"988\" \/><strong data-start=\"988\" data-end=\"994\">UN:<\/strong> Oui, le bo\u00eetier en ABS est r\u00e9sistant aux intemp\u00e9ries pour une utilisation en ext\u00e9rieur.<br data-start=\"1051\" data-end=\"1054\" \/><strong data-start=\"1054\" data-end=\"1061\">Q3\u00a0:<\/strong> La taille peut-elle \u00eatre personnalis\u00e9e\u00a0?<br data-start=\"1089\" data-end=\"1092\" \/><strong data-start=\"1092\" data-end=\"1098\">UN:<\/strong> Oui, des tailles personnalis\u00e9es sont disponibles pour les commandes en gros.<\/p>\n<h2 data-start=\"1148\" data-end=\"1173\">Tableau (Sp\u00e9cifications)<\/h2>\n<div class=\"_tableContainer_1rjym_1\">\n<div class=\"group _tableWrapper_1rjym_13 flex w-fit flex-col-reverse\" tabindex=\"-1\">\n<table class=\"w-fit min-w-(--thread-content-width)\" data-start=\"1175\" data-end=\"2516\">\n<thead data-start=\"1175\" data-end=\"1264\">\n<tr data-start=\"1175\" data-end=\"1264\">\n<th data-start=\"1175\" data-end=\"1197\" data-col-size=\"sm\">Cat\u00e9gorie<\/th>\n<th data-start=\"1197\" data-end=\"1222\" data-col-size=\"sm\">Param\u00e8tre<\/th>\n<th data-start=\"1222\" data-end=\"1264\" data-col-size=\"md\">Valeur<\/th>\n<\/tr>\n<\/thead>\n<tbody data-start=\"1354\" data-end=\"2516\">\n<tr data-start=\"1354\" data-end=\"1442\">\n<td data-start=\"1354\" data-end=\"1375\" data-col-size=\"sm\">Produit<\/td>\n<td data-start=\"1375\" data-end=\"1400\" data-col-size=\"sm\">Nom<\/td>\n<td data-col-size=\"md\" data-start=\"1400\" data-end=\"1442\">\u00c9tiquette RFID anti-m\u00e9tal en ABS<\/td>\n<\/tr>\n<tr data-start=\"1443\" data-end=\"1531\">\n<td data-start=\"1443\" data-end=\"1464\" data-col-size=\"sm\">Mod\u00e8le<\/td>\n<td data-col-size=\"sm\" data-start=\"1464\" data-end=\"1489\">Nombre<\/td>\n<td data-col-size=\"md\" data-start=\"1489\" data-end=\"1531\">\u00c9tiquette anti-m\u00e9tal ABS<\/td>\n<\/tr>\n<tr data-start=\"1532\" data-end=\"1620\">\n<td data-start=\"1532\" data-end=\"1553\" data-col-size=\"sm\">RF<\/td>\n<td data-col-size=\"sm\" data-start=\"1553\" data-end=\"1578\">Fr\u00e9quence<\/td>\n<td data-col-size=\"md\" data-start=\"1578\" data-end=\"1620\">860\u2013960 MHz<\/td>\n<\/tr>\n<tr data-start=\"1621\" data-end=\"1709\">\n<td data-start=\"1621\" data-end=\"1642\" data-col-size=\"sm\"><\/td>\n<td data-col-size=\"sm\" data-start=\"1642\" data-end=\"1667\">Protocole<\/td>\n<td data-col-size=\"md\" data-start=\"1667\" data-end=\"1709\">ISO 18000-6C \/ EPC Classe 1 Gen 2v2<\/td>\n<\/tr>\n<tr data-start=\"1710\" data-end=\"1798\">\n<td data-start=\"1710\" data-end=\"1731\" data-col-size=\"sm\">Op\u00e9ration<\/td>\n<td data-col-size=\"sm\" data-start=\"1731\" data-end=\"1756\">Mode<\/td>\n<td data-col-size=\"md\" data-start=\"1756\" data-end=\"1798\">Passif<\/td>\n<\/tr>\n<tr data-start=\"1799\" data-end=\"1887\">\n<td data-start=\"1799\" data-end=\"1820\" data-col-size=\"sm\">M\u00e9canique<\/td>\n<td data-col-size=\"sm\" data-start=\"1820\" data-end=\"1845\">Mat\u00e9riau du bo\u00eetier<\/td>\n<td data-col-size=\"md\" data-start=\"1845\" data-end=\"1887\">ABS<\/td>\n<\/tr>\n<tr data-start=\"1888\" data-end=\"1976\">\n<td data-start=\"1888\" data-end=\"1909\" data-col-size=\"sm\">Dimensions<\/td>\n<td data-start=\"1909\" data-end=\"1934\" data-col-size=\"sm\">Taille<\/td>\n<td data-col-size=\"md\" data-start=\"1934\" data-end=\"1976\">135 \u00d7 22 \u00d7 12 mm<\/td>\n<\/tr>\n<tr data-start=\"1977\" data-end=\"2065\">\n<td data-start=\"1977\" data-end=\"1998\" data-col-size=\"sm\">M\u00e9moire<\/td>\n<td data-col-size=\"sm\" data-start=\"1998\" data-end=\"2023\">TID \/ EPC \/ Utilisateur<\/td>\n<td data-col-size=\"md\" data-start=\"2023\" data-end=\"2065\">64 bits \/ 96 bits \/ 512 bits<\/td>\n<\/tr>\n<tr data-start=\"2066\" data-end=\"2154\">\n<td data-start=\"2066\" data-end=\"2087\" data-col-size=\"sm\">Interface<\/td>\n<td data-start=\"2087\" data-end=\"2112\" data-col-size=\"sm\">Communication<\/td>\n<td data-col-size=\"md\" data-start=\"2112\" data-end=\"2154\">RFID<\/td>\n<\/tr>\n<tr data-start=\"2155\" data-end=\"2243\">\n<td data-start=\"2155\" data-end=\"2176\" data-col-size=\"sm\">Environnement<\/td>\n<td data-col-size=\"sm\" data-start=\"2176\" data-end=\"2201\">Temp\u00e9rature d&#039;application<\/td>\n<td data-col-size=\"md\" data-start=\"2201\" data-end=\"2243\">\u221240 \u2103 \u00e0 +150 \u2103<\/td>\n<\/tr>\n<tr data-start=\"2244\" data-end=\"2332\">\n<td data-start=\"2244\" data-end=\"2265\" data-col-size=\"sm\">Protection<\/td>\n<td data-col-size=\"sm\" data-start=\"2265\" data-end=\"2290\">Caract\u00e9ristiques sp\u00e9ciales<\/td>\n<td data-col-size=\"md\" data-start=\"2290\" data-end=\"2332\">Imperm\u00e9able \/ R\u00e9sistant aux intemp\u00e9ries<\/td>\n<\/tr>\n<tr data-start=\"2333\" data-end=\"2421\">\n<td data-start=\"2333\" data-end=\"2354\" data-col-size=\"sm\">Personnalisation<\/td>\n<td data-col-size=\"sm\" data-start=\"2354\" data-end=\"2379\">Options<\/td>\n<td data-col-size=\"md\" data-start=\"2379\" data-end=\"2421\">Personnalisation des tailles pour les commandes en gros<\/td>\n<\/tr>\n<tr data-start=\"2422\" data-end=\"2516\">\n<td data-start=\"2422\" data-end=\"2443\" data-col-size=\"sm\">Cas d&#039;utilisation<\/td>\n<td data-col-size=\"sm\" data-start=\"2443\" data-end=\"2468\">Applications typiques<\/td>\n<td data-col-size=\"md\" data-start=\"2468\" data-end=\"2516\">Actifs m\u00e9talliques, outils, \u00e9quipements informatiques, machines<\/td>\n<\/tr>\n<\/tbody>\n<\/table>\n<\/div>\n<\/div>","protected":false},"excerpt":{"rendered":"<p>\u00c9tiquette RFID anti-m\u00e9tal ABS UHF pour actifs m\u00e9talliques\u2014EPC Gen2v2, passive, bo\u00eetier ABS r\u00e9sistant aux intemp\u00e9ries, \u221240 \u2103 \u00e0 +150 \u2103, standard 135\u00d722\u00d712 mm avec options personnalisables.<\/p>","protected":false},"featured_media":879,"template":"","meta":{"_gspb_post_css":""},"product_brand":[],"product_cat":[24,26],"product_tag":[],"class_list":{"0":"post-881","1":"product","2":"type-product","3":"status-publish","4":"has-post-thumbnail","6":"product_cat-rfid-tags","7":"product_cat-anti-metal-abs-uhf-rfid-tags","9":"first","10":"instock","11":"shipping-taxable","12":"purchasable","13":"product-type-simple"},"_links":{"self":[{"href":"https:\/\/www.cxjsmartcard.com\/fr\/wp-json\/wp\/v2\/product\/881","targetHints":{"allow":["GET"]}}],"collection":[{"href":"https:\/\/www.cxjsmartcard.com\/fr\/wp-json\/wp\/v2\/product"}],"about":[{"href":"https:\/\/www.cxjsmartcard.com\/fr\/wp-json\/wp\/v2\/types\/product"}],"wp:featuredmedia":[{"embeddable":true,"href":"https:\/\/www.cxjsmartcard.com\/fr\/wp-json\/wp\/v2\/media\/879"}],"wp:attachment":[{"href":"https:\/\/www.cxjsmartcard.com\/fr\/wp-json\/wp\/v2\/media?parent=881"}],"wp:term":[{"taxonomy":"product_brand","embeddable":true,"href":"https:\/\/www.cxjsmartcard.com\/fr\/wp-json\/wp\/v2\/product_brand?post=881"},{"taxonomy":"product_cat","embeddable":true,"href":"https:\/\/www.cxjsmartcard.com\/fr\/wp-json\/wp\/v2\/product_cat?post=881"},{"taxonomy":"product_tag","embeddable":true,"href":"https:\/\/www.cxjsmartcard.com\/fr\/wp-json\/wp\/v2\/product_tag?post=881"}],"curies":[{"name":"wp","href":"https:\/\/api.w.org\/{rel}","templated":true}]}}