{"id":873,"date":"2025-11-03T08:55:50","date_gmt":"2025-11-03T08:55:50","guid":{"rendered":"https:\/\/www.cxjsmartcard.com\/?post_type=product&#038;p=873"},"modified":"2025-12-29T01:27:08","modified_gmt":"2025-12-29T01:27:08","slug":"rewritable-long-range-abs-uhf-rfid-anti-metal-tag","status":"publish","type":"product","link":"https:\/\/www.cxjsmartcard.com\/fr\/rewritable-long-range-abs-uhf-rfid-anti-metal-tag\/","title":{"rendered":"\u00c9tiquette anti-m\u00e9tal ABS UHF RFID longue port\u00e9e r\u00e9inscriptible"},"content":{"rendered":"<p data-start=\"61\" data-end=\"323\">\u00c9tiquette UHF anti-m\u00e9tal robuste en ABS, optimis\u00e9e pour le montage sur supports m\u00e9talliques. Con\u00e7ue pour une lecture longue port\u00e9e et les environnements difficiles, elle offre des performances stables sur les surfaces conductrices pour le contr\u00f4le d&#039;acc\u00e8s, la logistique, la gestion des stocks et le suivi des actifs industriels.<\/p>\n<p data-start=\"325\" data-end=\"343\"><strong data-start=\"325\" data-end=\"341\">Principaux avantages<\/strong><\/p>\n<ul data-start=\"344\" data-end=\"715\">\n<li data-start=\"344\" data-end=\"413\">\n<p data-start=\"346\" data-end=\"413\"><strong data-start=\"346\" data-end=\"361\">Longue port\u00e9e :<\/strong> 6 \u00e0 12 m (en fonction du lecteur\/de l&#039;antenne et de l&#039;environnement)<\/p>\n<\/li>\n<li data-start=\"414\" data-end=\"487\">\n<p data-start=\"416\" data-end=\"487\"><strong data-start=\"416\" data-end=\"441\">Performances sur m\u00e9tal :<\/strong> Structure interne optimis\u00e9e pour les surfaces m\u00e9talliques<\/p>\n<\/li>\n<li data-start=\"488\" data-end=\"557\">\n<p data-start=\"490\" data-end=\"557\"><strong data-start=\"490\" data-end=\"512\">M\u00e9moire r\u00e9inscriptible\u00a0:<\/strong> Mise \u00e0 jour des donn\u00e9es tout au long du cycle de vie de l&#039;actif<\/p>\n<\/li>\n<li data-start=\"558\" data-end=\"651\">\n<p data-start=\"560\" data-end=\"651\"><strong data-start=\"560\" data-end=\"577\">Imperm\u00e9abiliser:<\/strong> Bo\u00eetier ABS \u00e9tanche et r\u00e9sistant aux intemp\u00e9ries au format compact \u201c mini tag \u201d<\/p>\n<\/li>\n<li data-start=\"652\" data-end=\"715\">\n<p data-start=\"654\" data-end=\"715\"><strong data-start=\"654\" data-end=\"674\">Conforme aux normes :<\/strong> EPC C1G2 \/ ISO\/IEC 18000-6C, 860\u2013960 MHz<\/p>\n<\/li>\n<\/ul>\n<p data-start=\"717\" data-end=\"865\"><strong data-start=\"717\" data-end=\"733\">Applications<\/strong><br data-start=\"733\" data-end=\"736\" \/>Contr\u00f4le d&#039;acc\u00e8s et portails \u2022 Suivi des outils et \u00e9quipements m\u00e9talliques \u2022 Exploitation h\u00f4teli\u00e8re et des installations \u2022 Logistique et inventaire d&#039;entrep\u00f4t.<\/p>\n<p data-start=\"867\" data-end=\"1105\"><strong data-start=\"867\" data-end=\"875\">FAQ<\/strong><br data-start=\"875\" data-end=\"878\" \/><strong data-start=\"878\" data-end=\"924\">Q1\u00a0: Peut-il suivre les outils et les fixations m\u00e9talliques\u00a0?<\/strong> Oui, con\u00e7u pour une utilisation sur m\u00e9tal.<br data-start=\"957\" data-end=\"960\" \/><strong data-start=\"960\" data-end=\"985\">Q2 : Est-il r\u00e9inscriptible ?<\/strong> Oui \u2014 prend en charge les mises \u00e0 jour de donn\u00e9es au fil du temps.<br data-start=\"1022\" data-end=\"1025\" \/><strong data-start=\"1025\" data-end=\"1055\">Q3\u00a0: Des \u00e9chantillons sont-ils disponibles\u00a0?<\/strong> Oui, des \u00e9chantillons sont disponibles pour des tests pilotes.<\/p>\n<h2 data-start=\"1107\" data-end=\"1132\">Tableau (Sp\u00e9cifications)<\/h2>\n<div class=\"_tableContainer_1rjym_1\">\n<div class=\"group _tableWrapper_1rjym_13 flex w-fit flex-col-reverse\" tabindex=\"-1\">\n<table class=\"w-fit min-w-(--thread-content-width)\" data-start=\"1134\" data-end=\"2492\">\n<thead data-start=\"1134\" data-end=\"1231\">\n<tr data-start=\"1134\" data-end=\"1231\">\n<th data-start=\"1134\" data-end=\"1156\" data-col-size=\"sm\">Cat\u00e9gorie<\/th>\n<th data-start=\"1156\" data-end=\"1181\" data-col-size=\"sm\">Param\u00e8tre<\/th>\n<th data-start=\"1181\" data-end=\"1231\" data-col-size=\"md\">Valeur<\/th>\n<\/tr>\n<\/thead>\n<tbody data-start=\"1329\" data-end=\"2492\">\n<tr data-start=\"1329\" data-end=\"1425\">\n<td data-start=\"1329\" data-end=\"1350\" data-col-size=\"sm\">Produit<\/td>\n<td data-col-size=\"sm\" data-start=\"1350\" data-end=\"1375\">Nom<\/td>\n<td data-col-size=\"md\" data-start=\"1375\" data-end=\"1425\">\u00c9tiquette anti-m\u00e9tal UHF r\u00e9inscriptible (mini)<\/td>\n<\/tr>\n<tr data-start=\"1426\" data-end=\"1522\">\n<td data-start=\"1426\" data-end=\"1447\" data-col-size=\"sm\">Options de circuits int\u00e9gr\u00e9s<\/td>\n<td data-col-size=\"sm\" data-start=\"1447\" data-end=\"1472\">\u00c9br\u00e9cher<\/td>\n<td data-col-size=\"md\" data-start=\"1472\" data-end=\"1522\">Higgs 9\u00a0; options personnalis\u00e9es (familles Impinj\/Monza)<\/td>\n<\/tr>\n<tr data-start=\"1523\" data-end=\"1619\">\n<td data-start=\"1523\" data-end=\"1544\" data-col-size=\"sm\">RF<\/td>\n<td data-start=\"1544\" data-end=\"1569\" data-col-size=\"sm\">Fr\u00e9quence<\/td>\n<td data-col-size=\"md\" data-start=\"1569\" data-end=\"1619\">860\u2013960 MHz<\/td>\n<\/tr>\n<tr data-start=\"1620\" data-end=\"1716\">\n<td data-start=\"1620\" data-end=\"1641\" data-col-size=\"sm\"><\/td>\n<td data-col-size=\"sm\" data-start=\"1641\" data-end=\"1666\">Protocole<\/td>\n<td data-col-size=\"md\" data-start=\"1666\" data-end=\"1716\">ISO\/IEC 18000-6C\u00a0; EPC Classe 1 Gen 2<\/td>\n<\/tr>\n<tr data-start=\"1717\" data-end=\"1813\">\n<td data-start=\"1717\" data-end=\"1738\" data-col-size=\"sm\">Performance<\/td>\n<td data-col-size=\"sm\" data-start=\"1738\" data-end=\"1763\">Distance de lecture<\/td>\n<td data-col-size=\"md\" data-start=\"1763\" data-end=\"1813\">6 \u00e0 12 m (en fonction du lecteur, de l&#039;antenne et de l&#039;environnement)<\/td>\n<\/tr>\n<tr data-start=\"1814\" data-end=\"1910\">\n<td data-start=\"1814\" data-end=\"1835\" data-col-size=\"sm\">M\u00e9canique<\/td>\n<td data-col-size=\"sm\" data-start=\"1835\" data-end=\"1860\">Mat\u00e9riau du bo\u00eetier<\/td>\n<td data-col-size=\"md\" data-start=\"1860\" data-end=\"1910\">ABS de qualit\u00e9 industrielle<\/td>\n<\/tr>\n<tr data-start=\"1911\" data-end=\"2007\">\n<td data-start=\"1911\" data-end=\"1932\" data-col-size=\"sm\">Protection<\/td>\n<td data-col-size=\"sm\" data-start=\"1932\" data-end=\"1957\">Environnement<\/td>\n<td data-col-size=\"md\" data-start=\"1957\" data-end=\"2007\">Imperm\u00e9able \/ R\u00e9sistant aux intemp\u00e9ries<\/td>\n<\/tr>\n<tr data-start=\"2008\" data-end=\"2104\">\n<td data-start=\"2008\" data-end=\"2029\" data-col-size=\"sm\">Interface<\/td>\n<td data-col-size=\"sm\" data-start=\"2029\" data-end=\"2054\">Communication<\/td>\n<td data-col-size=\"md\" data-start=\"2054\" data-end=\"2104\">RFID UHF passif<\/td>\n<\/tr>\n<tr data-start=\"2105\" data-end=\"2201\">\n<td data-start=\"2105\" data-end=\"2126\" data-col-size=\"sm\">Facteur de forme<\/td>\n<td data-start=\"2126\" data-end=\"2151\" data-col-size=\"sm\">Taper<\/td>\n<td data-start=\"2151\" data-end=\"2201\" data-col-size=\"md\">Mini \u00e9tiquette m\u00e9tallique<\/td>\n<\/tr>\n<tr data-start=\"2202\" data-end=\"2298\">\n<td data-start=\"2202\" data-end=\"2223\" data-col-size=\"sm\">Conditionnement<\/td>\n<td data-col-size=\"sm\" data-start=\"2223\" data-end=\"2248\">Fournir<\/td>\n<td data-col-size=\"md\" data-start=\"2248\" data-end=\"2298\">Bo\u00eetes d&#039;emballage<\/td>\n<\/tr>\n<tr data-start=\"2299\" data-end=\"2395\">\n<td data-start=\"2299\" data-end=\"2320\" data-col-size=\"sm\">Origine<\/td>\n<td data-col-size=\"sm\" data-start=\"2320\" data-end=\"2345\">Lieu d&#039;origine<\/td>\n<td data-col-size=\"md\" data-start=\"2345\" data-end=\"2395\">Guangdong, Chine<\/td>\n<\/tr>\n<tr data-start=\"2396\" data-end=\"2492\">\n<td data-start=\"2396\" data-end=\"2417\" data-col-size=\"sm\">Applications<\/td>\n<td data-col-size=\"sm\" data-start=\"2417\" data-end=\"2442\">Cas d&#039;utilisation typiques<\/td>\n<td data-col-size=\"md\" data-start=\"2442\" data-end=\"2492\">Contr\u00f4le d&#039;acc\u00e8s, h\u00f4tellerie, logistique, inventaire<\/td>\n<\/tr>\n<\/tbody>\n<\/table>\n<\/div>\n<\/div>","protected":false},"excerpt":{"rendered":"<p>\u00c9tiquette anti-m\u00e9tal ABS UHF r\u00e9inscriptible longue port\u00e9e (6\u201312 m) pour actifs m\u00e9talliques - EPC Gen2\/ISO 18000-6C, bo\u00eetier \u00e9tanche\/r\u00e9sistant aux intemp\u00e9ries et facteur de forme compact pour le suivi industriel.<\/p>","protected":false},"featured_media":876,"template":"","meta":{"_gspb_post_css":""},"product_brand":[],"product_cat":[24,26],"product_tag":[],"class_list":{"0":"post-873","1":"product","2":"type-product","3":"status-publish","4":"has-post-thumbnail","6":"product_cat-rfid-tags","7":"product_cat-anti-metal-abs-uhf-rfid-tags","9":"first","10":"instock","11":"shipping-taxable","12":"purchasable","13":"product-type-simple"},"_links":{"self":[{"href":"https:\/\/www.cxjsmartcard.com\/fr\/wp-json\/wp\/v2\/product\/873","targetHints":{"allow":["GET"]}}],"collection":[{"href":"https:\/\/www.cxjsmartcard.com\/fr\/wp-json\/wp\/v2\/product"}],"about":[{"href":"https:\/\/www.cxjsmartcard.com\/fr\/wp-json\/wp\/v2\/types\/product"}],"wp:featuredmedia":[{"embeddable":true,"href":"https:\/\/www.cxjsmartcard.com\/fr\/wp-json\/wp\/v2\/media\/876"}],"wp:attachment":[{"href":"https:\/\/www.cxjsmartcard.com\/fr\/wp-json\/wp\/v2\/media?parent=873"}],"wp:term":[{"taxonomy":"product_brand","embeddable":true,"href":"https:\/\/www.cxjsmartcard.com\/fr\/wp-json\/wp\/v2\/product_brand?post=873"},{"taxonomy":"product_cat","embeddable":true,"href":"https:\/\/www.cxjsmartcard.com\/fr\/wp-json\/wp\/v2\/product_cat?post=873"},{"taxonomy":"product_tag","embeddable":true,"href":"https:\/\/www.cxjsmartcard.com\/fr\/wp-json\/wp\/v2\/product_tag?post=873"}],"curies":[{"name":"wp","href":"https:\/\/api.w.org\/{rel}","templated":true}]}}