{"id":868,"date":"2025-11-03T08:53:46","date_gmt":"2025-11-03T08:53:46","guid":{"rendered":"https:\/\/www.cxjsmartcard.com\/?post_type=product&#038;p=868"},"modified":"2025-12-29T01:27:08","modified_gmt":"2025-12-29T01:27:08","slug":"860-960mhz-uhf-anti-metal-abs-rfid-tag","status":"publish","type":"product","link":"https:\/\/www.cxjsmartcard.com\/fr\/860-960mhz-uhf-anti-metal-abs-rfid-tag\/","title":{"rendered":"\u00c9tiquette RFID ABS anti-m\u00e9tal UHF 860\u2013960 MHz"},"content":{"rendered":"<p data-start=\"50\" data-end=\"354\">\u00c9tiquette UHF anti-m\u00e9tal robuste con\u00e7ue pour les objets m\u00e9talliques, les palettes et les \u00e9quipements. Son bo\u00eetier en ABS avec rembourrage interne assure une lecture optimale sur m\u00e9tal tout en r\u00e9sistant \u00e0 l&#039;eau, aux chocs et aux produits chimiques. La port\u00e9e de lecture typique atteint 8 m avec les syst\u00e8mes UHF optimis\u00e9s (variable selon l&#039;environnement et le lecteur).<\/p>\n<p data-start=\"356\" data-end=\"374\"><strong data-start=\"356\" data-end=\"372\">Caract\u00e9ristiques principales<\/strong><\/p>\n<ul data-start=\"375\" data-end=\"713\">\n<li data-start=\"375\" data-end=\"427\">\n<p data-start=\"377\" data-end=\"427\">860\u2013960 MHz, EPC Classe 1 Gen2 (ISO\/IEC 18000-6C)<\/p>\n<\/li>\n<li data-start=\"428\" data-end=\"495\">\n<p data-start=\"430\" data-end=\"495\">ABS + structure interne en \u00e9ponge ; \u00e9tanche\/r\u00e9sistant aux intemp\u00e9ries (IP65)<\/p>\n<\/li>\n<li data-start=\"496\" data-end=\"539\">\n<p data-start=\"498\" data-end=\"539\">Port\u00e9e de lecture jusqu&#039;\u00e0 8 m\u00a0; lecture multi-\u00e9tiquettes<\/p>\n<\/li>\n<li data-start=\"540\" data-end=\"590\">\n<p data-start=\"542\" data-end=\"590\">Options de puces\u00a0: Alien H3\u00a0; Impinj M4D\/M4E\/M4QT\/M5<\/p>\n<\/li>\n<li data-start=\"591\" data-end=\"642\">\n<p data-start=\"593\" data-end=\"642\">\u2265 100\u00a0000 cycles d\u2019\u00e9criture\u00a0; conservation des donn\u00e9es &gt; 10 ans<\/p>\n<\/li>\n<li data-start=\"643\" data-end=\"713\">\n<p data-start=\"645\" data-end=\"713\">Montage par vis ou adh\u00e9sif industriel\u00a0; compatible avec l\u2019impression\/l\u2019encodage<\/p>\n<\/li>\n<\/ul>\n<p data-start=\"715\" data-end=\"859\"><strong data-start=\"715\" data-end=\"731\">Applications<\/strong><br data-start=\"731\" data-end=\"734\" \/>Suivi des entrep\u00f4ts et des palettes \u2022 Gestion des actifs industriels \u2022 \u00c9tiquetage des rayonnages et des \u00e9quipements \u2022 Suivi des actifs m\u00e9talliques ext\u00e9rieurs.<\/p>\n<h2 data-start=\"861\" data-end=\"886\">Tableau (Sp\u00e9cifications)<\/h2>\n<div class=\"_tableContainer_1rjym_1\">\n<div class=\"group _tableWrapper_1rjym_13 flex w-fit flex-col-reverse\" tabindex=\"-1\">\n<table class=\"w-fit min-w-(--thread-content-width)\" data-start=\"888\" data-end=\"3241\">\n<thead data-start=\"888\" data-end=\"999\">\n<tr data-start=\"888\" data-end=\"999\">\n<th data-start=\"888\" data-end=\"910\" data-col-size=\"sm\">Cat\u00e9gorie<\/th>\n<th data-start=\"910\" data-end=\"934\" data-col-size=\"sm\">Param\u00e8tre<\/th>\n<th data-start=\"934\" data-end=\"999\" data-col-size=\"md\">Valeur<\/th>\n<\/tr>\n<\/thead>\n<tbody data-start=\"1112\" data-end=\"3241\">\n<tr data-start=\"1112\" data-end=\"1223\">\n<td data-start=\"1112\" data-end=\"1134\" data-col-size=\"sm\">Produit<\/td>\n<td data-col-size=\"sm\" data-start=\"1134\" data-end=\"1158\">Nom<\/td>\n<td data-col-size=\"md\" data-start=\"1158\" data-end=\"1223\">\u00c9tiquette RFID anti-m\u00e9tal UHF ABS<\/td>\n<\/tr>\n<tr data-start=\"1224\" data-end=\"1335\">\n<td data-start=\"1224\" data-end=\"1246\" data-col-size=\"sm\">RF<\/td>\n<td data-col-size=\"sm\" data-start=\"1246\" data-end=\"1270\">Fr\u00e9quence<\/td>\n<td data-col-size=\"md\" data-start=\"1270\" data-end=\"1335\">860\u2013960 MHz (UHF) ; variante optionnelle \u00e0 13,56 MHz<\/td>\n<\/tr>\n<tr data-start=\"1336\" data-end=\"1447\">\n<td data-start=\"1336\" data-end=\"1358\" data-col-size=\"sm\"><\/td>\n<td data-col-size=\"sm\" data-start=\"1358\" data-end=\"1382\">Protocole<\/td>\n<td data-col-size=\"md\" data-start=\"1382\" data-end=\"1447\">Classe EPC 1 Gen2 \/ ISO\/IEC 18000-6C<\/td>\n<\/tr>\n<tr data-start=\"1448\" data-end=\"1559\">\n<td data-start=\"1448\" data-end=\"1470\" data-col-size=\"sm\">Options de circuits int\u00e9gr\u00e9s<\/td>\n<td data-col-size=\"sm\" data-start=\"1470\" data-end=\"1494\">Puces<\/td>\n<td data-col-size=\"md\" data-start=\"1494\" data-end=\"1559\">Extraterrestre H3\u00a0; ImpinjM4D\/M4E\/M4QT\/M5<\/td>\n<\/tr>\n<tr data-start=\"1560\" data-end=\"1671\">\n<td data-start=\"1560\" data-end=\"1582\" data-col-size=\"sm\">Antenne<\/td>\n<td data-col-size=\"sm\" data-start=\"1582\" data-end=\"1606\">Taper<\/td>\n<td data-col-size=\"md\" data-start=\"1606\" data-end=\"1671\">aluminium grav\u00e9<\/td>\n<\/tr>\n<tr data-start=\"1672\" data-end=\"1783\">\n<td data-start=\"1672\" data-end=\"1694\" data-col-size=\"sm\">M\u00e9canique<\/td>\n<td data-col-size=\"sm\" data-start=\"1694\" data-end=\"1718\">Mat\u00e9riau du bo\u00eetier<\/td>\n<td data-col-size=\"md\" data-start=\"1718\" data-end=\"1783\">\u00c9ponge ABS + g\u00e9latine<\/td>\n<\/tr>\n<tr data-start=\"1784\" data-end=\"1895\">\n<td data-start=\"1784\" data-end=\"1806\" data-col-size=\"sm\">Dimensions<\/td>\n<td data-col-size=\"sm\" data-start=\"1806\" data-end=\"1830\">Taille<\/td>\n<td data-col-size=\"md\" data-start=\"1830\" data-end=\"1895\">125 \u00d7 21,5 \u00d7 12,5 mm (personnalisable)<\/td>\n<\/tr>\n<tr data-start=\"1896\" data-end=\"2007\">\n<td data-start=\"1896\" data-end=\"1918\" data-col-size=\"sm\">Performance<\/td>\n<td data-col-size=\"sm\" data-start=\"1918\" data-end=\"1942\">Distance de lecture<\/td>\n<td data-col-size=\"md\" data-start=\"1942\" data-end=\"2007\">Jusqu&#039;\u00e0 8 m (selon le lecteur et l&#039;environnement)<\/td>\n<\/tr>\n<tr data-start=\"2008\" data-end=\"2119\">\n<td data-start=\"2008\" data-end=\"2030\" data-col-size=\"sm\">Endurance<\/td>\n<td data-col-size=\"sm\" data-start=\"2030\" data-end=\"2054\">Cycles d&#039;\u00e9criture<\/td>\n<td data-col-size=\"md\" data-start=\"2054\" data-end=\"2119\">\u2265100 000<\/td>\n<\/tr>\n<tr data-start=\"2120\" data-end=\"2231\">\n<td data-start=\"2120\" data-end=\"2142\" data-col-size=\"sm\">Donn\u00e9es<\/td>\n<td data-col-size=\"sm\" data-start=\"2142\" data-end=\"2166\">R\u00e9tention<\/td>\n<td data-col-size=\"md\" data-start=\"2166\" data-end=\"2231\">&gt;10 ans<\/td>\n<\/tr>\n<tr data-start=\"2232\" data-end=\"2343\">\n<td data-start=\"2232\" data-end=\"2254\" data-col-size=\"sm\">Environnement<\/td>\n<td data-start=\"2254\" data-end=\"2278\" data-col-size=\"sm\">Temp\u00e9rature de fonctionnement<\/td>\n<td data-col-size=\"md\" data-start=\"2278\" data-end=\"2343\">\u221225 \u2103 \u00e0 +55 \u2103<\/td>\n<\/tr>\n<tr data-start=\"2344\" data-end=\"2455\">\n<td data-start=\"2344\" data-end=\"2366\" data-col-size=\"sm\"><\/td>\n<td data-col-size=\"sm\" data-start=\"2366\" data-end=\"2390\">Temp\u00e9rature de stockage<\/td>\n<td data-col-size=\"md\" data-start=\"2390\" data-end=\"2455\">\u221235 \u2103 \u00e0 +75 \u2103<\/td>\n<\/tr>\n<tr data-start=\"2456\" data-end=\"2567\">\n<td data-start=\"2456\" data-end=\"2478\" data-col-size=\"sm\">Protection<\/td>\n<td data-col-size=\"sm\" data-start=\"2478\" data-end=\"2502\">Indice de p\u00e9n\u00e9tration<\/td>\n<td data-col-size=\"md\" data-start=\"2502\" data-end=\"2567\">IP65 (\u00e9tanche \u00e0 l&#039;eau et aux intemp\u00e9ries)<\/td>\n<\/tr>\n<tr data-start=\"2568\" data-end=\"2680\">\n<td data-start=\"2568\" data-end=\"2590\" data-col-size=\"sm\">Montage<\/td>\n<td data-col-size=\"sm\" data-start=\"2590\" data-end=\"2614\">M\u00e9thodes<\/td>\n<td data-col-size=\"md\" data-start=\"2614\" data-end=\"2680\">Vis ou adh\u00e9sif industriel<\/td>\n<\/tr>\n<tr data-start=\"2681\" data-end=\"2793\">\n<td data-start=\"2681\" data-end=\"2703\" data-col-size=\"sm\">Personnalisation<\/td>\n<td data-col-size=\"sm\" data-start=\"2703\" data-end=\"2727\">Options artisanales<\/td>\n<td data-col-size=\"md\" data-start=\"2727\" data-end=\"2793\">Impression s\u00e9rigraphique\/jet d&#039;encre\u00a0; encodage<\/td>\n<\/tr>\n<tr data-start=\"2794\" data-end=\"2905\">\n<td data-start=\"2794\" data-end=\"2816\" data-col-size=\"sm\">Conditionnement<\/td>\n<td data-start=\"2816\" data-end=\"2840\" data-col-size=\"sm\">Quantit\u00e9 par paquet<\/td>\n<td data-col-size=\"md\" data-start=\"2840\" data-end=\"2905\">10 pi\u00e8ces\/sachet ; 500 pi\u00e8ces\/bo\u00eete<\/td>\n<\/tr>\n<tr data-start=\"2906\" data-end=\"3017\">\n<td data-start=\"2906\" data-end=\"2928\" data-col-size=\"sm\">MOQ<\/td>\n<td data-start=\"2928\" data-end=\"2952\" data-col-size=\"sm\">Commande minimale<\/td>\n<td data-col-size=\"md\" data-start=\"2952\" data-end=\"3017\">100 pi\u00e8ces<\/td>\n<\/tr>\n<tr data-start=\"3018\" data-end=\"3129\">\n<td data-start=\"3018\" data-end=\"3040\" data-col-size=\"sm\">Origine<\/td>\n<td data-col-size=\"sm\" data-start=\"3040\" data-end=\"3064\">Lieu d&#039;origine<\/td>\n<td data-col-size=\"md\" data-start=\"3064\" data-end=\"3129\">Guangdong, Chine<\/td>\n<\/tr>\n<tr data-start=\"3130\" data-end=\"3241\">\n<td data-start=\"3130\" data-end=\"3152\" data-col-size=\"sm\">Cas d&#039;utilisation<\/td>\n<td data-col-size=\"sm\" data-start=\"3152\" data-end=\"3176\">Applications<\/td>\n<td data-col-size=\"md\" data-start=\"3176\" data-end=\"3241\">Entrep\u00f4t, palette, \u00e9tag\u00e8re, \u00e9quipement, mobilier de jardin en m\u00e9tal<\/td>\n<\/tr>\n<\/tbody>\n<\/table>\n<\/div>\n<\/div>","protected":false},"excerpt":{"rendered":"<p>\u00c9tiquette anti-m\u00e9tal UHF robuste en ABS \u2014 IP65, port\u00e9e de lecture jusqu&#039;\u00e0 8 m, EPC Gen2 et montage par vis\/adh\u00e9sif pour palettes, \u00e9quipements et biens m\u00e9talliques ext\u00e9rieurs.<\/p>","protected":false},"featured_media":869,"template":"","meta":{"_gspb_post_css":""},"product_brand":[],"product_cat":[24,26],"product_tag":[],"class_list":{"0":"post-868","1":"product","2":"type-product","3":"status-publish","4":"has-post-thumbnail","6":"product_cat-rfid-tags","7":"product_cat-anti-metal-abs-uhf-rfid-tags","9":"first","10":"instock","11":"shipping-taxable","12":"purchasable","13":"product-type-simple"},"_links":{"self":[{"href":"https:\/\/www.cxjsmartcard.com\/fr\/wp-json\/wp\/v2\/product\/868","targetHints":{"allow":["GET"]}}],"collection":[{"href":"https:\/\/www.cxjsmartcard.com\/fr\/wp-json\/wp\/v2\/product"}],"about":[{"href":"https:\/\/www.cxjsmartcard.com\/fr\/wp-json\/wp\/v2\/types\/product"}],"wp:featuredmedia":[{"embeddable":true,"href":"https:\/\/www.cxjsmartcard.com\/fr\/wp-json\/wp\/v2\/media\/869"}],"wp:attachment":[{"href":"https:\/\/www.cxjsmartcard.com\/fr\/wp-json\/wp\/v2\/media?parent=868"}],"wp:term":[{"taxonomy":"product_brand","embeddable":true,"href":"https:\/\/www.cxjsmartcard.com\/fr\/wp-json\/wp\/v2\/product_brand?post=868"},{"taxonomy":"product_cat","embeddable":true,"href":"https:\/\/www.cxjsmartcard.com\/fr\/wp-json\/wp\/v2\/product_cat?post=868"},{"taxonomy":"product_tag","embeddable":true,"href":"https:\/\/www.cxjsmartcard.com\/fr\/wp-json\/wp\/v2\/product_tag?post=868"}],"curies":[{"name":"wp","href":"https:\/\/api.w.org\/{rel}","templated":true}]}}