{"id":867,"date":"2025-11-03T08:51:49","date_gmt":"2025-11-03T08:51:49","guid":{"rendered":"https:\/\/www.cxjsmartcard.com\/?post_type=product&#038;p=867"},"modified":"2025-12-29T01:27:08","modified_gmt":"2025-12-29T01:27:08","slug":"rfid-animal-transponder-glass-tube-tag-pet-identification-microchip","status":"publish","type":"product","link":"https:\/\/www.cxjsmartcard.com\/fr\/rfid-animal-transponder-glass-tube-tag-pet-identification-microchip\/","title":{"rendered":"\u00c9tiquette RFID \u00e0 tube de verre pour animaux \u2013 Puce d&#039;identification pour animaux de compagnie"},"content":{"rendered":"<p data-start=\"81\" data-end=\"343\">Puce microfluidique encapsul\u00e9e dans du verre pour l&#039;identification et la r\u00e9cup\u00e9ration permanentes des animaux de compagnie. Le transpondeur passif (de la taille d&#039;un grain de riz) est inject\u00e9 par voie sous-cutan\u00e9e et lu par des lecteurs conformes aux normes ISO utilis\u00e9s dans les cliniques, les refuges et les services de contr\u00f4le animalier.<\/p>\n<p data-start=\"345\" data-end=\"553\"><strong data-start=\"345\" data-end=\"361\">Comment \u00e7a marche<\/strong><br data-start=\"361\" data-end=\"364\" \/>Chaque seringue st\u00e9rile contient une micropuce d&#039;identification unique. Lorsqu&#039;un animal est scann\u00e9, le code \u00e0 15 chiffres est lu \u00e0 courte distance et compar\u00e9 aux donn\u00e9es d&#039;enregistrement afin de faciliter la restitution des animaux \u00e0 leurs propri\u00e9taires.<\/p>\n<p data-start=\"555\" data-end=\"573\"><strong data-start=\"555\" data-end=\"571\">Caract\u00e9ristiques principales<\/strong><\/p>\n<ul data-start=\"574\" data-end=\"917\">\n<li data-start=\"574\" data-end=\"620\">\n<p data-start=\"576\" data-end=\"620\">FDX-B 134,2 kHz, conforme aux normes ISO 11784\/11785<\/p>\n<\/li>\n<li data-start=\"621\" data-end=\"669\">\n<p data-start=\"623\" data-end=\"669\">Capsule de bioglass m\u00e9dical avec antenne en cuivre<\/p>\n<\/li>\n<li data-start=\"670\" data-end=\"714\">\n<p data-start=\"672\" data-end=\"714\">St\u00e9rilis\u00e9 \u00e0 l&#039;oxyde d&#039;\u00e9thyl\u00e8ne, avec rev\u00eatement en parylene<\/p>\n<\/li>\n<li data-start=\"715\" data-end=\"771\">\n<p data-start=\"717\" data-end=\"771\">Distance de lecture jusqu&#039;\u00e0 environ 1 \u00e0 12 cm (selon la taille et le lecteur)<\/p>\n<\/li>\n<li data-start=\"772\" data-end=\"840\">\n<p data-start=\"774\" data-end=\"840\">\u00c9l\u00e9ments de conception antibact\u00e9riens, anti-allergiques et anti-rejet<\/p>\n<\/li>\n<li data-start=\"841\" data-end=\"917\">\n<p data-start=\"843\" data-end=\"917\">Options d&#039;identification al\u00e9atoires ou personnalis\u00e9es\u00a0; prise en charge NFC optionnelle (d\u00e9pendant du flux de travail)<\/p>\n<\/li>\n<\/ul>\n<p data-start=\"919\" data-end=\"1042\"><strong data-start=\"919\" data-end=\"938\">Ce qui est inclus<\/strong><br data-start=\"938\" data-end=\"941\" \/>Seringue st\u00e9rile en polypropyl\u00e8ne pr\u00e9charg\u00e9e contenant la micropuce \u2014 pr\u00eate pour une implantation professionnelle.<\/p>\n<h2 data-start=\"1044\" data-end=\"1069\">Tableau (Sp\u00e9cifications)<\/h2>\n<div class=\"_tableContainer_1rjym_1\">\n<div class=\"group _tableWrapper_1rjym_13 flex w-fit flex-col-reverse\" tabindex=\"-1\">\n<table class=\"w-fit min-w-(--thread-content-width)\" data-start=\"1071\" data-end=\"2736\">\n<thead data-start=\"1071\" data-end=\"1168\">\n<tr data-start=\"1071\" data-end=\"1168\">\n<th data-start=\"1071\" data-end=\"1089\" data-col-size=\"sm\">Cat\u00e9gorie<\/th>\n<th data-start=\"1089\" data-end=\"1113\" data-col-size=\"sm\">Param\u00e8tre<\/th>\n<th data-start=\"1113\" data-end=\"1168\" data-col-size=\"md\">Valeur<\/th>\n<\/tr>\n<\/thead>\n<tbody data-start=\"1267\" data-end=\"2736\">\n<tr data-start=\"1267\" data-end=\"1364\">\n<td data-start=\"1267\" data-end=\"1285\" data-col-size=\"sm\">Produit<\/td>\n<td data-col-size=\"sm\" data-start=\"1285\" data-end=\"1309\">Taper<\/td>\n<td data-col-size=\"md\" data-start=\"1309\" data-end=\"1364\">\u00e9tiquette RFID en tube de verre pour animaux, micropuce<\/td>\n<\/tr>\n<tr data-start=\"1365\" data-end=\"1462\">\n<td data-start=\"1365\" data-end=\"1383\" data-col-size=\"sm\">Fr\u00e9quence<\/td>\n<td data-col-size=\"sm\" data-start=\"1383\" data-end=\"1407\">LF<\/td>\n<td data-col-size=\"md\" data-start=\"1407\" data-end=\"1462\">134,2 kHz (FDX-B)<\/td>\n<\/tr>\n<tr data-start=\"1463\" data-end=\"1560\">\n<td data-start=\"1463\" data-end=\"1481\" data-col-size=\"sm\">normes<\/td>\n<td data-col-size=\"sm\" data-start=\"1481\" data-end=\"1505\">Protocole<\/td>\n<td data-col-size=\"md\" data-start=\"1505\" data-end=\"1560\">ISO 11784\/11785 (FDX-B)<\/td>\n<\/tr>\n<tr data-start=\"1561\" data-end=\"1658\">\n<td data-start=\"1561\" data-end=\"1579\" data-col-size=\"sm\">\u00c9br\u00e9cher<\/td>\n<td data-start=\"1579\" data-end=\"1603\" data-col-size=\"sm\">CI<\/td>\n<td data-col-size=\"md\" data-start=\"1603\" data-end=\"1658\">EM4305<\/td>\n<\/tr>\n<tr data-start=\"1659\" data-end=\"1756\">\n<td data-start=\"1659\" data-end=\"1677\" data-col-size=\"sm\">Dimensions<\/td>\n<td data-col-size=\"sm\" data-start=\"1677\" data-end=\"1701\">Tailles<\/td>\n<td data-col-size=\"md\" data-start=\"1701\" data-end=\"1756\">1,25 \u00d7 7 mm ; 1,4 \u00d7 8 mm ; 2 \u00d7 12 mm ; 3 \u00d7 15 mm<\/td>\n<\/tr>\n<tr data-start=\"1757\" data-end=\"1854\">\n<td data-start=\"1757\" data-end=\"1775\" data-col-size=\"sm\">Mat\u00e9riels<\/td>\n<td data-col-size=\"sm\" data-start=\"1775\" data-end=\"1799\">Capsule \/ Antenne<\/td>\n<td data-col-size=\"md\" data-start=\"1799\" data-end=\"1854\">Bioverre m\u00e9dical \/ Cuivre<\/td>\n<\/tr>\n<tr data-start=\"1855\" data-end=\"1952\">\n<td data-start=\"1855\" data-end=\"1873\" data-col-size=\"sm\">Rev\u00eatement<\/td>\n<td data-col-size=\"sm\" data-start=\"1873\" data-end=\"1897\">Parylene<\/td>\n<td data-col-size=\"md\" data-start=\"1897\" data-end=\"1952\">Oui<\/td>\n<\/tr>\n<tr data-start=\"1953\" data-end=\"2050\">\n<td data-start=\"1953\" data-end=\"1971\" data-col-size=\"sm\">St\u00e9rilisation<\/td>\n<td data-col-size=\"sm\" data-start=\"1971\" data-end=\"1995\">M\u00e9thode<\/td>\n<td data-col-size=\"md\" data-start=\"1995\" data-end=\"2050\">Gaz oxyde d&#039;\u00e9thyl\u00e8ne (OE)<\/td>\n<\/tr>\n<tr data-start=\"2051\" data-end=\"2148\">\n<td data-start=\"2051\" data-end=\"2069\" data-col-size=\"sm\">Options d&#039;identification<\/td>\n<td data-col-size=\"sm\" data-start=\"2069\" data-end=\"2093\">Num\u00e9rotage<\/td>\n<td data-col-size=\"md\" data-start=\"2093\" data-end=\"2148\">ID al\u00e9atoire ou ID personnalis\u00e9<\/td>\n<\/tr>\n<tr data-start=\"2149\" data-end=\"2246\">\n<td data-start=\"2149\" data-end=\"2167\" data-col-size=\"sm\">Performance<\/td>\n<td data-col-size=\"sm\" data-start=\"2167\" data-end=\"2191\">Plage de lecture<\/td>\n<td data-col-size=\"md\" data-start=\"2191\" data-end=\"2246\">~1 \u00e0 12 cm (selon la taille de l&#039;\u00e9tiquette et le lecteur)<\/td>\n<\/tr>\n<tr data-start=\"2247\" data-end=\"2344\">\n<td data-start=\"2247\" data-end=\"2265\" data-col-size=\"sm\">Environnement<\/td>\n<td data-start=\"2265\" data-end=\"2289\" data-col-size=\"sm\">P\u00e9riode de validit\u00e9<\/td>\n<td data-col-size=\"md\" data-start=\"2289\" data-end=\"2344\">5 ans<\/td>\n<\/tr>\n<tr data-start=\"2345\" data-end=\"2442\">\n<td data-start=\"2345\" data-end=\"2363\" data-col-size=\"sm\">Livraison<\/td>\n<td data-col-size=\"sm\" data-start=\"2363\" data-end=\"2387\">Applicateur<\/td>\n<td data-col-size=\"md\" data-start=\"2387\" data-end=\"2442\">Seringue st\u00e9rile pr\u00e9charg\u00e9e (polypropyl\u00e8ne)<\/td>\n<\/tr>\n<tr data-start=\"2443\" data-end=\"2540\">\n<td data-start=\"2443\" data-end=\"2461\" data-col-size=\"sm\">Op\u00e9ration<\/td>\n<td data-col-size=\"sm\" data-start=\"2461\" data-end=\"2485\">Pouvoir<\/td>\n<td data-col-size=\"md\" data-start=\"2485\" data-end=\"2540\">Passif (sans batterie)<\/td>\n<\/tr>\n<tr data-start=\"2541\" data-end=\"2638\">\n<td data-start=\"2541\" data-end=\"2559\" data-col-size=\"sm\">Application<\/td>\n<td data-col-size=\"sm\" data-start=\"2559\" data-end=\"2583\">Cas d&#039;utilisation<\/td>\n<td data-col-size=\"md\" data-start=\"2583\" data-end=\"2638\">Identification et gestion des animaux de compagnie (chiens, chats, poissons, animaux exotiques)<\/td>\n<\/tr>\n<tr data-start=\"2639\" data-end=\"2736\">\n<td data-start=\"2639\" data-end=\"2657\" data-col-size=\"sm\">Extras<\/td>\n<td data-col-size=\"sm\" data-start=\"2657\" data-end=\"2681\">Caract\u00e9ristiques de conception<\/td>\n<td data-col-size=\"md\" data-start=\"2681\" data-end=\"2736\">Antibact\u00e9rien, antiallergique, antirejet<\/td>\n<\/tr>\n<\/tbody>\n<\/table>\n<\/div>\n<\/div>","protected":false},"excerpt":{"rendered":"<p>Micropuce LF PET en verre st\u00e9rile (FDX-B 134,2 kHz) avec seringue pr\u00e9charg\u00e9e - conforme \u00e0 la norme ISO 11784\/11785, lectures de 1 \u00e0 12 cm, capsule de bioglass m\u00e9dical avec rev\u00eatement de parylene.<\/p>","protected":false},"featured_media":861,"template":"","meta":{"_gspb_post_css":""},"product_brand":[],"product_cat":[25,24],"product_tag":[],"class_list":{"0":"post-867","1":"product","2":"type-product","3":"status-publish","4":"has-post-thumbnail","6":"product_cat-rfid-animal-glass-tube-tag-pets-microchip","7":"product_cat-rfid-tags","9":"first","10":"instock","11":"shipping-taxable","12":"purchasable","13":"product-type-simple"},"_links":{"self":[{"href":"https:\/\/www.cxjsmartcard.com\/fr\/wp-json\/wp\/v2\/product\/867","targetHints":{"allow":["GET"]}}],"collection":[{"href":"https:\/\/www.cxjsmartcard.com\/fr\/wp-json\/wp\/v2\/product"}],"about":[{"href":"https:\/\/www.cxjsmartcard.com\/fr\/wp-json\/wp\/v2\/types\/product"}],"wp:featuredmedia":[{"embeddable":true,"href":"https:\/\/www.cxjsmartcard.com\/fr\/wp-json\/wp\/v2\/media\/861"}],"wp:attachment":[{"href":"https:\/\/www.cxjsmartcard.com\/fr\/wp-json\/wp\/v2\/media?parent=867"}],"wp:term":[{"taxonomy":"product_brand","embeddable":true,"href":"https:\/\/www.cxjsmartcard.com\/fr\/wp-json\/wp\/v2\/product_brand?post=867"},{"taxonomy":"product_cat","embeddable":true,"href":"https:\/\/www.cxjsmartcard.com\/fr\/wp-json\/wp\/v2\/product_cat?post=867"},{"taxonomy":"product_tag","embeddable":true,"href":"https:\/\/www.cxjsmartcard.com\/fr\/wp-json\/wp\/v2\/product_tag?post=867"}],"curies":[{"name":"wp","href":"https:\/\/api.w.org\/{rel}","templated":true}]}}