{"id":866,"date":"2025-11-03T08:37:44","date_gmt":"2025-11-03T08:37:44","guid":{"rendered":"https:\/\/www.cxjsmartcard.com\/?post_type=product&#038;p=866"},"modified":"2025-12-29T01:27:08","modified_gmt":"2025-12-29T01:27:08","slug":"pet-chip-134khz-rfid-em4305-animal-tracking-microchip-with-applicator","status":"publish","type":"product","link":"https:\/\/www.cxjsmartcard.com\/fr\/pet-chip-134khz-rfid-em4305-animal-tracking-microchip-with-applicator\/","title":{"rendered":"Puce RFID 134 kHz EM4305 pour le suivi des animaux avec applicateur"},"content":{"rendered":"<p data-start=\"81\" data-end=\"413\">Puce \u00e9lectronique LF pour animaux, permettant une identification permanente et facilitant la r\u00e9cup\u00e9ration. De la taille d&#039;un grain de riz, elle est inject\u00e9e par voie sous-cutan\u00e9e \u00e0 l&#039;aide de l&#039;applicateur fourni. Une fois enregistr\u00e9e, son identifiant unique \u00e0 15 chiffres permet de relier votre animal \u00e0 vos coordonn\u00e9es, facilitant ainsi sa r\u00e9unification par les v\u00e9t\u00e9rinaires, les refuges et les services de la fourri\u00e8re.<\/p>\n<p data-start=\"415\" data-end=\"620\"><strong data-start=\"415\" data-end=\"439\">Qu&#039;est-ce qu&#039;une puce \u00e9lectronique ?<\/strong><br data-start=\"439\" data-end=\"442\" \/>Une proc\u00e9dure rapide et s\u00fbre, r\u00e9alis\u00e9e par un v\u00e9t\u00e9rinaire ou un implanteur qualifi\u00e9. Le minuscule transpondeur passif ne n\u00e9cessite aucune pile et est con\u00e7u pour durer toute la vie de l&#039;animal.<\/p>\n<p data-start=\"622\" data-end=\"939\"><strong data-start=\"622\" data-end=\"657\">Comment cela aide \u00e0 retrouver un animal perdu<\/strong><br data-start=\"657\" data-end=\"660\" \/>Lorsqu&#039;un animal est trouv\u00e9, un utilisateur autoris\u00e9 le scanne pour lire son code unique \u00e0 15 chiffres. Ce code est v\u00e9rifi\u00e9 dans la base de donn\u00e9es d&#039;enregistrement, qui effectue un contr\u00f4le de s\u00e9curit\u00e9 avant de communiquer les coordonn\u00e9es du propri\u00e9taire \u00e0 la personne autoris\u00e9e, permettant ainsi des retrouvailles rapides.<\/p>\n<p data-start=\"941\" data-end=\"958\"><strong data-start=\"941\" data-end=\"956\">D\u00e9tails cl\u00e9s<\/strong><\/p>\n<ul data-start=\"959\" data-end=\"1313\">\n<li data-start=\"959\" data-end=\"1004\">\n<p data-start=\"961\" data-end=\"1004\"><strong data-start=\"961\" data-end=\"975\">Fr\u00e9quence:<\/strong> LF 125\/134,2 kHz (FDX\/HDX)<\/p>\n<\/li>\n<li data-start=\"1005\" data-end=\"1032\">\n<p data-start=\"1007\" data-end=\"1032\"><strong data-start=\"1007\" data-end=\"1023\">Option puce :<\/strong> EM4305<\/p>\n<\/li>\n<li data-start=\"1033\" data-end=\"1121\">\n<p data-start=\"1035\" data-end=\"1121\"><strong data-start=\"1035\" data-end=\"1050\">Plage de lecture\u00a0:<\/strong> LF 1\u201310 cm (selon le lecteur) ; HF 1\u20133 cm (lorsqu&#039;il est utilis\u00e9 avec des syst\u00e8mes HF)<\/p>\n<\/li>\n<li data-start=\"1122\" data-end=\"1202\">\n<p data-start=\"1124\" data-end=\"1202\"><strong data-start=\"1124\" data-end=\"1138\">Normes :<\/strong> ISO 11784\/11785 (FDX\/HDX) ; ISO 15693 (compatibilit\u00e9 HF not\u00e9e)<\/p>\n<\/li>\n<li data-start=\"1203\" data-end=\"1313\">\n<p data-start=\"1205\" data-end=\"1313\"><strong data-start=\"1205\" data-end=\"1219\">Cas d&#039;utilisation\u00a0:<\/strong> Gestion et identification des animaux de compagnie (chiens, chats, poissons) et des animaux sauvages\/exotiques (ex. : tigre, lion)<\/p>\n<\/li>\n<\/ul>\n<p data-start=\"1315\" data-end=\"1406\"><strong data-start=\"1315\" data-end=\"1335\">Le forfait comprend<\/strong><br data-start=\"1335\" data-end=\"1338\" \/>Seringue st\u00e9rile pr\u00e9charg\u00e9e avec la micropuce pr\u00eate \u00e0 \u00eatre implant\u00e9e.<\/p>\n<h2 data-start=\"1408\" data-end=\"1433\">Tableau (Sp\u00e9cifications)<\/h2>\n<div class=\"_tableContainer_1rjym_1\">\n<div class=\"group _tableWrapper_1rjym_13 flex w-fit flex-col-reverse\" tabindex=\"-1\">\n<table class=\"w-fit min-w-(--thread-content-width)\" data-start=\"1435\" data-end=\"3047\">\n<thead data-start=\"1435\" data-end=\"1549\">\n<tr data-start=\"1435\" data-end=\"1549\">\n<th data-start=\"1435\" data-end=\"1453\" data-col-size=\"sm\">Cat\u00e9gorie<\/th>\n<th data-start=\"1453\" data-end=\"1476\" data-col-size=\"sm\">Param\u00e8tre<\/th>\n<th data-start=\"1476\" data-end=\"1549\" data-col-size=\"md\">Valeur<\/th>\n<\/tr>\n<\/thead>\n<tbody data-start=\"1665\" data-end=\"3047\">\n<tr data-start=\"1665\" data-end=\"1779\">\n<td data-start=\"1665\" data-end=\"1683\" data-col-size=\"sm\">Produit<\/td>\n<td data-col-size=\"sm\" data-start=\"1683\" data-end=\"1706\">Taper<\/td>\n<td data-col-size=\"md\" data-start=\"1706\" data-end=\"1779\">Puce \u00e9lectronique RFID LF pour animaux avec applicateur<\/td>\n<\/tr>\n<tr data-start=\"1780\" data-end=\"1894\">\n<td data-start=\"1780\" data-end=\"1798\" data-col-size=\"sm\">Fr\u00e9quence<\/td>\n<td data-col-size=\"sm\" data-start=\"1798\" data-end=\"1821\">LF<\/td>\n<td data-col-size=\"md\" data-start=\"1821\" data-end=\"1894\">125\/134,2 kHz (FDX\/HDX)<\/td>\n<\/tr>\n<tr data-start=\"1895\" data-end=\"2010\">\n<td data-start=\"1895\" data-end=\"1913\" data-col-size=\"sm\">\u00c9br\u00e9cher<\/td>\n<td data-col-size=\"sm\" data-start=\"1913\" data-end=\"1936\">CI<\/td>\n<td data-col-size=\"md\" data-start=\"1936\" data-end=\"2010\">EM4305<\/td>\n<\/tr>\n<tr data-start=\"2011\" data-end=\"2125\">\n<td data-start=\"2011\" data-end=\"2029\" data-col-size=\"sm\">Protocoles<\/td>\n<td data-col-size=\"sm\" data-start=\"2029\" data-end=\"2052\">Conformit\u00e9<\/td>\n<td data-col-size=\"md\" data-start=\"2052\" data-end=\"2125\">ISO 11784\/11785 (FDX\/HDX) ; ISO 15693 (flux de travail HF)<\/td>\n<\/tr>\n<tr data-start=\"2126\" data-end=\"2240\">\n<td data-start=\"2126\" data-end=\"2144\" data-col-size=\"sm\">Tailles<\/td>\n<td data-col-size=\"sm\" data-start=\"2144\" data-end=\"2167\">Dimensions de la capsule<\/td>\n<td data-col-size=\"md\" data-start=\"2167\" data-end=\"2240\">1,25 \u00d7 7 mm ; 1,4 \u00d7 8 mm ; 2,12 \u00d7 8 mm ; 2,12 \u00d7 12 mm ; 3 \u00d7 15 mm ; 4 \u00d7 32 mm ; sur mesure<\/td>\n<\/tr>\n<tr data-start=\"2241\" data-end=\"2355\">\n<td data-start=\"2241\" data-end=\"2259\" data-col-size=\"sm\">Performance<\/td>\n<td data-col-size=\"sm\" data-start=\"2259\" data-end=\"2282\">Distance de lecture<\/td>\n<td data-col-size=\"md\" data-start=\"2282\" data-end=\"2355\">LF 1\u201310 cm ; HF 1\u20133 cm<\/td>\n<\/tr>\n<tr data-start=\"2356\" data-end=\"2471\">\n<td data-start=\"2356\" data-end=\"2374\" data-col-size=\"sm\">Environnement<\/td>\n<td data-start=\"2374\" data-end=\"2397\" data-col-size=\"sm\">Temp\u00e9rature de fonctionnement<\/td>\n<td data-col-size=\"md\" data-start=\"2397\" data-end=\"2471\">20 \u00b0C \u00e0 50 \u00b0C<\/td>\n<\/tr>\n<tr data-start=\"2472\" data-end=\"2587\">\n<td data-start=\"2472\" data-end=\"2490\" data-col-size=\"sm\"><\/td>\n<td data-start=\"2490\" data-end=\"2513\" data-col-size=\"sm\">Temp\u00e9rature de stockage<\/td>\n<td data-col-size=\"md\" data-start=\"2513\" data-end=\"2587\">\u221240 \u2103 \u00e0 +70 \u2103<\/td>\n<\/tr>\n<tr data-start=\"2588\" data-end=\"2702\">\n<td data-start=\"2588\" data-end=\"2606\" data-col-size=\"sm\">Livraison<\/td>\n<td data-col-size=\"sm\" data-start=\"2606\" data-end=\"2629\">Format<\/td>\n<td data-col-size=\"md\" data-start=\"2629\" data-end=\"2702\">Seringue st\u00e9rile pr\u00e9charg\u00e9e (applicateur)<\/td>\n<\/tr>\n<tr data-start=\"2703\" data-end=\"2817\">\n<td data-start=\"2703\" data-end=\"2721\" data-col-size=\"sm\">Op\u00e9ration<\/td>\n<td data-start=\"2721\" data-end=\"2744\" data-col-size=\"sm\">Pouvoir<\/td>\n<td data-start=\"2744\" data-end=\"2817\" data-col-size=\"md\">Passif (sans batterie)<\/td>\n<\/tr>\n<tr data-start=\"2818\" data-end=\"2932\">\n<td data-start=\"2818\" data-end=\"2836\" data-col-size=\"sm\">Application<\/td>\n<td data-start=\"2836\" data-end=\"2859\" data-col-size=\"sm\">Animaux<\/td>\n<td data-start=\"2859\" data-end=\"2932\" data-col-size=\"md\">Chiens, chats, poissons et autres esp\u00e8ces<\/td>\n<\/tr>\n<tr data-start=\"2933\" data-end=\"3047\">\n<td data-start=\"2933\" data-end=\"2951\" data-col-size=\"sm\">Fonction<\/td>\n<td data-start=\"2951\" data-end=\"2974\" data-col-size=\"sm\">Identifiant unique<\/td>\n<td data-col-size=\"md\" data-start=\"2974\" data-end=\"3047\">Code \u00e0 15 chiffres pour l&#039;enregistrement et la r\u00e9cup\u00e9ration<\/td>\n<\/tr>\n<\/tbody>\n<\/table>\n<\/div>\n<\/div>","protected":false},"excerpt":{"rendered":"<p>Puce \u00e9lectronique pour animaux de compagnie LF 125\/134,2 kHz EM4305 avec applicateur st\u00e9rile pr\u00e9charg\u00e9 - conforme aux normes ISO 11784\/11785, port\u00e9e de lecture de 1 \u00e0 10 cm, plusieurs tailles pour l&#039;identification permanente des animaux.<\/p>","protected":false},"featured_media":864,"template":"","meta":{"_gspb_post_css":""},"product_brand":[],"product_cat":[24,25],"product_tag":[],"class_list":{"0":"post-866","1":"product","2":"type-product","3":"status-publish","4":"has-post-thumbnail","6":"product_cat-rfid-tags","7":"product_cat-rfid-animal-glass-tube-tag-pets-microchip","9":"first","10":"instock","11":"shipping-taxable","12":"purchasable","13":"product-type-simple"},"_links":{"self":[{"href":"https:\/\/www.cxjsmartcard.com\/fr\/wp-json\/wp\/v2\/product\/866","targetHints":{"allow":["GET"]}}],"collection":[{"href":"https:\/\/www.cxjsmartcard.com\/fr\/wp-json\/wp\/v2\/product"}],"about":[{"href":"https:\/\/www.cxjsmartcard.com\/fr\/wp-json\/wp\/v2\/types\/product"}],"wp:featuredmedia":[{"embeddable":true,"href":"https:\/\/www.cxjsmartcard.com\/fr\/wp-json\/wp\/v2\/media\/864"}],"wp:attachment":[{"href":"https:\/\/www.cxjsmartcard.com\/fr\/wp-json\/wp\/v2\/media?parent=866"}],"wp:term":[{"taxonomy":"product_brand","embeddable":true,"href":"https:\/\/www.cxjsmartcard.com\/fr\/wp-json\/wp\/v2\/product_brand?post=866"},{"taxonomy":"product_cat","embeddable":true,"href":"https:\/\/www.cxjsmartcard.com\/fr\/wp-json\/wp\/v2\/product_cat?post=866"},{"taxonomy":"product_tag","embeddable":true,"href":"https:\/\/www.cxjsmartcard.com\/fr\/wp-json\/wp\/v2\/product_tag?post=866"}],"curies":[{"name":"wp","href":"https:\/\/api.w.org\/{rel}","templated":true}]}}