{"id":860,"date":"2025-11-03T08:35:42","date_gmt":"2025-11-03T08:35:42","guid":{"rendered":"https:\/\/www.cxjsmartcard.com\/?post_type=product&#038;p=860"},"modified":"2025-12-29T01:27:08","modified_gmt":"2025-12-29T01:27:08","slug":"icar-certified-lf-fdx-b-134-2-khz-rfid-pet-chip-microchip-tag","status":"publish","type":"product","link":"https:\/\/www.cxjsmartcard.com\/fr\/icar-certified-lf-fdx-b-134-2-khz-rfid-pet-chip-microchip-tag\/","title":{"rendered":"Puce RFID pour animaux de compagnie certifi\u00e9e ICAR LF FDX-B 134,2 kHz"},"content":{"rendered":"<p data-start=\"73\" data-end=\"392\">Puce \u00e9lectronique LF certifi\u00e9e ICAR pour l&#039;identification et la gestion permanentes des animaux de compagnie. Bas\u00e9e sur la norme FDX-B 134,2 kHz et log\u00e9e dans un bioglass st\u00e9rile, cette minuscule puce est inject\u00e9e par voie sous-cutan\u00e9e et lue par des scanners compatibles ISO utilis\u00e9s par les v\u00e9t\u00e9rinaires, les refuges et les services de contr\u00f4le animalier pour une r\u00e9unification rapide des animaux.<\/p>\n<p data-start=\"394\" data-end=\"607\"><strong data-start=\"394\" data-end=\"408\">Qu&#039;est-ce que c&#039;est<\/strong><br data-start=\"408\" data-end=\"411\" \/>Une seringue pr\u00e9-st\u00e9rilis\u00e9e contenant une micropuce RFID passive en verre. Une fois implant\u00e9e, la puce fournit un identifiant unique qui permet d&#039;acc\u00e9der aux donn\u00e9es d&#039;enregistrement des chiens, chats, poissons et autres animaux de compagnie.<\/p>\n<p data-start=\"609\" data-end=\"759\"><strong data-start=\"609\" data-end=\"635\">Normes et conformit\u00e9<\/strong><br data-start=\"635\" data-end=\"638\" \/>FDX-B conforme aux normes ISO 11784\/11785, certification ICAR. Une variante HF\/NFC optionnelle est disponible (ISO\/IEC 14443A) pour des flux de travail sp\u00e9cifiques.<\/p>\n<p data-start=\"761\" data-end=\"880\"><strong data-start=\"761\" data-end=\"774\">Cas d&#039;utilisation<\/strong><br data-start=\"774\" data-end=\"777\" \/>Identification et r\u00e9cup\u00e9ration des animaux de compagnie \u2022 Gestion des dossiers de vaccination contre la rage \u2022 Suivi du cycle de vie des animaux.<\/p>\n<h2 data-start=\"882\" data-end=\"907\">Tableau (Sp\u00e9cifications)<\/h2>\n<div class=\"_tableContainer_1rjym_1\">\n<div class=\"group _tableWrapper_1rjym_13 flex w-fit flex-col-reverse\" tabindex=\"-1\">\n<table class=\"w-fit min-w-(--thread-content-width)\" data-start=\"909\" data-end=\"2572\">\n<thead data-start=\"909\" data-end=\"1019\">\n<tr data-start=\"909\" data-end=\"1019\">\n<th data-start=\"909\" data-end=\"927\" data-col-size=\"sm\">Cat\u00e9gorie<\/th>\n<th data-start=\"927\" data-end=\"946\" data-col-size=\"sm\">Param\u00e8tre<\/th>\n<th data-start=\"946\" data-end=\"1019\" data-col-size=\"md\">Valeur<\/th>\n<\/tr>\n<\/thead>\n<tbody data-start=\"1131\" data-end=\"2572\">\n<tr data-start=\"1131\" data-end=\"1240\">\n<td data-start=\"1131\" data-end=\"1149\" data-col-size=\"sm\">Produit<\/td>\n<td data-col-size=\"sm\" data-start=\"1149\" data-end=\"1168\">Taper<\/td>\n<td data-col-size=\"md\" data-start=\"1168\" data-end=\"1240\">Puce RFID pour verre animal<\/td>\n<\/tr>\n<tr data-start=\"1241\" data-end=\"1351\">\n<td data-start=\"1241\" data-end=\"1259\" data-col-size=\"sm\">Certification<\/td>\n<td data-col-size=\"sm\" data-start=\"1259\" data-end=\"1278\">ICAR<\/td>\n<td data-col-size=\"md\" data-start=\"1278\" data-end=\"1351\">Oui<\/td>\n<\/tr>\n<tr data-start=\"1352\" data-end=\"1462\">\n<td data-start=\"1352\" data-end=\"1370\" data-col-size=\"sm\">Fr\u00e9quence<\/td>\n<td data-col-size=\"sm\" data-start=\"1370\" data-end=\"1389\">LF<\/td>\n<td data-col-size=\"md\" data-start=\"1389\" data-end=\"1462\">134,2 kHz (FDX-B)<\/td>\n<\/tr>\n<tr data-start=\"1463\" data-end=\"1573\">\n<td data-start=\"1463\" data-end=\"1481\" data-col-size=\"sm\">Protocole<\/td>\n<td data-col-size=\"sm\" data-start=\"1481\" data-end=\"1500\">normes<\/td>\n<td data-col-size=\"md\" data-start=\"1500\" data-end=\"1573\">ISO 11784\/11785 (FDX-B)\u00a0; optionnel ISO\/IEC 14443A (variante NFC)<\/td>\n<\/tr>\n<tr data-start=\"1574\" data-end=\"1684\">\n<td data-start=\"1574\" data-end=\"1592\" data-col-size=\"sm\">Options de puce<\/td>\n<td data-col-size=\"sm\" data-start=\"1592\" data-end=\"1611\">CI<\/td>\n<td data-col-size=\"md\" data-start=\"1611\" data-end=\"1684\">EM4305\u00a0; NTAG213 (option NFC213)<\/td>\n<\/tr>\n<tr data-start=\"1685\" data-end=\"1795\">\n<td data-start=\"1685\" data-end=\"1703\" data-col-size=\"sm\">Mat\u00e9riels<\/td>\n<td data-start=\"1703\" data-end=\"1722\" data-col-size=\"sm\">Capsule<\/td>\n<td data-col-size=\"md\" data-start=\"1722\" data-end=\"1795\">Bioglass m\u00e9dical<\/td>\n<\/tr>\n<tr data-start=\"1796\" data-end=\"1906\">\n<td data-start=\"1796\" data-end=\"1814\" data-col-size=\"sm\">Dimensions<\/td>\n<td data-col-size=\"sm\" data-start=\"1814\" data-end=\"1833\">Tailles<\/td>\n<td data-col-size=\"md\" data-start=\"1833\" data-end=\"1906\">1,25 \u00d7 7 mm ; 1,4 \u00d7 8 mm ; 2 \u00d7 8 mm ; 2,12 \u00d7 12 mm ; 3 \u00d7 15 mm<\/td>\n<\/tr>\n<tr data-start=\"1907\" data-end=\"2017\">\n<td data-start=\"1907\" data-end=\"1925\" data-col-size=\"sm\">St\u00e9rilisation<\/td>\n<td data-col-size=\"sm\" data-start=\"1925\" data-end=\"1944\">M\u00e9thode<\/td>\n<td data-col-size=\"md\" data-start=\"1944\" data-end=\"2017\">100% st\u00e9rilisation de qualit\u00e9 m\u00e9dicale<\/td>\n<\/tr>\n<tr data-start=\"2018\" data-end=\"2128\">\n<td data-start=\"2018\" data-end=\"2036\" data-col-size=\"sm\">Validit\u00e9<\/td>\n<td data-col-size=\"sm\" data-start=\"2036\" data-end=\"2055\">Dur\u00e9e de vie<\/td>\n<td data-col-size=\"md\" data-start=\"2055\" data-end=\"2128\">5 ans<\/td>\n<\/tr>\n<tr data-start=\"2129\" data-end=\"2239\">\n<td data-start=\"2129\" data-end=\"2147\" data-col-size=\"sm\">Op\u00e9ration<\/td>\n<td data-col-size=\"sm\" data-start=\"2147\" data-end=\"2166\">Pouvoir<\/td>\n<td data-col-size=\"md\" data-start=\"2166\" data-end=\"2239\">Passif (sans batterie)<\/td>\n<\/tr>\n<tr data-start=\"2240\" data-end=\"2350\">\n<td data-start=\"2240\" data-end=\"2258\" data-col-size=\"sm\">Application<\/td>\n<td data-start=\"2258\" data-end=\"2277\" data-col-size=\"sm\">Animaux<\/td>\n<td data-col-size=\"md\" data-start=\"2277\" data-end=\"2350\">Chiens, chats, poissons et autres animaux de compagnie<\/td>\n<\/tr>\n<tr data-start=\"2351\" data-end=\"2461\">\n<td data-start=\"2351\" data-end=\"2369\" data-col-size=\"sm\">Livraison<\/td>\n<td data-start=\"2369\" data-end=\"2388\" data-col-size=\"sm\">Format<\/td>\n<td data-start=\"2388\" data-end=\"2461\" data-col-size=\"md\">Seringue st\u00e9rile pr\u00e9charg\u00e9e avec micropuce<\/td>\n<\/tr>\n<tr data-start=\"2462\" data-end=\"2572\">\n<td data-start=\"2462\" data-end=\"2480\" data-col-size=\"sm\">Fonction<\/td>\n<td data-start=\"2480\" data-end=\"2499\" data-col-size=\"sm\">But<\/td>\n<td data-col-size=\"md\" data-start=\"2499\" data-end=\"2572\">Suivi et identification des animaux de compagnie<\/td>\n<\/tr>\n<\/tbody>\n<\/table>\n<\/div>\n<\/div>","protected":false},"excerpt":{"rendered":"<p>Puce \u00e9lectronique pour animaux de compagnie FDX-B 134,2 kHz certifi\u00e9e ICAR dans du bioglass st\u00e9rile - identification passive et sans pile pour chiens, chats et autres animaux de compagnie ; conforme aux normes ISO 11784\/11785 avec administration par seringue.<\/p>","protected":false},"featured_media":865,"template":"","meta":{"_gspb_post_css":""},"product_brand":[],"product_cat":[24,25],"product_tag":[],"class_list":{"0":"post-860","1":"product","2":"type-product","3":"status-publish","4":"has-post-thumbnail","6":"product_cat-rfid-tags","7":"product_cat-rfid-animal-glass-tube-tag-pets-microchip","9":"first","10":"instock","11":"shipping-taxable","12":"purchasable","13":"product-type-simple"},"_links":{"self":[{"href":"https:\/\/www.cxjsmartcard.com\/fr\/wp-json\/wp\/v2\/product\/860","targetHints":{"allow":["GET"]}}],"collection":[{"href":"https:\/\/www.cxjsmartcard.com\/fr\/wp-json\/wp\/v2\/product"}],"about":[{"href":"https:\/\/www.cxjsmartcard.com\/fr\/wp-json\/wp\/v2\/types\/product"}],"wp:featuredmedia":[{"embeddable":true,"href":"https:\/\/www.cxjsmartcard.com\/fr\/wp-json\/wp\/v2\/media\/865"}],"wp:attachment":[{"href":"https:\/\/www.cxjsmartcard.com\/fr\/wp-json\/wp\/v2\/media?parent=860"}],"wp:term":[{"taxonomy":"product_brand","embeddable":true,"href":"https:\/\/www.cxjsmartcard.com\/fr\/wp-json\/wp\/v2\/product_brand?post=860"},{"taxonomy":"product_cat","embeddable":true,"href":"https:\/\/www.cxjsmartcard.com\/fr\/wp-json\/wp\/v2\/product_cat?post=860"},{"taxonomy":"product_tag","embeddable":true,"href":"https:\/\/www.cxjsmartcard.com\/fr\/wp-json\/wp\/v2\/product_tag?post=860"}],"curies":[{"name":"wp","href":"https:\/\/api.w.org\/{rel}","templated":true}]}}