{"id":850,"date":"2025-11-03T08:28:47","date_gmt":"2025-11-03T08:28:47","guid":{"rendered":"https:\/\/www.cxjsmartcard.com\/?post_type=product&#038;p=850"},"modified":"2025-12-29T01:27:08","modified_gmt":"2025-12-29T01:27:08","slug":"uhf-rfid-dry-inlay-with-ucode-9","status":"publish","type":"product","link":"https:\/\/www.cxjsmartcard.com\/fr\/uhf-rfid-dry-inlay-with-ucode-9\/","title":{"rendered":"Incrustation s\u00e8che RFID UHF avec UCODE 9"},"content":{"rendered":"<p data-start=\"43\" data-end=\"468\">Incrustation s\u00e8che UHF pour syst\u00e8mes 860\u2013960 MHz, con\u00e7ue comme un composant semi-fini facilement transformable en tickets, \u00e9tiquettes, cartes et badges. Bas\u00e9e sur la technologie NXP\u00ae UCODE\u00ae 9, cette incrustation utilise une antenne en aluminium grav\u00e9e sur PET avec un proc\u00e9d\u00e9 de liaison flip-chip pour une conversion fiable \u00e0 haut volume et des performances constantes. La distance de lecture typique atteint environ 3,3 m (10 pieds) dans des configurations UHF optimis\u00e9es.<\/p>\n<p data-start=\"470\" data-end=\"487\"><strong data-start=\"470\" data-end=\"485\">Pourquoi \u00e7a convient<\/strong><\/p>\n<ul data-start=\"488\" data-end=\"829\">\n<li data-start=\"488\" data-end=\"568\">\n<p data-start=\"490\" data-end=\"568\"><strong data-start=\"490\" data-end=\"510\">Conforme aux normes :<\/strong> EPC Classe 1 Gen 2 \/ ISO\/IEC 18000-6C, fonctionnement passif<\/p>\n<\/li>\n<li data-start=\"569\" data-end=\"658\">\n<p data-start=\"571\" data-end=\"658\"><strong data-start=\"571\" data-end=\"589\">Construction robuste :<\/strong> Substrat PET\u00a0; \u00e9tiquettes r\u00e9sistantes \u00e0 l\u2019abrasion et aux solvants<\/p>\n<\/li>\n<li data-start=\"659\" data-end=\"746\">\n<p data-start=\"661\" data-end=\"746\"><strong data-start=\"661\" data-end=\"682\">Formats flexibles\u00a0:<\/strong> Incrustation \u00e0 sec (sans adh\u00e9sif) ou incrustation humide\/\u00e9tiquette finie<\/p>\n<\/li>\n<li data-start=\"747\" data-end=\"829\">\n<p data-start=\"749\" data-end=\"829\"><strong data-start=\"749\" data-end=\"773\">Adapt\u00e9 \u00e0 la production :<\/strong> Fourni en rouleaux pour la transformation et l&#039;impression automatis\u00e9es<\/p>\n<\/li>\n<\/ul>\n<p data-start=\"831\" data-end=\"1027\"><strong data-start=\"831\" data-end=\"847\">Applications<\/strong><br data-start=\"847\" data-end=\"850\" \/>Cha\u00eene d&#039;approvisionnement (cartons, palettes, \u00e9tiquettes d&#039;exp\u00e9dition) \u2022 Vente au d\u00e9tail et logistique (\u00e9tiquettes volantes pour v\u00eatements, \u00e9tiquettes pour bagages, suivi des actifs) \u2022 Gestion des documents\/fichiers \u2022 Acc\u00e8s aux \u00e9v\u00e9nements et image de marque.<\/p>\n<h2 data-start=\"1029\" data-end=\"1054\">Tableau (Sp\u00e9cifications)<\/h2>\n<div class=\"_tableContainer_1rjym_1\">\n<div class=\"group _tableWrapper_1rjym_13 flex w-fit flex-col-reverse\" tabindex=\"-1\">\n<table class=\"w-fit min-w-(--thread-content-width)\" data-start=\"1056\" data-end=\"3413\">\n<thead data-start=\"1056\" data-end=\"1167\">\n<tr data-start=\"1056\" data-end=\"1167\">\n<th data-start=\"1056\" data-end=\"1078\" data-col-size=\"sm\">Cat\u00e9gorie<\/th>\n<th data-start=\"1078\" data-end=\"1107\" data-col-size=\"sm\">Param\u00e8tre<\/th>\n<th data-start=\"1107\" data-end=\"1167\" data-col-size=\"md\">Valeur<\/th>\n<\/tr>\n<\/thead>\n<tbody data-start=\"1280\" data-end=\"3413\">\n<tr data-start=\"1280\" data-end=\"1391\">\n<td data-start=\"1280\" data-end=\"1302\" data-col-size=\"sm\">Produit<\/td>\n<td data-start=\"1302\" data-end=\"1331\" data-col-size=\"sm\">Taper<\/td>\n<td data-col-size=\"md\" data-start=\"1331\" data-end=\"1391\">Incrustation s\u00e8che RFID UHF (convertible en version humide\/\u00e9tiquette)<\/td>\n<\/tr>\n<tr data-start=\"1392\" data-end=\"1503\">\n<td data-start=\"1392\" data-end=\"1414\" data-col-size=\"sm\">CI<\/td>\n<td data-col-size=\"sm\" data-start=\"1414\" data-end=\"1443\">\u00c9br\u00e9cher<\/td>\n<td data-col-size=\"md\" data-start=\"1443\" data-end=\"1503\">NXP\u00ae UCODE\u00ae 9<\/td>\n<\/tr>\n<tr data-start=\"1504\" data-end=\"1615\">\n<td data-start=\"1504\" data-end=\"1526\" data-col-size=\"sm\">RF<\/td>\n<td data-col-size=\"sm\" data-start=\"1526\" data-end=\"1555\">Fr\u00e9quence<\/td>\n<td data-col-size=\"md\" data-start=\"1555\" data-end=\"1615\">860\u2013960 MHz<\/td>\n<\/tr>\n<tr data-start=\"1616\" data-end=\"1727\">\n<td data-start=\"1616\" data-end=\"1638\" data-col-size=\"sm\"><\/td>\n<td data-col-size=\"sm\" data-start=\"1638\" data-end=\"1667\">Protocole<\/td>\n<td data-col-size=\"md\" data-start=\"1667\" data-end=\"1727\">ISO\/IEC 18000-6C, EPC Classe 1 Gen 2<\/td>\n<\/tr>\n<tr data-start=\"1728\" data-end=\"1839\">\n<td data-start=\"1728\" data-end=\"1750\" data-col-size=\"sm\">Op\u00e9ration<\/td>\n<td data-start=\"1750\" data-end=\"1779\" data-col-size=\"sm\">Mode de fonctionnement<\/td>\n<td data-col-size=\"md\" data-start=\"1779\" data-end=\"1839\">Passif<\/td>\n<\/tr>\n<tr data-start=\"1840\" data-end=\"1951\">\n<td data-start=\"1840\" data-end=\"1862\" data-col-size=\"sm\">Antenne<\/td>\n<td data-col-size=\"sm\" data-start=\"1862\" data-end=\"1891\">Construction<\/td>\n<td data-col-size=\"md\" data-start=\"1891\" data-end=\"1951\">Gravure sur aluminium<\/td>\n<\/tr>\n<tr data-start=\"1952\" data-end=\"2063\">\n<td data-start=\"1952\" data-end=\"1974\" data-col-size=\"sm\"><\/td>\n<td data-col-size=\"sm\" data-start=\"1974\" data-end=\"2003\">Taille de l&#039;antenne<\/td>\n<td data-col-size=\"md\" data-start=\"2003\" data-end=\"2063\">40 \u00d7 10 mm<\/td>\n<\/tr>\n<tr data-start=\"2064\" data-end=\"2175\">\n<td data-start=\"2064\" data-end=\"2086\" data-col-size=\"sm\">Lire les performances<\/td>\n<td data-start=\"2086\" data-end=\"2115\" data-col-size=\"sm\">Plage de lecture typique<\/td>\n<td data-col-size=\"md\" data-start=\"2115\" data-end=\"2175\">Jusqu&#039;\u00e0 environ 3,3 m (10 pi), selon le lecteur et l&#039;environnement.<\/td>\n<\/tr>\n<tr data-start=\"2176\" data-end=\"2287\">\n<td data-start=\"2176\" data-end=\"2198\" data-col-size=\"sm\">M\u00e9canique<\/td>\n<td data-col-size=\"sm\" data-start=\"2198\" data-end=\"2227\">Substrat<\/td>\n<td data-col-size=\"md\" data-start=\"2227\" data-end=\"2287\">ANIMAL DE COMPAGNIE<\/td>\n<\/tr>\n<tr data-start=\"2288\" data-end=\"2404\">\n<td data-start=\"2288\" data-end=\"2310\" data-col-size=\"sm\">Mat\u00e9riaux d&#039;\u00e9tiquetage<\/td>\n<td data-col-size=\"sm\" data-start=\"2310\" data-end=\"2339\">Options faciales<\/td>\n<td data-col-size=\"md\" data-start=\"2339\" data-end=\"2404\">Papier couch\u00e9 \/ PET \/ Papier synth\u00e9tique \/ Papier thermique \/ sur mesure<\/td>\n<\/tr>\n<tr data-start=\"2405\" data-end=\"2516\">\n<td data-start=\"2405\" data-end=\"2427\" data-col-size=\"sm\">Formats<\/td>\n<td data-col-size=\"sm\" data-start=\"2427\" data-end=\"2456\">Incrustation humide \/ Taille de l&#039;\u00e9tiquette<\/td>\n<td data-col-size=\"md\" data-start=\"2456\" data-end=\"2516\">43 \u00d7 18 mm (ou sur mesure)<\/td>\n<\/tr>\n<tr data-start=\"2517\" data-end=\"2628\">\n<td data-start=\"2517\" data-end=\"2539\" data-col-size=\"sm\">Impression<\/td>\n<td data-col-size=\"sm\" data-start=\"2539\" data-end=\"2568\">Options<\/td>\n<td data-col-size=\"md\" data-start=\"2568\" data-end=\"2628\">Couleur, logo, code-barres, QR, donn\u00e9es variables<\/td>\n<\/tr>\n<tr data-start=\"2629\" data-end=\"2740\">\n<td data-start=\"2629\" data-end=\"2651\" data-col-size=\"sm\">Fiabilit\u00e9<\/td>\n<td data-col-size=\"sm\" data-start=\"2651\" data-end=\"2680\">IC Life<\/td>\n<td data-col-size=\"md\" data-start=\"2680\" data-end=\"2740\">100\u00a0000 cycles de programmation\u00a0; conservation des donn\u00e9es pendant 10\u00a0ans<\/td>\n<\/tr>\n<tr data-start=\"2741\" data-end=\"2852\">\n<td data-start=\"2741\" data-end=\"2763\" data-col-size=\"sm\">Environnement<\/td>\n<td data-col-size=\"sm\" data-start=\"2763\" data-end=\"2792\">Temp\u00e9rature\/humidit\u00e9 de fonctionnement<\/td>\n<td data-col-size=\"md\" data-start=\"2792\" data-end=\"2852\">\u221225 \u00e0 +65 \u00b0C \/ 20\u201380% HR<\/td>\n<\/tr>\n<tr data-start=\"2853\" data-end=\"2964\">\n<td data-start=\"2853\" data-end=\"2875\" data-col-size=\"sm\"><\/td>\n<td data-col-size=\"sm\" data-start=\"2875\" data-end=\"2904\">Temp\u00e9rature\/humidit\u00e9 de stockage<\/td>\n<td data-col-size=\"md\" data-start=\"2904\" data-end=\"2964\">+23 \u2103 \u00b15 \u2103 \/ 50% \u00b110% HR (sans condensation)<\/td>\n<\/tr>\n<tr data-start=\"2965\" data-end=\"3076\">\n<td data-start=\"2965\" data-end=\"2987\" data-col-size=\"sm\">Conditionnement<\/td>\n<td data-col-size=\"sm\" data-start=\"2987\" data-end=\"3016\">Rouleau de fournitures<\/td>\n<td data-col-size=\"md\" data-start=\"3016\" data-end=\"3076\">1\u00a0000 \u00e0 5\u00a0000 pi\u00e8ces\/rouleau\u00a0; 4 rouleaux\/carton<\/td>\n<\/tr>\n<tr data-start=\"3077\" data-end=\"3189\">\n<td data-start=\"3077\" data-end=\"3099\" data-col-size=\"sm\">\u00c9chantillons<\/td>\n<td data-start=\"3099\" data-end=\"3128\" data-col-size=\"sm\">Disponibilit\u00e9<\/td>\n<td data-col-size=\"md\" data-start=\"3128\" data-end=\"3189\">\u00c9chantillons gratuits pour les tests<\/td>\n<\/tr>\n<tr data-start=\"3190\" data-end=\"3301\">\n<td data-start=\"3190\" data-end=\"3212\" data-col-size=\"sm\">Origine<\/td>\n<td data-col-size=\"sm\" data-start=\"3212\" data-end=\"3241\">Lieu d&#039;origine<\/td>\n<td data-col-size=\"md\" data-start=\"3241\" data-end=\"3301\">Chengdu, Chine<\/td>\n<\/tr>\n<tr data-start=\"3302\" data-end=\"3413\">\n<td data-start=\"3302\" data-end=\"3324\" data-col-size=\"sm\">Cas d&#039;utilisation<\/td>\n<td data-col-size=\"sm\" data-start=\"3324\" data-end=\"3353\">Exemples d&#039;application<\/td>\n<td data-col-size=\"md\" data-start=\"3353\" data-end=\"3413\">Cha\u00eene d&#039;approvisionnement, vente au d\u00e9tail\/logistique, documents, acc\u00e8s aux \u00e9v\u00e9nements<\/td>\n<\/tr>\n<\/tbody>\n<\/table>\n<\/div>\n<\/div>","protected":false},"excerpt":{"rendered":"<p>Incrustation s\u00e8che UHF 860\u2013960 MHz avec UCODE 9\u2014PET + aluminium grav\u00e9, EPC Gen2, lectures jusqu&#039;\u00e0 ~10 pieds, fournie en rouleau pour la conversion en \u00e9tiquettes, tickets, cartes et badges.<\/p>","protected":false},"featured_media":851,"template":"","meta":{"_gspb_post_css":""},"product_brand":[],"product_cat":[23],"product_tag":[],"class_list":{"0":"post-850","1":"product","2":"type-product","3":"status-publish","4":"has-post-thumbnail","6":"product_cat-rfid-nfc-inlay","8":"first","9":"instock","10":"shipping-taxable","11":"purchasable","12":"product-type-simple"},"_links":{"self":[{"href":"https:\/\/www.cxjsmartcard.com\/fr\/wp-json\/wp\/v2\/product\/850","targetHints":{"allow":["GET"]}}],"collection":[{"href":"https:\/\/www.cxjsmartcard.com\/fr\/wp-json\/wp\/v2\/product"}],"about":[{"href":"https:\/\/www.cxjsmartcard.com\/fr\/wp-json\/wp\/v2\/types\/product"}],"wp:featuredmedia":[{"embeddable":true,"href":"https:\/\/www.cxjsmartcard.com\/fr\/wp-json\/wp\/v2\/media\/851"}],"wp:attachment":[{"href":"https:\/\/www.cxjsmartcard.com\/fr\/wp-json\/wp\/v2\/media?parent=850"}],"wp:term":[{"taxonomy":"product_brand","embeddable":true,"href":"https:\/\/www.cxjsmartcard.com\/fr\/wp-json\/wp\/v2\/product_brand?post=850"},{"taxonomy":"product_cat","embeddable":true,"href":"https:\/\/www.cxjsmartcard.com\/fr\/wp-json\/wp\/v2\/product_cat?post=850"},{"taxonomy":"product_tag","embeddable":true,"href":"https:\/\/www.cxjsmartcard.com\/fr\/wp-json\/wp\/v2\/product_tag?post=850"}],"curies":[{"name":"wp","href":"https:\/\/api.w.org\/{rel}","templated":true}]}}