{"id":845,"date":"2025-11-03T08:26:37","date_gmt":"2025-11-03T08:26:37","guid":{"rendered":"https:\/\/www.cxjsmartcard.com\/?post_type=product&#038;p=845"},"modified":"2025-12-29T01:27:08","modified_gmt":"2025-12-29T01:27:08","slug":"factory-customization-rfid-waterproof-dry-wet-inlay","status":"publish","type":"product","link":"https:\/\/www.cxjsmartcard.com\/fr\/factory-customization-rfid-waterproof-dry-wet-inlay\/","title":{"rendered":"Incrustation RFID \u00e9tanche pour utilisation s\u00e8che ou humide, personnalisable en usine"},"content":{"rendered":"<p data-start=\"63\" data-end=\"512\">Incrustations RFID \u00e9tanches et r\u00e9sistantes aux intemp\u00e9ries disponibles en <strong data-start=\"128\" data-end=\"135\">sec<\/strong>, <strong data-start=\"137\" data-end=\"144\">mouill\u00e9<\/strong>, ou <strong data-start=\"149\" data-end=\"162\">blanc humide<\/strong> Formats permettant une int\u00e9gration rapide dans les \u00e9tiquettes, les tags et les \u00e9tiquettes de v\u00eatements. Standard <strong data-start=\"242\" data-end=\"258\">HF 13,56 MHz<\/strong> Les versions prennent en charge la norme ISO\/IEC 14443, tandis que <strong data-start=\"295\" data-end=\"310\">options UHF<\/strong> (d\u00e9pendant de la puce) permettent des lectures \u00e0 longue port\u00e9e, id\u00e9ales pour le commerce de d\u00e9tail, la logistique et les environnements difficiles. Fabriqu\u00e9 en <strong data-start=\"421\" data-end=\"441\">Guangdong, Chine<\/strong>, avec une personnalisation OEM compl\u00e8te (taille, puce, format, encodage, marque).<\/p>\n<p data-start=\"514\" data-end=\"532\"><strong data-start=\"514\" data-end=\"530\">Pourquoi \u00e7a marche<\/strong><\/p>\n<ul data-start=\"533\" data-end=\"1084\">\n<li data-start=\"533\" data-end=\"674\">\n<p data-start=\"535\" data-end=\"674\"><strong data-start=\"535\" data-end=\"556\">Formats flexibles\u00a0:<\/strong> Incrustations s\u00e8ches pour la lamination ; incrustations humides avec adh\u00e9sif pour application autocollante ; incrustations blanches humides pour la protection des surfaces imprimables.<\/p>\n<\/li>\n<li data-start=\"675\" data-end=\"768\">\n<p data-start=\"677\" data-end=\"768\"><strong data-start=\"677\" data-end=\"700\">Compatibilit\u00e9 des puces\u00a0:<\/strong> Les familles UCODE, Monza, Alien H3 et U8\/U9 sont compatibles avec les syst\u00e8mes existants.<\/p>\n<\/li>\n<li data-start=\"769\" data-end=\"874\">\n<p data-start=\"771\" data-end=\"874\"><strong data-start=\"771\" data-end=\"796\">Construction durable :<\/strong> Supports d&#039;\u00e9tiquettes en PET ou en papier avec antennes \u00e0 boucle en aluminium ou en cuivre grav\u00e9es.<\/p>\n<\/li>\n<li data-start=\"875\" data-end=\"960\">\n<p data-start=\"877\" data-end=\"960\"><strong data-start=\"877\" data-end=\"904\">Dans une optique de d\u00e9veloppement durable\u00a0:<\/strong> PET recyclable et gravure \u00e0 faible production de d\u00e9chets ; conforme \u00e0 la directive RoHS.<\/p>\n<\/li>\n<li data-start=\"961\" data-end=\"1084\">\n<p data-start=\"963\" data-end=\"1084\"><strong data-start=\"963\" data-end=\"988\">Gamme adapt\u00e9e \u00e0 la t\u00e2che\u00a0:<\/strong> Balayages en champ proche pour HF\u00a0; <strong data-start=\"1014\" data-end=\"1029\">jusqu&#039;\u00e0 environ 10 m<\/strong> Distance de lecture avec UHF (d\u00e9pendante du lecteur et de l&#039;environnement).<\/p>\n<\/li>\n<\/ul>\n<p data-start=\"1086\" data-end=\"1244\"><strong data-start=\"1086\" data-end=\"1099\">Cas d&#039;utilisation<\/strong><br data-start=\"1099\" data-end=\"1102\" \/>\u00c9tiquetage des stocks et des v\u00eatements \u2022 Authentification des produits \u2022 Suivi des actifs dans le commerce de d\u00e9tail et la logistique \u2022 \u00c9tiquettes RFID imprimables et \u00e9tiquettes volantes pour v\u00eatements.<\/p>\n<p data-start=\"1246\" data-end=\"1651\"><strong data-start=\"1246\" data-end=\"1254\">FAQ<\/strong><br data-start=\"1254\" data-end=\"1257\" \/><strong data-start=\"1257\" data-end=\"1288\">Q1 : Puis-je demander un \u00e9chantillon ?<\/strong> Oui, des \u00e9chantillons gratuits sont disponibles pour les tests.<br data-start=\"1338\" data-end=\"1341\" \/><strong data-start=\"1341\" data-end=\"1366\">Q2 : La technologie NFC est-elle prise en charge ?<\/strong> La fr\u00e9quence HF 13,56 MHz prend en charge la technologie NFC en fonction de la puce choisie.<br data-start=\"1422\" data-end=\"1425\" \/><strong data-start=\"1425\" data-end=\"1461\">Q3 : Quels lecteurs sont compatibles ?<\/strong> Tout lecteur portable ou fixe prenant en charge <strong data-start=\"1502\" data-end=\"1519\">ISO\/CEI 14443<\/strong> (HF) ou <strong data-start=\"1528\" data-end=\"1544\">ISO 18000-6C<\/strong> (UHF).<br data-start=\"1551\" data-end=\"1554\" \/><strong data-start=\"1554\" data-end=\"1588\">Q4 : Dans quelle mesure sont-ils personnalisables ?<\/strong> Enti\u00e8rement d&#039;origine (OEM)\u00a0: taille, puce, antenne, format, encodage et marque.<\/p>\n<h2 data-start=\"1653\" data-end=\"1678\">Tableau (Sp\u00e9cifications)<\/h2>\n<div class=\"_tableContainer_1rjym_1\">\n<div class=\"group _tableWrapper_1rjym_13 flex w-fit flex-col-reverse\" tabindex=\"-1\">\n<table class=\"w-fit min-w-(--thread-content-width)\" data-start=\"1680\" data-end=\"3796\">\n<thead data-start=\"1680\" data-end=\"1821\">\n<tr data-start=\"1680\" data-end=\"1821\">\n<th data-start=\"1680\" data-end=\"1704\" data-col-size=\"sm\">Cat\u00e9gorie<\/th>\n<th data-start=\"1704\" data-end=\"1732\" data-col-size=\"sm\">Param\u00e8tre<\/th>\n<th data-start=\"1732\" data-end=\"1821\" data-col-size=\"md\">Valeur<\/th>\n<\/tr>\n<\/thead>\n<tbody data-start=\"1963\" data-end=\"3796\">\n<tr data-start=\"1963\" data-end=\"2103\">\n<td data-start=\"1963\" data-end=\"1986\" data-col-size=\"sm\">Produit<\/td>\n<td data-col-size=\"sm\" data-start=\"1986\" data-end=\"2014\">Taper<\/td>\n<td data-col-size=\"md\" data-start=\"2014\" data-end=\"2103\">Incrustation RFID (Sec \/ Humide \/ Blanc-Humide)<\/td>\n<\/tr>\n<tr data-start=\"2104\" data-end=\"2244\">\n<td data-start=\"2104\" data-end=\"2127\" data-col-size=\"sm\">Fr\u00e9quence<\/td>\n<td data-start=\"2127\" data-end=\"2155\" data-col-size=\"sm\">Norme HF<\/td>\n<td data-col-size=\"md\" data-start=\"2155\" data-end=\"2244\">13,56 MHz<\/td>\n<\/tr>\n<tr data-start=\"2245\" data-end=\"2385\">\n<td data-start=\"2245\" data-end=\"2268\" data-col-size=\"sm\"><\/td>\n<td data-col-size=\"sm\" data-start=\"2268\" data-end=\"2296\">Option UHF<\/td>\n<td data-col-size=\"md\" data-start=\"2296\" data-end=\"2385\">860\u2013960 MHz (selon la puce)<\/td>\n<\/tr>\n<tr data-start=\"2386\" data-end=\"2526\">\n<td data-start=\"2386\" data-end=\"2409\" data-col-size=\"sm\">Protocoles<\/td>\n<td data-start=\"2409\" data-end=\"2437\" data-col-size=\"sm\">Interface radio<\/td>\n<td data-col-size=\"md\" data-start=\"2437\" data-end=\"2526\">ISO\/IEC 14443 (HF) ; ISO 18000-6C \/ EPC Gen2 (UHF)<\/td>\n<\/tr>\n<tr data-start=\"2527\" data-end=\"2667\">\n<td data-start=\"2527\" data-end=\"2550\" data-col-size=\"sm\">Options de circuits int\u00e9gr\u00e9s<\/td>\n<td data-col-size=\"sm\" data-start=\"2550\" data-end=\"2578\">Puces<\/td>\n<td data-col-size=\"md\" data-start=\"2578\" data-end=\"2667\">UCODE\u00a0; Monza; Extraterrestre H3\u00a0; U8 ; U9<\/td>\n<\/tr>\n<tr data-start=\"2668\" data-end=\"2808\">\n<td data-start=\"2668\" data-end=\"2691\" data-col-size=\"sm\">Antenne<\/td>\n<td data-col-size=\"sm\" data-start=\"2691\" data-end=\"2719\">Taper<\/td>\n<td data-col-size=\"md\" data-start=\"2719\" data-end=\"2808\">Boucle en aluminium grav\u00e9 \/ cuivre<\/td>\n<\/tr>\n<tr data-start=\"2809\" data-end=\"2949\">\n<td data-start=\"2809\" data-end=\"2832\" data-col-size=\"sm\">Construction<\/td>\n<td data-col-size=\"sm\" data-start=\"2832\" data-end=\"2860\">Substrat<\/td>\n<td data-col-size=\"md\" data-start=\"2860\" data-end=\"2949\">\u00c9tiquette PET\/Papier<\/td>\n<\/tr>\n<tr data-start=\"2950\" data-end=\"3090\">\n<td data-start=\"2950\" data-end=\"2973\" data-col-size=\"sm\">M\u00e9moire<\/td>\n<td data-col-size=\"sm\" data-start=\"2973\" data-end=\"3001\">Capacit\u00e9 de donn\u00e9es<\/td>\n<td data-col-size=\"md\" data-start=\"3001\" data-end=\"3090\">EPC 96 bits\u00a0; m\u00e9moire utilisateur jusqu\u2019\u00e0 512 bits (selon la puce)<\/td>\n<\/tr>\n<tr data-start=\"3091\" data-end=\"3231\">\n<td data-start=\"3091\" data-end=\"3114\" data-col-size=\"sm\">Distance de lecture<\/td>\n<td data-col-size=\"sm\" data-start=\"3114\" data-end=\"3142\">Gamme<\/td>\n<td data-col-size=\"md\" data-start=\"3142\" data-end=\"3231\">HF\u00a0: champ proche\u00a0; UHF\u00a0: jusqu\u2019\u00e0 environ 10\u00a0m (selon le lecteur et l\u2019environnement)<\/td>\n<\/tr>\n<tr data-start=\"3232\" data-end=\"3372\">\n<td data-start=\"3232\" data-end=\"3255\" data-col-size=\"sm\">Formats<\/td>\n<td data-col-size=\"sm\" data-start=\"3255\" data-end=\"3283\">Int\u00e9gration<\/td>\n<td data-col-size=\"md\" data-start=\"3283\" data-end=\"3372\">Adh\u00e9sif sec pour la plastification\u00a0; adh\u00e9sif humide pour application adh\u00e9sive\u00a0; adh\u00e9sif blanc humide pour surface imprimable<\/td>\n<\/tr>\n<tr data-start=\"3373\" data-end=\"3513\">\n<td data-start=\"3373\" data-end=\"3396\" data-col-size=\"sm\">Environnement<\/td>\n<td data-col-size=\"sm\" data-start=\"3396\" data-end=\"3424\">Protection<\/td>\n<td data-col-size=\"md\" data-start=\"3424\" data-end=\"3513\">\u00c9tanche \u00e0 l&#039;eau et aux intemp\u00e9ries ; conforme \u00e0 la directive RoHS<\/td>\n<\/tr>\n<tr data-start=\"3514\" data-end=\"3654\">\n<td data-start=\"3514\" data-end=\"3537\" data-col-size=\"sm\">Personnalisation<\/td>\n<td data-col-size=\"sm\" data-start=\"3537\" data-end=\"3565\">Options OEM<\/td>\n<td data-col-size=\"md\" data-start=\"3565\" data-end=\"3654\">Taille, puce, format, antenne, encodage, marque<\/td>\n<\/tr>\n<tr data-start=\"3655\" data-end=\"3796\">\n<td data-start=\"3655\" data-end=\"3678\" data-col-size=\"sm\">Origine<\/td>\n<td data-col-size=\"sm\" data-start=\"3678\" data-end=\"3706\">Fabrication<\/td>\n<td data-col-size=\"md\" data-start=\"3706\" data-end=\"3796\">Guangdong, Chine<\/td>\n<\/tr>\n<\/tbody>\n<\/table>\n<\/div>\n<\/div>","protected":false},"excerpt":{"rendered":"<p>Incrustations RFID \u00e9tanches disponibles en versions s\u00e8che, humide et mixte (blanc\/humide) \u2013 norme HF 13,56 MHz avec option UHF longue port\u00e9e. Puces, dimensions et impression personnalis\u00e9es pour la vente au d\u00e9tail, la logistique et l&#039;habillement.<\/p>","protected":false},"featured_media":846,"template":"","meta":{"_gspb_post_css":""},"product_brand":[],"product_cat":[23],"product_tag":[],"class_list":{"0":"post-845","1":"product","2":"type-product","3":"status-publish","4":"has-post-thumbnail","6":"product_cat-rfid-nfc-inlay","8":"first","9":"instock","10":"shipping-taxable","11":"purchasable","12":"product-type-simple"},"_links":{"self":[{"href":"https:\/\/www.cxjsmartcard.com\/fr\/wp-json\/wp\/v2\/product\/845","targetHints":{"allow":["GET"]}}],"collection":[{"href":"https:\/\/www.cxjsmartcard.com\/fr\/wp-json\/wp\/v2\/product"}],"about":[{"href":"https:\/\/www.cxjsmartcard.com\/fr\/wp-json\/wp\/v2\/types\/product"}],"wp:featuredmedia":[{"embeddable":true,"href":"https:\/\/www.cxjsmartcard.com\/fr\/wp-json\/wp\/v2\/media\/846"}],"wp:attachment":[{"href":"https:\/\/www.cxjsmartcard.com\/fr\/wp-json\/wp\/v2\/media?parent=845"}],"wp:term":[{"taxonomy":"product_brand","embeddable":true,"href":"https:\/\/www.cxjsmartcard.com\/fr\/wp-json\/wp\/v2\/product_brand?post=845"},{"taxonomy":"product_cat","embeddable":true,"href":"https:\/\/www.cxjsmartcard.com\/fr\/wp-json\/wp\/v2\/product_cat?post=845"},{"taxonomy":"product_tag","embeddable":true,"href":"https:\/\/www.cxjsmartcard.com\/fr\/wp-json\/wp\/v2\/product_tag?post=845"}],"curies":[{"name":"wp","href":"https:\/\/api.w.org\/{rel}","templated":true}]}}