{"id":838,"date":"2025-11-03T08:23:25","date_gmt":"2025-11-03T08:23:25","guid":{"rendered":"https:\/\/www.cxjsmartcard.com\/?post_type=product&#038;p=838"},"modified":"2025-12-29T01:27:09","modified_gmt":"2025-12-29T01:27:09","slug":"rfid-1k-f08-inlay-sticker","status":"publish","type":"product","link":"https:\/\/www.cxjsmartcard.com\/fr\/rfid-1k-f08-inlay-sticker\/","title":{"rendered":"Autocollant RFID 1K F08"},"content":{"rendered":"<p data-start=\"37\" data-end=\"293\">\u00c9tiquette HF intelligente bas\u00e9e sur la puce Fudan F08 (1 Ko) avec antenne grav\u00e9e en aluminium pour une lecture fiable \u00e0 courte port\u00e9e. Disponible en version s\u00e8che, humide ou autocollante\/\u00e9tiquette finie pour une int\u00e9gration facile sur cartes, tickets et emballages.<\/p>\n<p data-start=\"295\" data-end=\"313\"><strong data-start=\"295\" data-end=\"311\">Caract\u00e9ristiques principales<\/strong><\/p>\n<ul data-start=\"314\" data-end=\"565\">\n<li data-start=\"314\" data-end=\"353\">\n<p data-start=\"316\" data-end=\"353\">13,56 MHz, conforme \u00e0 la norme ISO\/IEC 14443A<\/p>\n<\/li>\n<li data-start=\"354\" data-end=\"413\">\n<p data-start=\"356\" data-end=\"413\">Port\u00e9e de lecture\u00a0: g\u00e9n\u00e9ralement de 1 \u00e0 5\u00a0cm (d\u00e9pendant du lecteur\/de l\u2019antenne)<\/p>\n<\/li>\n<li data-start=\"414\" data-end=\"460\">\n<p data-start=\"416\" data-end=\"460\">Conception passive\u00a0; jusqu\u2019\u00e0 100\u00a0000 cycles d\u2019\u00e9criture<\/p>\n<\/li>\n<li data-start=\"461\" data-end=\"513\">\n<p data-start=\"463\" data-end=\"513\">Substrat d&#039;antenne PET ; gravure de l&#039;aluminium (\u224810 \u03bcm)<\/p>\n<\/li>\n<li data-start=\"514\" data-end=\"565\">\n<p data-start=\"516\" data-end=\"565\">Livr\u00e9 en rouleaux pour une production \u00e0 haut d\u00e9bit<\/p>\n<\/li>\n<\/ul>\n<p data-start=\"567\" data-end=\"580\"><strong data-start=\"567\" data-end=\"578\">Formats<\/strong><\/p>\n<ul data-start=\"581\" data-end=\"761\">\n<li data-start=\"581\" data-end=\"626\">\n<p data-start=\"583\" data-end=\"626\"><strong data-start=\"583\" data-end=\"597\">Incrustation \u00e0 sec :<\/strong> Puce + antenne sur support PET<\/p>\n<\/li>\n<li data-start=\"627\" data-end=\"682\">\n<p data-start=\"629\" data-end=\"682\"><strong data-start=\"629\" data-end=\"643\">Incrustation humide :<\/strong> Insert sec + adh\u00e9sif + film protecteur<\/p>\n<\/li>\n<li data-start=\"683\" data-end=\"761\">\n<p data-start=\"685\" data-end=\"761\"><strong data-start=\"685\" data-end=\"708\">\u00c9tiquette\/autocollant RFID\u00a0:<\/strong> Incrustation humide + face imprimable (papier couch\u00e9\/PVC\/PET\/PP)<\/p>\n<\/li>\n<\/ul>\n<p data-start=\"763\" data-end=\"932\"><strong data-start=\"763\" data-end=\"779\">Applications<\/strong><br data-start=\"779\" data-end=\"782\" \/>Vente au d\u00e9tail et gestion des stocks \u2022 Logistique et entreposage \u2022 Sant\u00e9\/identification des patients \u2022 Bagages a\u00e9riens \u2022 Fabrication\/automatisation \u2022 Marketing et connexion directe sur les r\u00e9seaux sociaux.<\/p>\n<p data-start=\"934\" data-end=\"1083\"><strong data-start=\"934\" data-end=\"959\">Options de personnalisation<\/strong><br data-start=\"959\" data-end=\"962\" \/>Impression offset CMJN, impression UID\/s\u00e9rialis\u00e9e, couches anti-m\u00e9taux, services de cryptage\/donn\u00e9es ; formats personnalis\u00e9s et conceptions d&#039;antennes.<\/p>\n<h2 data-start=\"1085\" data-end=\"1110\">Tableau (Sp\u00e9cifications)<\/h2>\n<div class=\"_tableContainer_1rjym_1\">\n<div class=\"group _tableWrapper_1rjym_13 flex w-fit flex-col-reverse\" tabindex=\"-1\">\n<table class=\"w-fit min-w-(--thread-content-width)\" data-start=\"1112\" data-end=\"3045\">\n<thead data-start=\"1112\" data-end=\"1212\">\n<tr data-start=\"1112\" data-end=\"1212\">\n<th data-start=\"1112\" data-end=\"1134\" data-col-size=\"sm\">Cat\u00e9gorie<\/th>\n<th data-start=\"1134\" data-end=\"1159\" data-col-size=\"sm\">Param\u00e8tre<\/th>\n<th data-start=\"1159\" data-end=\"1212\" data-col-size=\"md\">Valeur<\/th>\n<\/tr>\n<\/thead>\n<tbody data-start=\"1314\" data-end=\"3045\">\n<tr data-start=\"1314\" data-end=\"1414\">\n<td data-start=\"1314\" data-end=\"1336\" data-col-size=\"sm\">Produit<\/td>\n<td data-col-size=\"sm\" data-start=\"1336\" data-end=\"1361\">Taper<\/td>\n<td data-col-size=\"md\" data-start=\"1361\" data-end=\"1414\">Incrustation RFID HF \/ incrustation humide \/ autocollant<\/td>\n<\/tr>\n<tr data-start=\"1415\" data-end=\"1515\">\n<td data-start=\"1415\" data-end=\"1437\" data-col-size=\"sm\">\u00c9br\u00e9cher<\/td>\n<td data-col-size=\"sm\" data-start=\"1437\" data-end=\"1462\">Mod\u00e8le<\/td>\n<td data-col-size=\"md\" data-start=\"1462\" data-end=\"1515\">Fudan F08 (1 Ko de m\u00e9moire utilisateur)<\/td>\n<\/tr>\n<tr data-start=\"1516\" data-end=\"1616\">\n<td data-start=\"1516\" data-end=\"1538\" data-col-size=\"sm\">RF<\/td>\n<td data-col-size=\"sm\" data-start=\"1538\" data-end=\"1563\">Fr\u00e9quence<\/td>\n<td data-col-size=\"md\" data-start=\"1563\" data-end=\"1616\">13,56 MHz<\/td>\n<\/tr>\n<tr data-start=\"1617\" data-end=\"1717\">\n<td data-start=\"1617\" data-end=\"1639\" data-col-size=\"sm\"><\/td>\n<td data-col-size=\"sm\" data-start=\"1639\" data-end=\"1664\">Protocole<\/td>\n<td data-col-size=\"md\" data-start=\"1664\" data-end=\"1717\">ISO\/IEC 14443A<\/td>\n<\/tr>\n<tr data-start=\"1718\" data-end=\"1818\">\n<td data-start=\"1718\" data-end=\"1740\" data-col-size=\"sm\">Performance<\/td>\n<td data-col-size=\"sm\" data-start=\"1740\" data-end=\"1765\">Plage de lecture<\/td>\n<td data-col-size=\"md\" data-start=\"1765\" data-end=\"1818\">1 \u00e0 5 cm (selon l&#039;appareil et l&#039;environnement)<\/td>\n<\/tr>\n<tr data-start=\"1819\" data-end=\"1919\">\n<td data-start=\"1819\" data-end=\"1841\" data-col-size=\"sm\">Endurance<\/td>\n<td data-col-size=\"sm\" data-start=\"1841\" data-end=\"1866\">Cycles d&#039;\u00e9criture<\/td>\n<td data-col-size=\"md\" data-start=\"1866\" data-end=\"1919\">100,000<\/td>\n<\/tr>\n<tr data-start=\"1920\" data-end=\"2020\">\n<td data-start=\"1920\" data-end=\"1942\" data-col-size=\"sm\">Op\u00e9ration<\/td>\n<td data-col-size=\"sm\" data-start=\"1942\" data-end=\"1967\">Mode<\/td>\n<td data-col-size=\"md\" data-start=\"1967\" data-end=\"2020\">Passif<\/td>\n<\/tr>\n<tr data-start=\"2021\" data-end=\"2121\">\n<td data-start=\"2021\" data-end=\"2043\" data-col-size=\"sm\">Antenne<\/td>\n<td data-col-size=\"sm\" data-start=\"2043\" data-end=\"2068\">Processus<\/td>\n<td data-col-size=\"md\" data-start=\"2068\" data-end=\"2121\">Gravure de l&#039;aluminium (~10 \u03bcm)<\/td>\n<\/tr>\n<tr data-start=\"2122\" data-end=\"2222\">\n<td data-start=\"2122\" data-end=\"2144\" data-col-size=\"sm\"><\/td>\n<td data-col-size=\"sm\" data-start=\"2144\" data-end=\"2169\">Substrat<\/td>\n<td data-col-size=\"md\" data-start=\"2169\" data-end=\"2222\">ANIMAL DE COMPAGNIE<\/td>\n<\/tr>\n<tr data-start=\"2223\" data-end=\"2323\">\n<td data-start=\"2223\" data-end=\"2245\" data-col-size=\"sm\">Dimensions<\/td>\n<td data-col-size=\"sm\" data-start=\"2245\" data-end=\"2270\">Taille de l&#039;antenne<\/td>\n<td data-col-size=\"md\" data-start=\"2270\" data-end=\"2323\">52 \u00d7 15 mm<\/td>\n<\/tr>\n<tr data-start=\"2324\" data-end=\"2424\">\n<td data-start=\"2324\" data-end=\"2346\" data-col-size=\"sm\"><\/td>\n<td data-col-size=\"sm\" data-start=\"2346\" data-end=\"2371\">Taille de l&#039;incrustation\/de l&#039;\u00e9tiquette<\/td>\n<td data-col-size=\"md\" data-start=\"2371\" data-end=\"2424\">56 \u00d7 18 mm (personnalisation possible)<\/td>\n<\/tr>\n<tr data-start=\"2425\" data-end=\"2525\">\n<td data-start=\"2425\" data-end=\"2447\" data-col-size=\"sm\">Surfaces<\/td>\n<td data-col-size=\"sm\" data-start=\"2447\" data-end=\"2472\">Mat\u00e9riaux du visage<\/td>\n<td data-col-size=\"md\" data-start=\"2472\" data-end=\"2525\">Papier couch\u00e9, PVC, PET, PP<\/td>\n<\/tr>\n<tr data-start=\"2526\" data-end=\"2626\">\n<td data-start=\"2526\" data-end=\"2548\" data-col-size=\"sm\">Environnement<\/td>\n<td data-col-size=\"sm\" data-start=\"2548\" data-end=\"2573\">Temp\u00e9rature\/humidit\u00e9 de fonctionnement<\/td>\n<td data-col-size=\"md\" data-start=\"2573\" data-end=\"2626\">\u221240 \u00b0C \u00e0 +70 \u00b0C \/ 20%\u201390% HR<\/td>\n<\/tr>\n<tr data-start=\"2627\" data-end=\"2727\">\n<td data-start=\"2627\" data-end=\"2649\" data-col-size=\"sm\"><\/td>\n<td data-col-size=\"sm\" data-start=\"2649\" data-end=\"2674\">Temp\u00e9rature\/humidit\u00e9 de stockage<\/td>\n<td data-col-size=\"md\" data-start=\"2674\" data-end=\"2727\">\u221220 \u00b0C \u00e0 +50 \u00b0C \/ 20%\u201390% HR (sans condensation)<\/td>\n<\/tr>\n<tr data-start=\"2728\" data-end=\"2828\">\n<td data-start=\"2728\" data-end=\"2750\" data-col-size=\"sm\">Conditionnement<\/td>\n<td data-col-size=\"sm\" data-start=\"2750\" data-end=\"2775\">Format de livraison<\/td>\n<td data-col-size=\"md\" data-start=\"2775\" data-end=\"2828\">1\u00a0000 \u00e0 5\u00a0000 pi\u00e8ces par rouleau\u00a0; 4 rouleaux par carton<\/td>\n<\/tr>\n<tr data-start=\"2829\" data-end=\"2929\">\n<td data-start=\"2829\" data-end=\"2851\" data-col-size=\"sm\">Options<\/td>\n<td data-col-size=\"sm\" data-start=\"2851\" data-end=\"2876\">Services<\/td>\n<td data-col-size=\"md\" data-start=\"2876\" data-end=\"2929\">Impression CMJN, UID\/num\u00e9ro de s\u00e9rie, anti-m\u00e9tal, cryptage<\/td>\n<\/tr>\n<tr data-start=\"2930\" data-end=\"3045\">\n<td data-start=\"2930\" data-end=\"2952\" data-col-size=\"sm\">Cas d&#039;utilisation<\/td>\n<td data-col-size=\"sm\" data-start=\"2952\" data-end=\"2977\">Applications<\/td>\n<td data-col-size=\"md\" data-start=\"2977\" data-end=\"3045\">Commerce de d\u00e9tail, logistique, sant\u00e9, bagages, fabrication, marketing<\/td>\n<\/tr>\n<\/tbody>\n<\/table>\n<\/div>\n<\/div>","protected":false},"excerpt":{"rendered":"<p>\u00c9tiquette\/autocollant HF 13,56 MHz F08 avec 1 Ko de m\u00e9moire \u2014 lecture de 1 \u00e0 5 cm, ISO 14443A, jusqu&#039;\u00e0 100\u00a0000 \u00e9critures. Fournie sous forme d&#039;\u00e9tiquette s\u00e8che\/humide ou d&#039;\u00e9tiquette finie avec services d&#039;impression et de donn\u00e9es personnalis\u00e9s.<\/p>","protected":false},"featured_media":839,"template":"","meta":{"_gspb_post_css":""},"product_brand":[],"product_cat":[23],"product_tag":[],"class_list":{"0":"post-838","1":"product","2":"type-product","3":"status-publish","4":"has-post-thumbnail","6":"product_cat-rfid-nfc-inlay","8":"first","9":"instock","10":"shipping-taxable","11":"purchasable","12":"product-type-simple"},"_links":{"self":[{"href":"https:\/\/www.cxjsmartcard.com\/fr\/wp-json\/wp\/v2\/product\/838","targetHints":{"allow":["GET"]}}],"collection":[{"href":"https:\/\/www.cxjsmartcard.com\/fr\/wp-json\/wp\/v2\/product"}],"about":[{"href":"https:\/\/www.cxjsmartcard.com\/fr\/wp-json\/wp\/v2\/types\/product"}],"wp:featuredmedia":[{"embeddable":true,"href":"https:\/\/www.cxjsmartcard.com\/fr\/wp-json\/wp\/v2\/media\/839"}],"wp:attachment":[{"href":"https:\/\/www.cxjsmartcard.com\/fr\/wp-json\/wp\/v2\/media?parent=838"}],"wp:term":[{"taxonomy":"product_brand","embeddable":true,"href":"https:\/\/www.cxjsmartcard.com\/fr\/wp-json\/wp\/v2\/product_brand?post=838"},{"taxonomy":"product_cat","embeddable":true,"href":"https:\/\/www.cxjsmartcard.com\/fr\/wp-json\/wp\/v2\/product_cat?post=838"},{"taxonomy":"product_tag","embeddable":true,"href":"https:\/\/www.cxjsmartcard.com\/fr\/wp-json\/wp\/v2\/product_tag?post=838"}],"curies":[{"name":"wp","href":"https:\/\/api.w.org\/{rel}","templated":true}]}}