{"id":833,"date":"2025-11-03T08:21:51","date_gmt":"2025-11-03T08:21:51","guid":{"rendered":"https:\/\/www.cxjsmartcard.com\/?post_type=product&#038;p=833"},"modified":"2025-12-29T01:27:09","modified_gmt":"2025-12-29T01:27:09","slug":"nxp-mifare-ultralight-ev1-rfid-nfc-inlay","status":"publish","type":"product","link":"https:\/\/www.cxjsmartcard.com\/fr\/nxp-mifare-ultralight-ev1-rfid-nfc-inlay\/","title":{"rendered":"Incrustation RFID NFC ultral\u00e9g\u00e8re NXP MIFARE EV1"},"content":{"rendered":"<p data-start=\"52\" data-end=\"335\">Incrustation NFC HF flexible construite sur <strong data-start=\"98\" data-end=\"124\">MIFARE Ultralight\u00ae EV1<\/strong> Pour les applications \u00e0 courte port\u00e9e compatibles avec les t\u00e9l\u00e9phones. Fourni comme <strong data-start=\"185\" data-end=\"198\">incrustation s\u00e8che<\/strong> (lamination) ou <strong data-start=\"215\" data-end=\"228\">incrustation humide<\/strong> (adh\u00e9sif), avec de multiples formes et tailles d&#039;antennes pour une int\u00e9gration facile dans les cartes, les \u00e9tiquettes et les emballages.<\/p>\n<p data-start=\"337\" data-end=\"355\"><strong data-start=\"337\" data-end=\"353\">Caract\u00e9ristiques principales<\/strong><\/p>\n<ul data-start=\"356\" data-end=\"738\">\n<li data-start=\"356\" data-end=\"445\">\n<p data-start=\"358\" data-end=\"445\">HF 13,56 MHz\u00a0; ISO\/IEC 14443A (Ultralight EV1), ISO\/IEC 15693 en option pour les autres puces<\/p>\n<\/li>\n<li data-start=\"446\" data-end=\"498\">\n<p data-start=\"448\" data-end=\"498\">Anti-collision, lecture rapide, haute puissance de balayage<\/p>\n<\/li>\n<li data-start=\"499\" data-end=\"570\">\n<p data-start=\"501\" data-end=\"570\">Construction durable en PET\/aluminium avec options de bobine en cuivre\/aluminium<\/p>\n<\/li>\n<li data-start=\"571\" data-end=\"643\">\n<p data-start=\"573\" data-end=\"643\">Formes personnalis\u00e9es (ronde, carr\u00e9e, hexagonale) et tailles pour des produits vari\u00e9s<\/p>\n<\/li>\n<li data-start=\"644\" data-end=\"738\">\n<p data-start=\"646\" data-end=\"738\">Options de s\u00e9curit\u00e9\u00a0: UID 7 octets, m\u00e9moire OTP, compteurs unidirectionnels, signature ECC, mot de passe optionnel<\/p>\n<\/li>\n<\/ul>\n<p data-start=\"740\" data-end=\"922\"><strong data-start=\"740\" data-end=\"756\">Applications<\/strong><br data-start=\"756\" data-end=\"759\" \/>Suivi des stocks et des actifs \u2022 Entrep\u00f4t et logistique \u2022 Contr\u00f4le d&#039;acc\u00e8s et identification du personnel \u2022 Syst\u00e8mes de paiement mobile et de billetterie \u2022 Programmes de marketing intelligent\/de fid\u00e9lisation.<\/p>\n<p data-start=\"924\" data-end=\"1088\"><strong data-start=\"924\" data-end=\"941\">Personnalisation<\/strong><br data-start=\"941\" data-end=\"944\" \/>Logo, num\u00e9ros QR\/de s\u00e9rie, graphismes\u00a0; livr\u00e9s sur bobine ou \u00e0 l\u2019unit\u00e9. Circuits int\u00e9gr\u00e9s NTAG213\/215\/216 et personnalis\u00e9s disponibles avec l\u2019Ultralight EV1.<\/p>\n<h2 data-start=\"1090\" data-end=\"1115\">Tableau (Sp\u00e9cifications)<\/h2>\n<div class=\"_tableContainer_1rjym_1\">\n<div class=\"group _tableWrapper_1rjym_13 flex w-fit flex-col-reverse\" tabindex=\"-1\">\n<table class=\"w-fit min-w-(--thread-content-width)\" data-start=\"1117\" data-end=\"3049\">\n<thead data-start=\"1117\" data-end=\"1245\">\n<tr data-start=\"1117\" data-end=\"1245\">\n<th data-start=\"1117\" data-end=\"1136\" data-col-size=\"sm\">Cat\u00e9gorie<\/th>\n<th data-start=\"1136\" data-end=\"1159\" data-col-size=\"sm\">Param\u00e8tre<\/th>\n<th data-start=\"1159\" data-end=\"1245\" data-col-size=\"md\">Valeur<\/th>\n<\/tr>\n<\/thead>\n<tbody data-start=\"1375\" data-end=\"3049\">\n<tr data-start=\"1375\" data-end=\"1503\">\n<td data-start=\"1375\" data-end=\"1394\" data-col-size=\"sm\">Produit<\/td>\n<td data-col-size=\"sm\" data-start=\"1394\" data-end=\"1417\">Taper<\/td>\n<td data-col-size=\"md\" data-start=\"1417\" data-end=\"1503\">Incrustation NFC HF \/ Incrustation RFID<\/td>\n<\/tr>\n<tr data-start=\"1504\" data-end=\"1632\">\n<td data-start=\"1504\" data-end=\"1523\" data-col-size=\"sm\">RF<\/td>\n<td data-col-size=\"sm\" data-start=\"1523\" data-end=\"1546\">Fr\u00e9quence<\/td>\n<td data-col-size=\"md\" data-start=\"1546\" data-end=\"1632\">13,56 MHz (HF)<\/td>\n<\/tr>\n<tr data-start=\"1633\" data-end=\"1760\">\n<td data-start=\"1633\" data-end=\"1652\" data-col-size=\"sm\"><\/td>\n<td data-col-size=\"sm\" data-start=\"1652\" data-end=\"1675\">Protocole<\/td>\n<td data-col-size=\"md\" data-start=\"1675\" data-end=\"1760\">ISO\/IEC 14443A (Ultralight EV1) ; ISO\/IEC 15693 (en option avec d&#039;autres circuits int\u00e9gr\u00e9s)<\/td>\n<\/tr>\n<tr data-start=\"1761\" data-end=\"1888\">\n<td data-start=\"1761\" data-end=\"1780\" data-col-size=\"sm\">Options de circuits int\u00e9gr\u00e9s<\/td>\n<td data-start=\"1780\" data-end=\"1803\" data-col-size=\"sm\">Puces<\/td>\n<td data-start=\"1803\" data-end=\"1888\" data-col-size=\"md\">MIFARE Ultralight\u00ae EV1\u00a0; NTAG213\/215\/216\u00a0; sur mesure<\/td>\n<\/tr>\n<tr data-start=\"1889\" data-end=\"2017\">\n<td data-start=\"1889\" data-end=\"1908\" data-col-size=\"sm\">Mat\u00e9riels<\/td>\n<td data-col-size=\"sm\" data-start=\"1908\" data-end=\"1931\">Structure<\/td>\n<td data-col-size=\"md\" data-start=\"1931\" data-end=\"2017\">Socle en aluminium et PET ; bobine d&#039;antenne en cuivre\/aluminium<\/td>\n<\/tr>\n<tr data-start=\"2018\" data-end=\"2146\">\n<td data-start=\"2018\" data-end=\"2037\" data-col-size=\"sm\">Facteur de forme<\/td>\n<td data-col-size=\"sm\" data-start=\"2037\" data-end=\"2060\">Style incrustation<\/td>\n<td data-col-size=\"md\" data-start=\"2060\" data-end=\"2146\">Incrustation \u00e0 sec (stratification) \/ Incrustation humide (colle)<\/td>\n<\/tr>\n<tr data-start=\"2147\" data-end=\"2275\">\n<td data-start=\"2147\" data-end=\"2166\" data-col-size=\"sm\">Antenne<\/td>\n<td data-col-size=\"sm\" data-start=\"2166\" data-end=\"2189\">Formes<\/td>\n<td data-col-size=\"md\" data-start=\"2189\" data-end=\"2275\">Rond, carr\u00e9, hexagone, sur mesure<\/td>\n<\/tr>\n<tr data-start=\"2276\" data-end=\"2404\">\n<td data-start=\"2276\" data-end=\"2295\" data-col-size=\"sm\">Dimensions<\/td>\n<td data-start=\"2295\" data-end=\"2318\" data-col-size=\"sm\">Options de taille<\/td>\n<td data-col-size=\"md\" data-start=\"2318\" data-end=\"2404\">\u00d8 21\u201356 mm ; 40\u00d740\u201346\u00d748 mm ; sur mesure<\/td>\n<\/tr>\n<tr data-start=\"2405\" data-end=\"2533\">\n<td data-start=\"2405\" data-end=\"2424\" data-col-size=\"sm\">Performance<\/td>\n<td data-col-size=\"sm\" data-start=\"2424\" data-end=\"2447\">Caract\u00e9ristiques<\/td>\n<td data-col-size=\"md\" data-start=\"2447\" data-end=\"2533\">Anti-collision\u00a0; lecture rapide\u00a0; haute puissance de balayage\u00a0; conception flexible<\/td>\n<\/tr>\n<tr data-start=\"2534\" data-end=\"2662\">\n<td data-start=\"2534\" data-end=\"2553\" data-col-size=\"sm\">S\u00e9curit\u00e9<\/td>\n<td data-col-size=\"sm\" data-start=\"2553\" data-end=\"2576\">M\u00e9moire\/S\u00e9curit\u00e9<\/td>\n<td data-col-size=\"md\" data-start=\"2576\" data-end=\"2662\">Identifiant unique (UID) sur 7 octets\u00a0; code OTP\u00a0; compteurs unidirectionnels\u00a0; signature ECC\u00a0; protection par mot de passe optionnelle<\/td>\n<\/tr>\n<tr data-start=\"2663\" data-end=\"2791\">\n<td data-start=\"2663\" data-end=\"2682\" data-col-size=\"sm\">Personnalisation<\/td>\n<td data-col-size=\"sm\" data-start=\"2682\" data-end=\"2705\">Impression\/Emballage<\/td>\n<td data-col-size=\"md\" data-start=\"2705\" data-end=\"2791\">Logo, QR, num\u00e9ro de s\u00e9rie\u00a0; bobine ou pi\u00e8ce<\/td>\n<\/tr>\n<tr data-start=\"2792\" data-end=\"2920\">\n<td data-start=\"2792\" data-end=\"2811\" data-col-size=\"sm\">Applications<\/td>\n<td data-col-size=\"sm\" data-start=\"2811\" data-end=\"2834\">Cas d&#039;utilisation<\/td>\n<td data-col-size=\"md\" data-start=\"2834\" data-end=\"2920\">Inventaire, actifs, entrep\u00f4t, logistique, contr\u00f4le d&#039;acc\u00e8s, paiement mobile, marketing<\/td>\n<\/tr>\n<tr data-start=\"2921\" data-end=\"3049\">\n<td data-start=\"2921\" data-end=\"2940\" data-col-size=\"sm\">Avantages<\/td>\n<td data-col-size=\"sm\" data-start=\"2940\" data-end=\"2963\">Int\u00e9gration<\/td>\n<td data-col-size=\"md\" data-start=\"2963\" data-end=\"3049\">Durable, compact, compatible avec les appareils NFC, facile \u00e0 int\u00e9grer<\/td>\n<\/tr>\n<\/tbody>\n<\/table>\n<\/div>\n<\/div>","protected":false},"excerpt":{"rendered":"<p>Incrustation NFC ultral\u00e9g\u00e8re MIFARE EV1 HF 13,56 MHz \u2014 formats secs\/humides, formes d&#039;antennes multiples, performances de lecture \u00e9lev\u00e9es et s\u00e9curit\u00e9 int\u00e9gr\u00e9e pour l&#039;acc\u00e8s, le suivi et les paiements.<\/p>","protected":false},"featured_media":835,"template":"","meta":{"_gspb_post_css":""},"product_brand":[],"product_cat":[23],"product_tag":[],"class_list":{"0":"post-833","1":"product","2":"type-product","3":"status-publish","4":"has-post-thumbnail","6":"product_cat-rfid-nfc-inlay","8":"first","9":"instock","10":"shipping-taxable","11":"purchasable","12":"product-type-simple"},"_links":{"self":[{"href":"https:\/\/www.cxjsmartcard.com\/fr\/wp-json\/wp\/v2\/product\/833","targetHints":{"allow":["GET"]}}],"collection":[{"href":"https:\/\/www.cxjsmartcard.com\/fr\/wp-json\/wp\/v2\/product"}],"about":[{"href":"https:\/\/www.cxjsmartcard.com\/fr\/wp-json\/wp\/v2\/types\/product"}],"wp:featuredmedia":[{"embeddable":true,"href":"https:\/\/www.cxjsmartcard.com\/fr\/wp-json\/wp\/v2\/media\/835"}],"wp:attachment":[{"href":"https:\/\/www.cxjsmartcard.com\/fr\/wp-json\/wp\/v2\/media?parent=833"}],"wp:term":[{"taxonomy":"product_brand","embeddable":true,"href":"https:\/\/www.cxjsmartcard.com\/fr\/wp-json\/wp\/v2\/product_brand?post=833"},{"taxonomy":"product_cat","embeddable":true,"href":"https:\/\/www.cxjsmartcard.com\/fr\/wp-json\/wp\/v2\/product_cat?post=833"},{"taxonomy":"product_tag","embeddable":true,"href":"https:\/\/www.cxjsmartcard.com\/fr\/wp-json\/wp\/v2\/product_tag?post=833"}],"curies":[{"name":"wp","href":"https:\/\/api.w.org\/{rel}","templated":true}]}}