{"id":829,"date":"2025-11-03T08:19:26","date_gmt":"2025-11-03T08:19:26","guid":{"rendered":"https:\/\/www.cxjsmartcard.com\/?post_type=product&#038;p=829"},"modified":"2025-12-29T01:27:09","modified_gmt":"2025-12-29T01:27:09","slug":"ntag213-rfid-nfc-inlay-sticker-tag","status":"publish","type":"product","link":"https:\/\/www.cxjsmartcard.com\/fr\/ntag213-rfid-nfc-inlay-sticker-tag\/","title":{"rendered":"\u00c9tiquette autocollante RFID NFC NTAG213"},"content":{"rendered":"<p data-start=\"46\" data-end=\"283\">\u00c9tiquette NFC intelligente compacte et r\u00e9sistante, bas\u00e9e sur la puce NXP\u00ae NTAG213, pour une communication rapide et fiable avec les smartphones, les tablettes et les lecteurs ISO14443A. Fournie en rouleaux pour une int\u00e9gration facile dans les \u00e9tiquettes, les cartes et les emballages.<\/p>\n<p data-start=\"285\" data-end=\"299\"><strong data-start=\"285\" data-end=\"297\">Caract\u00e9ristiques<\/strong><\/p>\n<ul data-start=\"300\" data-end=\"778\">\n<li data-start=\"300\" data-end=\"347\">\n<p data-start=\"302\" data-end=\"347\">Puce NTAG213 (HF 13,56 MHz, ISO\/IEC 14443A)<\/p>\n<\/li>\n<li data-start=\"348\" data-end=\"409\">\n<p data-start=\"350\" data-end=\"409\">Port\u00e9e de lecture\u00a0: g\u00e9n\u00e9ralement de 1 \u00e0 5\u00a0cm (selon l\u2019appareil et l\u2019antenne)<\/p>\n<\/li>\n<li data-start=\"410\" data-end=\"479\">\n<p data-start=\"412\" data-end=\"479\">144 octets de m\u00e9moire utilisateur pour les URL, les identifiants, les coordonn\u00e9es et plus encore.<\/p>\n<\/li>\n<li data-start=\"480\" data-end=\"545\">\n<p data-start=\"482\" data-end=\"545\">Jusqu&#039;\u00e0 100\u00a0000 r\u00e9\u00e9critures\u00a0; configuration de verrouillage\/lecture seule optionnelle<\/p>\n<\/li>\n<li data-start=\"546\" data-end=\"617\">\n<p data-start=\"548\" data-end=\"617\">Substrat d&#039;antenne PET avec papier couch\u00e9 (faces en PVC\/PET\/PP en option)<\/p>\n<\/li>\n<li data-start=\"618\" data-end=\"683\">\n<p data-start=\"620\" data-end=\"683\">Conditionnement : 1\u00a0000 \u00e0 5\u00a0000 pi\u00e8ces par rouleau\u00a0; 4 rouleaux par carton<\/p>\n<\/li>\n<li data-start=\"684\" data-end=\"747\">\n<p data-start=\"686\" data-end=\"747\">Temp\u00e9rature de fonctionnement : \u221240 \u00b0C \u00e0 +70 \u00b0C ; temp\u00e9rature de stockage : \u221220 \u00b0C \u00e0 +50 \u00b0C<\/p>\n<\/li>\n<li data-start=\"748\" data-end=\"778\">\n<p data-start=\"750\" data-end=\"778\">Conception passive, sans batterie<\/p>\n<\/li>\n<\/ul>\n<p data-start=\"780\" data-end=\"965\"><strong data-start=\"780\" data-end=\"796\">Applications<\/strong><br data-start=\"796\" data-end=\"799\" \/>Liens vers les r\u00e9seaux sociaux et le marketing \u2022 \u00c9tiquetage des actifs \u2022 Paiements sans contact (lorsqu&#039;ils sont pris en charge) \u2022 Billetterie et contr\u00f4le d&#039;acc\u00e8s aux \u00e9v\u00e9nements \u2022 Affiches intelligentes et authentification des produits.<\/p>\n<p data-start=\"967\" data-end=\"1268\"><strong data-start=\"967\" data-end=\"975\">FAQ<\/strong><br data-start=\"975\" data-end=\"978\" \/><strong data-start=\"978\" data-end=\"1008\">Q1 : Quelle est la port\u00e9e de lecture ?<\/strong> G\u00e9n\u00e9ralement de 1 \u00e0 5 cm, selon la taille de l&#039;\u00e9tiquette et la puissance du lecteur.<br data-start=\"1069\" data-end=\"1072\" \/><strong data-start=\"1072\" data-end=\"1109\">Q2 : Les \u00e9tiquettes peuvent-elles \u00eatre reprogramm\u00e9es ?<\/strong> Oui, r\u00e9inscriptible jusqu&#039;\u00e0 100\u00a0000 fois ou verrouillable en lecture seule.<br data-start=\"1170\" data-end=\"1173\" \/><strong data-start=\"1173\" data-end=\"1204\">Q3 : Comment sont-ils livr\u00e9s ?<\/strong> En format rouleau (1 000 \u00e0 5 000 pi\u00e8ces\/rouleau) pour une production efficace.<\/p>\n<h2 data-start=\"1270\" data-end=\"1295\">Tableau (Sp\u00e9cifications)<\/h2>\n<div class=\"_tableContainer_1rjym_1\">\n<div class=\"group _tableWrapper_1rjym_13 flex w-fit flex-col-reverse\" tabindex=\"-1\">\n<table class=\"w-fit min-w-(--thread-content-width)\" data-start=\"1297\" data-end=\"3454\">\n<thead data-start=\"1297\" data-end=\"1416\">\n<tr data-start=\"1297\" data-end=\"1416\">\n<th data-start=\"1297\" data-end=\"1320\" data-col-size=\"sm\">Cat\u00e9gorie<\/th>\n<th data-start=\"1320\" data-end=\"1343\" data-col-size=\"sm\">Param\u00e8tre<\/th>\n<th data-start=\"1343\" data-end=\"1416\" data-col-size=\"md\">Valeur<\/th>\n<\/tr>\n<\/thead>\n<tbody data-start=\"1537\" data-end=\"3454\">\n<tr data-start=\"1537\" data-end=\"1656\">\n<td data-start=\"1537\" data-end=\"1560\" data-col-size=\"sm\">Produit<\/td>\n<td data-start=\"1560\" data-end=\"1583\" data-col-size=\"sm\">Taper<\/td>\n<td data-col-size=\"md\" data-start=\"1583\" data-end=\"1656\">\u00e9tiquette NFC incrust\u00e9e\/autocollante<\/td>\n<\/tr>\n<tr data-start=\"1657\" data-end=\"1776\">\n<td data-start=\"1657\" data-end=\"1680\" data-col-size=\"sm\">RF<\/td>\n<td data-start=\"1680\" data-end=\"1703\" data-col-size=\"sm\">Fr\u00e9quence<\/td>\n<td data-start=\"1703\" data-end=\"1776\" data-col-size=\"md\">13,56 MHz<\/td>\n<\/tr>\n<tr data-start=\"1777\" data-end=\"1896\">\n<td data-start=\"1777\" data-end=\"1800\" data-col-size=\"sm\"><\/td>\n<td data-start=\"1800\" data-end=\"1823\" data-col-size=\"sm\">Protocole<\/td>\n<td data-col-size=\"md\" data-start=\"1823\" data-end=\"1896\">ISO\/IEC 14443A<\/td>\n<\/tr>\n<tr data-start=\"1897\" data-end=\"2016\">\n<td data-start=\"1897\" data-end=\"1920\" data-col-size=\"sm\">CI<\/td>\n<td data-col-size=\"sm\" data-start=\"1920\" data-end=\"1943\">\u00c9br\u00e9cher<\/td>\n<td data-col-size=\"md\" data-start=\"1943\" data-end=\"2016\">NTAG213 (NXP\u00ae)<\/td>\n<\/tr>\n<tr data-start=\"2017\" data-end=\"2136\">\n<td data-start=\"2017\" data-end=\"2040\" data-col-size=\"sm\">M\u00e9moire<\/td>\n<td data-start=\"2040\" data-end=\"2063\" data-col-size=\"sm\">Capacit\u00e9 utilisateur<\/td>\n<td data-col-size=\"md\" data-start=\"2063\" data-end=\"2136\">144 octets<\/td>\n<\/tr>\n<tr data-start=\"2137\" data-end=\"2255\">\n<td data-start=\"2137\" data-end=\"2160\" data-col-size=\"sm\">Performance<\/td>\n<td data-col-size=\"sm\" data-start=\"2160\" data-end=\"2183\">Plage de lecture<\/td>\n<td data-col-size=\"md\" data-start=\"2183\" data-end=\"2255\">1 \u00e0 5 cm en g\u00e9n\u00e9ral (jusqu&#039;\u00e0 environ 10 cm avec des antennes\/lecteurs plus grands)<\/td>\n<\/tr>\n<tr data-start=\"2256\" data-end=\"2375\">\n<td data-start=\"2256\" data-end=\"2279\" data-col-size=\"sm\">Op\u00e9ration<\/td>\n<td data-col-size=\"sm\" data-start=\"2279\" data-end=\"2302\">Mode<\/td>\n<td data-col-size=\"md\" data-start=\"2302\" data-end=\"2375\">Passif (sans batterie)<\/td>\n<\/tr>\n<tr data-start=\"2376\" data-end=\"2495\">\n<td data-start=\"2376\" data-end=\"2399\" data-col-size=\"sm\">Endurance<\/td>\n<td data-col-size=\"sm\" data-start=\"2399\" data-end=\"2422\">Cycles d&#039;\u00e9criture<\/td>\n<td data-col-size=\"md\" data-start=\"2422\" data-end=\"2495\">Jusqu&#039;\u00e0 100 000 r\u00e9\u00e9critures<\/td>\n<\/tr>\n<tr data-start=\"2496\" data-end=\"2615\">\n<td data-start=\"2496\" data-end=\"2519\" data-col-size=\"sm\">Mat\u00e9riels<\/td>\n<td data-start=\"2519\" data-end=\"2542\" data-col-size=\"sm\">Substrat d&#039;antenne<\/td>\n<td data-col-size=\"md\" data-start=\"2542\" data-end=\"2615\">ANIMAL DE COMPAGNIE<\/td>\n<\/tr>\n<tr data-start=\"2616\" data-end=\"2735\">\n<td data-start=\"2616\" data-end=\"2639\" data-col-size=\"sm\"><\/td>\n<td data-col-size=\"sm\" data-start=\"2639\" data-end=\"2662\">Surface de l&#039;\u00e9tiquette<\/td>\n<td data-col-size=\"md\" data-start=\"2662\" data-end=\"2735\">Papier couch\u00e9 (PVC, PET, PP en option)<\/td>\n<\/tr>\n<tr data-start=\"2736\" data-end=\"2854\">\n<td data-start=\"2736\" data-end=\"2759\" data-col-size=\"sm\">Facteurs de forme<\/td>\n<td data-col-size=\"sm\" data-start=\"2759\" data-end=\"2782\">Tailles indiqu\u00e9es<\/td>\n<td data-col-size=\"md\" data-start=\"2782\" data-end=\"2854\">\u00d818\/\u00d822\/\u00d825\/\u00d830 mm\u00a0; 16 \u00d7 58 mm\u00a0; autres dimensions sur demande<\/td>\n<\/tr>\n<tr data-start=\"2855\" data-end=\"2974\">\n<td data-start=\"2855\" data-end=\"2878\" data-col-size=\"sm\">Environnement<\/td>\n<td data-start=\"2878\" data-end=\"2901\" data-col-size=\"sm\">Temp\u00e9rature de fonctionnement<\/td>\n<td data-col-size=\"md\" data-start=\"2901\" data-end=\"2974\">\u221240 \u00b0C \u00e0 +70 \u00b0C<\/td>\n<\/tr>\n<tr data-start=\"2975\" data-end=\"3094\">\n<td data-start=\"2975\" data-end=\"2998\" data-col-size=\"sm\"><\/td>\n<td data-col-size=\"sm\" data-start=\"2998\" data-end=\"3021\">Temp\u00e9rature de stockage<\/td>\n<td data-col-size=\"md\" data-start=\"3021\" data-end=\"3094\">\u221220 \u00b0C \u00e0 +50 \u00b0C<\/td>\n<\/tr>\n<tr data-start=\"3095\" data-end=\"3214\">\n<td data-start=\"3095\" data-end=\"3118\" data-col-size=\"sm\">Conditionnement<\/td>\n<td data-col-size=\"sm\" data-start=\"3118\" data-end=\"3141\">Format de livraison<\/td>\n<td data-col-size=\"md\" data-start=\"3141\" data-end=\"3214\">1\u00a0000 \u00e0 5\u00a0000 pi\u00e8ces\/rouleau\u00a0; 4 rouleaux\/carton<\/td>\n<\/tr>\n<tr data-start=\"3215\" data-end=\"3334\">\n<td data-start=\"3215\" data-end=\"3238\" data-col-size=\"sm\">Options<\/td>\n<td data-col-size=\"sm\" data-start=\"3238\" data-end=\"3261\">Param\u00e8tres des donn\u00e9es<\/td>\n<td data-col-size=\"md\" data-start=\"3261\" data-end=\"3334\">R\u00e9inscriptible ou en lecture seule<\/td>\n<\/tr>\n<tr data-start=\"3335\" data-end=\"3454\">\n<td data-start=\"3335\" data-end=\"3358\" data-col-size=\"sm\">Cas d&#039;utilisation<\/td>\n<td data-col-size=\"sm\" data-start=\"3358\" data-end=\"3381\">Applications typiques<\/td>\n<td data-col-size=\"md\" data-start=\"3381\" data-end=\"3454\">Liens marketing, suivi des actifs, paiements, billetterie\/contr\u00f4le d&#039;acc\u00e8s<\/td>\n<\/tr>\n<\/tbody>\n<\/table>\n<\/div>\n<\/div>","protected":false},"excerpt":{"rendered":"<p>\u00c9tiquette NFC NTAG213 \u2014 13,56 MHz ISO14443A, 144 octets, lectures de 1 \u00e0 5 cm, r\u00e9inscriptible jusqu&#039;\u00e0 100\u00a0000 fois\u00a0; substrat PET avec face en papier couch\u00e9, livr\u00e9 en rouleaux.<\/p>","protected":false},"featured_media":830,"template":"","meta":{"_gspb_post_css":""},"product_brand":[],"product_cat":[23],"product_tag":[],"class_list":{"0":"post-829","1":"product","2":"type-product","3":"status-publish","4":"has-post-thumbnail","6":"product_cat-rfid-nfc-inlay","8":"first","9":"instock","10":"shipping-taxable","11":"purchasable","12":"product-type-simple"},"_links":{"self":[{"href":"https:\/\/www.cxjsmartcard.com\/fr\/wp-json\/wp\/v2\/product\/829","targetHints":{"allow":["GET"]}}],"collection":[{"href":"https:\/\/www.cxjsmartcard.com\/fr\/wp-json\/wp\/v2\/product"}],"about":[{"href":"https:\/\/www.cxjsmartcard.com\/fr\/wp-json\/wp\/v2\/types\/product"}],"wp:featuredmedia":[{"embeddable":true,"href":"https:\/\/www.cxjsmartcard.com\/fr\/wp-json\/wp\/v2\/media\/830"}],"wp:attachment":[{"href":"https:\/\/www.cxjsmartcard.com\/fr\/wp-json\/wp\/v2\/media?parent=829"}],"wp:term":[{"taxonomy":"product_brand","embeddable":true,"href":"https:\/\/www.cxjsmartcard.com\/fr\/wp-json\/wp\/v2\/product_brand?post=829"},{"taxonomy":"product_cat","embeddable":true,"href":"https:\/\/www.cxjsmartcard.com\/fr\/wp-json\/wp\/v2\/product_cat?post=829"},{"taxonomy":"product_tag","embeddable":true,"href":"https:\/\/www.cxjsmartcard.com\/fr\/wp-json\/wp\/v2\/product_tag?post=829"}],"curies":[{"name":"wp","href":"https:\/\/api.w.org\/{rel}","templated":true}]}}