{"id":824,"date":"2025-11-03T08:17:18","date_gmt":"2025-11-03T08:17:18","guid":{"rendered":"https:\/\/www.cxjsmartcard.com\/?post_type=product&#038;p=824"},"modified":"2025-12-29T01:27:09","modified_gmt":"2025-12-29T01:27:09","slug":"customizable-rfid-nfc-programmable-printable-wet-dry-inlay","status":"publish","type":"product","link":"https:\/\/www.cxjsmartcard.com\/fr\/customizable-rfid-nfc-programmable-printable-wet-dry-inlay\/","title":{"rendered":"Incrustation personnalisable RFID NFC programmable et imprimable pour applications humides\/s\u00e8ches"},"content":{"rendered":"<p data-start=\"70\" data-end=\"424\">Incrustation NFC HF 13,56 MHz bas\u00e9e sur NTAG213 pour applications \u00e0 courte port\u00e9e compatibles avec les smartphones. Disponible en <strong data-start=\"191\" data-end=\"204\">incrustation humide<\/strong> (adh\u00e9sif, autocollant) ou <strong data-start=\"235\" data-end=\"248\">incrustation s\u00e8che<\/strong> (pour le laminage), le format mini est <strong data-start=\"298\" data-end=\"341\">imprimable, programmable et \u00e9tanche<\/strong>\u2014 Id\u00e9al pour les cartes d&#039;acc\u00e8s aux h\u00f4tels, les cartes de membre, les \u00e9tiquettes de vente au d\u00e9tail et le marketing sans contact.<\/p>\n<p data-start=\"426\" data-end=\"456\"><strong data-start=\"426\" data-end=\"454\">Construction et mat\u00e9riaux<\/strong><\/p>\n<ul data-start=\"457\" data-end=\"705\">\n<li data-start=\"457\" data-end=\"543\">\n<p data-start=\"459\" data-end=\"543\"><strong data-start=\"459\" data-end=\"471\">Formats\u00a0:<\/strong> Incrustation humide avec support adh\u00e9sif ; incrustation s\u00e8che pour la plastification de cartes\/tickets<\/p>\n<\/li>\n<li data-start=\"544\" data-end=\"619\">\n<p data-start=\"546\" data-end=\"619\"><strong data-start=\"546\" data-end=\"573\">Mat\u00e9riaux de la face\/antenne\u00a0:<\/strong> PET, papier de cuivre pour des performances RF \u00e9lev\u00e9es<\/p>\n<\/li>\n<li data-start=\"620\" data-end=\"705\">\n<p data-start=\"622\" data-end=\"705\"><strong data-start=\"622\" data-end=\"643\">Surface d&#039;impression :<\/strong> Permet l&#039;impression directe de logos, de codes-barres et d&#039;instructions.<\/p>\n<\/li>\n<\/ul>\n<p data-start=\"707\" data-end=\"739\"><strong data-start=\"707\" data-end=\"737\">Fonctions NFC programmables<\/strong><\/p>\n<ul data-start=\"740\" data-end=\"970\">\n<li data-start=\"740\" data-end=\"806\">\n<p data-start=\"742\" data-end=\"806\"><strong data-start=\"742\" data-end=\"751\">\u00c9br\u00e9cher:<\/strong> NTAG213 (ISO\/IEC 14443A), compatible NFC Android\/iOS<\/p>\n<\/li>\n<li data-start=\"807\" data-end=\"886\">\n<p data-start=\"809\" data-end=\"886\"><strong data-start=\"809\" data-end=\"825\">M\u00e9moire utilisateur\u00a0:<\/strong> Environ 180 octets utilisables pour les URL, les identifiants, les informations d&#039;identification et les donn\u00e9es de fid\u00e9lit\u00e9.<\/p>\n<\/li>\n<li data-start=\"887\" data-end=\"970\">\n<p data-start=\"889\" data-end=\"970\"><strong data-start=\"889\" data-end=\"903\">Cas d&#039;utilisation\u00a0:<\/strong> Contr\u00f4le d&#039;acc\u00e8s, adh\u00e9sion, authentification, emballages\/\u00e9tiquettes intelligents<\/p>\n<\/li>\n<\/ul>\n<p data-start=\"972\" data-end=\"982\"><strong data-start=\"972\" data-end=\"980\">FAQ<\/strong><\/p>\n<ul data-start=\"983\" data-end=\"1267\">\n<li data-start=\"983\" data-end=\"1039\">\n<p data-start=\"985\" data-end=\"1039\"><strong data-start=\"985\" data-end=\"997\">Des \u00e9chantillons ?<\/strong> Des \u00e9chantillons gratuits sont disponibles pour test.<\/p>\n<\/li>\n<li data-start=\"1040\" data-end=\"1109\">\n<p data-start=\"1042\" data-end=\"1109\"><strong data-start=\"1042\" data-end=\"1054\">Lecteurs ?<\/strong> Fonctionne avec les t\u00e9l\u00e9phones compatibles NFC et les lecteurs ISO14443A.<\/p>\n<\/li>\n<li data-start=\"1110\" data-end=\"1194\">\n<p data-start=\"1112\" data-end=\"1194\"><strong data-start=\"1112\" data-end=\"1129\">Impression personnalis\u00e9e ?<\/strong> Personnalisation compl\u00e8te\u00a0: illustrations, codes-barres\/QR, num\u00e9ros de s\u00e9rie, identifiants uniques.<\/p>\n<\/li>\n<li data-start=\"1195\" data-end=\"1267\">\n<p data-start=\"1197\" data-end=\"1267\"><strong data-start=\"1197\" data-end=\"1212\">Dur\u00e9e de conservation ?<\/strong> Plus de 10 ans en stockage standard ; longue dur\u00e9e de conservation des donn\u00e9es.<\/p>\n<\/li>\n<\/ul>\n<p data-start=\"1269\" data-end=\"1314\"><strong data-start=\"1269\" data-end=\"1279\">Origine<\/strong><br data-start=\"1279\" data-end=\"1282\" \/>Fabriqu\u00e9 dans le Zhejiang, en Chine.<\/p>\n<h2 data-start=\"1316\" data-end=\"1341\">Tableau (Sp\u00e9cifications)<\/h2>\n<div class=\"_tableContainer_1rjym_1\">\n<div class=\"group _tableWrapper_1rjym_13 flex w-fit flex-col-reverse\" tabindex=\"-1\">\n<table class=\"w-fit min-w-(--thread-content-width)\" data-start=\"1343\" data-end=\"2954\">\n<thead data-start=\"1343\" data-end=\"1458\">\n<tr data-start=\"1343\" data-end=\"1458\">\n<th data-start=\"1343\" data-end=\"1365\" data-col-size=\"sm\">Cat\u00e9gorie<\/th>\n<th data-start=\"1365\" data-end=\"1388\" data-col-size=\"sm\">Param\u00e8tre<\/th>\n<th data-start=\"1388\" data-end=\"1458\" data-col-size=\"md\">Valeur<\/th>\n<\/tr>\n<\/thead>\n<tbody data-start=\"1574\" data-end=\"2954\">\n<tr data-start=\"1574\" data-end=\"1688\">\n<td data-start=\"1574\" data-end=\"1595\" data-col-size=\"sm\">Produit<\/td>\n<td data-start=\"1595\" data-end=\"1618\" data-col-size=\"sm\">Taper<\/td>\n<td data-col-size=\"md\" data-start=\"1618\" data-end=\"1688\">Incrustation NFC humide\/sec (mini-\u00e9tiquette)<\/td>\n<\/tr>\n<tr data-start=\"1689\" data-end=\"1804\">\n<td data-start=\"1689\" data-end=\"1710\" data-col-size=\"sm\">Fr\u00e9quence<\/td>\n<td data-col-size=\"sm\" data-start=\"1710\" data-end=\"1733\">HF<\/td>\n<td data-col-size=\"md\" data-start=\"1733\" data-end=\"1804\">13,56 MHz<\/td>\n<\/tr>\n<tr data-start=\"1805\" data-end=\"1919\">\n<td data-start=\"1805\" data-end=\"1826\" data-col-size=\"sm\">Protocole<\/td>\n<td data-start=\"1826\" data-end=\"1849\" data-col-size=\"sm\">Interface radio<\/td>\n<td data-col-size=\"md\" data-start=\"1849\" data-end=\"1919\">ISO\/IEC 14443A<\/td>\n<\/tr>\n<tr data-start=\"1920\" data-end=\"2034\">\n<td data-start=\"1920\" data-end=\"1941\" data-col-size=\"sm\">CI<\/td>\n<td data-col-size=\"sm\" data-start=\"1941\" data-end=\"1964\">\u00c9br\u00e9cher<\/td>\n<td data-col-size=\"md\" data-start=\"1964\" data-end=\"2034\">NTAG213<\/td>\n<\/tr>\n<tr data-start=\"2035\" data-end=\"2149\">\n<td data-start=\"2035\" data-end=\"2056\" data-col-size=\"sm\">M\u00e9moire<\/td>\n<td data-col-size=\"sm\" data-start=\"2056\" data-end=\"2079\">Capacit\u00e9 utilisateur<\/td>\n<td data-col-size=\"md\" data-start=\"2079\" data-end=\"2149\">~180 octets utilisables<\/td>\n<\/tr>\n<tr data-start=\"2150\" data-end=\"2264\">\n<td data-start=\"2150\" data-end=\"2171\" data-col-size=\"sm\">Compatibilit\u00e9<\/td>\n<td data-col-size=\"sm\" data-start=\"2171\" data-end=\"2194\">Appareils<\/td>\n<td data-col-size=\"md\" data-start=\"2194\" data-end=\"2264\">T\u00e9l\u00e9phones NFC Android\/iOS\u00a0; lecteurs ISO14443A<\/td>\n<\/tr>\n<tr data-start=\"2265\" data-end=\"2379\">\n<td data-start=\"2265\" data-end=\"2286\" data-col-size=\"sm\">Formats<\/td>\n<td data-col-size=\"sm\" data-start=\"2286\" data-end=\"2309\">Styles d&#039;incrustation<\/td>\n<td data-col-size=\"md\" data-start=\"2309\" data-end=\"2379\">Humide (adh\u00e9sif, autocollant) ; Sec (lamination)<\/td>\n<\/tr>\n<tr data-start=\"2380\" data-end=\"2494\">\n<td data-start=\"2380\" data-end=\"2401\" data-col-size=\"sm\">Mat\u00e9riels<\/td>\n<td data-col-size=\"sm\" data-start=\"2401\" data-end=\"2424\">Construction<\/td>\n<td data-col-size=\"md\" data-start=\"2424\" data-end=\"2494\">PET, papier de cuivre<\/td>\n<\/tr>\n<tr data-start=\"2495\" data-end=\"2609\">\n<td data-start=\"2495\" data-end=\"2516\" data-col-size=\"sm\">Caract\u00e9ristiques<\/td>\n<td data-col-size=\"sm\" data-start=\"2516\" data-end=\"2539\">Attributs<\/td>\n<td data-col-size=\"md\" data-start=\"2539\" data-end=\"2609\">Imprimable, programmable, \u00e9tanche<\/td>\n<\/tr>\n<tr data-start=\"2610\" data-end=\"2724\">\n<td data-start=\"2610\" data-end=\"2631\" data-col-size=\"sm\">Personnalisation<\/td>\n<td data-col-size=\"sm\" data-start=\"2631\" data-end=\"2654\">Impression\/Donn\u00e9es<\/td>\n<td data-col-size=\"md\" data-start=\"2654\" data-end=\"2724\">Logos, codes-barres\/QR, num\u00e9ros de s\u00e9rie, instructions<\/td>\n<\/tr>\n<tr data-start=\"2725\" data-end=\"2839\">\n<td data-start=\"2725\" data-end=\"2746\" data-col-size=\"sm\">Applications<\/td>\n<td data-col-size=\"sm\" data-start=\"2746\" data-end=\"2769\">Utilisations typiques<\/td>\n<td data-col-size=\"md\" data-start=\"2769\" data-end=\"2839\">Cl\u00e9s d&#039;h\u00f4tel, cartes de membre, \u00e9tiquettes de vente au d\u00e9tail, \u00e9tiquettes marketing<\/td>\n<\/tr>\n<tr data-start=\"2840\" data-end=\"2954\">\n<td data-start=\"2840\" data-end=\"2861\" data-col-size=\"sm\">Origine<\/td>\n<td data-col-size=\"sm\" data-start=\"2861\" data-end=\"2884\">Fabrication<\/td>\n<td data-col-size=\"md\" data-start=\"2884\" data-end=\"2954\">Zhejiang, Chine<\/td>\n<\/tr>\n<\/tbody>\n<\/table>\n<\/div>\n<\/div>","protected":false},"excerpt":{"rendered":"<p>Inlay NFC NTAG213 13,56 MHz personnalisable en format humide ou sec \u2014 imprimable, programmable, \u00e9tanche et compatible avec les t\u00e9l\u00e9phones pour cl\u00e9s, cartes d&#039;identit\u00e9, \u00e9tiquettes et emballages intelligents.<\/p>","protected":false},"featured_media":828,"template":"","meta":{"_gspb_post_css":""},"product_brand":[],"product_cat":[23],"product_tag":[],"class_list":{"0":"post-824","1":"product","2":"type-product","3":"status-publish","4":"has-post-thumbnail","6":"product_cat-rfid-nfc-inlay","8":"first","9":"instock","10":"shipping-taxable","11":"purchasable","12":"product-type-simple"},"_links":{"self":[{"href":"https:\/\/www.cxjsmartcard.com\/fr\/wp-json\/wp\/v2\/product\/824","targetHints":{"allow":["GET"]}}],"collection":[{"href":"https:\/\/www.cxjsmartcard.com\/fr\/wp-json\/wp\/v2\/product"}],"about":[{"href":"https:\/\/www.cxjsmartcard.com\/fr\/wp-json\/wp\/v2\/types\/product"}],"wp:featuredmedia":[{"embeddable":true,"href":"https:\/\/www.cxjsmartcard.com\/fr\/wp-json\/wp\/v2\/media\/828"}],"wp:attachment":[{"href":"https:\/\/www.cxjsmartcard.com\/fr\/wp-json\/wp\/v2\/media?parent=824"}],"wp:term":[{"taxonomy":"product_brand","embeddable":true,"href":"https:\/\/www.cxjsmartcard.com\/fr\/wp-json\/wp\/v2\/product_brand?post=824"},{"taxonomy":"product_cat","embeddable":true,"href":"https:\/\/www.cxjsmartcard.com\/fr\/wp-json\/wp\/v2\/product_cat?post=824"},{"taxonomy":"product_tag","embeddable":true,"href":"https:\/\/www.cxjsmartcard.com\/fr\/wp-json\/wp\/v2\/product_tag?post=824"}],"curies":[{"name":"wp","href":"https:\/\/api.w.org\/{rel}","templated":true}]}}