{"id":820,"date":"2025-11-03T08:14:41","date_gmt":"2025-11-03T08:14:41","guid":{"rendered":"https:\/\/www.cxjsmartcard.com\/?post_type=product&#038;p=820"},"modified":"2025-12-29T01:27:09","modified_gmt":"2025-12-29T01:27:09","slug":"uhf-rfid-textile-label-for-apparel-tracking","status":"publish","type":"product","link":"https:\/\/www.cxjsmartcard.com\/fr\/uhf-rfid-textile-label-for-apparel-tracking\/","title":{"rendered":"\u00c9tiquette textile RFID UHF pour le suivi des v\u00eatements"},"content":{"rendered":"<p data-start=\"55\" data-end=\"315\">\u00c9tiquettes textiles UHF souples et lavables, dot\u00e9es d&#039;incrustations EPC Gen2 pour un suivi rapide et pr\u00e9cis des v\u00eatements. Leur conception \u00e0 coudre ou \u00e0 repasser permet des lectures en masse lors des inventaires, de la r\u00e9ception du linge et de la distribution, am\u00e9liorant ainsi la visibilit\u00e9 et r\u00e9duisant les pertes.<\/p>\n<p data-start=\"317\" data-end=\"335\"><strong data-start=\"317\" data-end=\"333\">Principaux avantages<\/strong><\/p>\n<ul data-start=\"336\" data-end=\"662\">\n<li data-start=\"336\" data-end=\"407\">\n<p data-start=\"338\" data-end=\"407\"><strong data-start=\"338\" data-end=\"358\">Lecture multiple rapide\u00a0:<\/strong> Distance de lecture de 1 \u00e0 10 m pour une num\u00e9risation par lots rapide.<\/p>\n<\/li>\n<li data-start=\"408\" data-end=\"500\">\n<p data-start=\"410\" data-end=\"500\"><strong data-start=\"410\" data-end=\"429\">Doux et r\u00e9sistant :<\/strong> Confortable dans les v\u00eatements ; r\u00e9siste au lavage, au repassage et au nettoyage \u00e0 sec.<\/p>\n<\/li>\n<li data-start=\"501\" data-end=\"579\">\n<p data-start=\"503\" data-end=\"579\"><strong data-start=\"503\" data-end=\"523\">Fond\u00e9 sur des normes :<\/strong> UHF 860\u2013960 MHz, ISO\/IEC 18000-6C (EPC Classe 1 Gen2).<\/p>\n<\/li>\n<li data-start=\"580\" data-end=\"662\">\n<p data-start=\"582\" data-end=\"662\"><strong data-start=\"582\" data-end=\"598\">Pr\u00eat pour la marque\u00a0:<\/strong> Tailles personnalis\u00e9es, mat\u00e9riaux, illustrations et impression\/encodage complets.<\/p>\n<\/li>\n<\/ul>\n<p data-start=\"664\" data-end=\"809\"><strong data-start=\"664\" data-end=\"680\">Applications<\/strong><br data-start=\"680\" data-end=\"683\" \/>Inventaire et comptages cycliques au d\u00e9tail \u2022 Suivi des v\u00eatements \u2022 Programmes de blanchisserie et d&#039;uniformes \u2022 Cha\u00eene d&#039;approvisionnement en chaussures et textiles.<\/p>\n<p data-start=\"811\" data-end=\"1039\"><strong data-start=\"811\" data-end=\"834\">Options et finitions<\/strong><br data-start=\"834\" data-end=\"837\" \/>Mat\u00e9riaux : polyester, satin, coton, PET, non-tiss\u00e9 \u2022 Tailles : 60\u00d730 mm, 80\u00d738 mm ou sur mesure \u2022 Puces : NXP UCODE 8\/9 ; Impinj Monza R6\/R6-P \u2022 Impression\/encodage : logo, num\u00e9ro de s\u00e9rie\/UID, code-barres, QR, donn\u00e9es variables.<\/p>\n<h2 data-start=\"1041\" data-end=\"1066\">Tableau (Sp\u00e9cifications)<\/h2>\n<div class=\"_tableContainer_1rjym_1\">\n<div class=\"group _tableWrapper_1rjym_13 flex w-fit flex-col-reverse\" tabindex=\"-1\">\n<table class=\"w-fit min-w-(--thread-content-width)\" data-start=\"1068\" data-end=\"2897\">\n<thead data-start=\"1068\" data-end=\"1189\">\n<tr data-start=\"1068\" data-end=\"1189\">\n<th data-start=\"1068\" data-end=\"1090\" data-col-size=\"sm\">Cat\u00e9gorie<\/th>\n<th data-start=\"1090\" data-end=\"1116\" data-col-size=\"sm\">Param\u00e8tre<\/th>\n<th data-start=\"1116\" data-end=\"1189\" data-col-size=\"md\">Valeur<\/th>\n<\/tr>\n<\/thead>\n<tbody data-start=\"1312\" data-end=\"2897\">\n<tr data-start=\"1312\" data-end=\"1432\">\n<td data-start=\"1312\" data-end=\"1334\" data-col-size=\"sm\">Produit<\/td>\n<td data-col-size=\"sm\" data-start=\"1334\" data-end=\"1360\">Taper<\/td>\n<td data-col-size=\"md\" data-start=\"1360\" data-end=\"1432\">\u00c9tiquette d&#039;entretien textile RFID UHF \/ \u00e9tiquette textile<\/td>\n<\/tr>\n<tr data-start=\"1433\" data-end=\"1554\">\n<td data-start=\"1433\" data-end=\"1455\" data-col-size=\"sm\">RFID<\/td>\n<td data-col-size=\"sm\" data-start=\"1455\" data-end=\"1481\">Protocole<\/td>\n<td data-col-size=\"md\" data-start=\"1481\" data-end=\"1554\">ISO\/IEC 18000-6C, EPC Classe 1 Gen 2<\/td>\n<\/tr>\n<tr data-start=\"1555\" data-end=\"1676\">\n<td data-start=\"1555\" data-end=\"1577\" data-col-size=\"sm\"><\/td>\n<td data-col-size=\"sm\" data-start=\"1577\" data-end=\"1603\">Fr\u00e9quence<\/td>\n<td data-col-size=\"md\" data-start=\"1603\" data-end=\"1676\">860\u2013960 MHz<\/td>\n<\/tr>\n<tr data-start=\"1677\" data-end=\"1798\">\n<td data-start=\"1677\" data-end=\"1699\" data-col-size=\"sm\">Options de circuits int\u00e9gr\u00e9s<\/td>\n<td data-col-size=\"sm\" data-start=\"1699\" data-end=\"1725\">Mod\u00e8les de puces<\/td>\n<td data-col-size=\"md\" data-start=\"1725\" data-end=\"1798\">NXPUCODE 8\/UCODE 9\u00a0; Impinj Monza R6 \/ R6-P<\/td>\n<\/tr>\n<tr data-start=\"1799\" data-end=\"1920\">\n<td data-start=\"1799\" data-end=\"1821\" data-col-size=\"sm\">M\u00e9moire<\/td>\n<td data-col-size=\"sm\" data-start=\"1821\" data-end=\"1847\">EPC \/ Utilisateur \/ TID<\/td>\n<td data-col-size=\"md\" data-start=\"1847\" data-end=\"1920\">EPC 96\u2013496 bits (configurable) \/ Optionnel pour l&#039;utilisateur \/ TID 96 bits<\/td>\n<\/tr>\n<tr data-start=\"1921\" data-end=\"2042\">\n<td data-start=\"1921\" data-end=\"1943\" data-col-size=\"sm\">Performance<\/td>\n<td data-col-size=\"sm\" data-start=\"1943\" data-end=\"1969\">Distance de lecture<\/td>\n<td data-col-size=\"md\" data-start=\"1969\" data-end=\"2042\">1 \u00e0 10 m (selon le lecteur et l&#039;environnement)<\/td>\n<\/tr>\n<tr data-start=\"2043\" data-end=\"2165\">\n<td data-start=\"2043\" data-end=\"2065\" data-col-size=\"sm\">Construction<\/td>\n<td data-col-size=\"sm\" data-start=\"2065\" data-end=\"2091\">Mat\u00e9riels<\/td>\n<td data-col-size=\"md\" data-start=\"2091\" data-end=\"2165\">Polyester, satin, coton, PET, non-tiss\u00e9<\/td>\n<\/tr>\n<tr data-start=\"2166\" data-end=\"2287\">\n<td data-start=\"2166\" data-end=\"2188\" data-col-size=\"sm\">Dimensions<\/td>\n<td data-col-size=\"sm\" data-start=\"2188\" data-end=\"2214\">Tailles standard<\/td>\n<td data-col-size=\"md\" data-start=\"2214\" data-end=\"2287\">60 \u00d7 30 mm\u00a0; 80 \u00d7 38 mm\u00a0; sur mesure possible<\/td>\n<\/tr>\n<tr data-start=\"2288\" data-end=\"2409\">\n<td data-start=\"2288\" data-end=\"2310\" data-col-size=\"sm\">Int\u00e9gration<\/td>\n<td data-col-size=\"sm\" data-start=\"2310\" data-end=\"2336\">M\u00e9thodes d&#039;attachement<\/td>\n<td data-col-size=\"md\" data-start=\"2336\" data-end=\"2409\">\u00c0 coudre ou \u00e0 repasser<\/td>\n<\/tr>\n<tr data-start=\"2410\" data-end=\"2531\">\n<td data-start=\"2410\" data-end=\"2432\" data-col-size=\"sm\">Impression et donn\u00e9es<\/td>\n<td data-col-size=\"sm\" data-start=\"2432\" data-end=\"2458\">Personnalisation<\/td>\n<td data-col-size=\"md\" data-start=\"2458\" data-end=\"2531\">Logo, num\u00e9ro de s\u00e9rie\/UID, code-barres, QR, donn\u00e9es variables\u00a0; pr\u00e9-encodage pris en charge<\/td>\n<\/tr>\n<tr data-start=\"2532\" data-end=\"2653\">\n<td data-start=\"2532\" data-end=\"2554\" data-col-size=\"sm\">Durabilit\u00e9<\/td>\n<td data-col-size=\"sm\" data-start=\"2554\" data-end=\"2580\">R\u00e9sistance au processus<\/td>\n<td data-col-size=\"md\" data-start=\"2580\" data-end=\"2653\">Lavable ; r\u00e9sistant au repassage et au nettoyage \u00e0 sec<\/td>\n<\/tr>\n<tr data-start=\"2654\" data-end=\"2775\">\n<td data-start=\"2654\" data-end=\"2676\" data-col-size=\"sm\">Cycle de vie<\/td>\n<td data-col-size=\"sm\" data-start=\"2676\" data-end=\"2702\">Endurance\/r\u00e9tention du circuit int\u00e9gr\u00e9<\/td>\n<td data-col-size=\"md\" data-start=\"2702\" data-end=\"2775\">100\u00a0000 cycles de programmation\u00a0; conservation des donn\u00e9es pendant 10\u00a0ans<\/td>\n<\/tr>\n<tr data-start=\"2776\" data-end=\"2897\">\n<td data-start=\"2776\" data-end=\"2798\" data-col-size=\"sm\">Cas d&#039;utilisation<\/td>\n<td data-start=\"2798\" data-end=\"2824\" data-col-size=\"sm\">Applications typiques<\/td>\n<td data-col-size=\"md\" data-start=\"2824\" data-end=\"2897\">Suivi des v\u00eatements, inventaire de d\u00e9tail, cha\u00eene d&#039;approvisionnement, chaussures\/textiles<\/td>\n<\/tr>\n<\/tbody>\n<\/table>\n<\/div>\n<\/div>","protected":false},"excerpt":{"rendered":"<p>\u00c9tiquettes textiles RFID UHF souples et lavables pour v\u00eatements \u2014 lectures en masse de 1 \u00e0 10 m, conformes \u00e0 la norme EPC Gen2, \u00e0 coudre ou \u00e0 repasser, avec mat\u00e9riaux, tailles, impression et encodage personnalis\u00e9s.<\/p>","protected":false},"featured_media":821,"template":"","meta":{"_gspb_post_css":""},"product_brand":[],"product_cat":[22],"product_tag":[],"class_list":{"0":"post-820","1":"product","2":"type-product","3":"status-publish","4":"has-post-thumbnail","6":"product_cat-rfid-wash-care-labels","8":"first","9":"instock","10":"shipping-taxable","11":"purchasable","12":"product-type-simple"},"_links":{"self":[{"href":"https:\/\/www.cxjsmartcard.com\/fr\/wp-json\/wp\/v2\/product\/820","targetHints":{"allow":["GET"]}}],"collection":[{"href":"https:\/\/www.cxjsmartcard.com\/fr\/wp-json\/wp\/v2\/product"}],"about":[{"href":"https:\/\/www.cxjsmartcard.com\/fr\/wp-json\/wp\/v2\/types\/product"}],"wp:featuredmedia":[{"embeddable":true,"href":"https:\/\/www.cxjsmartcard.com\/fr\/wp-json\/wp\/v2\/media\/821"}],"wp:attachment":[{"href":"https:\/\/www.cxjsmartcard.com\/fr\/wp-json\/wp\/v2\/media?parent=820"}],"wp:term":[{"taxonomy":"product_brand","embeddable":true,"href":"https:\/\/www.cxjsmartcard.com\/fr\/wp-json\/wp\/v2\/product_brand?post=820"},{"taxonomy":"product_cat","embeddable":true,"href":"https:\/\/www.cxjsmartcard.com\/fr\/wp-json\/wp\/v2\/product_cat?post=820"},{"taxonomy":"product_tag","embeddable":true,"href":"https:\/\/www.cxjsmartcard.com\/fr\/wp-json\/wp\/v2\/product_tag?post=820"}],"curies":[{"name":"wp","href":"https:\/\/api.w.org\/{rel}","templated":true}]}}